{"id":147,"date":"2009-05-25T13:20:37","date_gmt":"2009-05-25T11:20:37","guid":{"rendered":"https:\/\/webs.uab.cat\/getp\/investigacion\/"},"modified":"2026-02-05T16:43:12","modified_gmt":"2026-02-05T14:43:12","slug":"investigacion","status":"publish","type":"page","link":"https:\/\/webs.uab.cat\/getp\/es\/investigacion\/","title":{"rendered":"Investigaci\u00f3n"},"content":{"rendered":"\n<h2 class=\"wp-block-heading\">L\u00edneas de investigaci\u00f3n<\/h2>\n\n\n<ul>\n<li><span style=\"letter-spacing: 0.05rem\">Crianza en contextos de vulnerabilidad sociocultural<br data-start=\"104\" data-end=\"107\" \/>Investigaci\u00f3n transcultural en el \u00e1mbito del parentesco. <\/span><\/li>\n<li><span style=\"letter-spacing: 0.05rem\">Modelos socioculturales de procreaci\u00f3n y crianza de los ni\u00f1os y ni\u00f1as.<br data-start=\"238\" data-end=\"241\" data-is-only-node=\"\" \/><\/span><\/li>\n<li><span style=\"letter-spacing: 0.05rem\">El concepto de parentalidad en la etnograf\u00eda y en la teor\u00eda antropol\u00f3gica.<br data-start=\"319\" data-end=\"322\" \/><\/span><\/li>\n<li><span style=\"letter-spacing: 0.05rem\">Circulaci\u00f3n de menores y adopci\u00f3n internacional.<br data-start=\"374\" data-end=\"377\" \/><\/span><\/li>\n<li><span style=\"letter-spacing: 0.05rem\">Representaciones del parentesco y parentalidades m\u00faltiples. <\/span><\/li>\n<li><span style=\"letter-spacing: 0.05rem\">Parentesco y personas sin descendencia directa (infecundidad voluntaria o involuntaria).<\/span><\/li>\n<\/ul>\n<p>\u00a0<\/p>\n\n\n<p><\/p>\n","protected":false},"excerpt":{"rendered":"<p>L\u00edneas de investigaci\u00f3n Crianza en contextos de vulnerabilidad socioculturalInvestigaci\u00f3n transcultural en el \u00e1mbito del parentesco. Modelos socioculturales de procreaci\u00f3n y crianza de los ni\u00f1os y ni\u00f1as. El concepto de parentalidad en la etnograf\u00eda y en la teor\u00eda antropol\u00f3gica. Circulaci\u00f3n de menores y adopci\u00f3n internacional. Representaciones del parentesco y parentalidades m\u00faltiples. Parentesco y personas sin descendencia [&hellip;]<\/p>\n","protected":false},"author":20,"featured_media":0,"parent":0,"menu_order":0,"comment_status":"closed","ping_status":"closed","template":"","meta":{"footnotes":""},"class_list":["post-147","page","type-page","status-publish","hentry"],"_links":{"self":[{"href":"https:\/\/webs.uab.cat\/getp\/es\/wp-json\/wp\/v2\/pages\/147","targetHints":{"allow":["GET"]}}],"collection":[{"href":"https:\/\/webs.uab.cat\/getp\/es\/wp-json\/wp\/v2\/pages"}],"about":[{"href":"https:\/\/webs.uab.cat\/getp\/es\/wp-json\/wp\/v2\/types\/page"}],"author":[{"embeddable":true,"href":"https:\/\/webs.uab.cat\/getp\/es\/wp-json\/wp\/v2\/users\/20"}],"replies":[{"embeddable":true,"href":"https:\/\/webs.uab.cat\/getp\/es\/wp-json\/wp\/v2\/comments?post=147"}],"version-history":[{"count":1,"href":"https:\/\/webs.uab.cat\/getp\/es\/wp-json\/wp\/v2\/pages\/147\/revisions"}],"predecessor-version":[{"id":631,"href":"https:\/\/webs.uab.cat\/getp\/es\/wp-json\/wp\/v2\/pages\/147\/revisions\/631"}],"wp:attachment":[{"href":"https:\/\/webs.uab.cat\/getp\/es\/wp-json\/wp\/v2\/media?parent=147"}],"curies":[{"name":"wp","href":"https:\/\/api.w.org\/{rel}","templated":true}]}}