{"id":149,"date":"2009-05-25T13:26:58","date_gmt":"2009-05-25T11:26:58","guid":{"rendered":"https:\/\/webs.uab.cat\/getp\/linias-de-investigacion\/"},"modified":"2024-01-30T10:10:42","modified_gmt":"2024-01-30T08:10:42","slug":"linias-de-investigacion","status":"publish","type":"page","link":"https:\/\/webs.uab.cat\/getp\/es\/linias-de-investigacion\/","title":{"rendered":"L\u00edneas de investigaci\u00f3n"},"content":{"rendered":"\n<ul class=\"wp-block-list\">\n<li>Crianza y vulnerabilidad sociocultural.<\/li>\n\n\n\n<li>Investigaci\u00f3n transcultural en el campo del Parentesco. Modelos socioculturales de procreaci\u00f3n y crianza de los hijos.<\/li>\n\n\n\n<li>El concepto de crianza en etnograf\u00eda y teor\u00eda antropol\u00f3gica.<\/li>\n\n\n\n<li>Circulaci\u00f3n de ni\u00f1os\/ni\u00f1as y adopci\u00f3n internacional.<\/li>\n\n\n\n<li>Representaciones del Parentesco y la Parentalidad M\u00faltiple. Parentesco y Personas sin descendencia directa (infertilidad voluntaria o involuntaria).<\/li>\n<\/ul>\n","protected":false},"excerpt":{"rendered":"","protected":false},"author":20,"featured_media":0,"parent":0,"menu_order":0,"comment_status":"closed","ping_status":"closed","template":"","meta":{"footnotes":""},"class_list":["post-149","page","type-page","status-publish","hentry"],"_links":{"self":[{"href":"https:\/\/webs.uab.cat\/getp\/es\/wp-json\/wp\/v2\/pages\/149","targetHints":{"allow":["GET"]}}],"collection":[{"href":"https:\/\/webs.uab.cat\/getp\/es\/wp-json\/wp\/v2\/pages"}],"about":[{"href":"https:\/\/webs.uab.cat\/getp\/es\/wp-json\/wp\/v2\/types\/page"}],"author":[{"embeddable":true,"href":"https:\/\/webs.uab.cat\/getp\/es\/wp-json\/wp\/v2\/users\/20"}],"replies":[{"embeddable":true,"href":"https:\/\/webs.uab.cat\/getp\/es\/wp-json\/wp\/v2\/comments?post=149"}],"version-history":[{"count":3,"href":"https:\/\/webs.uab.cat\/getp\/es\/wp-json\/wp\/v2\/pages\/149\/revisions"}],"predecessor-version":[{"id":550,"href":"https:\/\/webs.uab.cat\/getp\/es\/wp-json\/wp\/v2\/pages\/149\/revisions\/550"}],"wp:attachment":[{"href":"https:\/\/webs.uab.cat\/getp\/es\/wp-json\/wp\/v2\/media?parent=149"}],"curies":[{"name":"wp","href":"https:\/\/api.w.org\/{rel}","templated":true}]}}