{"id":472,"date":"2022-03-10T11:48:39","date_gmt":"2022-03-10T09:48:39","guid":{"rendered":"https:\/\/webs.uab.cat\/getp\/?page_id=472"},"modified":"2026-02-05T16:58:08","modified_gmt":"2026-02-05T14:58:08","slug":"transferencia-2","status":"publish","type":"page","link":"https:\/\/webs.uab.cat\/getp\/es\/transferencia-2\/","title":{"rendered":"Transferencia"},"content":{"rendered":"\n<p>El getp-GRAFO desarrolla una intensa actividad de transferencia orientada a la incidencia social, institucional y medi\u00e1tica en \u00e1mbitos clave como la crianza, la familia y las relaciones interculturales. Esta labor se concreta en colaboraciones con administraciones p\u00fablicas, art\u00edculos, entrevistas y la participaci\u00f3n en actividades de divulgaci\u00f3n. El getp-GRAFO impulsa tambi\u00e9n la formaci\u00f3n avanzada mediante docencia en m\u00e1steres oficiales y cursos especializados, especialmente en antropolog\u00eda del parentesco y en investigaci\u00f3n etnogr\u00e1fica. Paralelamente, colabora con entidades sociales e instituciones culturales, contribuyendo a la sensibilizaci\u00f3n p\u00fablica. Estas actividades de transferencia incluyen asimismo la elaboraci\u00f3n de materiales pedag\u00f3gicos y recursos formativos dirigidos a profesionales de distintos \u00e1mbitos, como la salud, la educaci\u00f3n o el trabajo social.<\/p>\n\n\n\n<div style=\"height:34px\" aria-hidden=\"true\" class=\"wp-block-spacer\"><\/div>\n\n\n\n<h2 class=\"wp-block-heading has-blanc-coco-color has-verd-tropic-background-color has-text-color has-background has-link-color wp-elements-bdba30d6fb3c9f873caeb932a017277c\">Materiales en abierto<\/h2>\n\n\n\n<div class=\"wp-block-cover alignfull is-light\" style=\"min-height:391px;aspect-ratio:unset;\"><span aria-hidden=\"true\" class=\"wp-block-cover__background has-background-dim-100 has-background-dim\" style=\"background-color:#ffffff\"><\/span><div class=\"wp-block-cover__inner-container is-layout-flow wp-block-cover-is-layout-flow\">\n<div class=\"wp-block-media-text alignwide is-stacked-on-mobile is-vertically-aligned-center\" style=\"grid-template-columns:15% auto\"><figure class=\"wp-block-media-text__media\"><img loading=\"lazy\" decoding=\"async\" width=\"500\" height=\"500\" src=\"https:\/\/webs.uab.cat\/getp\/wp-content\/uploads\/sites\/406\/2026\/02\/Miniatura-canal-1-1.png\" alt=\"\" class=\"wp-image-596 size-full\" srcset=\"https:\/\/webs.uab.cat\/getp\/wp-content\/uploads\/sites\/406\/2026\/02\/Miniatura-canal-1-1.png 500w, https:\/\/webs.uab.cat\/getp\/wp-content\/uploads\/sites\/406\/2026\/02\/Miniatura-canal-1-1-300x300.png 300w, https:\/\/webs.uab.cat\/getp\/wp-content\/uploads\/sites\/406\/2026\/02\/Miniatura-canal-1-1-150x150.png 150w\" sizes=\"auto, (max-width: 500px) 100vw, 500px\" \/><\/figure><div class=\"wp-block-media-text__content\">\n<h2 class=\"wp-block-heading has-gris-londres-background-color has-text-color has-background\" style=\"color:#000000;font-size:32px\"><strong>Recursos de acceso libre<\/strong><\/h2>\n\n\n\n<p class=\"has-text-color\" style=\"color:#000000;font-size:17px\">Cat\u00e1logo de materiales abiertos vinculados al proyecto de investigaci\u00f3n sobre <a href=\"https:\/\/webs.uab.cat\/afronta\/\">infancias vulnerables en contextos de multicrisis<\/a>.\u00a0Incluye materiales formativos, producci\u00f3n audiovisual, propuestas did\u00e1cticas para el aula, herramientas de prevenci\u00f3n de la desinformaci\u00f3n, recursos tecnol\u00f3gicos y contenidos sobre vulnerabilidades clim\u00e1ticas, energ\u00e9ticas y de la inteligencia artificial. Este recopilatorio est\u00e1 pensado para docentes, estudiantes, profesionales y p\u00fablico general interesados en comprender y abordar las crisis sociales desde una perspectiva cr\u00edtica y aplicada.<\/p>\n\n\n\n<div class=\"wp-block-buttons is-layout-flex wp-block-buttons-is-layout-flex\">\n<div class=\"wp-block-button is-style-fill\"><a class=\"wp-block-button__link wp-element-button\" href=\"https:\/\/webs.uab.cat\/afronta\/recursos\/\">Acceso<\/a><\/div>\n<\/div>\n<\/div><\/div>\n\n\n\n<div class=\"wp-block-media-text alignwide is-stacked-on-mobile is-vertically-aligned-center\" style=\"grid-template-columns:15% auto\"><figure class=\"wp-block-media-text__media\"><img loading=\"lazy\" decoding=\"async\" width=\"500\" height=\"500\" src=\"https:\/\/webs.uab.cat\/getp\/wp-content\/uploads\/sites\/406\/2026\/02\/Miniatura-canal-3.png\" alt=\"\" class=\"wp-image-599 size-full\" srcset=\"https:\/\/webs.uab.cat\/getp\/wp-content\/uploads\/sites\/406\/2026\/02\/Miniatura-canal-3.png 500w, https:\/\/webs.uab.cat\/getp\/wp-content\/uploads\/sites\/406\/2026\/02\/Miniatura-canal-3-300x300.png 300w, https:\/\/webs.uab.cat\/getp\/wp-content\/uploads\/sites\/406\/2026\/02\/Miniatura-canal-3-150x150.png 150w\" sizes=\"auto, (max-width: 500px) 100vw, 500px\" \/><\/figure><div class=\"wp-block-media-text__content\">\n<h2 class=\"wp-block-heading has-gris-londres-background-color has-text-color has-background\" style=\"color:#000000;font-size:32px\"><strong>Producci\u00f3n audiovisual del proyecto AFRONTA<\/strong><\/h2>\n\n\n\n<p class=\"has-text-color\" style=\"color:#000000;font-size:17px\">El canal de YouTube del proyecto\u00a0<strong>AFRONTA<\/strong>\u00a0se convierte en una plataforma audiovisual vinculada a la difusi\u00f3n de los resultados y materiales divulgativos del proyecto PID2022-139502OB-I00. Este canal comparte presentaciones, explicaciones y recursos visuales que complementan otros materiales del proyecto (como los recursos formativos y los materiales educativos disponibles en la web), facilitando el acceso a conocimiento aplicado sobre infancia, familias y estrategias comunitarias en contextos de crisis.<\/p>\n\n\n\n<div class=\"wp-block-buttons is-layout-flex wp-block-buttons-is-layout-flex\">\n<div class=\"wp-block-button is-style-fill\"><a class=\"wp-block-button__link wp-element-button\" href=\"https:\/\/webs.uab.cat\/afronta\/recursos\/https:\/\/www.youtube.com\/@ProyectoAFRONTA\">Acceso<\/a><\/div>\n<\/div>\n<\/div><\/div>\n\n\n\n<div class=\"wp-block-media-text alignwide is-stacked-on-mobile is-vertically-aligned-center\" style=\"grid-template-columns:15% auto\"><figure class=\"wp-block-media-text__media\"><img loading=\"lazy\" decoding=\"async\" width=\"504\" height=\"664\" src=\"https:\/\/webs.uab.cat\/getp\/wp-content\/uploads\/sites\/406\/2026\/02\/Miniatura-canal-vulneras.png\" alt=\"\" class=\"wp-image-605 size-full\" srcset=\"https:\/\/webs.uab.cat\/getp\/wp-content\/uploads\/sites\/406\/2026\/02\/Miniatura-canal-vulneras.png 504w, https:\/\/webs.uab.cat\/getp\/wp-content\/uploads\/sites\/406\/2026\/02\/Miniatura-canal-vulneras-228x300.png 228w\" sizes=\"auto, (max-width: 504px) 100vw, 504px\" \/><\/figure><div class=\"wp-block-media-text__content\">\n<h2 class=\"wp-block-heading has-gris-londres-background-color has-text-color has-background\" style=\"color:#000000;font-size:32px\"><strong>Producci\u00f3n audiovisual del proyecto VULNERAS<\/strong><\/h2>\n\n\n\n<p class=\"has-text-color\" style=\"color:#000000;font-size:17px\">El canal de YouTube del proyecto\u00a0<strong>Vulneras<\/strong>\u00a0(CSO2017-83101-C2-1-R) difunde contenidos audiovisuales vinculados a la crianza y la vulnerabilidad sociocultural en contextos sociales complejos.<\/p>\n\n\n\n<div class=\"wp-block-buttons is-layout-flex wp-block-buttons-is-layout-flex\">\n<div class=\"wp-block-button is-style-fill\"><a class=\"wp-block-button__link wp-element-button\" href=\"https:\/\/webs.uab.cat\/afronta\/recursos\/https:\/\/www.youtube.com\/@ProyectoAFRONTAhttps:\/\/www.youtube.com\/@proyectovulneras5573\">Acceso<\/a><\/div>\n<\/div>\n<\/div><\/div>\n<\/div><\/div>\n","protected":false},"excerpt":{"rendered":"<p>El getp-GRAFO desarrolla una intensa actividad de transferencia orientada a la incidencia social, institucional y medi\u00e1tica en \u00e1mbitos clave como la crianza, la familia y las relaciones interculturales. Esta labor se concreta en colaboraciones con administraciones p\u00fablicas, art\u00edculos, entrevistas y la participaci\u00f3n en actividades de divulgaci\u00f3n. El getp-GRAFO impulsa tambi\u00e9n la formaci\u00f3n avanzada mediante docencia [&hellip;]<\/p>\n","protected":false},"author":2548,"featured_media":0,"parent":0,"menu_order":0,"comment_status":"closed","ping_status":"closed","template":"","meta":{"footnotes":""},"class_list":["post-472","page","type-page","status-publish","hentry"],"_links":{"self":[{"href":"https:\/\/webs.uab.cat\/getp\/es\/wp-json\/wp\/v2\/pages\/472","targetHints":{"allow":["GET"]}}],"collection":[{"href":"https:\/\/webs.uab.cat\/getp\/es\/wp-json\/wp\/v2\/pages"}],"about":[{"href":"https:\/\/webs.uab.cat\/getp\/es\/wp-json\/wp\/v2\/types\/page"}],"author":[{"embeddable":true,"href":"https:\/\/webs.uab.cat\/getp\/es\/wp-json\/wp\/v2\/users\/2548"}],"replies":[{"embeddable":true,"href":"https:\/\/webs.uab.cat\/getp\/es\/wp-json\/wp\/v2\/comments?post=472"}],"version-history":[{"count":4,"href":"https:\/\/webs.uab.cat\/getp\/es\/wp-json\/wp\/v2\/pages\/472\/revisions"}],"predecessor-version":[{"id":639,"href":"https:\/\/webs.uab.cat\/getp\/es\/wp-json\/wp\/v2\/pages\/472\/revisions\/639"}],"wp:attachment":[{"href":"https:\/\/webs.uab.cat\/getp\/es\/wp-json\/wp\/v2\/media?parent=472"}],"curies":[{"name":"wp","href":"https:\/\/api.w.org\/{rel}","templated":true}]}}