{"id":477,"date":"2022-03-10T11:27:41","date_gmt":"2022-03-10T09:27:41","guid":{"rendered":"https:\/\/webs.uab.cat\/getp\/?page_id=477"},"modified":"2023-04-12T19:44:58","modified_gmt":"2023-04-12T17:44:58","slug":"seminarios-y-conferencias","status":"publish","type":"page","link":"https:\/\/webs.uab.cat\/getp\/es\/seminarios-y-conferencias\/","title":{"rendered":"Seminarios y conferencias"},"content":{"rendered":"\n<p><strong>&#8211; INTERNATIONAL SEMINAR:&nbsp;<em>Antropolog\u00eda, salud y comunicaci\u00f3n audiovisual.&nbsp;Perspectivas interdisciplinares para el abordaje de la vulnerabilidad<\/em>.<\/strong>&nbsp;UAB. 2021.<\/p>\n\n\n\n<p>&nbsp; Conference program available <a href=\"https:\/\/pagines.uab.cat\/vulneras\/sites\/pagines.uab.cat.vulneras\/files\/programa-mano-seminario-brasil.pdf\">here<\/a>.<\/p>\n\n\n\n<p><strong>&#8211; CROSS-DISCIPLINAR SEMINAR:&nbsp;<\/strong><strong><em>Crianza en contextos vulnerables. Necesidades y recursos de afrontamiento<\/em><\/strong>. UAB. 2020.<\/p>\n\n\n\n<p>&nbsp; &nbsp; Conference program available <a href=\"https:\/\/pagines.uab.cat\/vulneras\/sites\/pagines.uab.cat.vulneras\/files\/programa_seminario_20201125-final.pdf\">here<\/a>.<\/p>\n\n\n\n<p><strong>&#8211; PANEL COORDINATION <em>Parenting and Childcare in Contexts of Vulnerability.&nbsp;<\/em>16th EASA Biennial Conference&nbsp;<a href=\"https:\/\/easaonline.org\/conferences\/easa2020\/index.shtml\" target=\"_blank\" rel=\"noreferrer noopener\">New anthropological horizons in and beyond Europe<\/a>.&nbsp;<\/strong>Lisbon,2020.<\/p>\n\n\n\n<p><strong>&#8211; SEMINAR<\/strong>:&nbsp;<strong><em>La publicidad&nbsp;como agente de transformaci\u00f3n social<\/em><\/strong>. 2020.&nbsp;<\/p>\n\n\n\n<p>&nbsp; Seminar program available <a href=\"http:\/\/pagines.uab.cat\/vulneras\/sites\/pagines.uab.cat.vulneras\/files\/cartel-jornada-publicidad-2.png\">here<\/a>.<\/p>\n\n\n\n<p><strong>&#8211; PANEL COORDINATION<\/strong><strong>:&nbsp;<a href=\"http:\/\/pagines.uab.cat\/vulneras\/sites\/pagines.uab.cat.vulneras\/files\/programa_simposi.pdf\"><em>Vulnerabilitat sociocultural i estrat\u00e8gies de superviv\u00e8ncia: escenarisde precarietat i \u00e0mbits d&#8217;intervenci\u00f3<\/em><\/a>.&nbsp;<a href=\"https:\/\/coca2020.imf.csic.es\/sites\/default\/files\/documents\/Programa_CoCA_complet.pdf\">I Congr\u00e9s Catal\u00e0 d&#8217;Antropologia (COCA)<\/a>.<\/strong>&nbsp;Tarragona, 2020.<\/p>\n\n\n\n<p><strong>&#8211; ORGANIZATION OF THE&nbsp; <a href=\"https:\/\/www.uab.cat\/web\/viure-el-campus\/cultura-en-viu\/sala-cinema\/cicles-tematics\/crianca-i-vulnerabilitat-social-mirades-cinematografiques-1345798012758.html\">Ciclo&nbsp;Audiovisual&nbsp;<em>Crianza y Vulnerabilidad&nbsp;Social. Miradas Cinematogr\u00e1ficas<\/em><\/a><\/strong>. UAB 2019-2020.<\/p>\n\n\n\n<p>&nbsp; &nbsp; Puede consultarse el programa&nbsp;<a href=\"http:\/\/pagines.uab.cat\/vulneras\/sites\/pagines.uab.cat.vulneras\/files\/cartell-cicle-uab-cat.jpg\">aqu\u00ed<\/a>.<\/p>\n\n\n\n<p><strong>&#8211; CROSS-DISCIPLINAR NATIONAL SEMINAR<\/strong>.&nbsp;<strong><em>Crianza y vulnerabilidad sociocultural: aproximaciones te\u00f3ricas y emp\u00edricas<\/em><\/strong>. UAB, 2019.<\/p>\n\n\n\n<p>&nbsp; Program available <a href=\"http:\/\/pagines.uab.cat\/vulneras\/sites\/pagines.uab.cat.vulneras\/files\/esborrany-programa-ma.pdf\">here<\/a>.<\/p>\n\n\n\n<p><strong>&#8211; PANEL ORGANIZATION: <\/strong><strong><em>Crianza en contextos de vulnerabilidad social: enfoques interdisciplinares<\/em><\/strong>,&nbsp;<em><strong>IV Encuentro Internacional de Antropolog\u00eda AIBR<\/strong>.<\/em>&nbsp;<strong><em>Encuentros, di\u00e1logos y Retos desde los Sures<\/em><\/strong>. Granada, 2018.&nbsp;<\/p>\n\n\n\n<p><strong>&#8211; SEMINAR ON HUMAN PARENTING getp-GRAFO\/UNAM (Mexico). 2014.&nbsp;<\/strong><\/p>\n\n\n\n<p>&nbsp; Conference recordings available <a href=\"https:\/\/www.youtube.com\/channel\/UCSRPePElUgOXhEg_KEqniCw\/videos\">here<\/a>.<\/p>\n\n\n\n<p><strong>&#8211; INTERNATIONAL SEMINAR: Cuidados parentales, procesos de crianza y de socializaci\u00f3n. UAB, 2013<\/strong><\/p>\n\n\n\n<p><strong>&#8211; SEMINAR<\/strong>:&nbsp;<a href=\"http:\/\/grupsderecerca.uab.cat\/grafo\/content\/trobada-interuniversitaria-sobre-parentalitat-g%C3%A8nere-i-salut-barcelona-14-de-desembre-de\">Parentalidad, g\u00e9nero y salud&nbsp;<\/a>(UAB-UPNA-UGR-UPV). UAB, 2012.<\/p>\n\n\n\n<p><\/p>\n\n\n\n<p><strong>&#8211; INTERNATIONAL SYMPOSIUM <\/strong><a href=\"http:\/\/grupsderecerca.uab.cat\/grafo\/content\/simposio-internacional\">Procreaci\u00f3n, crianza y g\u00e9nero. Aproximaciones antropol\u00f3gicas a la parentalidad<\/a>. UAB, 2010.<\/p>\n\n\n\n<p><strong>&#8211; SEMINARIO INTERNACIONAL:&nbsp;<em>Antropolog\u00eda, salud y comunicaci\u00f3n audiovisual.&nbsp;Perspectivas interdisciplinares para el abordaje de la vulnerabilidad<\/em>.<\/strong>&nbsp;UAB. 2021.<\/p>\n\n\n\n<p>&nbsp; Puede consultarse el programa&nbsp;<a href=\"https:\/\/pagines.uab.cat\/vulneras\/sites\/pagines.uab.cat.vulneras\/files\/programa-mano-seminario-brasil.pdf\">aqu\u00ed<\/a>.<\/p>\n\n\n\n<p><strong>&#8211; SEMINARIO INTERNACIONAL ESTATAL:&nbsp;<\/strong><strong><em>Crianza en contextos vulnerables. Necesidades y recursos de afrontamiento<\/em><\/strong>. UAB. 2020.<\/p>\n\n\n\n<p>&nbsp; &nbsp; Puede consultarse el programa&nbsp;<a href=\"https:\/\/pagines.uab.cat\/vulneras\/sites\/pagines.uab.cat.vulneras\/files\/programa_seminario_20201125-final.pdf\">aqu\u00ed<\/a>.<\/p>\n\n\n\n<p><strong>&#8211; COORDINACI\u00d3N DEL PANEL&nbsp;<em>Parenting and Childcare in Contexts of Vulnerability.&nbsp;<\/em>16th EASA Biennial Conference&nbsp;<a href=\"https:\/\/easaonline.org\/conferences\/easa2020\/index.shtml\" target=\"_blank\" rel=\"noreferrer noopener\">New anthropological horizons in and beyond Europe<\/a>.&nbsp;<\/strong>Lisboa,2020.<\/p>\n\n\n\n<p><strong>&#8211; JORNADA<\/strong>:&nbsp;<strong><em>La publicidad&nbsp;como agente de transformaci\u00f3n social<\/em><\/strong>. 2020.&nbsp;<\/p>\n\n\n\n<p>&nbsp; Puede consultarse el programa&nbsp;<a href=\"http:\/\/pagines.uab.cat\/vulneras\/sites\/pagines.uab.cat.vulneras\/files\/cartel-jornada-publicidad-2.png\">aqu\u00ed<\/a>.<\/p>\n\n\n\n<p><strong>&#8211; COORDINACI\u00d3N<\/strong>&nbsp;<strong>del Simposio:&nbsp;<a href=\"http:\/\/pagines.uab.cat\/vulneras\/sites\/pagines.uab.cat.vulneras\/files\/programa_simposi.pdf\"><em>Vulnerabilitat sociocultural i estrat\u00e8gies de superviv\u00e8ncia: escenarisde precarietat i \u00e0mbits d&#8217;intervenci\u00f3<\/em><\/a>.&nbsp;<a href=\"https:\/\/coca2020.imf.csic.es\/sites\/default\/files\/documents\/Programa_CoCA_complet.pdf\">I Congr\u00e9s Catal\u00e0 d&#8217;Antropologia (COCA)<\/a>.<\/strong>&nbsp;Tarragona, 2020.<\/p>\n\n\n\n<p><strong>&#8211; ORGANIZACI\u00d3N del&nbsp;<a href=\"https:\/\/www.uab.cat\/web\/viure-el-campus\/cultura-en-viu\/sala-cinema\/cicles-tematics\/crianca-i-vulnerabilitat-social-mirades-cinematografiques-1345798012758.html\">Ciclo&nbsp;Audiovisual&nbsp;<em>Crian\u00e7z&nbsp;y Vulnerabilidad&nbsp;Social. Miradas Cinematogr\u00e1ficas<\/em><\/a><\/strong>. UAB 2019-2020.<\/p>\n\n\n\n<p>&nbsp; &nbsp; Puede consultarse el programa&nbsp;<a href=\"http:\/\/pagines.uab.cat\/vulneras\/sites\/pagines.uab.cat.vulneras\/files\/cartell-cicle-uab-cat.jpg\">aqu\u00ed<\/a>.<\/p>\n\n\n\n<p><strong>&#8211; SEMINARIO INTERDISCIPLINAR ESTATAL<\/strong>.&nbsp;<strong><em>Crianza y vulnerabilidad sociocultural: aproximaciones te\u00f3ricas y emp\u00edricas<\/em><\/strong>. UAB, 2019.<\/p>\n\n\n\n<p>&nbsp; Puede consutlarse el programa&nbsp;<a href=\"http:\/\/pagines.uab.cat\/vulneras\/sites\/pagines.uab.cat.vulneras\/files\/esborrany-programa-ma.pdf\">aqu\u00ed<\/a>.<\/p>\n\n\n\n<p><strong>&#8211; ORGANIZACI\u00d3N<\/strong>&nbsp;<strong>del Panel<\/strong>&nbsp;<strong><em>Crianza en contextos de vulnerabilidad social: enfoques interdisciplinares<\/em><\/strong>,&nbsp;<em><strong>IV Encuentro Internacional de Antropolog\u00eda AIBR<\/strong>.<\/em>&nbsp;<strong><em>Encuentros, di\u00e1logos y Retos desde los Sures<\/em><\/strong>. Granada, 2018.&nbsp;<\/p>\n\n\n\n<p><strong>&#8211; SEMINAROI SOBRE PARENTALIDAD&nbsp;HUMANA getp-GRAFO\/UNAM (M\u00e8xic). 2014.&nbsp;<\/strong><\/p>\n\n\n\n<p>&nbsp; La serie completa de conferencies del seminaroi puede consultarse&nbsp;<a href=\"https:\/\/www.youtube.com\/channel\/UCSRPePElUgOXhEg_KEqniCw\/videos\">aqu\u00ed<\/a>.<\/p>\n\n\n\n<p><strong>&#8211; COLOQUIO INTERNACIONAL Cuidados parentales, procesos de crianza y de socializaci\u00f3n. UAB, 2013<\/strong><\/p>\n\n\n\n<p><strong>&#8211; ENCUENTRO INTERUNIVERSITARIO<\/strong>:&nbsp;<a href=\"http:\/\/grupsderecerca.uab.cat\/grafo\/content\/trobada-interuniversitaria-sobre-parentalitat-g%C3%A8nere-i-salut-barcelona-14-de-desembre-de\">Parentalidad, g\u00e9nero y salud&nbsp;<\/a>(UAB-UPNA-UGR-UPV). UAB, 2012.<\/p>\n\n\n\n<p><strong>&#8211; SIMPOSIO INTERNACIONAL<\/strong>&nbsp;<a href=\"http:\/\/grupsderecerca.uab.cat\/grafo\/content\/simposio-internacional\">Procreaci\u00f3n, crianza y g\u00e9nero. Aproximaciones antropol\u00f3gicas a la parentalidad<\/a>. UAB, 2010.<\/p>\n\n\n\n<p>&#8211; <strong>UNIVESITY SEMINAR UAB-UPV<\/strong>. <em>Hacia otra Antropolog\u00eda del Parentesco<\/em>. UAB, 2009.<\/p>\n\n\n\n<p><strong>&#8211; SYMPOSIUM <\/strong><a href=\"http:\/\/www.ankulegi.org\/8-construyendo-intersecciones-aproximaciones-teoricas-y-aplicadas-en-las-relaciones-entre-los-ambitos-del-parentesco-y-la-atencion-a-la-salud-en-contexto-intercultural\/\">Construyendo intersecciones: Aproximaciones te\u00f3ricas y aplicadas en las relaciones entre los \u00e1mbitos del parentesco y la atenci\u00f3n a la salud en contexto intercultural.<\/a>&nbsp;XI Congreso FAAEE, Donostia-San Sebasti\u00e1n, 2008.<\/p>\n\n\n\n<p>&#8211; <strong>UNIVERSITY SEMINAR UAB-UPV<\/strong>. <em>Hacia otra Antropolog\u00eda del Parentesco<\/em>. UAB, 2009.<\/p>\n\n\n\n<p><strong>&#8211; SYMPOSIUM <\/strong><a href=\"http:\/\/www.ankulegi.org\/8-construyendo-intersecciones-aproximaciones-teoricas-y-aplicadas-en-las-relaciones-entre-los-ambitos-del-parentesco-y-la-atencion-a-la-salud-en-contexto-intercultural\/\">Construyendo intersecciones: Aproximaciones te\u00f3ricas y aplicadas en las relaciones entre los \u00e1mbitos del parentesco y la atenci\u00f3n a la salud en contexto intercultural.<\/a>&nbsp;XI Congreso FAAEE, Donostia-San Sebasti\u00e1n, 2008.<\/p>\n","protected":false},"excerpt":{"rendered":"<p>&#8211; INTERNATIONAL SEMINAR:&nbsp;Antropolog\u00eda, salud y comunicaci\u00f3n audiovisual.&nbsp;Perspectivas interdisciplinares para el abordaje de la vulnerabilidad.&nbsp;UAB. 2021. &nbsp; Conference program available here. &#8211; CROSS-DISCIPLINAR SEMINAR:&nbsp;Crianza en contextos vulnerables. Necesidades y recursos de afrontamiento. UAB. 2020. &nbsp; &nbsp; Conference program available here. &#8211; PANEL COORDINATION Parenting and Childcare in Contexts of Vulnerability.&nbsp;16th EASA Biennial Conference&nbsp;New anthropological horizons in [&hellip;]<\/p>\n","protected":false},"author":2548,"featured_media":0,"parent":0,"menu_order":0,"comment_status":"closed","ping_status":"closed","template":"","meta":{"footnotes":""},"class_list":["post-477","page","type-page","status-publish","hentry"],"_links":{"self":[{"href":"https:\/\/webs.uab.cat\/getp\/es\/wp-json\/wp\/v2\/pages\/477","targetHints":{"allow":["GET"]}}],"collection":[{"href":"https:\/\/webs.uab.cat\/getp\/es\/wp-json\/wp\/v2\/pages"}],"about":[{"href":"https:\/\/webs.uab.cat\/getp\/es\/wp-json\/wp\/v2\/types\/page"}],"author":[{"embeddable":true,"href":"https:\/\/webs.uab.cat\/getp\/es\/wp-json\/wp\/v2\/users\/2548"}],"replies":[{"embeddable":true,"href":"https:\/\/webs.uab.cat\/getp\/es\/wp-json\/wp\/v2\/comments?post=477"}],"version-history":[{"count":1,"href":"https:\/\/webs.uab.cat\/getp\/es\/wp-json\/wp\/v2\/pages\/477\/revisions"}],"predecessor-version":[{"id":478,"href":"https:\/\/webs.uab.cat\/getp\/es\/wp-json\/wp\/v2\/pages\/477\/revisions\/478"}],"wp:attachment":[{"href":"https:\/\/webs.uab.cat\/getp\/es\/wp-json\/wp\/v2\/media?parent=477"}],"curies":[{"name":"wp","href":"https:\/\/api.w.org\/{rel}","templated":true}]}}