{"id":481,"date":"2023-04-12T13:40:51","date_gmt":"2023-04-12T11:40:51","guid":{"rendered":"https:\/\/webs.uab.cat\/getp\/?page_id=481"},"modified":"2026-02-05T17:00:21","modified_gmt":"2026-02-05T15:00:21","slug":"contacto","status":"publish","type":"page","link":"https:\/\/webs.uab.cat\/getp\/es\/contacto\/","title":{"rendered":"Contacto"},"content":{"rendered":"\n<h2 class=\"wp-block-heading\">Contacto<\/h2>\n\n\n\n<p><strong>Anna Piella Vila<\/strong>: Anna.Piella@uab.cat<\/p>\n\n\n\n<p><strong>Jordi Grau Rebollo<\/strong>: Jordi.Grau@uab.cat<\/p>\n\n\n\n<p>Departamento de Antropolog\u00eda Social y Cultural. Edificio B. Facultad de Filosof\u00eda y Letras. Universitat Aut\u00f2noma de Barcelona (UAB). 08193 Carrer de la Fortuna, Bellaterra, (Cerdanyola de Vall\u00e8s)<\/p>\n","protected":false},"excerpt":{"rendered":"<p>Contacto Anna Piella Vila: Anna.Piella@uab.cat Jordi Grau Rebollo: Jordi.Grau@uab.cat Departamento de Antropolog\u00eda Social y Cultural. Edificio B. Facultad de Filosof\u00eda y Letras. Universitat Aut\u00f2noma de Barcelona (UAB). 08193 Carrer de la Fortuna, Bellaterra, (Cerdanyola de Vall\u00e8s)<\/p>\n","protected":false},"author":2548,"featured_media":0,"parent":0,"menu_order":0,"comment_status":"closed","ping_status":"closed","template":"","meta":{"footnotes":""},"class_list":["post-481","page","type-page","status-publish","hentry"],"_links":{"self":[{"href":"https:\/\/webs.uab.cat\/getp\/es\/wp-json\/wp\/v2\/pages\/481","targetHints":{"allow":["GET"]}}],"collection":[{"href":"https:\/\/webs.uab.cat\/getp\/es\/wp-json\/wp\/v2\/pages"}],"about":[{"href":"https:\/\/webs.uab.cat\/getp\/es\/wp-json\/wp\/v2\/types\/page"}],"author":[{"embeddable":true,"href":"https:\/\/webs.uab.cat\/getp\/es\/wp-json\/wp\/v2\/users\/2548"}],"replies":[{"embeddable":true,"href":"https:\/\/webs.uab.cat\/getp\/es\/wp-json\/wp\/v2\/comments?post=481"}],"version-history":[{"count":2,"href":"https:\/\/webs.uab.cat\/getp\/es\/wp-json\/wp\/v2\/pages\/481\/revisions"}],"predecessor-version":[{"id":640,"href":"https:\/\/webs.uab.cat\/getp\/es\/wp-json\/wp\/v2\/pages\/481\/revisions\/640"}],"wp:attachment":[{"href":"https:\/\/webs.uab.cat\/getp\/es\/wp-json\/wp\/v2\/media?parent=481"}],"curies":[{"name":"wp","href":"https:\/\/api.w.org\/{rel}","templated":true}]}}