{"id":120,"date":"2009-05-25T13:07:54","date_gmt":"2009-05-25T11:07:54","guid":{"rendered":"https:\/\/webs.uab.cat\/getp\/presentacio\/"},"modified":"2026-02-05T10:41:11","modified_gmt":"2026-02-05T08:41:11","slug":"presentacio","status":"publish","type":"page","link":"https:\/\/webs.uab.cat\/getp\/","title":{"rendered":"Presentaci\u00f3"},"content":{"rendered":"\n<p class=\"has-blanc-coco-color has-verd-tropic-background-color has-text-color has-background\">Benvinguts i benvingudes al lloc web de l\u2019equip de recerca getp-GRAFO, unitat d&#8217;investigaci\u00f3 del Grup de Recerca en Antropologia Fonamental i Orientada (<a href=\"https:\/\/webs.uab.cat\/grafo\/ca\/\">GRAFO<\/a>), reconegut per l\u2019Ag\u00e8ncia de Gesti\u00f3 d\u2019Ajuts Universitaris i de Recerca (AGAUR) del&nbsp;<a href=\"https:\/\/www.uab.cat\/ca\/antropologia\">Departament d\u2019Antropologia Social i Cultural&nbsp;<\/a>de la UAB.<\/p>\n\n\n\n<p><\/p>\n\n\n\n<p>L&#8217;equip se centra en l&#8217;an\u00e0lisi del contingut i la variabilitat de les relacions de parentiu des d&#8217;una perspectiva transcultural, que permeti una millor comprensi\u00f3 de la diversitat de valors i pr\u00e0ctiques vinculades als diferents models socioculturals de procreaci\u00f3 i crian\u00e7a. Una an\u00e0lisi orientada des de la cr\u00edtica metodol\u00f2gica i te\u00f2rica i des de la reflexi\u00f3 sobre les dades etnogr\u00e0fiques obtingudes a les recerques de camp. <\/p>\n\n\n\n<p>Actualment est\u00e0 coordinat per la <strong>Dra.<\/strong> <strong>Anna Piella Vila<\/strong> i el<strong> Dr. Jordi Grau Rebollo<\/strong>.<\/p>\n\n\n\n<h2 class=\"wp-block-heading\">INTER\u00c8S PRINCIPAL<\/h2>\n\n\n\n<p>Des de la seva creaci\u00f3 el 1994, per part de la <strong>Dra. Aurora Gonz\u00e1lez Echevarr\u00eda<\/strong>, un dels seus principals objectius ha estat contribuir a la fonamentaci\u00f3 te\u00f2rica de l&#8217;Antropologia, desenvolupant una proposta anal\u00edtica i transcultural del domini de l&#8217;Antropologia del Parentiu que t\u00e9 com a continguts espec\u00edfics les idees respecte la formaci\u00f3 de la persona, la sexualitat reproductiva, la cura i crian\u00e7a dels infants, els diferents grups que hi intervenen i les relacions que n&#8217;esdevenen al llarg de la vida. <\/p>\n\n\n\n<div class=\"wp-block-buttons is-content-justification-center is-nowrap is-layout-flex wp-container-core-buttons-is-layout-94bc23d7 wp-block-buttons-is-layout-flex\">\n<div class=\"wp-block-button has-custom-width wp-block-button__width-50 is-style-outline is-style-outline--1\"><a class=\"wp-block-button__link wp-element-button\" href=\"https:\/\/webs.uab.cat\/getp\/equip-2\/\">QuI SOM?<\/a><\/div>\n\n\n\n<div class=\"wp-block-button has-custom-width wp-block-button__width-50 is-style-outline is-style-outline--2\"><a class=\"wp-block-button__link wp-element-button\" href=\"https:\/\/webs.uab.cat\/getp\/que-fem\/\">Qu\u00c8 FEM?<\/a><\/div>\n\n\n\n<div class=\"wp-block-button has-custom-width wp-block-button__width-50 is-style-outline is-style-outline--3\"><a class=\"wp-block-button__link wp-element-button\" href=\"https:\/\/webs.uab.cat\/getp\/on-som\/\">ON TROBAR-NOS?<\/a><\/div>\n<\/div>\n\n\n\n<p><\/p>\n","protected":false},"excerpt":{"rendered":"<p>Benvinguts i benvingudes al lloc web de l\u2019equip de recerca getp-GRAFO, unitat d&#8217;investigaci\u00f3 del Grup de Recerca en Antropologia Fonamental i Orientada (GRAFO), reconegut per l\u2019Ag\u00e8ncia de Gesti\u00f3 d\u2019Ajuts Universitaris i de Recerca (AGAUR) del&nbsp;Departament d\u2019Antropologia Social i Cultural&nbsp;de la UAB. L&#8217;equip se centra en l&#8217;an\u00e0lisi del contingut i la variabilitat de les relacions de [&hellip;]<\/p>\n","protected":false},"author":20,"featured_media":0,"parent":0,"menu_order":0,"comment_status":"closed","ping_status":"closed","template":"","meta":{"footnotes":""},"class_list":["post-120","page","type-page","status-publish","hentry"],"_links":{"self":[{"href":"https:\/\/webs.uab.cat\/getp\/wp-json\/wp\/v2\/pages\/120","targetHints":{"allow":["GET"]}}],"collection":[{"href":"https:\/\/webs.uab.cat\/getp\/wp-json\/wp\/v2\/pages"}],"about":[{"href":"https:\/\/webs.uab.cat\/getp\/wp-json\/wp\/v2\/types\/page"}],"author":[{"embeddable":true,"href":"https:\/\/webs.uab.cat\/getp\/wp-json\/wp\/v2\/users\/20"}],"replies":[{"embeddable":true,"href":"https:\/\/webs.uab.cat\/getp\/wp-json\/wp\/v2\/comments?post=120"}],"version-history":[{"count":9,"href":"https:\/\/webs.uab.cat\/getp\/wp-json\/wp\/v2\/pages\/120\/revisions"}],"predecessor-version":[{"id":628,"href":"https:\/\/webs.uab.cat\/getp\/wp-json\/wp\/v2\/pages\/120\/revisions\/628"}],"wp:attachment":[{"href":"https:\/\/webs.uab.cat\/getp\/wp-json\/wp\/v2\/media?parent=120"}],"curies":[{"name":"wp","href":"https:\/\/api.w.org\/{rel}","templated":true}]}}