{"id":124,"date":"2009-05-25T13:20:37","date_gmt":"2009-05-25T11:20:37","guid":{"rendered":"https:\/\/webs.uab.cat\/getp\/recerca\/"},"modified":"2026-02-04T19:03:22","modified_gmt":"2026-02-04T17:03:22","slug":"recerca","status":"publish","type":"page","link":"https:\/\/webs.uab.cat\/getp\/recerca\/","title":{"rendered":"Recerca"},"content":{"rendered":"<h2>\u00a0<strong>L\u00cdNIES DE RECERCA<\/strong><\/h2>\n<ul>\n<li>Crian\u00e7a en contextos de vulnerabilitat sociocultural<\/li>\n<li>Investigaci\u00f3 transcultural en l\u2019\u00e0mbit del Parentiu. Models socioculturals de procreaci\u00f3 i crian\u00e7a dels nens i nenes.<\/li>\n<li>El concepte de parentalitat en l\u2019etnografia i en la teoria antropol\u00f3gica.<\/li>\n<li>Circulaci\u00f3 d&#8217;infants i adopci\u00f3 internacional.<\/li>\n<li>Representacions del Parentiu i Parentalitats m\u00faltiples. Parentiu i Persones sense descend\u00e8ncia directa (infecunditat volunt\u00e0ria o involunt\u00e0ria).<\/li>\n<\/ul>\n","protected":false},"excerpt":{"rendered":"<p>\u00a0L\u00cdNIES DE RECERCA Crian\u00e7a en contextos de vulnerabilitat sociocultural Investigaci\u00f3 transcultural en l\u2019\u00e0mbit del Parentiu. Models socioculturals de procreaci\u00f3 i crian\u00e7a dels nens i nenes. El concepte de parentalitat en l\u2019etnografia i en la teoria antropol\u00f3gica. Circulaci\u00f3 d&#8217;infants i adopci\u00f3 internacional. Representacions del Parentiu i Parentalitats m\u00faltiples. Parentiu i Persones sense descend\u00e8ncia directa (infecunditat volunt\u00e0ria [&hellip;]<\/p>\n","protected":false},"author":20,"featured_media":0,"parent":0,"menu_order":0,"comment_status":"closed","ping_status":"closed","template":"","meta":{"footnotes":""},"class_list":["post-124","page","type-page","status-publish","hentry"],"_links":{"self":[{"href":"https:\/\/webs.uab.cat\/getp\/wp-json\/wp\/v2\/pages\/124","targetHints":{"allow":["GET"]}}],"collection":[{"href":"https:\/\/webs.uab.cat\/getp\/wp-json\/wp\/v2\/pages"}],"about":[{"href":"https:\/\/webs.uab.cat\/getp\/wp-json\/wp\/v2\/types\/page"}],"author":[{"embeddable":true,"href":"https:\/\/webs.uab.cat\/getp\/wp-json\/wp\/v2\/users\/20"}],"replies":[{"embeddable":true,"href":"https:\/\/webs.uab.cat\/getp\/wp-json\/wp\/v2\/comments?post=124"}],"version-history":[{"count":1,"href":"https:\/\/webs.uab.cat\/getp\/wp-json\/wp\/v2\/pages\/124\/revisions"}],"predecessor-version":[{"id":584,"href":"https:\/\/webs.uab.cat\/getp\/wp-json\/wp\/v2\/pages\/124\/revisions\/584"}],"wp:attachment":[{"href":"https:\/\/webs.uab.cat\/getp\/wp-json\/wp\/v2\/media?parent=124"}],"curies":[{"name":"wp","href":"https:\/\/api.w.org\/{rel}","templated":true}]}}