{"id":125,"date":"2009-05-25T13:22:03","date_gmt":"2009-05-25T11:22:03","guid":{"rendered":"https:\/\/webs.uab.cat\/getp\/projectes-rd\/"},"modified":"2026-02-04T20:16:58","modified_gmt":"2026-02-04T18:16:58","slug":"projectes-rd","status":"publish","type":"page","link":"https:\/\/webs.uab.cat\/getp\/projectes-rd\/","title":{"rendered":"Projectes"},"content":{"rendered":"\n<p><\/p>\n\n\n\n<p class=\"has-blanc-coco-color has-verd-tropic-background-color has-text-color has-background has-link-color wp-elements-42315f1173ea7cd731180c8c30ba9925\"><strong><a href=\"https:\/\/webs.uab.cat\/afronta\/\">Infancias vulnerables en contextos actuales de multi-crisis: mecanismos institucionales, recursos familiares y estrategias comunitarias de afrontamiento<\/a><\/strong>(AFRONTA, PID2022-139502OB-I00). (2023-2025).<\/p>\n\n\n\n<p>Jordi Grau Rebollo (IP),&nbsp;Anna Piella Vila, Aurora Gonz\u00e1lez Echevarr\u00eda, Mar\u00eda Vald\u00e9s G\u00e1zquez, Nicol\u00e1s Lorite Garc\u00eda, Luc\u00eda Sanjuan N\u00fa\u00f1ez, Beatriz Garc\u00eda Garc\u00eda, Lourdes Garc\u00eda Tugas (UOC), Miryam Navarro Rup\u00e9rez, Clara Guzm\u00e1n Vilaboy, Jaume Garc\u00eda Hern\u00e1ndez, Amina Coucous, Sandra Castillejos Raluy.<\/p>\n\n\n\n<p>El projecte s&#8217;alinea amb els objectius 1 (metes 1.3. i 1.5.) i 10 (metes 10.2 i 10.3) dels Objectius per al Desenvolupament Sostenible (Agenda per al Desenvolupament Sostenible, UE 2030) i pret\u00e9n avan\u00e7ar cap a la recerca de solucions als desafiaments de la societat presentats per les conseq\u00fc\u00e8ncies que tenen sobre fam\u00edlies vulnerables i en particular sobre la crian\u00e7a dels seus fills i filles: (a) la concurr\u00e8ncia de diverses crisis (econ\u00f2mica, energ\u00e8tica, mediambiental, sanit\u00e0ria i de fiabilitat de la informaci\u00f3), (b) la possible cronificaci\u00f3 de condicions estructurals de desigualtat, aix\u00ed com l&#8217;aflorament de circumst\u00e0ncies sobrevingudes que agreugen la seva vulnerabilitat, (c) l&#8217;exist\u00e8ncia de bretxes i barreres de diversa naturalesa (sociotecnol\u00f2giques i de recursos, g\u00e8nere o digital, a m\u00e9s de les que imposen una inadequada comprensi\u00f3 -i conseg\u00fcent gesti\u00f3- de la diversitat cultural i els obstacles que resulten d&#8217; una insuficient compet\u00e8ncia tecnol\u00f2gica i informacional en les relacions amb entitats i administracions potencialment prove\u00efdores de benestar).<\/p>\n\n\n\n<p class=\"has-blanc-coco-color has-verd-tropic-background-color has-text-color has-background has-link-color wp-elements-0221ad533313d93603e82ad04071b5de\"><strong><a href=\"http:\/\/webs.uab.cat\/vulneras\">Projecte VulneraS: Crian\u00e7a, desemparament i vulnerabilitat sociocultural. An\u00e0lisi situacional i propostes d&#8217;intervenci\u00f3. (CSO2017-83101-C2-1-R)<\/a>. (2018-2021).<\/strong><\/p>\n\n\n\n<p>Anna Piella Vila (IP),&nbsp; Jordi Grau Rebollo (IP),&nbsp;Aurora Gonz\u00e1lez Echevarr\u00eda, Mar\u00eda Vald\u00e9s G\u00e1zquez, Nicol\u00e1s Lorite Garc\u00eda, Irina Casado Aij\u00f3n, Luc\u00eda Sanjuan N\u00fa\u00f1ez, Beatriz Garc\u00eda Garc\u00eda, Sarah L\u00e1zareh Boix, Eva Bretones Peregrina, &nbsp;Lourdes Garc\u00eda Tugas (UOC), Carmen de Jes\u00fas Garc\u00eda Garc\u00eda (Universitat de Granada). Etn\u00f2grafes de suport a la recerca: Miryam Navarro Rup\u00e9rez i Clara Guzm\u00e1n Vilaboy.<\/p>\n\n\n\n<p>RESULTATS:<\/p>\n\n\n\n<ul class=\"wp-block-list\">\n<li>L&#8217;an\u00e0lisi cr\u00edtica de la genealogia i els usos disciplinars i interdisciplinaris de conceptes com &#8220;vulnerabilitat&#8221; o &#8220;vulnerable&#8221;, que va permetre diferenciar quatre tipus diferents de vulnerabilitat (biol\u00f2gica, ps\u00edquica, social i simb\u00f2lica) i establir una relaci\u00f3 de situacions espec\u00edfiques de vulnerabilitat que afecten agents i estructures parentals que es manifesten en contextos de crian\u00e7a, la qual cosa proporciona un marc d&#8217;an\u00e0lisi que permeti la identificaci\u00f3 de situacions de risc i facilitin el seu afrontament. <\/li>\n\n\n\n<li>Proposar una alternativa als indicadors, a partir de la generalitzaci\u00f3 de les experi\u00e8ncies de vulnerabilitat etnografiades. Identificar indicadors de vulnerabilitat en contextos etnogr\u00e0fics espec\u00edfics que, des de construccions etnogr\u00e0fiques concretes, puguin anar-se ampliant a altres contextos de recerca mitjan\u00e7ant comparacions successives. <\/li>\n\n\n\n<li>Detectar factors sobrevinguts de vulnerabilitat desencadenats en el transcurs d&#8217; intervencions institucionals o per conflu\u00e8ncies espec\u00edfiques de certs indicadors, menys visibles, de risc. <\/li>\n\n\n\n<li>Delimitar recursos d&#8217; afrontament i estrat\u00e8gies de cooperaci\u00f3 en \u00e0mbits de crian\u00e7a entre col.lectius especialment vulnerables, tant pel que fa al suport formal com informal. Detecci\u00f3 i identificaci\u00f3 de reconfiguracions socials de suport informal en el context pand\u00e8mic. <\/li>\n\n\n\n<li>Dissenyar actuacions formatives (materials audiovisuals, tallers), divulgatives (documental cient\u00edfic) i sensibilitzadores (campanya publicit\u00e0ria), amb vocaci\u00f3 transformadora, integrant estaments acad\u00e8mics i professionals.<\/li>\n<\/ul>\n\n\n\n<p class=\"has-blanc-coco-color has-verd-tropic-background-color has-text-color has-background has-link-color wp-elements-68e07df90baa4b5caa573b54184c214e\"><strong><u>Parentescos: Formas de Parentalidad y Articulaciones Disciplinarias<\/u><em>. <\/em><\/strong>(CSO2012-39041-C02-01). (2013-2016)<strong>\u00a0 <\/strong>(Ministerio de Econom\u00eda y Competitividad).\u00a0<\/p>\n\n\n\n<p>Anna Piella Vila (IP), Aurora Gonz\u00e1lez Echevarr\u00eda, Jordi Grau, Mar\u00eda Vald\u00e9s, Virginia Fons, Carme Parram\u00f3n, J\u00falia Vich, Irina Casado, Sarah L\u00e1zare, Meritxell S\u00e1ez, Gloria Urtasun, Aurelio D\u00edaz, Luc\u00eda Sanjuan, Eva Bretones, Oscar L\u00f3pez. Investigadores Externes: Carmen Garc\u00eda (UGR), Elixabete Imaz (UPV-EHU), Lourdes Garc\u00eda (Fundaci\u00f3 IGenus). Investigadores Assessores: Margarita Lagarde (UNAM, M\u00e9xico), Teresa del Valle (UPV-EHU), Teresa San Rom\u00e1n (UAB).&nbsp;<\/p>\n\n\n\n<p>RESULTATS:<\/p>\n\n\n\n<p>1. Establir els usos del concepte de parentalitat i proposar una definici\u00f3 de parentalitat, aix\u00ed com analitzar els diferents elements generals del domini del parentiu subjacents a algunes de les formes actuals d&#8217;exercir la parentalitat (circulaci\u00f3 de menors, parentalitat translocal, crian\u00e7a compartida per parents amb o sense descend\u00e8ncia, usos identitaris de la parentalitat).<\/p>\n\n\n\n<p>2. Contribuir a l&#8217;estudi de les interseccions dels dominis de l&#8217;Antropologia referents a: parentiu i salut, parentiu i educaci\u00f3 i, parentiu i g\u00e8nere (concepte de persona i cos i salut materno-infantil, articualcions entre institucions educatives i conceptualitzacions de la parentalitat, configuracions de g\u00e8nere en determinades figures parentals).<\/p>\n\n\n\n<p>3. Aven\u00e7ar en l&#8217;estudi d&#8217;interseccions interdisciplinars entre Antropologia i Medicina (salut sexual i reproductiva), Biologia y Antropologia (sistemes de sexe\/g\u00e8nere i sistemes de parentiu) i, Biologia, Antropologia, Psicologia i Psicoan\u00e0lisis (formes de parentalitat).<\/p>\n\n\n\n<p><strong>Projecte Coordinat<\/strong> del getp-GRAFO amb el Grup de Recerca GIAS de la Universidad P\u00fablica de Navarra, UPNA&nbsp;(Ministerio de Econom\u00eda y Competitividad) CSO2012-39041-C02-00 (2013-2016), <em>&#8216;Parentalidades. Aproximaciones Antropol\u00f3gicas y conexiones interdisciplinarias&#8217;<\/em>. Anna Piella Vila, IP Coord. Als membres esmentats a l&#8217;anterior projecte s&#8217;hi afegeixen en aquest: Jos\u00e9 M. Uribe (IP del projecte GIAS), Paloma Fern\u00e1ndez Rasines i Mercedes Bogino.<\/p>\n\n\n\n<p class=\"has-blanc-coco-color has-verd-tropic-background-color has-text-color has-background has-link-color wp-elements-5c5954526cc3d72f4942aed5f1bc7de8\"><strong><u>Teor\u00eda transcultural de la reproducci\u00f3n de los grupos humanos. La Antropolog\u00eda del parentesco como estudio de los\u00a0modelos socioculturales de la procreaci\u00f3n y crianza de ni\u00f1os<\/u><\/strong><u>.<\/u><strong>\u00a0(SEJ2006-10864).<\/strong> 2006-2010. Aurora Gonz\u00e1lez Echevarr\u00eda (IP), Anna Piella, Jordi Grau, Dan rodriguez, Hugo Valenzuela, Virginia Fons, Mar\u00eda Vald\u00e9s, Pepi Soto, Irina Casado, Carmen Parram\u00f3n, Teresa San Rom\u00e1n, Aurora Reparato, Gustavo Indurain (Becari FPU)\u00a0i J\u00falia Vich (bec\u00e0ria FPI).<\/p>\n\n\n\n<p>RESULTATS: &#8211; Desenvolupament d\u2019una proposta de definici\u00f3 del domini de l\u2019Antropologia del Parentiu. Es parteix de la cr\u00edtica d&#8217;un \u00fas lax del terme parentiu, diferenciant amb claredat el seu significat te\u00f2ric com a domini de l&#8217;Antropologia del Parentiu i el seu \u00fas folk, com a concepte propi de la cultura occidental: &nbsp;&#8220;El domini de l&#8217;Antropologia del Parentiu estaria constitu\u00eft pels fen\u00f2mens socioculturals en tant, i nom\u00e9s mentre, els veiem des de la perspectiva de la reposici\u00f3 dels \u00e9ssers humans que integren&nbsp;un&nbsp;grup a trav\u00e9s de la conceptualitzaci\u00f3 i la regulaci\u00f3 de la generaci\u00f3, la circulaci\u00f3 i la cura dels nens i nenes, l&#8217;atribuci\u00f3 de la responsabilitat \u00faltima de la seva socialitzaci\u00f3 i enculturaci\u00f3 fins a la maduresa social i les relacions que es creen i institucionalitzen en els processos de reproducci\u00f3 procreativa i es desenvolupen al llarg de la seva vida&#8221;.<\/p>\n\n\n\n<p>&#8211; Desenvolupament d&#8217;un gui\u00f3 detallat per a la presa de dades etnogr\u00e0fiques sobre els \u00edtems que integren el domini de l&#8217;Antropologia del Parentiu. Gui\u00f3 que ja s&#8217;ha utilitzat en diferents treballs de camp.<\/p>\n\n\n\n<p>&#8211; Elaboraci\u00f3 de&nbsp;modelos etnogr\u00e1ficos i procreatius (ndow\u00e9 de Guinea Equatorial, dyirbal d&#8217;Austr\u00e0lia,&nbsp;poblaci\u00f3 noruega aut\u00f2ctona urbana, poblaci\u00f3 pesquera malaia de Pulau Tuba i poblacions immigrades a Catalunya: paquistan\u00eds, amazigh, rumanesos rrom i dominicans. Model procreatiu d&#8217;immigrants xinesos a Canad\u00e0, cas paradigm\u00e0tic de parentiu translocal.<\/p>\n\n\n\n<p>Els&nbsp;resultatas de definici\u00f3 del domini s&#8217;han publicat a Gonz\u00e1lez Echevarr\u00eda <em>et al.<\/em> (2010),&nbsp; Gonz\u00e1lez Echevarr\u00eda (2010, 2011) i M. Vald\u00e9s G\u00e1zquez (2011). La construcci\u00f3 de models etnogrr\u00e0fics i comparatius s&#8217;ha recollit a J. Grau, H. Valenzuela y D. Rodr\u00edguez (2011).<\/p>\n\n\n\n<p class=\"has-blanc-coco-color has-verd-tropic-background-color has-text-color has-background has-link-color wp-elements-09c0b8324bab2820102f53822cfc52d9\"><strong><u>El dominio te\u00f3rico transcultural de la procreaci\u00f3n. Concepci\u00f3n de la persona, control de la sexualidad, organizaci\u00f3n de la reproducci\u00f3n, crianza y configuraci\u00f3n de modelos<\/u>. (BSO2000-0478).<\/strong> 2000-2003. Aurora Gonz\u00e1lez Echevarr\u00eda (IP), Anna Piella, Jordi Grau, Dan Rodr\u00edguez, Hugo Valenzuela (Becario FPI).<\/p>\n\n\n\n<p>RESULTATS: Fonamentaci\u00f3 epistemol\u00f2gica i metodol\u00f2gica del domini te\u00f2ric transcultural de la procreaci\u00f3. Treballs de camp a Barcelona (fam\u00edlies adoptants), Austr\u00e0lia (continu\u00eftats i canvis en el parentiu aborigen a Jambun, Queensland), Catalunya i G\u00e0mbia (endog\u00e0mia, exog\u00e0mia i relacions inter\u00e8tniques entre immigrans senegambians a Catalunya i les seves fam\u00edlies d&#8217;origen) i Malaysia (innovaci\u00f3 tecnol\u00f2gica i relacions de parentiu a l&#8217;illa de Pulau Tuba).<\/p>\n\n\n\n<p class=\"has-blanc-coco-color has-verd-tropic-background-color has-text-color has-background has-link-color wp-elements-39328205b05cea25ca1a2692ebd3f60f\"><strong><u>Hacia una Antropolog\u00eda de la Procreaci\u00f3n<\/u>.<\/strong><strong>\u00a0(DGICYT PS94-0115).<\/strong> 1995-98.\u00a0A. Gonz\u00e1lez Echevarr\u00eda (IP), A. Piella. J.Grau (FPI).<\/p>\n\n\n\n<p>RESULTATS: Treball comparatiu amb els HRAF i Recerca sobre els m\u00e8todes cient\u00edfics i hermen\u00e8utics en Antropologia. Treball bibliogr\u00e0fic sobre l&#8217;aproximaci\u00f3 antropol\u00f2gica a les relacions de parentiu i la identitat \u00e8tnica en el cas dels Abor\u00edgens Australians. An\u00e0lisi de la inserci\u00f3 dels mitjans audiovisuals a la recerca antropol\u00f2gica utilitzant el parentiu com a referent substantiu.<\/p>\n","protected":false},"excerpt":{"rendered":"<p>Infancias vulnerables en contextos actuales de multi-crisis: mecanismos institucionales, recursos familiares y estrategias comunitarias de afrontamiento(AFRONTA, PID2022-139502OB-I00). (2023-2025). Jordi Grau Rebollo (IP),&nbsp;Anna Piella Vila, Aurora Gonz\u00e1lez Echevarr\u00eda, Mar\u00eda Vald\u00e9s G\u00e1zquez, Nicol\u00e1s Lorite Garc\u00eda, Luc\u00eda Sanjuan N\u00fa\u00f1ez, Beatriz Garc\u00eda Garc\u00eda, Lourdes Garc\u00eda Tugas (UOC), Miryam Navarro Rup\u00e9rez, Clara Guzm\u00e1n Vilaboy, Jaume Garc\u00eda Hern\u00e1ndez, Amina Coucous, Sandra [&hellip;]<\/p>\n","protected":false},"author":20,"featured_media":0,"parent":0,"menu_order":0,"comment_status":"closed","ping_status":"closed","template":"","meta":{"footnotes":""},"class_list":["post-125","page","type-page","status-publish","hentry"],"_links":{"self":[{"href":"https:\/\/webs.uab.cat\/getp\/wp-json\/wp\/v2\/pages\/125","targetHints":{"allow":["GET"]}}],"collection":[{"href":"https:\/\/webs.uab.cat\/getp\/wp-json\/wp\/v2\/pages"}],"about":[{"href":"https:\/\/webs.uab.cat\/getp\/wp-json\/wp\/v2\/types\/page"}],"author":[{"embeddable":true,"href":"https:\/\/webs.uab.cat\/getp\/wp-json\/wp\/v2\/users\/20"}],"replies":[{"embeddable":true,"href":"https:\/\/webs.uab.cat\/getp\/wp-json\/wp\/v2\/comments?post=125"}],"version-history":[{"count":8,"href":"https:\/\/webs.uab.cat\/getp\/wp-json\/wp\/v2\/pages\/125\/revisions"}],"predecessor-version":[{"id":626,"href":"https:\/\/webs.uab.cat\/getp\/wp-json\/wp\/v2\/pages\/125\/revisions\/626"}],"wp:attachment":[{"href":"https:\/\/webs.uab.cat\/getp\/wp-json\/wp\/v2\/media?parent=125"}],"curies":[{"name":"wp","href":"https:\/\/api.w.org\/{rel}","templated":true}]}}