{"id":444,"date":"2022-03-09T18:00:09","date_gmt":"2022-03-09T16:00:09","guid":{"rendered":"https:\/\/webs.uab.cat\/getp\/?page_id=444"},"modified":"2026-02-04T18:55:11","modified_gmt":"2026-02-04T16:55:11","slug":"equip-2","status":"publish","type":"page","link":"https:\/\/webs.uab.cat\/getp\/equip-2\/","title":{"rendered":"Equip"},"content":{"rendered":"\n<p><b>Coordinaci\u00f3<\/b>:&nbsp;<a href=\"http:\/\/gent.uab.cat\/annapiella\/\">Anna Piella Vila <\/a>&amp; <a href=\"https:\/\/jordigrau2.wixsite.com\/jordigrau\">Jordi Grau Rebollo<\/a>.<\/p>\n\n\n\n<p><strong>Equip actual<\/strong>:<\/p>\n\n\n\n<ul class=\"wp-block-list\">\n<li><a href=\"http:\/\/gent.uab.cat\/auroragonzalezechevarria\/\">Aurora Gonz\u00e1lez Echevarr\u00eda<\/a><\/li>\n\n\n\n<li><a href=\"http:\/\/gent.uab.cat\/annapiella\/\">Anna Piella Vila<\/a><\/li>\n\n\n\n<li><a href=\"https:\/\/jordigrau2.wixsite.com\/jordigrau\">Jordi Grau Rebollo<\/a><\/li>\n\n\n\n<li>Mar\u00eda Vald\u00e9s G\u00e1zquez<\/li>\n<\/ul>\n\n\n\n<p><strong>Investigadors\/investigadores associats\/des:<\/strong><\/p>\n\n\n\n<ul class=\"wp-block-list\">\n<li>Jaume Garc\u00eda Hern\u00e1ndez<\/li>\n\n\n\n<li>Lourdes Garc\u00eda Tugas<\/li>\n\n\n\n<li>Amina Coucous<\/li>\n\n\n\n<li>Beatriz Garc\u00eda Garc\u00eda<\/li>\n\n\n\n<li>Sandra Castillejos Raluy<\/li>\n\n\n\n<li>Miryam Navarro Rup\u00e9rez<\/li>\n\n\n\n<li>Luc\u00eda Sanju\u00e1n<\/li>\n<\/ul>\n\n\n\n<p><strong>Investigadors\/investigadores anteriors:<\/strong><\/p>\n\n\n\n<ul class=\"wp-block-list\">\n<li>Virg\u00ednia&nbsp;Fons\u200b Renaudon<\/li>\n\n\n\n<li>Clara Guzm\u00e1n Vilaboy<\/li>\n\n\n\n<li>Irina Casado Aij\u00f3n<\/li>\n\n\n\n<li>Sarah Boix L\u00e1zare<\/li>\n\n\n\n<li>Hugo Valenzuela\u200b Garc\u00eda<\/li>\n\n\n\n<li>Dan Rodr\u00edguez\u200b Garc\u00eda<\/li>\n\n\n\n<li>Carme&nbsp;Parramon\u200b Homs<\/li>\n\n\n\n<li>J\u00falia Vich\u200b Bertran<\/li>\n\n\n\n<li>Gloria Urtasun Recalde<\/li>\n\n\n\n<li>Gustavo Indur\u00e1in Mathieu<\/li>\n\n\n\n<li>Aurora Reparato (col\u00b7laboradora)<\/li>\n<\/ul>\n","protected":false},"excerpt":{"rendered":"<p>Coordinaci\u00f3:&nbsp;Anna Piella Vila &amp; Jordi Grau Rebollo. Equip actual: Investigadors\/investigadores associats\/des: Investigadors\/investigadores anteriors:<\/p>\n","protected":false},"author":134,"featured_media":0,"parent":0,"menu_order":0,"comment_status":"closed","ping_status":"closed","template":"","meta":{"footnotes":""},"class_list":["post-444","page","type-page","status-publish","hentry"],"_links":{"self":[{"href":"https:\/\/webs.uab.cat\/getp\/wp-json\/wp\/v2\/pages\/444","targetHints":{"allow":["GET"]}}],"collection":[{"href":"https:\/\/webs.uab.cat\/getp\/wp-json\/wp\/v2\/pages"}],"about":[{"href":"https:\/\/webs.uab.cat\/getp\/wp-json\/wp\/v2\/types\/page"}],"author":[{"embeddable":true,"href":"https:\/\/webs.uab.cat\/getp\/wp-json\/wp\/v2\/users\/134"}],"replies":[{"embeddable":true,"href":"https:\/\/webs.uab.cat\/getp\/wp-json\/wp\/v2\/comments?post=444"}],"version-history":[{"count":4,"href":"https:\/\/webs.uab.cat\/getp\/wp-json\/wp\/v2\/pages\/444\/revisions"}],"predecessor-version":[{"id":580,"href":"https:\/\/webs.uab.cat\/getp\/wp-json\/wp\/v2\/pages\/444\/revisions\/580"}],"wp:attachment":[{"href":"https:\/\/webs.uab.cat\/getp\/wp-json\/wp\/v2\/media?parent=444"}],"curies":[{"name":"wp","href":"https:\/\/api.w.org\/{rel}","templated":true}]}}