{"id":464,"date":"2022-03-10T11:30:00","date_gmt":"2022-03-10T09:30:00","guid":{"rendered":"https:\/\/webs.uab.cat\/getp\/?page_id=464"},"modified":"2026-02-04T20:14:04","modified_gmt":"2026-02-04T18:14:04","slug":"publicacions-2","status":"publish","type":"page","link":"https:\/\/webs.uab.cat\/getp\/publicacions-2\/","title":{"rendered":"Publicacions"},"content":{"rendered":"\n<h2 class=\"wp-block-heading\">Selecci\u00f3 de publicacions<\/h2>\n\n\n\n<p>Grau Rebollo, J. (2025). \u201cLa Representaci\u00f3n de Colectivos Socioculturalmente Vulnerables en la Era de la Inteligencia Artificial: Desaf\u00edos y Oportunidades desde la Antropolog\u00eda Social y Cultural\u201d, en Le\u00f3n Castro, E. y Maldonado, E. (Eds). <em>Epistemolog\u00edas cr\u00edticas y ciudadan\u00eda comunicacional: Pensamiento y praxis para la transformaci\u00f3n<\/em>. Quito: Ediciones CIESPAL. (pp: 255-285). <a href=\"https:\/\/ediciones.ciespal.org\/index.php\/ediciones\/catalog\/book\/39\">https:\/\/ediciones.ciespal.org\/index.php\/ediciones\/catalog\/book\/39<\/a>.<\/p>\n\n\n\n<p>Grau Rebollo, J. Garc\u00eda Tugas, L. &amp; Beatriz Garc\u00eda Garc\u00eda, B. (2025). <em>Induced vulnerability: the consequences of racialization for African women in an emergency shelter in Catalonia (Spain). In Yolanda Aixel\u00e0-Cabr\u00e9 (ed.) Unwritten Afro-Iberian Memories and Histories Race, Ethnicity and Gender in Portugal and Spain<\/em>. Oxon &amp; New York: Routledge. ISBN: 978-1-032-94998-7<\/p>\n\n\n\n<p>Grau Rebollo, J., Guzm\u00e1n Vilaboy, C., &amp; Piella Vila, A. (2025). Maternidad y trabajo sexual. Crianzas vulnerables, recursos y estrategias. Perif\u00e8ria. Revista d\u2019investigaci\u00f3 I Formaci\u00f3 En Antropologia, 30(1), 125\u2013148. <a href=\"https:\/\/doi.org\/10.5565\/rev\/periferia.1031\">https:\/\/doi.org\/10.5565\/rev\/periferia.1031<\/a><\/p>\n\n\n\n<p>Grau Rebollo, J.; Patraca Dibildox, B; Pulgar Corrotea, M.; Molina Gonz\u00e1lez, J.L. (2025). \u00bfArs Gratia Artis? Din\u00e1micas sociales y consumo cultural en un cine independiente de Barcelona. Visual Ethnography Journal, 14 (2): 7-38, DOI: <a href=\"http:\/\/dx.doi.org\/10.12835\/ve2024.2185\">http:\/\/dx.doi.org\/10.12835\/ve2024.2185<\/a><\/p>\n\n\n\n<p>Grau Rebollo, J.; Garc\u00eda-Tugas, L.; Garc\u00eda Garc\u00eda, B. (2023). Induced vulnerability: the consequences of racialization for African women in an emergency shelter in Catalonia (Spain). Ethnic and Racial Studies. DOI <a href=\"https:\/\/doi.org\/10.1080\/01419870.2023.2289135\">https:\/\/doi.org\/10.1080\/01419870.2023.2289135<\/a><\/p>\n\n\n\n<p>Grau Rebollo, J.; Lorite Garc\u00eda, N. (2022). \u201cThe representation of phenotypic diversity in audiovisual advertising in Spain: professional perspectives and implications for the cultural dynamics of inclusion\u201d. An\u00e0lisi: Quaderns de Comunicaci\u00f3 i Cultura, n\u00fam. extraordinari 2022, 131-148. DOI: <a href=\"https:\/\/doi.org\/10.5565\/rev\/analisi.3401.\">https:\/\/doi.org\/10.5565\/rev\/analisi.3401.<\/a><\/p>\n\n\n\n<p>Garc\u00eda Tugas, L.; Grau Rebollo, J. (2021).&nbsp;<a href=\"https:\/\/www.tandfonline.com\/doi\/full\/10.1080\/10926755.2021.1976339\">The hidden side of adoption in Catalonia: When adoption breaks down<\/a>.&nbsp;<em>Adoption Quarterly<\/em>.&nbsp;<a href=\"https:\/\/doi.org\/10.1080\/10926755.2021.1976339.&nbsp;\">https:\/\/doi.org\/10.1080\/10926755.2021.1976339.&nbsp;<\/a><\/p>\n\n\n\n<p>Garc\u00eda Tugas, L.; Grau Rebollo, J. (2021).&nbsp;<a href=\"http:\/\/www.gazeta-antropologia.es\/?p=5474\">Cadenas de vulnerabilidad en el sistema de protecci\u00f3n a la infancia. El acogimiento familiar fallido como factor de riesgo para el truncamiento adoptivo<\/a>.<em>Gazeta de Antropologia<\/em>, 37(1), art\u00edculo 04.<\/p>\n\n\n\n<p>Garc\u00eda Garc\u00eda, B.; Garc\u00eda Tugas, L.; Grau Rebollo (2021).&nbsp;<em><a href=\"http:\/\/www.gazeta-antropologia.es\/?p=5472\">Consideraciones etnogr\u00e1ficas sobre la crianza entre mujeres de Senegal y de Gambia en instituciones de atenci\u00f3n a la violencia de g\u00e9nero en Catalu\u00f1a<\/a><\/em>.&nbsp;<em>Gazeta de Antropolog\u00eda<\/em>,&nbsp;37 (1), art\u00edculo 05 .<\/p>\n\n\n\n<p>Gonz\u00e1lez Echevarr\u00eda, A.; Grau Rebollo, J.; Vald\u00e9s G\u00e1zquez, M. (Eds). (2020).&nbsp;<a href=\"https:\/\/grupsderecerca.uab.cat\/grafo\/sites\/grupsderecerca.uab.cat.grafo\/files\/libro-parentalidad-3.pdf\">Cultura, Parentesco y Parentalidad<\/a>. GRAFO, Universitat Aut\u00f2noma de Barcelona (UAB). 326 p\u00e1ginas.<\/p>\n\n\n\n<p>Gonz\u00e1lez Echevarr\u00eda, A.; Grau rebollo, J.; Vald\u00e9s G\u00e1zquez, M. (2020). Cultura, g\u00e9nero y parentesco, in Gonz\u00e1lez Echevarr\u00eda, A.; Grau Rebollo, J.; Vald\u00e9s G\u00e1zquez, M. (Eds). (2020).&nbsp;<a href=\"https:\/\/grupsderecerca.uab.cat\/grafo\/sites\/grupsderecerca.uab.cat.grafo\/files\/libro-parentalidad-3.pdf\">Cultura, Parentesco y Parentalidad<\/a>. GRAFO, Universitat Aut\u00f2noma de Barcelona (UAB).; pp: 10-52.<\/p>\n\n\n\n<p>Vila-Mitj\u00e0, A.; Est\u00e9vez, J.; Lugli, F.; Grau Rebollo, J. (2017)&nbsp;<em>La reproducci\u00f3n en la Prehistoria<\/em>. Madrid: Editorial CSIC, Libros de la Catarata. Colecci\u00f3n Divulgacion. ISBN: 978-84-9097-318-9.<\/p>\n\n\n\n<p>Grau Rebollo, J.; Piella, A.; Gonz\u00e1lez Echevarr\u00eda, A.; Vald\u00e9s, M. (2021). &#8220;<a href=\"https:\/\/dra.revistas.csic.es\/index.php\/dra\/article\/view\/907\" target=\"_blank\" rel=\"noreferrer noopener\">Vulnerabilidad sociocultural en contextos de crianza: retos te\u00f3ricos y propuesta anal\u00edtica<\/a>&#8220;,&nbsp;Disparidades&nbsp;76 (2), e021. DOI:&nbsp;<a href=\"https:\/\/doi.org\/10.3989\/dra.2021.021%C2%A0\" target=\"_blank\" rel=\"noopener\">https:\/\/doi.org\/10.3989\/dra.2021.021<\/a><\/p>\n\n\n\n<p>Grau Rebollo, J.; Rodr\u00edguez Garc\u00eda, D.; Valenzuela, H. (eds.) (2011),&nbsp;<a href=\"https:\/\/www.casadellibro.com\/libro-parentescos-modelos-culturales-de-reproduccion\/9788447711253\/1889784\"><em>ParentescoS: modelos culturales de reproducci\u00f3n<\/em><\/a>, Barcelona, PPU.<\/p>\n\n\n\n<p>Gonz\u00e1lez Echevarr\u00eda, A.&nbsp;<em>et al.<\/em>&nbsp;(2010),&nbsp; \u201cSobre la definici\u00f3n de los dominios transculturales. La Antropolog\u00eda del Parentesco como teor\u00eda sociocultural de la procreaci\u00f3n\u201d,&nbsp;<em>Alteridades<\/em>, v. 20, n. 39, pp. 93-106.<\/p>\n\n\n\n<p>Fons, V.; Piella, V.; Vald\u00e9s, M. (eds.) (2010),&nbsp;<a href=\"https:\/\/www.casadellibro.com\/libro-procreacion-crianza-y-genero-aproximaciones-antropologicas-a-la-parentalidad\/9788447711079\/1825655\"><em>Procreaci\u00f3n, crianza y g\u00e9nero. Aproximaciones antropol\u00f3gicas a la parentalidad<\/em><\/a>, PPU, Promociones y Publicaciones Universitarias, Barcelona.<\/p>\n\n\n\n<p>Gonz\u00e1lez Echevarr\u00eda, A.; Grau Rebollo, J.; Vich Bertr\u00e1n, J. (2010) &#8220;Las adopciones internacionales como hecho social total&#8221;,&nbsp;<em>Periferia<\/em>, vol. 12. Edici\u00f3n electr\u00f3nica:&nbsp;<a title=\"http:\/\/www.periferia.name\" href=\"http:\/\/www.periferia.name\/\"><strong>http:\/\/www.periferia.name<\/strong><\/a>.<\/p>\n\n\n\n<p>Piella, A.; Sanju\u00e1n, L.; Valenzuela, H. (eds.) (2008)&nbsp;<em>Construyendo Intersecciones: Aproximaciones te\u00f3ricas y aplicadas en las relaciones entre los \u00e1mbitos del parentesco y la atenci\u00f3n a la salud en contexto intercultural<\/em>. XI Congreso de Antropolog\u00eda (FAAEE), vol. 8, Ankulegi, Donostia-San Sebasti\u00e1n. ISBN 13-978-84-691-4960-7<\/p>\n\n\n\n<p>San Rom\u00e1n Espinosa, T.; Gonz\u00e1lez Echevarr\u00eda, A.; Grau Rebollo, J. (2003)&nbsp;Las Relaciones de Parentesco. Servei de Publicacions d&#8217;Antropologia Cultural, Universitat Aut\u00f2noma de Barcelona. ISBN: 84-490-2319-X.<\/p>\n\n\n\n<p>Piella Vila, A. (2020). Parentesco, Infecundidad y Parentalidad. Hijos sin Hijos y cuidados parentales. Cap.6 \u2018Manifestaciones del parentesco plural\u2019 en Gonz\u00e1lez Echevarr\u00eda, en Grau Rebollo, J.; Vald\u00e9s G\u00e1zquez, M. (Eds). (2020). Cultura, Parentesco y Parentalidad. GRAFO, Universitat Aut\u00f2noma de Barcelona (UAB)., pp: 210-226.&nbsp;<\/p>\n\n\n\n<p>Piella Vila, A. (2020). El proceso procreativo y sus represenaciones entre los Abor\u00edgenes Australianos. Procreaci\u00f3n, Parentesco, Identidad y Territorio.&nbsp; Cap. 3 \u2018Noci\u00f3n de persona, identidad y representaciones del proceso procreativo\u2019 en Gonz\u00e1lez Echevarr\u00eda, A.; Grau Rebollo, J.; Vald\u00e9s G\u00e1zquez, M. (Eds). (2020). Cultura, Parentesco y Parentalidad. GRAFO, Universitat Aut\u00f2noma de Barcelona (UAB)., pp: 123-136.&nbsp;<\/p>\n\n\n\n<p>Coord. Monogr\u00e1fico: Piella Vila, Anna i Jos\u00e9 M. Uribe (2019) <em>Escenarios de Parentalidad<\/em>. AIBR, Revista de Antropolog\u00eda Iberoamericana. Volumen 14, N\u00fam. 3, Septiembre &#8211; Diciembre, 2019. ISSN: 1695-9752. EISSN: 1578-9705. <a href=\"https:\/\/www.aibr.org\/antropologia\/netesp\/1403.php\">https:\/\/www.aibr.org\/antropologia\/netesp\/1403.php<\/a>&nbsp;<\/p>\n\n\n\n<p>Piella Vila, A.  (2012) &#8220;Infecundidad y Parentesco (hijos sin hijos). Una perspectiva hist\u00f3rica y transcultural&#8221;.<em>Ankulegi,&nbsp;<\/em>16. Donostia-San Sebasti\u00e1n. Pp. 29-42<\/p>\n\n\n\n<p><\/p>\n","protected":false},"excerpt":{"rendered":"<p>Selecci\u00f3 de publicacions Grau Rebollo, J. (2025). \u201cLa Representaci\u00f3n de Colectivos Socioculturalmente Vulnerables en la Era de la Inteligencia Artificial: Desaf\u00edos y Oportunidades desde la Antropolog\u00eda Social y Cultural\u201d, en Le\u00f3n Castro, E. y Maldonado, E. (Eds). Epistemolog\u00edas cr\u00edticas y ciudadan\u00eda comunicacional: Pensamiento y praxis para la transformaci\u00f3n. Quito: Ediciones CIESPAL. (pp: 255-285). https:\/\/ediciones.ciespal.org\/index.php\/ediciones\/catalog\/book\/39. Grau [&hellip;]<\/p>\n","protected":false},"author":2548,"featured_media":0,"parent":0,"menu_order":0,"comment_status":"closed","ping_status":"closed","template":"","meta":{"footnotes":""},"class_list":["post-464","page","type-page","status-publish","hentry"],"_links":{"self":[{"href":"https:\/\/webs.uab.cat\/getp\/wp-json\/wp\/v2\/pages\/464","targetHints":{"allow":["GET"]}}],"collection":[{"href":"https:\/\/webs.uab.cat\/getp\/wp-json\/wp\/v2\/pages"}],"about":[{"href":"https:\/\/webs.uab.cat\/getp\/wp-json\/wp\/v2\/types\/page"}],"author":[{"embeddable":true,"href":"https:\/\/webs.uab.cat\/getp\/wp-json\/wp\/v2\/users\/2548"}],"replies":[{"embeddable":true,"href":"https:\/\/webs.uab.cat\/getp\/wp-json\/wp\/v2\/comments?post=464"}],"version-history":[{"count":5,"href":"https:\/\/webs.uab.cat\/getp\/wp-json\/wp\/v2\/pages\/464\/revisions"}],"predecessor-version":[{"id":624,"href":"https:\/\/webs.uab.cat\/getp\/wp-json\/wp\/v2\/pages\/464\/revisions\/624"}],"wp:attachment":[{"href":"https:\/\/webs.uab.cat\/getp\/wp-json\/wp\/v2\/media?parent=464"}],"curies":[{"name":"wp","href":"https:\/\/api.w.org\/{rel}","templated":true}]}}