{"id":468,"date":"2022-03-10T11:48:39","date_gmt":"2022-03-10T09:48:39","guid":{"rendered":"https:\/\/webs.uab.cat\/getp\/?page_id=468"},"modified":"2026-02-04T19:53:08","modified_gmt":"2026-02-04T17:53:08","slug":"transferencia","status":"publish","type":"page","link":"https:\/\/webs.uab.cat\/getp\/transferencia\/","title":{"rendered":"Transfer\u00e8ncia"},"content":{"rendered":"\n<p>El getp-GRAFO desenvolupa una intensa activitat de transfer\u00e8ncia orientada a la incid\u00e8ncia social, institucional i medi\u00e0tica en \u00e0mbits clau com la crian\u00e7a, la fam\u00edlia i les relacions interculturals. Aquesta tasca es concreta en col\u00b7laboracions amb administracions p\u00fabliques, articles, entrevistes i participaci\u00f3 en activitats de divulgaci\u00f3. El getp-GRAFO impulsa tamb\u00e9 la formaci\u00f3 avan\u00e7ada mitjan\u00e7ant doc\u00e8ncia en m\u00e0sters oficials i cursos especialitzats, especialment en antropologia del parentiu, i recerca etnogr\u00e0fica. Paral\u00b7lelament, col\u00b7labora amb entitats socials i institucions culturals, contribuint a la sensibilitzaci\u00f3 p\u00fablica. Aquestes activitats de transfer\u00e8ncia inclouen tamb\u00e9 l\u2019elaboraci\u00f3 de materials pedag\u00f2gics i recursos formatius per a professionals de diferents \u00e0mbits: la salut, l\u2019educaci\u00f3 o el treball social, per exemple. <\/p>\n\n\n\n<div style=\"height:34px\" aria-hidden=\"true\" class=\"wp-block-spacer\"><\/div>\n\n\n\n<h2 class=\"wp-block-heading has-blanc-coco-color has-verd-tropic-background-color has-text-color has-background has-link-color wp-elements-48c9b0986814841ba9f2bff4eeb9ca57\">Materials en obert<\/h2>\n\n\n\n<div class=\"wp-block-cover alignfull is-light\" style=\"min-height:391px;aspect-ratio:unset;\"><span aria-hidden=\"true\" class=\"wp-block-cover__background has-background-dim-100 has-background-dim\" style=\"background-color:#ffffff\"><\/span><div class=\"wp-block-cover__inner-container is-layout-flow wp-block-cover-is-layout-flow\">\n<div class=\"wp-block-media-text alignwide is-stacked-on-mobile is-vertically-aligned-center\" style=\"grid-template-columns:15% auto\"><figure class=\"wp-block-media-text__media\"><img loading=\"lazy\" decoding=\"async\" width=\"500\" height=\"500\" src=\"https:\/\/webs.uab.cat\/getp\/wp-content\/uploads\/sites\/406\/2026\/02\/Miniatura-canal-1-1.png\" alt=\"\" class=\"wp-image-596 size-full\" srcset=\"https:\/\/webs.uab.cat\/getp\/wp-content\/uploads\/sites\/406\/2026\/02\/Miniatura-canal-1-1.png 500w, https:\/\/webs.uab.cat\/getp\/wp-content\/uploads\/sites\/406\/2026\/02\/Miniatura-canal-1-1-300x300.png 300w, https:\/\/webs.uab.cat\/getp\/wp-content\/uploads\/sites\/406\/2026\/02\/Miniatura-canal-1-1-150x150.png 150w\" sizes=\"auto, (max-width: 500px) 100vw, 500px\" \/><\/figure><div class=\"wp-block-media-text__content\">\n<h2 class=\"wp-block-heading has-gris-londres-background-color has-text-color has-background\" style=\"color:#000000;font-size:32px\"><strong>Recursos d&#8217;acc\u00e9s lliure<\/strong><\/h2>\n\n\n\n<p class=\"has-text-color\" style=\"color:#000000;font-size:17px\">Cat\u00e0leg de materials oberts vinculats al projecte de recerca sobre <a href=\"https:\/\/webs.uab.cat\/afronta\/\">inf\u00e0ncies vulnerables en contextos de multi-crisi<\/a>. Inclou\u00a0materials formatius, producci\u00f3 audiovisual, propostes did\u00e0ctiques per a l\u2019aula, eines de prevenci\u00f3 de desinformaci\u00f3, recursos tecnol\u00f2gics i continguts sobre vulnerabilitats clim\u00e0tiques, energ\u00e8tiques i de la intel\u00b7lig\u00e8ncia artificial. Aquest recull est\u00e0 pensat per a docents, estudiants, professionals i p\u00fablic general interessat a comprendre i abordar les crisis socials des d\u2019una perspectiva cr\u00edtica i aplicada.<\/p>\n\n\n\n<div class=\"wp-block-buttons is-layout-flex wp-block-buttons-is-layout-flex\">\n<div class=\"wp-block-button is-style-fill\"><a class=\"wp-block-button__link wp-element-button\" href=\"https:\/\/webs.uab.cat\/afronta\/recursos\/\">Acc\u00e9s<\/a><\/div>\n<\/div>\n<\/div><\/div>\n\n\n\n<div class=\"wp-block-media-text alignwide is-stacked-on-mobile is-vertically-aligned-center\" style=\"grid-template-columns:15% auto\"><figure class=\"wp-block-media-text__media\"><img loading=\"lazy\" decoding=\"async\" width=\"500\" height=\"500\" src=\"https:\/\/webs.uab.cat\/getp\/wp-content\/uploads\/sites\/406\/2026\/02\/Miniatura-canal-3.png\" alt=\"\" class=\"wp-image-599 size-full\" srcset=\"https:\/\/webs.uab.cat\/getp\/wp-content\/uploads\/sites\/406\/2026\/02\/Miniatura-canal-3.png 500w, https:\/\/webs.uab.cat\/getp\/wp-content\/uploads\/sites\/406\/2026\/02\/Miniatura-canal-3-300x300.png 300w, https:\/\/webs.uab.cat\/getp\/wp-content\/uploads\/sites\/406\/2026\/02\/Miniatura-canal-3-150x150.png 150w\" sizes=\"auto, (max-width: 500px) 100vw, 500px\" \/><\/figure><div class=\"wp-block-media-text__content\">\n<h2 class=\"wp-block-heading has-gris-londres-background-color has-text-color has-background\" style=\"color:#000000;font-size:32px\"><strong>Producci\u00f3 audiovisual del projecte AFRONTA<\/strong><\/h2>\n\n\n\n<p class=\"has-text-color\" style=\"color:#000000;font-size:17px\">El canal de YouTube delprojecte  AFRONTA\u00a0esdev\u00e9 una\u00a0plataforma audiovisual vinculada a la difusi\u00f3 dels resultats i materials divulgatius del projecte PID2022-139502OB-I00.\u00a0Aquest canal comparteix\u00a0presentacions, explicacions i recursos visuals\u00a0que complementen altres materials del projecte (com els recursos formatius i materials educatius disponibles al web), facilitant l\u2019acc\u00e9s a\u00a0coneixement aplicat sobre inf\u00e0ncia, fam\u00edlies i estrat\u00e8gies comunit\u00e0ries en contextos de crisi.\u00a0<\/p>\n\n\n\n<div class=\"wp-block-buttons is-layout-flex wp-block-buttons-is-layout-flex\">\n<div class=\"wp-block-button is-style-fill\"><a class=\"wp-block-button__link wp-element-button\" href=\"https:\/\/webs.uab.cat\/afronta\/recursos\/https:\/\/www.youtube.com\/@ProyectoAFRONTA\">Acc\u00e9s<\/a><\/div>\n<\/div>\n<\/div><\/div>\n\n\n\n<div class=\"wp-block-media-text alignwide is-stacked-on-mobile is-vertically-aligned-center\" style=\"grid-template-columns:15% auto\"><figure class=\"wp-block-media-text__media\"><img loading=\"lazy\" decoding=\"async\" width=\"504\" height=\"664\" src=\"https:\/\/webs.uab.cat\/getp\/wp-content\/uploads\/sites\/406\/2026\/02\/Miniatura-canal-vulneras.png\" alt=\"\" class=\"wp-image-605 size-full\" srcset=\"https:\/\/webs.uab.cat\/getp\/wp-content\/uploads\/sites\/406\/2026\/02\/Miniatura-canal-vulneras.png 504w, https:\/\/webs.uab.cat\/getp\/wp-content\/uploads\/sites\/406\/2026\/02\/Miniatura-canal-vulneras-228x300.png 228w\" sizes=\"auto, (max-width: 504px) 100vw, 504px\" \/><\/figure><div class=\"wp-block-media-text__content\">\n<h2 class=\"wp-block-heading has-gris-londres-background-color has-text-color has-background\" style=\"color:#000000;font-size:32px\"><strong>Producci\u00f3 audiovisual del projecte VULNERAS<\/strong><\/h2>\n\n\n\n<p class=\"has-text-color\" style=\"color:#000000;font-size:17px\">El canal de\u00a0YouTube del projecte Vulneras (CSO2017-83101-C2-1-R)\u00a0difon continguts audiovisuals vinculats amb la crian\u00e7a i la vulnerabilitat sociocultural en contextos socials complexos<\/p>\n\n\n\n<div class=\"wp-block-buttons is-layout-flex wp-block-buttons-is-layout-flex\">\n<div class=\"wp-block-button is-style-fill\"><a class=\"wp-block-button__link wp-element-button\" href=\"https:\/\/webs.uab.cat\/afronta\/recursos\/https:\/\/www.youtube.com\/@ProyectoAFRONTAhttps:\/\/www.youtube.com\/@proyectovulneras5573\">Acc\u00e9s<\/a><\/div>\n<\/div>\n<\/div><\/div>\n<\/div><\/div>\n","protected":false},"excerpt":{"rendered":"<p>El getp-GRAFO desenvolupa una intensa activitat de transfer\u00e8ncia orientada a la incid\u00e8ncia social, institucional i medi\u00e0tica en \u00e0mbits clau com la crian\u00e7a, la fam\u00edlia i les relacions interculturals. Aquesta tasca es concreta en col\u00b7laboracions amb administracions p\u00fabliques, articles, entrevistes i participaci\u00f3 en activitats de divulgaci\u00f3. El getp-GRAFO impulsa tamb\u00e9 la formaci\u00f3 avan\u00e7ada mitjan\u00e7ant doc\u00e8ncia en [&hellip;]<\/p>\n","protected":false},"author":2548,"featured_media":0,"parent":0,"menu_order":0,"comment_status":"closed","ping_status":"closed","template":"","meta":{"footnotes":""},"class_list":["post-468","page","type-page","status-publish","hentry"],"_links":{"self":[{"href":"https:\/\/webs.uab.cat\/getp\/wp-json\/wp\/v2\/pages\/468","targetHints":{"allow":["GET"]}}],"collection":[{"href":"https:\/\/webs.uab.cat\/getp\/wp-json\/wp\/v2\/pages"}],"about":[{"href":"https:\/\/webs.uab.cat\/getp\/wp-json\/wp\/v2\/types\/page"}],"author":[{"embeddable":true,"href":"https:\/\/webs.uab.cat\/getp\/wp-json\/wp\/v2\/users\/2548"}],"replies":[{"embeddable":true,"href":"https:\/\/webs.uab.cat\/getp\/wp-json\/wp\/v2\/comments?post=468"}],"version-history":[{"count":6,"href":"https:\/\/webs.uab.cat\/getp\/wp-json\/wp\/v2\/pages\/468\/revisions"}],"predecessor-version":[{"id":615,"href":"https:\/\/webs.uab.cat\/getp\/wp-json\/wp\/v2\/pages\/468\/revisions\/615"}],"wp:attachment":[{"href":"https:\/\/webs.uab.cat\/getp\/wp-json\/wp\/v2\/media?parent=468"}],"curies":[{"name":"wp","href":"https:\/\/api.w.org\/{rel}","templated":true}]}}