{"id":5226,"date":"2022-09-16T19:44:29","date_gmt":"2022-09-16T17:44:29","guid":{"rendered":"https:\/\/webs.uab.cat\/gicom\/?page_id=5226"},"modified":"2025-02-28T11:43:13","modified_gmt":"2025-02-28T09:43:13","slug":"compostatge","status":"publish","type":"page","link":"https:\/\/webs.uab.cat\/gicom\/es\/compostatge\/","title":{"rendered":"Compostaje"},"content":{"rendered":"\n<p>En el campo del compostaje, las actividades del Grupo se han enfocado principalmente en el control y seguimiento del proceso de compostaje, tanto a escala de laboratorio como a escala industrial. Como principales resultados, el grupo de investigaci\u00f3n ha optimizado las t\u00e9cnicas de respirometr\u00eda con tres objetivos:<\/p>\n\n\n\n<p>Actualmente, el Grupo cuenta con varios respir\u00f3metros din\u00e1micos tanto para uso en investigaci\u00f3n como para contratos con empresas y administraciones p\u00fablicas.<\/p>\n\n\n\n<p>Otro punto importante ha sido el estudio del impacto ambiental del proceso de compostaje y su comparaci\u00f3n con otras tecnolog\u00edas biol\u00f3gicas para el tratamiento de residuos org\u00e1nicos. En concreto, la investigaci\u00f3n ha permitido determinar la emisi\u00f3n de gases de efecto invernadero durante el proceso de compostaje, a partir de datos experimentales obtenidos de plantas de tratamiento de residuos s\u00f3lidos urbanos a escala real.<\/p>\n\n\n\n<ul class=\"wp-block-list\">\n<li>Seguir la evoluci\u00f3n de la actividad biol\u00f3gica del proceso de compostaje.<\/li>\n\n\n\n<li>Determinar la estabilidad del producto final.<\/li>\n\n\n\n<li>Determinar la biodegradabilidad aerobia de un residuo org\u00e1nico.<\/li>\n<\/ul>\n\n\n\n<p>Otras l\u00edneas de investigaci\u00f3n en el campo del compostaje en las que trabaja el grupo son:<\/p>\n\n\n\n<ul class=\"wp-block-list\">\n<li>Estudio del efecto del biochar en el proceso de compostaje: emisiones y producto final.<\/li>\n\n\n\n<li>El compostaje comunitario y dom\u00e9stico.<\/li>\n\n\n\n<li>El desarrollo de un nuevo controlador para el proceso de compostaje basado en la Tasa de Respiraci\u00f3n Espec\u00edfica (OUR).<\/li>\n\n\n\n<li>El uso de t\u00e9cnicas de an\u00e1lisis de imagen para estimar la estabilidad de las muestras de compost.<\/li>\n\n\n\n<li>El uso de compost para la biorremediaci\u00f3n de suelos.<\/li>\n\n\n\n<li>Estudios de biodegradabilidad (por ejemplo, pa\u00f1ales).<\/li>\n\n\n\n<li>El acoplamiento del compostaje y la digesti\u00f3n anaerobia.<\/li>\n<\/ul>\n\n\n\n<p>La integraci\u00f3n del compostaje y la digesti\u00f3n anaerobia.<\/p>\n\n\n\n<p>Las actividades de investigaci\u00f3n en compostaje se realizan tanto a escala de laboratorio como en planta piloto, y algunas de ellas incluyen estudios de campo en plantas a escala real.<\/p>\n\n\n\n<p>Adem\u00e1s de estos aspectos m\u00e1s t\u00e9cnicos, cabe destacar que el grupo tiene experiencia en trabajar con una gran diversidad de residuos. Adem\u00e1s de la Fracci\u00f3n Org\u00e1nica de Residuos Municipales, los lodos de depuradora urbana y los digestatos de ambas fracciones, hemos trabajado con pa\u00f1ales, residuos ganaderos, residuos de la industria peletera, residuos de la industria papelera, lodos de depuradora industrial, residuos de la industria vin\u00edcola, residuos de mataderos, etc.La investigaci\u00f3n en compostaje y el conocimiento en este campo son la base sobre la cual se est\u00e1n desarrollando los nuevos estudios sobre <a href=\"https:\/\/webs.uab.cat\/gicom\/es\/?page_id=5213\" data-type=\"page\" data-id=\"5213\">Fermentaci\u00f3n en Estado S\u00f3lido<\/a><\/p>\n","protected":false},"excerpt":{"rendered":"<p>En el campo del compostaje, las actividades del Grupo se han enfocado principalmente en el control y seguimiento del proceso de compostaje, tanto a escala de laboratorio como a escala industrial. Como principales resultados, el grupo de investigaci\u00f3n ha optimizado las t\u00e9cnicas de respirometr\u00eda con tres objetivos: Actualmente, el Grupo cuenta con varios respir\u00f3metros din\u00e1micos [&hellip;]<\/p>\n","protected":false},"author":153,"featured_media":0,"parent":0,"menu_order":0,"comment_status":"closed","ping_status":"closed","template":"","meta":{"footnotes":""},"class_list":["post-5226","page","type-page","status-publish","hentry"],"yoast_head":"<!-- This site is optimized with the Yoast SEO plugin v26.8 - https:\/\/yoast.com\/product\/yoast-seo-wordpress\/ -->\n<title>Compostaje - Grupo de Investigaci\u00f3n en Compostaje<\/title>\n<meta name=\"robots\" content=\"index, follow, max-snippet:-1, max-image-preview:large, max-video-preview:-1\" \/>\n<link rel=\"canonical\" href=\"https:\/\/webs.uab.cat\/gicom\/es\/compostatge\/\" \/>\n<meta property=\"og:locale\" content=\"es_ES\" \/>\n<meta property=\"og:type\" content=\"article\" \/>\n<meta property=\"og:title\" content=\"Compostaje - Grupo de Investigaci\u00f3n en Compostaje\" \/>\n<meta property=\"og:description\" content=\"En el campo del compostaje, las actividades del Grupo se han enfocado principalmente en el control y seguimiento del proceso de compostaje, tanto a escala de laboratorio como a escala industrial. Como principales resultados, el grupo de investigaci\u00f3n ha optimizado las t\u00e9cnicas de respirometr\u00eda con tres objetivos: Actualmente, el Grupo cuenta con varios respir\u00f3metros din\u00e1micos [&hellip;]\" \/>\n<meta property=\"og:url\" content=\"https:\/\/webs.uab.cat\/gicom\/es\/compostatge\/\" \/>\n<meta property=\"og:site_name\" content=\"Grupo de Investigaci\u00f3n en Compostaje\" \/>\n<meta property=\"article:modified_time\" content=\"2025-02-28T09:43:13+00:00\" \/>\n<meta name=\"twitter:card\" content=\"summary_large_image\" \/>\n<meta name=\"twitter:label1\" content=\"Tiempo de lectura\" \/>\n\t<meta name=\"twitter:data1\" content=\"3 minutos\" \/>\n<script type=\"application\/ld+json\" class=\"yoast-schema-graph\">{\"@context\":\"https:\/\/schema.org\",\"@graph\":[{\"@type\":\"WebPage\",\"@id\":\"https:\/\/webs.uab.cat\/gicom\/es\/compostatge\/\",\"url\":\"https:\/\/webs.uab.cat\/gicom\/es\/compostatge\/\",\"name\":\"Compostaje - Grupo de Investigaci\u00f3n en Compostaje\",\"isPartOf\":{\"@id\":\"https:\/\/webs.uab.cat\/gicom\/es\/#website\"},\"datePublished\":\"2022-09-16T17:44:29+00:00\",\"dateModified\":\"2025-02-28T09:43:13+00:00\",\"breadcrumb\":{\"@id\":\"https:\/\/webs.uab.cat\/gicom\/es\/compostatge\/#breadcrumb\"},\"inLanguage\":\"es\",\"potentialAction\":[{\"@type\":\"ReadAction\",\"target\":[\"https:\/\/webs.uab.cat\/gicom\/es\/compostatge\/\"]}]},{\"@type\":\"BreadcrumbList\",\"@id\":\"https:\/\/webs.uab.cat\/gicom\/es\/compostatge\/#breadcrumb\",\"itemListElement\":[{\"@type\":\"ListItem\",\"position\":1,\"name\":\"Inici\",\"item\":\"https:\/\/webs.uab.cat\/gicom\/es\/\"},{\"@type\":\"ListItem\",\"position\":2,\"name\":\"Compostaje\"}]},{\"@type\":\"WebSite\",\"@id\":\"https:\/\/webs.uab.cat\/gicom\/es\/#website\",\"url\":\"https:\/\/webs.uab.cat\/gicom\/es\/\",\"name\":\"Grupo de Investigaci\u00f3n en Compostaje\",\"description\":\"Compostaje, bioconversi\u00f3n de residuos org\u00e1nicos y remediaci\u00f3n ambiental\",\"potentialAction\":[{\"@type\":\"SearchAction\",\"target\":{\"@type\":\"EntryPoint\",\"urlTemplate\":\"https:\/\/webs.uab.cat\/gicom\/es\/?s={search_term_string}\"},\"query-input\":{\"@type\":\"PropertyValueSpecification\",\"valueRequired\":true,\"valueName\":\"search_term_string\"}}],\"inLanguage\":\"es\"}]}<\/script>\n<!-- \/ Yoast SEO plugin. -->","yoast_head_json":{"title":"Compostaje - Grupo de Investigaci\u00f3n en Compostaje","robots":{"index":"index","follow":"follow","max-snippet":"max-snippet:-1","max-image-preview":"max-image-preview:large","max-video-preview":"max-video-preview:-1"},"canonical":"https:\/\/webs.uab.cat\/gicom\/es\/compostatge\/","og_locale":"es_ES","og_type":"article","og_title":"Compostaje - Grupo de Investigaci\u00f3n en Compostaje","og_description":"En el campo del compostaje, las actividades del Grupo se han enfocado principalmente en el control y seguimiento del proceso de compostaje, tanto a escala de laboratorio como a escala industrial. Como principales resultados, el grupo de investigaci\u00f3n ha optimizado las t\u00e9cnicas de respirometr\u00eda con tres objetivos: Actualmente, el Grupo cuenta con varios respir\u00f3metros din\u00e1micos [&hellip;]","og_url":"https:\/\/webs.uab.cat\/gicom\/es\/compostatge\/","og_site_name":"Grupo de Investigaci\u00f3n en Compostaje","article_modified_time":"2025-02-28T09:43:13+00:00","twitter_card":"summary_large_image","twitter_misc":{"Tiempo de lectura":"3 minutos"},"schema":{"@context":"https:\/\/schema.org","@graph":[{"@type":"WebPage","@id":"https:\/\/webs.uab.cat\/gicom\/es\/compostatge\/","url":"https:\/\/webs.uab.cat\/gicom\/es\/compostatge\/","name":"Compostaje - Grupo de Investigaci\u00f3n en Compostaje","isPartOf":{"@id":"https:\/\/webs.uab.cat\/gicom\/es\/#website"},"datePublished":"2022-09-16T17:44:29+00:00","dateModified":"2025-02-28T09:43:13+00:00","breadcrumb":{"@id":"https:\/\/webs.uab.cat\/gicom\/es\/compostatge\/#breadcrumb"},"inLanguage":"es","potentialAction":[{"@type":"ReadAction","target":["https:\/\/webs.uab.cat\/gicom\/es\/compostatge\/"]}]},{"@type":"BreadcrumbList","@id":"https:\/\/webs.uab.cat\/gicom\/es\/compostatge\/#breadcrumb","itemListElement":[{"@type":"ListItem","position":1,"name":"Inici","item":"https:\/\/webs.uab.cat\/gicom\/es\/"},{"@type":"ListItem","position":2,"name":"Compostaje"}]},{"@type":"WebSite","@id":"https:\/\/webs.uab.cat\/gicom\/es\/#website","url":"https:\/\/webs.uab.cat\/gicom\/es\/","name":"Grupo de Investigaci\u00f3n en Compostaje","description":"Compostaje, bioconversi\u00f3n de residuos org\u00e1nicos y remediaci\u00f3n ambiental","potentialAction":[{"@type":"SearchAction","target":{"@type":"EntryPoint","urlTemplate":"https:\/\/webs.uab.cat\/gicom\/es\/?s={search_term_string}"},"query-input":{"@type":"PropertyValueSpecification","valueRequired":true,"valueName":"search_term_string"}}],"inLanguage":"es"}]}},"_links":{"self":[{"href":"https:\/\/webs.uab.cat\/gicom\/es\/wp-json\/wp\/v2\/pages\/5226","targetHints":{"allow":["GET"]}}],"collection":[{"href":"https:\/\/webs.uab.cat\/gicom\/es\/wp-json\/wp\/v2\/pages"}],"about":[{"href":"https:\/\/webs.uab.cat\/gicom\/es\/wp-json\/wp\/v2\/types\/page"}],"author":[{"embeddable":true,"href":"https:\/\/webs.uab.cat\/gicom\/es\/wp-json\/wp\/v2\/users\/153"}],"replies":[{"embeddable":true,"href":"https:\/\/webs.uab.cat\/gicom\/es\/wp-json\/wp\/v2\/comments?post=5226"}],"version-history":[{"count":5,"href":"https:\/\/webs.uab.cat\/gicom\/es\/wp-json\/wp\/v2\/pages\/5226\/revisions"}],"predecessor-version":[{"id":5897,"href":"https:\/\/webs.uab.cat\/gicom\/es\/wp-json\/wp\/v2\/pages\/5226\/revisions\/5897"}],"wp:attachment":[{"href":"https:\/\/webs.uab.cat\/gicom\/es\/wp-json\/wp\/v2\/media?parent=5226"}],"curies":[{"name":"wp","href":"https:\/\/api.w.org\/{rel}","templated":true}]}}