{"id":5258,"date":"2022-10-15T20:46:47","date_gmt":"2022-10-15T18:46:47","guid":{"rendered":"https:\/\/webs.uab.cat\/gicom\/?page_id=5258"},"modified":"2023-07-20T09:28:47","modified_gmt":"2023-07-20T07:28:47","slug":"proyectos-y-contratos","status":"publish","type":"page","link":"https:\/\/webs.uab.cat\/gicom\/es\/proyectos-y-contratos\/","title":{"rendered":"Proyectos y Contratos"},"content":{"rendered":"\n<div class=\"wp-block-media-text alignwide is-stacked-on-mobile\" style=\"grid-template-columns:15% auto\"><figure class=\"wp-block-media-text__media\"><img loading=\"lazy\" decoding=\"async\" width=\"206\" height=\"137\" src=\"https:\/\/webs.uab.cat\/gicom\/wp-content\/uploads\/sites\/206\/2022\/10\/logo-EU.png\" alt=\"\" class=\"wp-image-5101 size-full\" \/><\/figure><div class=\"wp-block-media-text__content\">\n<ul class=\"wp-block-list\">\n<li>DECISIVE \u2013 A Decentralised management Scheme for Innovative Valorization of urban biowastE (grant agreement No 689229). 2016-2020<\/li>\n\n\n\n<li>Red Internacional en An\u00e1lisis de Ciclo de Vida y Ecodise\u00f1o para la Innovaci\u00f3n Ambiental de la Tecnolog\u00eda. (Ref. ECOTECH \u2013 SUDOE SOE2\/P1\/E377). 2011-2013<\/li>\n\n\n\n<li>Low Cost-Zero Waste Municipality. (Ref. 1G\/MED08-533). 2009-2011<\/li>\n<\/ul>\n<\/div><\/div>\n\n\n\n<div class=\"wp-block-media-text alignwide is-stacked-on-mobile is-vertically-aligned-top\" style=\"grid-template-columns:15% auto\"><figure class=\"wp-block-media-text__media\"><img loading=\"lazy\" decoding=\"async\" width=\"150\" height=\"150\" src=\"https:\/\/webs.uab.cat\/gicom\/wp-content\/uploads\/sites\/206\/2022\/10\/Logo-mineco.jpg\" alt=\"\" class=\"wp-image-5104 size-full\" \/><\/figure><div class=\"wp-block-media-text__content\">\n<ul class=\"wp-block-list\">\n<li>Cierre de ciclos hacia la sostenibilidad local en la agricultura: producci\u00f3n de biofertilizantes enriquecidos en nutrientes y enmiendas org\u00e1nicas con propiedades biopesticidas y bioestimulantes (FertiLab)<\/li>\n\n\n\n<li>Nanomateriales para la mejora de la digesti\u00f3n anaerobia: incrementando el contenido en metano y convirtiendo CO<sub>2<\/sub> a metanol (Squeezer). <\/li>\n\n\n\n<li>Biosurfactantes glicolipidos a partir de residuos, una alternativa a los surfactantes quimicos en la bioeconomia circular (SurfingWaste, PID2020-114087RB-I00). 2021-2023Estrategias de<\/li>\n\n\n\n<li>Optimizaci\u00f3n de procesos de obtencion de bioproductos a partir de residuos org\u00e1nicos mediante fermentaci\u00f3n en estado s\u00f3lido (BIOPRO, CTM2015-69513-R). 2016-2019<\/li>\n\n\n\n<li>Del residuo al producto: aplicaci\u00f3n de la fermentaci\u00f3n en estado s\u00f3lido para la obtenci\u00f3n de enzimas de inter\u00e9s (lipol\u00edticas, proteol\u00edcas y lignocelul\u00f3sicas) a partir de residuos industriales org\u00e1nicos (WA2PRO). 2013-2015<\/li>\n\n\n\n<li>Preparacion de la propuesta Searching biowaste products and by-products opportunites: from being wastes to become a part of sustainable urban development. Integral use of urb (Ref. EUIN2013-A-50980).2014<\/li>\n\n\n\n<li>Estudio de alternativas de valorizaci\u00f3n de la fibra org\u00e1nica obtenida durante el tratamiento por higienizaci\u00f3n activa del rechazo generado en plantas de tratamiento de RSU. (Ref. TRA2009_0216). 2010-2012<\/li>\n\n\n\n<li>Estudio de las emisiones de procesos de compostaje de distintos residuos org\u00e1nicos. Din\u00e1micas de carbono y nitr\u00f3geno e influencia en la estabilidad del producto final y en la optimizaci\u00f3n del proceso. (REF. CTM2009-14073-C02-01).&nbsp;2009-2011<\/li>\n\n\n\n<li>Evaluaci\u00f3n del potencial de nanopart\u00edculas inorg\u00e1nicas funcionalizadas para la eliminaci\u00f3n de nitr\u00f3geno, f\u00f3sforo, pesticidas org\u00e1nicos y metales pesados en masas de agua. Evaluaci\u00f3n de la toxicidad y posibilidades de regulaci\u00f3n (NANOCLEAN). (007\/RN08\/03.1). 2008-2010<\/li>\n\n\n\n<li>Desarrollo de \u00edndices para el seguimiento de la materia org\u00e1nica biodegradable en residuos s\u00f3lidos. Aplicaci\u00f3n a plantas de tratamiento de FORM y RSU (REF. CTM2006-00315\/TECNO). 2006-2009<\/li>\n\n\n\n<li>Desarrollo de un simulador num\u00e9rico del proceso de compostaje y aplicaci\u00f3n a la optimizaci\u00f3n del compostaje de lodos y mezclas con otros residuos org\u00e1nicos (REF. 185\/2006\/3-4.3). 2004-2007<\/li>\n\n\n\n<li>Estudio integral del compostaje de fangos de origen industrial. Acondicionamiento de la mezcla inicial, evaluaci\u00f3n de la co-compostabilidad y tratamiento de los gases (REF. REN2003-00823\/TECNO). 2003-2006<\/li>\n\n\n\n<li>Estrategias para la optimizaci\u00f3n de la digesti\u00f3n anaer\u00f3bia termof\u00edlica de fangos de EDAR urbana: estudio del proceso en una y dos etapas. Aplicaci\u00f3n de t\u00e9cnicas de pretratamiento del lodo (REF. REN 2002-00962\/TECNO). 2002-2005<\/li>\n\n\n\n<li>Estudio de las condiciones de operaci\u00f3n en el proceso de compostaje de residuos s\u00f3lidos urbanos. Evaluaci\u00f3n de la viabilidad del proceso en el tratamiento de residuos industria<br>les agroalimentarios y fangos de depuradoras (REF. 2000\/074)&nbsp;2000-2003.<\/li>\n<\/ul>\n<\/div><\/div>\n\n\n\n<div class=\"wp-block-media-text alignwide is-stacked-on-mobile is-vertically-aligned-top\" style=\"grid-template-columns:15% auto\"><figure class=\"wp-block-media-text__media\"><img loading=\"lazy\" decoding=\"async\" width=\"600\" height=\"168\" src=\"https:\/\/webs.uab.cat\/gicom\/wp-content\/uploads\/sites\/206\/2022\/10\/logo-fundacion-areces.png\" alt=\"\" class=\"wp-image-5093 size-full\" srcset=\"https:\/\/webs.uab.cat\/gicom\/wp-content\/uploads\/sites\/206\/2022\/10\/logo-fundacion-areces.png 600w, https:\/\/webs.uab.cat\/gicom\/wp-content\/uploads\/sites\/206\/2022\/10\/logo-fundacion-areces-300x84.png 300w\" sizes=\"auto, (max-width: 600px) 100vw, 600px\" \/><\/figure><div class=\"wp-block-media-text__content\">\n\n<ul class=\"wp-block-list\">\n\n<li>M\u00e1s all\u00e1 del biog\u00e1s como energ\u00eda renovable: conversi\u00f3n a metanol mediante nanopart\u00edculas met\u00e1licas en soportes tipo metal-organic frameworks (MOFs). (Meta2nol)<\/li>\n\n\n<li>Desarrollo de una nueva generaci\u00f3n de nanoestructuras para la eliminaci\u00f3n de gases de efecto invernadero (NANO-GEI). 2012-201<\/li>\n\n<\/ul>\n\n<\/div><\/div>\n\n\n\n<div class=\"wp-block-media-text alignwide is-stacked-on-mobile is-vertically-aligned-top\" style=\"grid-template-columns:15% auto\"><figure class=\"wp-block-media-text__media\"><img loading=\"lazy\" decoding=\"async\" width=\"150\" height=\"150\" src=\"https:\/\/webs.uab.cat\/gicom\/wp-content\/uploads\/sites\/206\/2022\/10\/logo-arc.jpg\" alt=\"\" class=\"wp-image-5097 size-full\" \/><\/figure><div class=\"wp-block-media-text__content\">\n\n<ul class=\"wp-block-list\">\n\n<li>Estudi de l\u2019estabilitat de composts de FORM produ\u00efts a Catalunya. 2012<\/li>\n\n\n<li>Estudi de l\u2019estabilitat de materials d\u2019abocadors clausurats. 2011<\/li>\n\n\n<li>Respirometria aplicada a fangs de depuradora de Catalunya. 2008-2009<\/li>\n\n\n<li>Vies de gesti\u00f3 del CER a Catalunya. 2008<\/li>\n\n\n<li>Establiment i redacci\u00f3 d\u2019un protocol de treball per determinar l\u2019estabilitat d\u2019un material org\u00e0nic i estandarditzaci\u00f3 del m\u00e8tode anal\u00edtic. An\u00e0lisi de l\u2019estabilitat de diferents fraccions de rebuig generades a diversos punts d\u2019instal\u00b7lacions de tractament de residus representatives de Catalunya. 2008<\/li>\n\n\n<li>Estudi de les c\u00e0rregues ambientals associades al tractament de FORM mitjan\u00e7ant compostatge en t\u00fanel, en piles i per digesti\u00f3 anaer\u00f2bia.&nbsp;2006-2007.<\/li>\n\n\n<li>Informe sobre les emissions a l\u2019atmosfera del Centre de Tractament de Residus del Solson\u00e8s respecte als anys 2008-2015. 2015<\/li>\n\n<\/ul>\n\n<\/div><\/div>\n\n\n\n<div class=\"wp-block-media-text alignwide is-stacked-on-mobile\" style=\"grid-template-columns:15% auto\"><figure class=\"wp-block-media-text__media\"><img loading=\"lazy\" decoding=\"async\" width=\"398\" height=\"398\" src=\"https:\/\/webs.uab.cat\/gicom\/wp-content\/uploads\/sites\/206\/2022\/10\/logo-generalitat.jpg\" alt=\"\" class=\"wp-image-5107 size-full\" srcset=\"https:\/\/webs.uab.cat\/gicom\/wp-content\/uploads\/sites\/206\/2022\/10\/logo-generalitat.jpg 398w, https:\/\/webs.uab.cat\/gicom\/wp-content\/uploads\/sites\/206\/2022\/10\/logo-generalitat-300x300.jpg 300w, https:\/\/webs.uab.cat\/gicom\/wp-content\/uploads\/sites\/206\/2022\/10\/logo-generalitat-150x150.jpg 150w\" sizes=\"auto, (max-width: 398px) 100vw, 398px\" \/><\/figure><div class=\"wp-block-media-text__content\">\n\n<ul class=\"wp-block-list\">\n\n<li>Municipis resilients a les pand\u00e8mies mitjan\u00e7ant el nexe de l\u2019agricultura de&nbsp;proximitat, energia, aigua i residus. Del pilot al municipi. (2020PANDE00021) 2021-2023<\/li>\n\n\n<li>Tecniospring:&nbsp;Assessment of environmental impact of solid-state ferment process (Ref. TECSPR13-1-0006).<\/li>\n\n\n<li>Tecniospring: Impact of NPs in the anaerobic digesti\u00f3n process (Ref. TECSPR15-1-0051)<\/li>\n\n<\/ul>\n\n<\/div><\/div>\n\n\n\n<div class=\"wp-block-media-text alignwide is-stacked-on-mobile\" style=\"grid-template-columns:15% auto\"><figure class=\"wp-block-media-text__media\"><img loading=\"lazy\" decoding=\"async\" width=\"150\" height=\"150\" src=\"https:\/\/webs.uab.cat\/gicom\/wp-content\/uploads\/sites\/206\/2022\/10\/logo-melindagates.jpg\" alt=\"\" class=\"wp-image-5110 size-full\" \/><\/figure><div class=\"wp-block-media-text__content\">\n\n<ul class=\"has-small-font-size wp-block-list\">\n\n<li>Increasing the production of biogas from sludge and other organic solid wastes using low cost iron oxide biocompatible nanoparticles (FeNps) and the simultaneous production of a high quality sanitized compost. Grand Challenges Explorations (Round 7) 2011-2013<\/li>\n\n<\/ul>\n\n<\/div><\/div>\n\n\n\n<div class=\"wp-block-media-text alignwide is-stacked-on-mobile\" style=\"grid-template-columns:15% auto\"><figure class=\"wp-block-media-text__media\"><img loading=\"lazy\" decoding=\"async\" width=\"364\" height=\"364\" src=\"https:\/\/webs.uab.cat\/gicom\/wp-content\/uploads\/sites\/206\/2022\/10\/logo-xrb.jpg\" alt=\"\" class=\"wp-image-5113 size-full\" srcset=\"https:\/\/webs.uab.cat\/gicom\/wp-content\/uploads\/sites\/206\/2022\/10\/logo-xrb.jpg 364w, https:\/\/webs.uab.cat\/gicom\/wp-content\/uploads\/sites\/206\/2022\/10\/logo-xrb-300x300.jpg 300w, https:\/\/webs.uab.cat\/gicom\/wp-content\/uploads\/sites\/206\/2022\/10\/logo-xrb-150x150.jpg 150w\" sizes=\"auto, (max-width: 364px) 100vw, 364px\" \/><\/figure><div class=\"wp-block-media-text__content\">\n\n<ul class=\"wp-block-list\">\n\n<li>1r Premi IDEA 2011<br><em>Obtenci\u00f3 d\u2019enzims amb propietats catal\u00edtiques novedoses a partir de residus org\u00e0nica<\/em><br>Convocat\u00f2ria: Programa IDEA de la Xarxa de Refer\u00e8ncia en Biotecnologia (XRB).<\/li>\n\n\n<li>1r Premi Pot d\u2019Idees 2017<br><em>Utilitzaci\u00f3 de nanomaterials magn\u00e8tics per a la millora de l\u2019efici\u00e8ncia de separaci\u00f3 de microalgues utilitzades en depuraci\u00f3 d\u2019aig\u00fces o en processos biotecnol\u00f2gics<\/em><\/li>\n\n<\/ul>\n\n<\/div><\/div>\n\n\n\n<div class=\"wp-block-media-text alignwide is-stacked-on-mobile\" style=\"grid-template-columns:15% auto\"><figure class=\"wp-block-media-text__media\"><img loading=\"lazy\" decoding=\"async\" width=\"950\" height=\"450\" src=\"https:\/\/webs.uab.cat\/gicom\/wp-content\/uploads\/sites\/206\/2022\/10\/logo-AMB.jpg\" alt=\"\" class=\"wp-image-5116 size-full\" srcset=\"https:\/\/webs.uab.cat\/gicom\/wp-content\/uploads\/sites\/206\/2022\/10\/logo-AMB.jpg 950w, https:\/\/webs.uab.cat\/gicom\/wp-content\/uploads\/sites\/206\/2022\/10\/logo-AMB-300x142.jpg 300w, https:\/\/webs.uab.cat\/gicom\/wp-content\/uploads\/sites\/206\/2022\/10\/logo-AMB-768x364.jpg 768w\" sizes=\"auto, (max-width: 950px) 100vw, 950px\" \/><\/figure><div class=\"wp-block-media-text__content\">\n\n<ul class=\"wp-block-list\">\n\n<li>Possibilitats del vermicompostatge casol\u00e0 en la reducci\u00f3 de residus org\u00e0nics produ\u00efts a la llar. 2011<\/li>\n\n\n<li>Estudi dels \u00edndexs de mesura de mat\u00e8ria org\u00e0nica biodegradable en residus s\u00f2lids per la seva aplicaci\u00f3 en plantes de tractament de residus s\u00f2lids urbans. 2006-2007<\/li>\n\n<\/ul>\n\n<\/div><\/div>\n\n\n\n<div class=\"wp-block-media-text alignwide is-stacked-on-mobile\" style=\"grid-template-columns:15% auto\"><figure class=\"wp-block-media-text__media\"><img loading=\"lazy\" decoding=\"async\" width=\"233\" height=\"232\" src=\"https:\/\/webs.uab.cat\/gicom\/wp-content\/uploads\/sites\/206\/2022\/10\/logo-Urbaser.jpg\" alt=\"\" class=\"wp-image-5119 size-full\" srcset=\"https:\/\/webs.uab.cat\/gicom\/wp-content\/uploads\/sites\/206\/2022\/10\/logo-Urbaser.jpg 233w, https:\/\/webs.uab.cat\/gicom\/wp-content\/uploads\/sites\/206\/2022\/10\/logo-Urbaser-150x150.jpg 150w\" sizes=\"auto, (max-width: 233px) 100vw, 233px\" \/><\/figure><div class=\"wp-block-media-text__content\">\n\n<ul class=\"wp-block-list\">\n\n<li>Optimizaci\u00f3n de Compostaje, Biosecado y Olores (\u201cCOMPOBIOL\u201d). 2013-2014<\/li>\n\n\n<li>Dise\u00f1o, construcci\u00f3n y puesta en marcha de un respir\u00f3metro din\u00e1mico para la determinaci\u00f3n del IRD y AT<sub>4<\/sub>&nbsp;en las instalaciones de Urbaser (Planta I+D, Zaragoza). 2014<\/li>\n\n<\/ul>\n\n<\/div><\/div>\n\n\n\n<div class=\"wp-block-media-text alignwide is-stacked-on-mobile\" style=\"grid-template-columns:15% auto\"><figure class=\"wp-block-media-text__media\"><img loading=\"lazy\" decoding=\"async\" width=\"211\" height=\"212\" src=\"https:\/\/webs.uab.cat\/gicom\/wp-content\/uploads\/sites\/206\/2022\/10\/Logo-ambiensys.jpg\" alt=\"\" class=\"wp-image-5122 size-full\" srcset=\"https:\/\/webs.uab.cat\/gicom\/wp-content\/uploads\/sites\/206\/2022\/10\/Logo-ambiensys.jpg 211w, https:\/\/webs.uab.cat\/gicom\/wp-content\/uploads\/sites\/206\/2022\/10\/Logo-ambiensys-150x150.jpg 150w\" sizes=\"auto, (max-width: 211px) 100vw, 211px\" \/><\/figure><div class=\"wp-block-media-text__content\">\n\n<ul class=\"has-small-font-size wp-block-list\">\n\n<li>Estudio de la compostabilidad de la fibra org\u00e1nica obtenida en los procesos de higienizaci\u00f3n activa GeiserBox\u00ae del rechazo procedente de RSU. 2009-2011<\/li>\n\n<\/ul>\n\n<\/div><\/div>\n\n\n\n<div class=\"wp-block-media-text alignwide is-stacked-on-mobile\" style=\"grid-template-columns:15% auto\"><figure class=\"wp-block-media-text__media\"><img loading=\"lazy\" decoding=\"async\" width=\"400\" height=\"400\" src=\"https:\/\/webs.uab.cat\/gicom\/wp-content\/uploads\/sites\/206\/2022\/10\/logo-Ros-Roca.jpg\" alt=\"\" class=\"wp-image-5125 size-full\" srcset=\"https:\/\/webs.uab.cat\/gicom\/wp-content\/uploads\/sites\/206\/2022\/10\/logo-Ros-Roca.jpg 400w, https:\/\/webs.uab.cat\/gicom\/wp-content\/uploads\/sites\/206\/2022\/10\/logo-Ros-Roca-300x300.jpg 300w, https:\/\/webs.uab.cat\/gicom\/wp-content\/uploads\/sites\/206\/2022\/10\/logo-Ros-Roca-150x150.jpg 150w\" sizes=\"auto, (max-width: 400px) 100vw, 400px\" \/><\/figure><div class=\"wp-block-media-text__content\">\n\n<ul class=\"wp-block-list\">\n\n<li>Detecci\u00f3n&nbsp;de olores en&nbsp;residuos&nbsp;s\u00f3lidos&nbsp;urbanos. 2002-2005<\/li>\n\n\n<li>Conveni de realitzaci\u00f3 d\u2019estudis espec\u00edfics en el marc del tractament de gasos i residus s\u00f2lids. 2007-2010<\/li>\n\n<\/ul>\n\n<\/div><\/div>\n","protected":false},"excerpt":{"rendered":"","protected":false},"author":153,"featured_media":0,"parent":0,"menu_order":0,"comment_status":"closed","ping_status":"closed","template":"","meta":{"footnotes":""},"class_list":["post-5258","page","type-page","status-publish","hentry"],"yoast_head":"<!-- This site is optimized with the Yoast SEO plugin v26.8 - https:\/\/yoast.com\/product\/yoast-seo-wordpress\/ -->\n<title>Proyectos y Contratos - Grupo de Investigaci\u00f3n en Compostaje<\/title>\n<meta name=\"robots\" content=\"index, follow, max-snippet:-1, max-image-preview:large, max-video-preview:-1\" \/>\n<link rel=\"canonical\" href=\"https:\/\/webs.uab.cat\/gicom\/es\/proyectos-y-contratos\/\" \/>\n<meta property=\"og:locale\" content=\"es_ES\" \/>\n<meta property=\"og:type\" content=\"article\" \/>\n<meta property=\"og:title\" content=\"Proyectos y Contratos - Grupo de Investigaci\u00f3n en Compostaje\" \/>\n<meta property=\"og:url\" content=\"https:\/\/webs.uab.cat\/gicom\/es\/proyectos-y-contratos\/\" \/>\n<meta property=\"og:site_name\" content=\"Grupo de Investigaci\u00f3n en Compostaje\" \/>\n<meta property=\"article:modified_time\" content=\"2023-07-20T07:28:47+00:00\" \/>\n<meta property=\"og:image\" content=\"https:\/\/webs.uab.cat\/gicom\/wp-content\/uploads\/sites\/206\/2022\/10\/logo-EU.png\" \/>\n<meta name=\"twitter:card\" content=\"summary_large_image\" \/>\n<meta name=\"twitter:label1\" content=\"Tiempo de lectura\" \/>\n\t<meta name=\"twitter:data1\" content=\"5 minutos\" \/>\n<script type=\"application\/ld+json\" class=\"yoast-schema-graph\">{\"@context\":\"https:\/\/schema.org\",\"@graph\":[{\"@type\":\"WebPage\",\"@id\":\"https:\/\/webs.uab.cat\/gicom\/es\/proyectos-y-contratos\/\",\"url\":\"https:\/\/webs.uab.cat\/gicom\/es\/proyectos-y-contratos\/\",\"name\":\"Proyectos y Contratos - Grupo de Investigaci\u00f3n en Compostaje\",\"isPartOf\":{\"@id\":\"https:\/\/webs.uab.cat\/gicom\/es\/#website\"},\"primaryImageOfPage\":{\"@id\":\"https:\/\/webs.uab.cat\/gicom\/es\/proyectos-y-contratos\/#primaryimage\"},\"image\":{\"@id\":\"https:\/\/webs.uab.cat\/gicom\/es\/proyectos-y-contratos\/#primaryimage\"},\"thumbnailUrl\":\"https:\/\/webs.uab.cat\/gicom\/wp-content\/uploads\/sites\/206\/2022\/10\/logo-EU.png\",\"datePublished\":\"2022-10-15T18:46:47+00:00\",\"dateModified\":\"2023-07-20T07:28:47+00:00\",\"breadcrumb\":{\"@id\":\"https:\/\/webs.uab.cat\/gicom\/es\/proyectos-y-contratos\/#breadcrumb\"},\"inLanguage\":\"es\",\"potentialAction\":[{\"@type\":\"ReadAction\",\"target\":[\"https:\/\/webs.uab.cat\/gicom\/es\/proyectos-y-contratos\/\"]}]},{\"@type\":\"ImageObject\",\"inLanguage\":\"es\",\"@id\":\"https:\/\/webs.uab.cat\/gicom\/es\/proyectos-y-contratos\/#primaryimage\",\"url\":\"https:\/\/webs.uab.cat\/gicom\/wp-content\/uploads\/sites\/206\/2022\/10\/logo-EU.png\",\"contentUrl\":\"https:\/\/webs.uab.cat\/gicom\/wp-content\/uploads\/sites\/206\/2022\/10\/logo-EU.png\"},{\"@type\":\"BreadcrumbList\",\"@id\":\"https:\/\/webs.uab.cat\/gicom\/es\/proyectos-y-contratos\/#breadcrumb\",\"itemListElement\":[{\"@type\":\"ListItem\",\"position\":1,\"name\":\"Inici\",\"item\":\"https:\/\/webs.uab.cat\/gicom\/es\/\"},{\"@type\":\"ListItem\",\"position\":2,\"name\":\"Proyectos y Contratos\"}]},{\"@type\":\"WebSite\",\"@id\":\"https:\/\/webs.uab.cat\/gicom\/es\/#website\",\"url\":\"https:\/\/webs.uab.cat\/gicom\/es\/\",\"name\":\"Grupo de Investigaci\u00f3n en Compostaje\",\"description\":\"Compostaje, bioconversi\u00f3n de residuos org\u00e1nicos y remediaci\u00f3n ambiental\",\"potentialAction\":[{\"@type\":\"SearchAction\",\"target\":{\"@type\":\"EntryPoint\",\"urlTemplate\":\"https:\/\/webs.uab.cat\/gicom\/es\/?s={search_term_string}\"},\"query-input\":{\"@type\":\"PropertyValueSpecification\",\"valueRequired\":true,\"valueName\":\"search_term_string\"}}],\"inLanguage\":\"es\"}]}<\/script>\n<!-- \/ Yoast SEO plugin. -->","yoast_head_json":{"title":"Proyectos y Contratos - Grupo de Investigaci\u00f3n en Compostaje","robots":{"index":"index","follow":"follow","max-snippet":"max-snippet:-1","max-image-preview":"max-image-preview:large","max-video-preview":"max-video-preview:-1"},"canonical":"https:\/\/webs.uab.cat\/gicom\/es\/proyectos-y-contratos\/","og_locale":"es_ES","og_type":"article","og_title":"Proyectos y Contratos - Grupo de Investigaci\u00f3n en Compostaje","og_url":"https:\/\/webs.uab.cat\/gicom\/es\/proyectos-y-contratos\/","og_site_name":"Grupo de Investigaci\u00f3n en Compostaje","article_modified_time":"2023-07-20T07:28:47+00:00","og_image":[{"url":"https:\/\/webs.uab.cat\/gicom\/wp-content\/uploads\/sites\/206\/2022\/10\/logo-EU.png","type":"","width":"","height":""}],"twitter_card":"summary_large_image","twitter_misc":{"Tiempo de lectura":"5 minutos"},"schema":{"@context":"https:\/\/schema.org","@graph":[{"@type":"WebPage","@id":"https:\/\/webs.uab.cat\/gicom\/es\/proyectos-y-contratos\/","url":"https:\/\/webs.uab.cat\/gicom\/es\/proyectos-y-contratos\/","name":"Proyectos y Contratos - Grupo de Investigaci\u00f3n en Compostaje","isPartOf":{"@id":"https:\/\/webs.uab.cat\/gicom\/es\/#website"},"primaryImageOfPage":{"@id":"https:\/\/webs.uab.cat\/gicom\/es\/proyectos-y-contratos\/#primaryimage"},"image":{"@id":"https:\/\/webs.uab.cat\/gicom\/es\/proyectos-y-contratos\/#primaryimage"},"thumbnailUrl":"https:\/\/webs.uab.cat\/gicom\/wp-content\/uploads\/sites\/206\/2022\/10\/logo-EU.png","datePublished":"2022-10-15T18:46:47+00:00","dateModified":"2023-07-20T07:28:47+00:00","breadcrumb":{"@id":"https:\/\/webs.uab.cat\/gicom\/es\/proyectos-y-contratos\/#breadcrumb"},"inLanguage":"es","potentialAction":[{"@type":"ReadAction","target":["https:\/\/webs.uab.cat\/gicom\/es\/proyectos-y-contratos\/"]}]},{"@type":"ImageObject","inLanguage":"es","@id":"https:\/\/webs.uab.cat\/gicom\/es\/proyectos-y-contratos\/#primaryimage","url":"https:\/\/webs.uab.cat\/gicom\/wp-content\/uploads\/sites\/206\/2022\/10\/logo-EU.png","contentUrl":"https:\/\/webs.uab.cat\/gicom\/wp-content\/uploads\/sites\/206\/2022\/10\/logo-EU.png"},{"@type":"BreadcrumbList","@id":"https:\/\/webs.uab.cat\/gicom\/es\/proyectos-y-contratos\/#breadcrumb","itemListElement":[{"@type":"ListItem","position":1,"name":"Inici","item":"https:\/\/webs.uab.cat\/gicom\/es\/"},{"@type":"ListItem","position":2,"name":"Proyectos y Contratos"}]},{"@type":"WebSite","@id":"https:\/\/webs.uab.cat\/gicom\/es\/#website","url":"https:\/\/webs.uab.cat\/gicom\/es\/","name":"Grupo de Investigaci\u00f3n en Compostaje","description":"Compostaje, bioconversi\u00f3n de residuos org\u00e1nicos y remediaci\u00f3n ambiental","potentialAction":[{"@type":"SearchAction","target":{"@type":"EntryPoint","urlTemplate":"https:\/\/webs.uab.cat\/gicom\/es\/?s={search_term_string}"},"query-input":{"@type":"PropertyValueSpecification","valueRequired":true,"valueName":"search_term_string"}}],"inLanguage":"es"}]}},"_links":{"self":[{"href":"https:\/\/webs.uab.cat\/gicom\/es\/wp-json\/wp\/v2\/pages\/5258","targetHints":{"allow":["GET"]}}],"collection":[{"href":"https:\/\/webs.uab.cat\/gicom\/es\/wp-json\/wp\/v2\/pages"}],"about":[{"href":"https:\/\/webs.uab.cat\/gicom\/es\/wp-json\/wp\/v2\/types\/page"}],"author":[{"embeddable":true,"href":"https:\/\/webs.uab.cat\/gicom\/es\/wp-json\/wp\/v2\/users\/153"}],"replies":[{"embeddable":true,"href":"https:\/\/webs.uab.cat\/gicom\/es\/wp-json\/wp\/v2\/comments?post=5258"}],"version-history":[{"count":6,"href":"https:\/\/webs.uab.cat\/gicom\/es\/wp-json\/wp\/v2\/pages\/5258\/revisions"}],"predecessor-version":[{"id":5295,"href":"https:\/\/webs.uab.cat\/gicom\/es\/wp-json\/wp\/v2\/pages\/5258\/revisions\/5295"}],"wp:attachment":[{"href":"https:\/\/webs.uab.cat\/gicom\/es\/wp-json\/wp\/v2\/media?parent=5258"}],"curies":[{"name":"wp","href":"https:\/\/api.w.org\/{rel}","templated":true}]}}