{"id":5299,"date":"2022-10-15T19:09:07","date_gmt":"2022-10-15T17:09:07","guid":{"rendered":"https:\/\/webs.uab.cat\/gicom\/?page_id=5299"},"modified":"2023-07-20T09:44:53","modified_gmt":"2023-07-20T07:44:53","slug":"quienes-somos","status":"publish","type":"page","link":"https:\/\/webs.uab.cat\/gicom\/es\/quienes-somos\/","title":{"rendered":"Quienes somos?"},"content":{"rendered":"\n<p>El Grupo de Investigaci\u00f3n en Compostaje (GICOM) del <a href=\"https:\/\/www.uab.cat\/ca\/enginyeria-quimica\" target=\"_blank\" rel=\"noreferrer noopener\">Departamento de Ingenier\u00eda Qu\u00edmica, Biol\u00f3gica<\/a> y Ambiental de la <a href=\"https:\/\/www.uab.cat\/web\/universitat-autonoma-de-barcelona-1345467954409.html\" target=\"_blank\" rel=\"noreferrer noopener\">Universidad Aut\u00f3noma de Barcelona<\/a>, fue creado en el a\u00f1o 2000 con un objetivo claro: el estudio del proceso de compostaje como tecnolog\u00eda sostenible para el tratamiento biol\u00f3gico de los residuos org\u00e1nicos. Las actividades de investigaci\u00f3n del GICOM se han centrado principalmente en la valorizaci\u00f3n de residuos org\u00e1nicos utilizando procesos como el compostaje, la digesti\u00f3n anaer\u00f3bica y la fermentaci\u00f3n en estado s\u00f3lido.<\/p>\n\n\n\n<p>El GICOM ha sido reconocido como Grupo de Investigaci\u00f3n Emergente y Consolidado a lo largo de los a\u00f1os y desde 2022 forma parte, junto con el <a href=\"https:\/\/portalrecerca.uab.cat\/en\/organisations\/grup-de-recerca-en-tecnologies-de-bio-remediaci%C3%B3-ambiental-i-valo\" target=\"_blank\" rel=\"noreferrer noopener\">Grupo BioRemUAB, del Grupo de investigaci\u00f3n en tecnolog\u00edas de (Bio) Remediaci\u00f3n Ambiental y Valorizaci\u00f3n de Efluentes residuales &#8211; BRAVE<\/a>.<\/p>\n\n\n\n<p>En el campo del <a href=\"https:\/\/webs.uab.cat\/gicom\/es\/compostatge\/\" data-type=\"page\" data-id=\"5226\">compostaje<\/a>, ha trabajado con diferentes residuos (municipales e industriales) buscando mejorar el proceso de compostaje. Un ejemplo de las estrategias desarrolladas para mejorar el proceso de compostaje es el uso de controles avanzados para maximizar la actividad biol\u00f3gica.<\/p>\n\n\n\n<p>Hay dos aspectos del proceso de compostaje que podemos considerar como nuestras principales \u00e1reas de especializaci\u00f3n: el estudio de la estabilidad de los residuos org\u00e1nicos y la determinaci\u00f3n de los impactos ambientales del proceso de tratamiento. En primer lugar, los estudios de estabilidad se basan en la determinaci\u00f3n de los \u00cdndices Respirom\u00e9tricos, que son de gran inter\u00e9s en la actualidad para definir el rendimiento de las plantas de tratamiento de residuos (plantas MBT, plantas de compostaje, plantas de digesti\u00f3n anaer\u00f3bica, etc.). Estos \u00edndices tambi\u00e9n se aplican para definir los l\u00edmites de estabilidad para materiales org\u00e1nicos depositados en vertederos o para el compost utilizado como enmienda org\u00e1nica para el suelo. Por otro lado, el estudio de los impactos ambientales asociados al tratamiento biol\u00f3gico de residuos org\u00e1nicos es de gran inter\u00e9s para tener en cuenta en las estrategias y planes de gesti\u00f3n y tratamiento de residuos.<\/p>\n\n\n\n<p>El conocimiento que hemos obtenido a lo largo de estos a\u00f1os sobre el proceso de compostaje lo aplicamos tambi\u00e9n a la producci\u00f3n de productos valiosos a trav\u00e9s del proceso conocido como Fermentaci\u00f3n en Estado S\u00f3lido (<a href=\"https:\/\/webs.uab.cat\/gicom\/es\/fermentacion-en-estado-solido-y-bioproductos\/\" data-type=\"page\" data-id=\"5213\">SSF<\/a>, por sus siglas en ingl\u00e9s). A partir de este proceso se pueden producir enzimas como lipasas, proteasas o celulasas, as\u00ed como bioplaguicidas y biosurfactantes, todos ellos productos de inter\u00e9s para aplicaciones a escala industrial.<\/p>\n\n\n\n<p>El uso de<a href=\"https:\/\/webs.uab.cat\/gicom\/es\/nanotecnologia-para-aplicaciones-ambientales\/\" data-type=\"page\" data-id=\"5218\"> nanomateriales para la mejora del medio ambiente<\/a> es otra \u00e1rea de investigaci\u00f3n de nuestro grupo. En este campo, trabajamos en el tratamiento de aguas con contaminantes espec\u00edficos (metales y pesticidas), la adsorci\u00f3n de gases de efecto invernadero y la evaluaci\u00f3n de la toxicidad de las nanopart\u00edculas inorg\u00e1nicas y sus derivados. La toxicidad de las nanopart\u00edculas se determina mediante pruebas de respirometr\u00eda, de digesti\u00f3n anaer\u00f3bica, Microtox, pruebas de germinaci\u00f3n de semillas y estudios con Daphnia Magna. Asimismo, investigamos en el efecto de las nanopart\u00edculas sobre el proceso de digesti\u00f3n anaerobia, con el objetivo de mejorar la producci\u00f3n de biog\u00e1s o incrementar el contenido en metano del biog\u00e1s. Paralelamente, aplicamos catalizadores basados en nanomateriales para convertir el CO2 presente en el biog\u00e1s en metanol o metano, buscando de esta forma la mejora global del proceso de digesti\u00f3n anaerobia.<\/p>\n\n\n\n<p>Todas estas l\u00edneas de investigaci\u00f3n se financian con fondos p\u00fablicos y contratos con empresas y administraciones p\u00fablicas.<\/p>\n","protected":false},"excerpt":{"rendered":"<p>El Grupo de Investigaci\u00f3n en Compostaje (GICOM) del Departamento de Ingenier\u00eda Qu\u00edmica, Biol\u00f3gica y Ambiental de la Universidad Aut\u00f3noma de Barcelona, fue creado en el a\u00f1o 2000 con un objetivo claro: el estudio del proceso de compostaje como tecnolog\u00eda sostenible para el tratamiento biol\u00f3gico de los residuos org\u00e1nicos. Las actividades de investigaci\u00f3n del GICOM se [&hellip;]<\/p>\n","protected":false},"author":153,"featured_media":5244,"parent":0,"menu_order":0,"comment_status":"closed","ping_status":"closed","template":"","meta":{"footnotes":""},"class_list":["post-5299","page","type-page","status-publish","has-post-thumbnail","hentry"],"yoast_head":"<!-- This site is optimized with the Yoast SEO plugin v26.8 - https:\/\/yoast.com\/product\/yoast-seo-wordpress\/ -->\n<title>Quienes somos? - Grupo de Investigaci\u00f3n en Compostaje<\/title>\n<meta name=\"robots\" content=\"index, follow, max-snippet:-1, max-image-preview:large, max-video-preview:-1\" \/>\n<link rel=\"canonical\" href=\"https:\/\/webs.uab.cat\/gicom\/es\/quienes-somos\/\" \/>\n<meta property=\"og:locale\" content=\"es_ES\" \/>\n<meta property=\"og:type\" content=\"article\" \/>\n<meta property=\"og:title\" content=\"Quienes somos? - Grupo de Investigaci\u00f3n en Compostaje\" \/>\n<meta property=\"og:description\" content=\"El Grupo de Investigaci\u00f3n en Compostaje (GICOM) del Departamento de Ingenier\u00eda Qu\u00edmica, Biol\u00f3gica y Ambiental de la Universidad Aut\u00f3noma de Barcelona, fue creado en el a\u00f1o 2000 con un objetivo claro: el estudio del proceso de compostaje como tecnolog\u00eda sostenible para el tratamiento biol\u00f3gico de los residuos org\u00e1nicos. Las actividades de investigaci\u00f3n del GICOM se [&hellip;]\" \/>\n<meta property=\"og:url\" content=\"https:\/\/webs.uab.cat\/gicom\/es\/quienes-somos\/\" \/>\n<meta property=\"og:site_name\" content=\"Grupo de Investigaci\u00f3n en Compostaje\" \/>\n<meta property=\"article:modified_time\" content=\"2023-07-20T07:44:53+00:00\" \/>\n<meta property=\"og:image\" content=\"https:\/\/webs.uab.cat\/gicom\/wp-content\/uploads\/sites\/206\/2023\/07\/20230512.jpg\" \/>\n\t<meta property=\"og:image:width\" content=\"1832\" \/>\n\t<meta property=\"og:image:height\" content=\"702\" \/>\n\t<meta property=\"og:image:type\" content=\"image\/jpeg\" \/>\n<meta name=\"twitter:card\" content=\"summary_large_image\" \/>\n<meta name=\"twitter:label1\" content=\"Tiempo de lectura\" \/>\n\t<meta name=\"twitter:data1\" content=\"3 minutos\" \/>\n<script type=\"application\/ld+json\" class=\"yoast-schema-graph\">{\"@context\":\"https:\/\/schema.org\",\"@graph\":[{\"@type\":\"WebPage\",\"@id\":\"https:\/\/webs.uab.cat\/gicom\/es\/quienes-somos\/\",\"url\":\"https:\/\/webs.uab.cat\/gicom\/es\/quienes-somos\/\",\"name\":\"Quienes somos? - Grupo de Investigaci\u00f3n en Compostaje\",\"isPartOf\":{\"@id\":\"https:\/\/webs.uab.cat\/gicom\/es\/#website\"},\"primaryImageOfPage\":{\"@id\":\"https:\/\/webs.uab.cat\/gicom\/es\/quienes-somos\/#primaryimage\"},\"image\":{\"@id\":\"https:\/\/webs.uab.cat\/gicom\/es\/quienes-somos\/#primaryimage\"},\"thumbnailUrl\":\"https:\/\/webs.uab.cat\/gicom\/wp-content\/uploads\/sites\/206\/2023\/07\/20230512.jpg\",\"datePublished\":\"2022-10-15T17:09:07+00:00\",\"dateModified\":\"2023-07-20T07:44:53+00:00\",\"breadcrumb\":{\"@id\":\"https:\/\/webs.uab.cat\/gicom\/es\/quienes-somos\/#breadcrumb\"},\"inLanguage\":\"es\",\"potentialAction\":[{\"@type\":\"ReadAction\",\"target\":[\"https:\/\/webs.uab.cat\/gicom\/es\/quienes-somos\/\"]}]},{\"@type\":\"ImageObject\",\"inLanguage\":\"es\",\"@id\":\"https:\/\/webs.uab.cat\/gicom\/es\/quienes-somos\/#primaryimage\",\"url\":\"https:\/\/webs.uab.cat\/gicom\/wp-content\/uploads\/sites\/206\/2023\/07\/20230512.jpg\",\"contentUrl\":\"https:\/\/webs.uab.cat\/gicom\/wp-content\/uploads\/sites\/206\/2023\/07\/20230512.jpg\",\"width\":1832,\"height\":702},{\"@type\":\"BreadcrumbList\",\"@id\":\"https:\/\/webs.uab.cat\/gicom\/es\/quienes-somos\/#breadcrumb\",\"itemListElement\":[{\"@type\":\"ListItem\",\"position\":1,\"name\":\"Inici\",\"item\":\"https:\/\/webs.uab.cat\/gicom\/es\/\"},{\"@type\":\"ListItem\",\"position\":2,\"name\":\"Quienes somos?\"}]},{\"@type\":\"WebSite\",\"@id\":\"https:\/\/webs.uab.cat\/gicom\/es\/#website\",\"url\":\"https:\/\/webs.uab.cat\/gicom\/es\/\",\"name\":\"Grupo de Investigaci\u00f3n en Compostaje\",\"description\":\"Compostaje, bioconversi\u00f3n de residuos org\u00e1nicos y remediaci\u00f3n ambiental\",\"potentialAction\":[{\"@type\":\"SearchAction\",\"target\":{\"@type\":\"EntryPoint\",\"urlTemplate\":\"https:\/\/webs.uab.cat\/gicom\/es\/?s={search_term_string}\"},\"query-input\":{\"@type\":\"PropertyValueSpecification\",\"valueRequired\":true,\"valueName\":\"search_term_string\"}}],\"inLanguage\":\"es\"}]}<\/script>\n<!-- \/ Yoast SEO plugin. -->","yoast_head_json":{"title":"Quienes somos? - Grupo de Investigaci\u00f3n en Compostaje","robots":{"index":"index","follow":"follow","max-snippet":"max-snippet:-1","max-image-preview":"max-image-preview:large","max-video-preview":"max-video-preview:-1"},"canonical":"https:\/\/webs.uab.cat\/gicom\/es\/quienes-somos\/","og_locale":"es_ES","og_type":"article","og_title":"Quienes somos? - Grupo de Investigaci\u00f3n en Compostaje","og_description":"El Grupo de Investigaci\u00f3n en Compostaje (GICOM) del Departamento de Ingenier\u00eda Qu\u00edmica, Biol\u00f3gica y Ambiental de la Universidad Aut\u00f3noma de Barcelona, fue creado en el a\u00f1o 2000 con un objetivo claro: el estudio del proceso de compostaje como tecnolog\u00eda sostenible para el tratamiento biol\u00f3gico de los residuos org\u00e1nicos. Las actividades de investigaci\u00f3n del GICOM se [&hellip;]","og_url":"https:\/\/webs.uab.cat\/gicom\/es\/quienes-somos\/","og_site_name":"Grupo de Investigaci\u00f3n en Compostaje","article_modified_time":"2023-07-20T07:44:53+00:00","og_image":[{"width":1832,"height":702,"url":"https:\/\/webs.uab.cat\/gicom\/wp-content\/uploads\/sites\/206\/2023\/07\/20230512.jpg","type":"image\/jpeg"}],"twitter_card":"summary_large_image","twitter_misc":{"Tiempo de lectura":"3 minutos"},"schema":{"@context":"https:\/\/schema.org","@graph":[{"@type":"WebPage","@id":"https:\/\/webs.uab.cat\/gicom\/es\/quienes-somos\/","url":"https:\/\/webs.uab.cat\/gicom\/es\/quienes-somos\/","name":"Quienes somos? - Grupo de Investigaci\u00f3n en Compostaje","isPartOf":{"@id":"https:\/\/webs.uab.cat\/gicom\/es\/#website"},"primaryImageOfPage":{"@id":"https:\/\/webs.uab.cat\/gicom\/es\/quienes-somos\/#primaryimage"},"image":{"@id":"https:\/\/webs.uab.cat\/gicom\/es\/quienes-somos\/#primaryimage"},"thumbnailUrl":"https:\/\/webs.uab.cat\/gicom\/wp-content\/uploads\/sites\/206\/2023\/07\/20230512.jpg","datePublished":"2022-10-15T17:09:07+00:00","dateModified":"2023-07-20T07:44:53+00:00","breadcrumb":{"@id":"https:\/\/webs.uab.cat\/gicom\/es\/quienes-somos\/#breadcrumb"},"inLanguage":"es","potentialAction":[{"@type":"ReadAction","target":["https:\/\/webs.uab.cat\/gicom\/es\/quienes-somos\/"]}]},{"@type":"ImageObject","inLanguage":"es","@id":"https:\/\/webs.uab.cat\/gicom\/es\/quienes-somos\/#primaryimage","url":"https:\/\/webs.uab.cat\/gicom\/wp-content\/uploads\/sites\/206\/2023\/07\/20230512.jpg","contentUrl":"https:\/\/webs.uab.cat\/gicom\/wp-content\/uploads\/sites\/206\/2023\/07\/20230512.jpg","width":1832,"height":702},{"@type":"BreadcrumbList","@id":"https:\/\/webs.uab.cat\/gicom\/es\/quienes-somos\/#breadcrumb","itemListElement":[{"@type":"ListItem","position":1,"name":"Inici","item":"https:\/\/webs.uab.cat\/gicom\/es\/"},{"@type":"ListItem","position":2,"name":"Quienes somos?"}]},{"@type":"WebSite","@id":"https:\/\/webs.uab.cat\/gicom\/es\/#website","url":"https:\/\/webs.uab.cat\/gicom\/es\/","name":"Grupo de Investigaci\u00f3n en Compostaje","description":"Compostaje, bioconversi\u00f3n de residuos org\u00e1nicos y remediaci\u00f3n ambiental","potentialAction":[{"@type":"SearchAction","target":{"@type":"EntryPoint","urlTemplate":"https:\/\/webs.uab.cat\/gicom\/es\/?s={search_term_string}"},"query-input":{"@type":"PropertyValueSpecification","valueRequired":true,"valueName":"search_term_string"}}],"inLanguage":"es"}]}},"_links":{"self":[{"href":"https:\/\/webs.uab.cat\/gicom\/es\/wp-json\/wp\/v2\/pages\/5299","targetHints":{"allow":["GET"]}}],"collection":[{"href":"https:\/\/webs.uab.cat\/gicom\/es\/wp-json\/wp\/v2\/pages"}],"about":[{"href":"https:\/\/webs.uab.cat\/gicom\/es\/wp-json\/wp\/v2\/types\/page"}],"author":[{"embeddable":true,"href":"https:\/\/webs.uab.cat\/gicom\/es\/wp-json\/wp\/v2\/users\/153"}],"replies":[{"embeddable":true,"href":"https:\/\/webs.uab.cat\/gicom\/es\/wp-json\/wp\/v2\/comments?post=5299"}],"version-history":[{"count":2,"href":"https:\/\/webs.uab.cat\/gicom\/es\/wp-json\/wp\/v2\/pages\/5299\/revisions"}],"predecessor-version":[{"id":5301,"href":"https:\/\/webs.uab.cat\/gicom\/es\/wp-json\/wp\/v2\/pages\/5299\/revisions\/5301"}],"wp:featuredmedia":[{"embeddable":true,"href":"https:\/\/webs.uab.cat\/gicom\/es\/wp-json\/wp\/v2\/media\/5244"}],"wp:attachment":[{"href":"https:\/\/webs.uab.cat\/gicom\/es\/wp-json\/wp\/v2\/media?parent=5299"}],"curies":[{"name":"wp","href":"https:\/\/api.w.org\/{rel}","templated":true}]}}