{"id":5529,"date":"2022-12-11T20:46:14","date_gmt":"2022-12-11T18:46:14","guid":{"rendered":"https:\/\/webs.uab.cat\/gicom\/?page_id=5529"},"modified":"2023-10-16T16:55:48","modified_gmt":"2023-10-16T14:55:48","slug":"antoni-sanchez","status":"publish","type":"page","link":"https:\/\/webs.uab.cat\/gicom\/es\/equipo-gicom\/antoni-sanchez\/","title":{"rendered":"Antoni S\u00e1nchez"},"content":{"rendered":"<div class=\"wp-block-image is-style-rounded\">\n<figure class=\"aligncenter size-thumbnail\"><img loading=\"lazy\" decoding=\"async\" width=\"150\" height=\"150\" src=\"https:\/\/webs.uab.cat\/gicom\/wp-content\/uploads\/sites\/206\/2023\/10\/Antoni-Sanchez-1-150x150.jpeg\" alt=\"\" class=\"wp-image-5462\" \/><\/figure>\n<\/div>\n\n\n<hr class=\"wp-block-separator has-alpha-channel-opacity\" \/>\n\n\n\n<p>El Doctor Antoni S\u00e1nchez \u00e9s Catedr\u00e0tic del Departament d\u2019Enginyeria Qu\u00edmica, Biol\u00f2gica i Ambiental de la UAB (Universitat Aut\u00f2noma de Barcelona).<\/p>\n\n\n\n<p>El Doctor Antoni S\u00e1nchez es Catedr\u00e1tico del Departamento de Ingenier\u00eda Qu\u00edmica, Biol\u00f3gica y Ambiental de la UAB (Universitat Aut\u00f2noma de Barcelona). Es investigador del Grupo de Investigaci\u00f3n sobre Compostaje (GICOM). Ha participado en diversos proyectos dentro de convocatorias regionales, nacionales y europeas en el campo de la biotecnolog\u00eda y especialmente en tecnolog\u00edas ambientales basadas en procesos biol\u00f3gicos. Adem\u00e1s, ha participado en diversos contratos y acuerdos de transferencia de tecnolog\u00eda con empresas y administraciones p\u00fablicas. Su investigaci\u00f3n se centra en la ingenier\u00eda ambiental y, m\u00e1s concretamente, en el dise\u00f1o y uso de sistemas biol\u00f3gicos para el tratamiento de residuos org\u00e1nicos (compostaje y digesti\u00f3n anaer\u00f3bica) y recientemente en SSF (fermentaci\u00f3n en estado s\u00f3lido para obtener bioproductos a partir de residuos) y en nanotecnolog\u00eda para la remediaci\u00f3n ambiental. Debido a esta actividad, ha publicado diferentes trabajos que se pueden consultar en <a rel=\"noreferrer noopener\" href=\"https:\/\/scholar.google.com\/citations?user=f2hh0z8AAAAJ&amp;hl=ca\" target=\"_blank\">google scholar<\/a><\/p>\n\n\n\n<p>Actualmente, es editor en jefe de las revistas Waste Management Bulletin, Frontiers in Chemical Engineering (Environmental Section) y Processes (Environmental Section) y miembro del comit\u00e9 editorial de las revistas Bioresource Technology, Waste Management and Research, Bioengineered, Sustainability, Resources, Environment and Sustainability.<\/p>\n\n\n\n<div class=\"wp-block-buttons is-layout-flex wp-block-buttons-is-layout-flex\">\n<div class=\"wp-block-button\"><a class=\"wp-block-button__link wp-element-button\" href=\"https:\/\/portalrecerca.uab.cat\/en\/persons\/antonio-sanchez-ferrer-3\" target=\"_blank\" rel=\"noreferrer noopener\">Protal de recerca uab<\/a><\/div>\n\n\n\n<div class=\"wp-block-button\"><a class=\"wp-block-button__link wp-element-button\" href=\"https:\/\/orcid.org\/0000-0003-4254-8528\" target=\"_blank\" rel=\"noreferrer noopener\">ORCID<\/a><\/div>\n<\/div>\n\n\n\n<hr class=\"wp-block-separator has-alpha-channel-opacity\" \/>\n\n\n\n<div class=\"wp-block-columns is-layout-flex wp-container-core-columns-is-layout-9d6595d7 wp-block-columns-is-layout-flex\">\n<div class=\"wp-block-column is-layout-flow wp-block-column-is-layout-flow\">\n<p class=\"has-small-font-size\"><strong>\u2190<\/strong><a href=\"https:\/\/webs.uab.cat\/gicom\/equip-gicom\/adriana-artola\/\" data-type=\"page\" data-id=\"5428\">Adriana Artola<\/a><\/p>\n<\/div>\n\n\n\n<div class=\"wp-block-column is-layout-flow wp-block-column-is-layout-flow\">\n<p class=\"has-text-align-right has-small-font-size\"><a href=\"https:\/\/webs.uab.cat\/gicom\/equip-gicom\/raquel-barrena\/\" data-type=\"page\" data-id=\"5432\">Raquel Barrena<\/a> <strong>\u2192<\/strong> <\/p>\n<\/div>\n<\/div>\n\n\n\n<hr class=\"wp-block-separator has-alpha-channel-opacity\" \/>\n","protected":false},"excerpt":{"rendered":"<p>El Doctor Antoni S\u00e1nchez \u00e9s Catedr\u00e0tic del Departament d\u2019Enginyeria Qu\u00edmica, Biol\u00f2gica i Ambiental de la UAB (Universitat Aut\u00f2noma de Barcelona). El Doctor Antoni S\u00e1nchez es Catedr\u00e1tico del Departamento de Ingenier\u00eda Qu\u00edmica, Biol\u00f3gica y Ambiental de la UAB (Universitat Aut\u00f2noma de Barcelona). Es investigador del Grupo de Investigaci\u00f3n sobre Compostaje (GICOM). Ha participado en diversos proyectos [&hellip;]<\/p>\n","protected":false},"author":153,"featured_media":0,"parent":5516,"menu_order":0,"comment_status":"closed","ping_status":"closed","template":"","meta":{"footnotes":""},"class_list":["post-5529","page","type-page","status-publish","hentry"],"yoast_head":"<!-- This site is optimized with the Yoast SEO plugin v26.8 - https:\/\/yoast.com\/product\/yoast-seo-wordpress\/ -->\n<title>Antoni S\u00e1nchez - Grupo de Investigaci\u00f3n en Compostaje<\/title>\n<meta name=\"robots\" content=\"index, follow, max-snippet:-1, max-image-preview:large, max-video-preview:-1\" \/>\n<link rel=\"canonical\" href=\"https:\/\/webs.uab.cat\/gicom\/es\/equipo-gicom\/antoni-sanchez\/\" \/>\n<meta property=\"og:locale\" content=\"es_ES\" \/>\n<meta property=\"og:type\" content=\"article\" \/>\n<meta property=\"og:title\" content=\"Antoni S\u00e1nchez - Grupo de Investigaci\u00f3n en Compostaje\" \/>\n<meta property=\"og:description\" content=\"El Doctor Antoni S\u00e1nchez \u00e9s Catedr\u00e0tic del Departament d\u2019Enginyeria Qu\u00edmica, Biol\u00f2gica i Ambiental de la UAB (Universitat Aut\u00f2noma de Barcelona). El Doctor Antoni S\u00e1nchez es Catedr\u00e1tico del Departamento de Ingenier\u00eda Qu\u00edmica, Biol\u00f3gica y Ambiental de la UAB (Universitat Aut\u00f2noma de Barcelona). Es investigador del Grupo de Investigaci\u00f3n sobre Compostaje (GICOM). Ha participado en diversos proyectos [&hellip;]\" \/>\n<meta property=\"og:url\" content=\"https:\/\/webs.uab.cat\/gicom\/es\/equipo-gicom\/antoni-sanchez\/\" \/>\n<meta property=\"og:site_name\" content=\"Grupo de Investigaci\u00f3n en Compostaje\" \/>\n<meta property=\"article:modified_time\" content=\"2023-10-16T14:55:48+00:00\" \/>\n<meta property=\"og:image\" content=\"https:\/\/webs.uab.cat\/gicom\/wp-content\/uploads\/sites\/206\/2023\/10\/Antoni-Sanchez-1-150x150.jpeg\" \/>\n<meta name=\"twitter:card\" content=\"summary_large_image\" \/>\n<meta name=\"twitter:label1\" content=\"Tiempo de lectura\" \/>\n\t<meta name=\"twitter:data1\" content=\"1 minuto\" \/>\n<script type=\"application\/ld+json\" class=\"yoast-schema-graph\">{\"@context\":\"https:\/\/schema.org\",\"@graph\":[{\"@type\":\"WebPage\",\"@id\":\"https:\/\/webs.uab.cat\/gicom\/es\/equipo-gicom\/antoni-sanchez\/\",\"url\":\"https:\/\/webs.uab.cat\/gicom\/es\/equipo-gicom\/antoni-sanchez\/\",\"name\":\"Antoni S\u00e1nchez - Grupo de Investigaci\u00f3n en Compostaje\",\"isPartOf\":{\"@id\":\"https:\/\/webs.uab.cat\/gicom\/es\/#website\"},\"primaryImageOfPage\":{\"@id\":\"https:\/\/webs.uab.cat\/gicom\/es\/equipo-gicom\/antoni-sanchez\/#primaryimage\"},\"image\":{\"@id\":\"https:\/\/webs.uab.cat\/gicom\/es\/equipo-gicom\/antoni-sanchez\/#primaryimage\"},\"thumbnailUrl\":\"https:\/\/webs.uab.cat\/gicom\/wp-content\/uploads\/sites\/206\/2023\/10\/Antoni-Sanchez-1-150x150.jpeg\",\"datePublished\":\"2022-12-11T18:46:14+00:00\",\"dateModified\":\"2023-10-16T14:55:48+00:00\",\"breadcrumb\":{\"@id\":\"https:\/\/webs.uab.cat\/gicom\/es\/equipo-gicom\/antoni-sanchez\/#breadcrumb\"},\"inLanguage\":\"es\",\"potentialAction\":[{\"@type\":\"ReadAction\",\"target\":[\"https:\/\/webs.uab.cat\/gicom\/es\/equipo-gicom\/antoni-sanchez\/\"]}]},{\"@type\":\"ImageObject\",\"inLanguage\":\"es\",\"@id\":\"https:\/\/webs.uab.cat\/gicom\/es\/equipo-gicom\/antoni-sanchez\/#primaryimage\",\"url\":\"https:\/\/webs.uab.cat\/gicom\/wp-content\/uploads\/sites\/206\/2023\/10\/Antoni-Sanchez-1-150x150.jpeg\",\"contentUrl\":\"https:\/\/webs.uab.cat\/gicom\/wp-content\/uploads\/sites\/206\/2023\/10\/Antoni-Sanchez-1-150x150.jpeg\"},{\"@type\":\"BreadcrumbList\",\"@id\":\"https:\/\/webs.uab.cat\/gicom\/es\/equipo-gicom\/antoni-sanchez\/#breadcrumb\",\"itemListElement\":[{\"@type\":\"ListItem\",\"position\":1,\"name\":\"Inici\",\"item\":\"https:\/\/webs.uab.cat\/gicom\/es\/\"},{\"@type\":\"ListItem\",\"position\":2,\"name\":\"Equipo GICOM\",\"item\":\"https:\/\/webs.uab.cat\/gicom\/es\/equipo-gicom\/\"},{\"@type\":\"ListItem\",\"position\":3,\"name\":\"Antoni S\u00e1nchez\"}]},{\"@type\":\"WebSite\",\"@id\":\"https:\/\/webs.uab.cat\/gicom\/es\/#website\",\"url\":\"https:\/\/webs.uab.cat\/gicom\/es\/\",\"name\":\"Grupo de Investigaci\u00f3n en Compostaje\",\"description\":\"Compostaje, bioconversi\u00f3n de residuos org\u00e1nicos y remediaci\u00f3n ambiental\",\"potentialAction\":[{\"@type\":\"SearchAction\",\"target\":{\"@type\":\"EntryPoint\",\"urlTemplate\":\"https:\/\/webs.uab.cat\/gicom\/es\/?s={search_term_string}\"},\"query-input\":{\"@type\":\"PropertyValueSpecification\",\"valueRequired\":true,\"valueName\":\"search_term_string\"}}],\"inLanguage\":\"es\"}]}<\/script>\n<!-- \/ Yoast SEO plugin. -->","yoast_head_json":{"title":"Antoni S\u00e1nchez - Grupo de Investigaci\u00f3n en Compostaje","robots":{"index":"index","follow":"follow","max-snippet":"max-snippet:-1","max-image-preview":"max-image-preview:large","max-video-preview":"max-video-preview:-1"},"canonical":"https:\/\/webs.uab.cat\/gicom\/es\/equipo-gicom\/antoni-sanchez\/","og_locale":"es_ES","og_type":"article","og_title":"Antoni S\u00e1nchez - Grupo de Investigaci\u00f3n en Compostaje","og_description":"El Doctor Antoni S\u00e1nchez \u00e9s Catedr\u00e0tic del Departament d\u2019Enginyeria Qu\u00edmica, Biol\u00f2gica i Ambiental de la UAB (Universitat Aut\u00f2noma de Barcelona). El Doctor Antoni S\u00e1nchez es Catedr\u00e1tico del Departamento de Ingenier\u00eda Qu\u00edmica, Biol\u00f3gica y Ambiental de la UAB (Universitat Aut\u00f2noma de Barcelona). Es investigador del Grupo de Investigaci\u00f3n sobre Compostaje (GICOM). Ha participado en diversos proyectos [&hellip;]","og_url":"https:\/\/webs.uab.cat\/gicom\/es\/equipo-gicom\/antoni-sanchez\/","og_site_name":"Grupo de Investigaci\u00f3n en Compostaje","article_modified_time":"2023-10-16T14:55:48+00:00","og_image":[{"url":"https:\/\/webs.uab.cat\/gicom\/wp-content\/uploads\/sites\/206\/2023\/10\/Antoni-Sanchez-1-150x150.jpeg","type":"","width":"","height":""}],"twitter_card":"summary_large_image","twitter_misc":{"Tiempo de lectura":"1 minuto"},"schema":{"@context":"https:\/\/schema.org","@graph":[{"@type":"WebPage","@id":"https:\/\/webs.uab.cat\/gicom\/es\/equipo-gicom\/antoni-sanchez\/","url":"https:\/\/webs.uab.cat\/gicom\/es\/equipo-gicom\/antoni-sanchez\/","name":"Antoni S\u00e1nchez - Grupo de Investigaci\u00f3n en Compostaje","isPartOf":{"@id":"https:\/\/webs.uab.cat\/gicom\/es\/#website"},"primaryImageOfPage":{"@id":"https:\/\/webs.uab.cat\/gicom\/es\/equipo-gicom\/antoni-sanchez\/#primaryimage"},"image":{"@id":"https:\/\/webs.uab.cat\/gicom\/es\/equipo-gicom\/antoni-sanchez\/#primaryimage"},"thumbnailUrl":"https:\/\/webs.uab.cat\/gicom\/wp-content\/uploads\/sites\/206\/2023\/10\/Antoni-Sanchez-1-150x150.jpeg","datePublished":"2022-12-11T18:46:14+00:00","dateModified":"2023-10-16T14:55:48+00:00","breadcrumb":{"@id":"https:\/\/webs.uab.cat\/gicom\/es\/equipo-gicom\/antoni-sanchez\/#breadcrumb"},"inLanguage":"es","potentialAction":[{"@type":"ReadAction","target":["https:\/\/webs.uab.cat\/gicom\/es\/equipo-gicom\/antoni-sanchez\/"]}]},{"@type":"ImageObject","inLanguage":"es","@id":"https:\/\/webs.uab.cat\/gicom\/es\/equipo-gicom\/antoni-sanchez\/#primaryimage","url":"https:\/\/webs.uab.cat\/gicom\/wp-content\/uploads\/sites\/206\/2023\/10\/Antoni-Sanchez-1-150x150.jpeg","contentUrl":"https:\/\/webs.uab.cat\/gicom\/wp-content\/uploads\/sites\/206\/2023\/10\/Antoni-Sanchez-1-150x150.jpeg"},{"@type":"BreadcrumbList","@id":"https:\/\/webs.uab.cat\/gicom\/es\/equipo-gicom\/antoni-sanchez\/#breadcrumb","itemListElement":[{"@type":"ListItem","position":1,"name":"Inici","item":"https:\/\/webs.uab.cat\/gicom\/es\/"},{"@type":"ListItem","position":2,"name":"Equipo GICOM","item":"https:\/\/webs.uab.cat\/gicom\/es\/equipo-gicom\/"},{"@type":"ListItem","position":3,"name":"Antoni S\u00e1nchez"}]},{"@type":"WebSite","@id":"https:\/\/webs.uab.cat\/gicom\/es\/#website","url":"https:\/\/webs.uab.cat\/gicom\/es\/","name":"Grupo de Investigaci\u00f3n en Compostaje","description":"Compostaje, bioconversi\u00f3n de residuos org\u00e1nicos y remediaci\u00f3n ambiental","potentialAction":[{"@type":"SearchAction","target":{"@type":"EntryPoint","urlTemplate":"https:\/\/webs.uab.cat\/gicom\/es\/?s={search_term_string}"},"query-input":{"@type":"PropertyValueSpecification","valueRequired":true,"valueName":"search_term_string"}}],"inLanguage":"es"}]}},"_links":{"self":[{"href":"https:\/\/webs.uab.cat\/gicom\/es\/wp-json\/wp\/v2\/pages\/5529","targetHints":{"allow":["GET"]}}],"collection":[{"href":"https:\/\/webs.uab.cat\/gicom\/es\/wp-json\/wp\/v2\/pages"}],"about":[{"href":"https:\/\/webs.uab.cat\/gicom\/es\/wp-json\/wp\/v2\/types\/page"}],"author":[{"embeddable":true,"href":"https:\/\/webs.uab.cat\/gicom\/es\/wp-json\/wp\/v2\/users\/153"}],"replies":[{"embeddable":true,"href":"https:\/\/webs.uab.cat\/gicom\/es\/wp-json\/wp\/v2\/comments?post=5529"}],"version-history":[{"count":2,"href":"https:\/\/webs.uab.cat\/gicom\/es\/wp-json\/wp\/v2\/pages\/5529\/revisions"}],"predecessor-version":[{"id":5598,"href":"https:\/\/webs.uab.cat\/gicom\/es\/wp-json\/wp\/v2\/pages\/5529\/revisions\/5598"}],"up":[{"embeddable":true,"href":"https:\/\/webs.uab.cat\/gicom\/es\/wp-json\/wp\/v2\/pages\/5516"}],"wp:attachment":[{"href":"https:\/\/webs.uab.cat\/gicom\/es\/wp-json\/wp\/v2\/media?parent=5529"}],"curies":[{"name":"wp","href":"https:\/\/api.w.org\/{rel}","templated":true}]}}