{"id":5533,"date":"2023-10-16T10:41:00","date_gmt":"2023-10-16T08:41:00","guid":{"rendered":"https:\/\/webs.uab.cat\/gicom\/?page_id=5533"},"modified":"2023-10-16T16:49:17","modified_gmt":"2023-10-16T14:49:17","slug":"daniel-gonzalez","status":"publish","type":"page","link":"https:\/\/webs.uab.cat\/gicom\/es\/equipo-gicom\/daniel-gonzalez\/","title":{"rendered":"Daniel Gonz\u00e1lez"},"content":{"rendered":"<div class=\"wp-block-image is-style-rounded\">\n<figure class=\"aligncenter size-thumbnail\"><img loading=\"lazy\" decoding=\"async\" width=\"150\" height=\"150\" src=\"https:\/\/webs.uab.cat\/gicom\/wp-content\/uploads\/sites\/206\/2023\/10\/Daniel-Gonzalez-150x150.jpg\" alt=\"\" class=\"wp-image-5485\" \/><\/figure>\n<\/div>\n\n\n<hr class=\"wp-block-separator has-alpha-channel-opacity\" \/>\n\n\n\n<p>Daniel Gonz\u00e1lez Al\u00e9 es Ingeniero Qu\u00edmico y Doctor en Ciencia y Tecnolog\u00eda Ambiental por la Universidad Aut\u00f3noma de Barcelona desde 2020. Su tesis doctoral se centr\u00f3 en el estudio de las emisiones gaseosas durante el tratamiento biol\u00f3gico del lodo de depuradora, principalmente a trav\u00e9s del compostaje y el biodesecado, caracterizando los compuestos org\u00e1nicos vol\u00e1tiles y las emisiones de olor. Actualmente, Daniel ocupa una posici\u00f3n como investigador postdoctoral en el grupo de investigaci\u00f3n GICOM, y su investigaci\u00f3n se centra en el conocimiento y la caracterizaci\u00f3n de los gases emitidos por diferentes instalaciones de tratamiento de residuos y aguas residuales, con el objetivo de estudiar tanto el impacto ambiental como el impacto olfativo de estas emisiones y su relaci\u00f3n con la estabilizaci\u00f3n de los residuos y la evoluci\u00f3n del proceso. Los temas actuales de investigaci\u00f3n de Daniel son:<\/p>\n\n\n\n<ul class=\"wp-block-list\">\n<li>Soluciones para la toma de muestras y an\u00e1lisis de gases en instalaciones piloto y a escala real.<\/li>\n\n\n\n<li>Implementaci\u00f3n de puntos de compostaje comunitario y monitoreo de las emisiones de gases relacionadas.<\/li>\n\n\n\n<li>Emisiones difusas de gases de efecto invernadero y compuestos org\u00e1nicos vol\u00e1tiles desde vertederos. Eficiencia en la captura de biog\u00e1s.<\/li>\n\n\n\n<li>Aplicaci\u00f3n de biochar en la digesti\u00f3n anaerobia y compostaje de residuos org\u00e1nicos para mejorar la recuperaci\u00f3n de energ\u00eda y mitigar las emisiones de gases de efecto invernadero.<\/li>\n\n\n\n<li>Caracterizaci\u00f3n de las emisiones de gases de varios procesos de tratamiento de residuos y aguas residuales.<\/li>\n<\/ul>\n\n\n\n<div class=\"wp-block-buttons is-layout-flex wp-block-buttons-is-layout-flex\">\n<div class=\"wp-block-button\"><a class=\"wp-block-button__link wp-element-button\" href=\"https:\/\/orcid.org\/0000-0003-0128-6445\" target=\"_blank\" rel=\"noreferrer noopener\">ORCID<\/a><\/div>\n\n\n\n<div class=\"wp-block-button\"><a class=\"wp-block-button__link wp-element-button\" href=\"https:\/\/portalrecerca.uab.cat\/en\/persons\/daniel-gonz%C3%A1lez-al%C3%A9\" target=\"_blank\" rel=\"noreferrer noopener\">Portal de recerca uab<\/a><\/div>\n<\/div>\n","protected":false},"excerpt":{"rendered":"<p>Daniel Gonz\u00e1lez Al\u00e9 es Ingeniero Qu\u00edmico y Doctor en Ciencia y Tecnolog\u00eda Ambiental por la Universidad Aut\u00f3noma de Barcelona desde 2020. Su tesis doctoral se centr\u00f3 en el estudio de las emisiones gaseosas durante el tratamiento biol\u00f3gico del lodo de depuradora, principalmente a trav\u00e9s del compostaje y el biodesecado, caracterizando los compuestos org\u00e1nicos vol\u00e1tiles y [&hellip;]<\/p>\n","protected":false},"author":153,"featured_media":0,"parent":5516,"menu_order":0,"comment_status":"closed","ping_status":"closed","template":"","meta":{"footnotes":""},"class_list":["post-5533","page","type-page","status-publish","hentry"],"yoast_head":"<!-- This site is optimized with the Yoast SEO plugin v26.8 - https:\/\/yoast.com\/product\/yoast-seo-wordpress\/ -->\n<title>Daniel Gonz\u00e1lez - Grupo de Investigaci\u00f3n en Compostaje<\/title>\n<meta name=\"robots\" content=\"index, follow, max-snippet:-1, max-image-preview:large, max-video-preview:-1\" \/>\n<link rel=\"canonical\" href=\"https:\/\/webs.uab.cat\/gicom\/es\/equipo-gicom\/daniel-gonzalez\/\" \/>\n<meta property=\"og:locale\" content=\"es_ES\" \/>\n<meta property=\"og:type\" content=\"article\" \/>\n<meta property=\"og:title\" content=\"Daniel Gonz\u00e1lez - Grupo de Investigaci\u00f3n en Compostaje\" \/>\n<meta property=\"og:description\" content=\"Daniel Gonz\u00e1lez Al\u00e9 es Ingeniero Qu\u00edmico y Doctor en Ciencia y Tecnolog\u00eda Ambiental por la Universidad Aut\u00f3noma de Barcelona desde 2020. Su tesis doctoral se centr\u00f3 en el estudio de las emisiones gaseosas durante el tratamiento biol\u00f3gico del lodo de depuradora, principalmente a trav\u00e9s del compostaje y el biodesecado, caracterizando los compuestos org\u00e1nicos vol\u00e1tiles y [&hellip;]\" \/>\n<meta property=\"og:url\" content=\"https:\/\/webs.uab.cat\/gicom\/es\/equipo-gicom\/daniel-gonzalez\/\" \/>\n<meta property=\"og:site_name\" content=\"Grupo de Investigaci\u00f3n en Compostaje\" \/>\n<meta property=\"article:modified_time\" content=\"2023-10-16T14:49:17+00:00\" \/>\n<meta property=\"og:image\" content=\"https:\/\/webs.uab.cat\/gicom\/wp-content\/uploads\/sites\/206\/2023\/10\/Daniel-Gonzalez-150x150.jpg\" \/>\n<meta name=\"twitter:card\" content=\"summary_large_image\" \/>\n<meta name=\"twitter:label1\" content=\"Tiempo de lectura\" \/>\n\t<meta name=\"twitter:data1\" content=\"1 minuto\" \/>\n<script type=\"application\/ld+json\" class=\"yoast-schema-graph\">{\"@context\":\"https:\/\/schema.org\",\"@graph\":[{\"@type\":\"WebPage\",\"@id\":\"https:\/\/webs.uab.cat\/gicom\/es\/equipo-gicom\/daniel-gonzalez\/\",\"url\":\"https:\/\/webs.uab.cat\/gicom\/es\/equipo-gicom\/daniel-gonzalez\/\",\"name\":\"Daniel Gonz\u00e1lez - Grupo de Investigaci\u00f3n en Compostaje\",\"isPartOf\":{\"@id\":\"https:\/\/webs.uab.cat\/gicom\/es\/#website\"},\"primaryImageOfPage\":{\"@id\":\"https:\/\/webs.uab.cat\/gicom\/es\/equipo-gicom\/daniel-gonzalez\/#primaryimage\"},\"image\":{\"@id\":\"https:\/\/webs.uab.cat\/gicom\/es\/equipo-gicom\/daniel-gonzalez\/#primaryimage\"},\"thumbnailUrl\":\"https:\/\/webs.uab.cat\/gicom\/wp-content\/uploads\/sites\/206\/2023\/10\/Daniel-Gonzalez-150x150.jpg\",\"datePublished\":\"2023-10-16T08:41:00+00:00\",\"dateModified\":\"2023-10-16T14:49:17+00:00\",\"breadcrumb\":{\"@id\":\"https:\/\/webs.uab.cat\/gicom\/es\/equipo-gicom\/daniel-gonzalez\/#breadcrumb\"},\"inLanguage\":\"es\",\"potentialAction\":[{\"@type\":\"ReadAction\",\"target\":[\"https:\/\/webs.uab.cat\/gicom\/es\/equipo-gicom\/daniel-gonzalez\/\"]}]},{\"@type\":\"ImageObject\",\"inLanguage\":\"es\",\"@id\":\"https:\/\/webs.uab.cat\/gicom\/es\/equipo-gicom\/daniel-gonzalez\/#primaryimage\",\"url\":\"https:\/\/webs.uab.cat\/gicom\/wp-content\/uploads\/sites\/206\/2023\/10\/Daniel-Gonzalez-150x150.jpg\",\"contentUrl\":\"https:\/\/webs.uab.cat\/gicom\/wp-content\/uploads\/sites\/206\/2023\/10\/Daniel-Gonzalez-150x150.jpg\"},{\"@type\":\"BreadcrumbList\",\"@id\":\"https:\/\/webs.uab.cat\/gicom\/es\/equipo-gicom\/daniel-gonzalez\/#breadcrumb\",\"itemListElement\":[{\"@type\":\"ListItem\",\"position\":1,\"name\":\"Inici\",\"item\":\"https:\/\/webs.uab.cat\/gicom\/es\/\"},{\"@type\":\"ListItem\",\"position\":2,\"name\":\"Equipo GICOM\",\"item\":\"https:\/\/webs.uab.cat\/gicom\/es\/equipo-gicom\/\"},{\"@type\":\"ListItem\",\"position\":3,\"name\":\"Daniel Gonz\u00e1lez\"}]},{\"@type\":\"WebSite\",\"@id\":\"https:\/\/webs.uab.cat\/gicom\/es\/#website\",\"url\":\"https:\/\/webs.uab.cat\/gicom\/es\/\",\"name\":\"Grupo de Investigaci\u00f3n en Compostaje\",\"description\":\"Compostaje, bioconversi\u00f3n de residuos org\u00e1nicos y remediaci\u00f3n ambiental\",\"potentialAction\":[{\"@type\":\"SearchAction\",\"target\":{\"@type\":\"EntryPoint\",\"urlTemplate\":\"https:\/\/webs.uab.cat\/gicom\/es\/?s={search_term_string}\"},\"query-input\":{\"@type\":\"PropertyValueSpecification\",\"valueRequired\":true,\"valueName\":\"search_term_string\"}}],\"inLanguage\":\"es\"}]}<\/script>\n<!-- \/ Yoast SEO plugin. -->","yoast_head_json":{"title":"Daniel Gonz\u00e1lez - Grupo de Investigaci\u00f3n en Compostaje","robots":{"index":"index","follow":"follow","max-snippet":"max-snippet:-1","max-image-preview":"max-image-preview:large","max-video-preview":"max-video-preview:-1"},"canonical":"https:\/\/webs.uab.cat\/gicom\/es\/equipo-gicom\/daniel-gonzalez\/","og_locale":"es_ES","og_type":"article","og_title":"Daniel Gonz\u00e1lez - Grupo de Investigaci\u00f3n en Compostaje","og_description":"Daniel Gonz\u00e1lez Al\u00e9 es Ingeniero Qu\u00edmico y Doctor en Ciencia y Tecnolog\u00eda Ambiental por la Universidad Aut\u00f3noma de Barcelona desde 2020. Su tesis doctoral se centr\u00f3 en el estudio de las emisiones gaseosas durante el tratamiento biol\u00f3gico del lodo de depuradora, principalmente a trav\u00e9s del compostaje y el biodesecado, caracterizando los compuestos org\u00e1nicos vol\u00e1tiles y [&hellip;]","og_url":"https:\/\/webs.uab.cat\/gicom\/es\/equipo-gicom\/daniel-gonzalez\/","og_site_name":"Grupo de Investigaci\u00f3n en Compostaje","article_modified_time":"2023-10-16T14:49:17+00:00","og_image":[{"url":"https:\/\/webs.uab.cat\/gicom\/wp-content\/uploads\/sites\/206\/2023\/10\/Daniel-Gonzalez-150x150.jpg","type":"","width":"","height":""}],"twitter_card":"summary_large_image","twitter_misc":{"Tiempo de lectura":"1 minuto"},"schema":{"@context":"https:\/\/schema.org","@graph":[{"@type":"WebPage","@id":"https:\/\/webs.uab.cat\/gicom\/es\/equipo-gicom\/daniel-gonzalez\/","url":"https:\/\/webs.uab.cat\/gicom\/es\/equipo-gicom\/daniel-gonzalez\/","name":"Daniel Gonz\u00e1lez - Grupo de Investigaci\u00f3n en Compostaje","isPartOf":{"@id":"https:\/\/webs.uab.cat\/gicom\/es\/#website"},"primaryImageOfPage":{"@id":"https:\/\/webs.uab.cat\/gicom\/es\/equipo-gicom\/daniel-gonzalez\/#primaryimage"},"image":{"@id":"https:\/\/webs.uab.cat\/gicom\/es\/equipo-gicom\/daniel-gonzalez\/#primaryimage"},"thumbnailUrl":"https:\/\/webs.uab.cat\/gicom\/wp-content\/uploads\/sites\/206\/2023\/10\/Daniel-Gonzalez-150x150.jpg","datePublished":"2023-10-16T08:41:00+00:00","dateModified":"2023-10-16T14:49:17+00:00","breadcrumb":{"@id":"https:\/\/webs.uab.cat\/gicom\/es\/equipo-gicom\/daniel-gonzalez\/#breadcrumb"},"inLanguage":"es","potentialAction":[{"@type":"ReadAction","target":["https:\/\/webs.uab.cat\/gicom\/es\/equipo-gicom\/daniel-gonzalez\/"]}]},{"@type":"ImageObject","inLanguage":"es","@id":"https:\/\/webs.uab.cat\/gicom\/es\/equipo-gicom\/daniel-gonzalez\/#primaryimage","url":"https:\/\/webs.uab.cat\/gicom\/wp-content\/uploads\/sites\/206\/2023\/10\/Daniel-Gonzalez-150x150.jpg","contentUrl":"https:\/\/webs.uab.cat\/gicom\/wp-content\/uploads\/sites\/206\/2023\/10\/Daniel-Gonzalez-150x150.jpg"},{"@type":"BreadcrumbList","@id":"https:\/\/webs.uab.cat\/gicom\/es\/equipo-gicom\/daniel-gonzalez\/#breadcrumb","itemListElement":[{"@type":"ListItem","position":1,"name":"Inici","item":"https:\/\/webs.uab.cat\/gicom\/es\/"},{"@type":"ListItem","position":2,"name":"Equipo GICOM","item":"https:\/\/webs.uab.cat\/gicom\/es\/equipo-gicom\/"},{"@type":"ListItem","position":3,"name":"Daniel Gonz\u00e1lez"}]},{"@type":"WebSite","@id":"https:\/\/webs.uab.cat\/gicom\/es\/#website","url":"https:\/\/webs.uab.cat\/gicom\/es\/","name":"Grupo de Investigaci\u00f3n en Compostaje","description":"Compostaje, bioconversi\u00f3n de residuos org\u00e1nicos y remediaci\u00f3n ambiental","potentialAction":[{"@type":"SearchAction","target":{"@type":"EntryPoint","urlTemplate":"https:\/\/webs.uab.cat\/gicom\/es\/?s={search_term_string}"},"query-input":{"@type":"PropertyValueSpecification","valueRequired":true,"valueName":"search_term_string"}}],"inLanguage":"es"}]}},"_links":{"self":[{"href":"https:\/\/webs.uab.cat\/gicom\/es\/wp-json\/wp\/v2\/pages\/5533","targetHints":{"allow":["GET"]}}],"collection":[{"href":"https:\/\/webs.uab.cat\/gicom\/es\/wp-json\/wp\/v2\/pages"}],"about":[{"href":"https:\/\/webs.uab.cat\/gicom\/es\/wp-json\/wp\/v2\/types\/page"}],"author":[{"embeddable":true,"href":"https:\/\/webs.uab.cat\/gicom\/es\/wp-json\/wp\/v2\/users\/153"}],"replies":[{"embeddable":true,"href":"https:\/\/webs.uab.cat\/gicom\/es\/wp-json\/wp\/v2\/comments?post=5533"}],"version-history":[{"count":2,"href":"https:\/\/webs.uab.cat\/gicom\/es\/wp-json\/wp\/v2\/pages\/5533\/revisions"}],"predecessor-version":[{"id":5591,"href":"https:\/\/webs.uab.cat\/gicom\/es\/wp-json\/wp\/v2\/pages\/5533\/revisions\/5591"}],"up":[{"embeddable":true,"href":"https:\/\/webs.uab.cat\/gicom\/es\/wp-json\/wp\/v2\/pages\/5516"}],"wp:attachment":[{"href":"https:\/\/webs.uab.cat\/gicom\/es\/wp-json\/wp\/v2\/media?parent=5533"}],"curies":[{"name":"wp","href":"https:\/\/api.w.org\/{rel}","templated":true}]}}