{"id":5535,"date":"2023-10-10T16:26:57","date_gmt":"2023-10-10T14:26:57","guid":{"rendered":"https:\/\/webs.uab.cat\/gicom\/?page_id=5535"},"modified":"2023-10-16T15:37:17","modified_gmt":"2023-10-16T13:37:17","slug":"golafarin-ghoreishi","status":"publish","type":"page","link":"https:\/\/webs.uab.cat\/gicom\/es\/equipo-gicom\/golafarin-ghoreishi\/","title":{"rendered":"Golafarin Ghoreishi"},"content":{"rendered":"<div class=\"wp-block-image is-style-rounded\">\n<figure class=\"aligncenter size-thumbnail\"><img loading=\"lazy\" decoding=\"async\" width=\"150\" height=\"150\" src=\"https:\/\/webs.uab.cat\/gicom\/wp-content\/uploads\/sites\/206\/2022\/12\/GGhoreishi-150x150.jpg\" alt=\"\" class=\"wp-image-5151\" \/><\/figure>\n<\/div>\n\n\n<hr class=\"wp-block-separator has-alpha-channel-opacity\" \/>\n\n\n\n<p>Golafarin Ghoreishi t\u00e9 un m\u00e0ster en biotecnologia de la Universitat de Shiraz, a l&#8217;Iran. Estava treballant en la bioremediaci\u00f3 de derivats del petroli cru utilitzant bacteris per a la seva tesi de m\u00e0ster.<\/p>\n\n\n\n<p>Actualment, \u00e9s estudiant de doctorat en ci\u00e8ncia i tecnologia ambiental (GICOM) a la Universitat Aut\u00f2noma de Barcelona. La seva tesi est\u00e0 centrada en la producci\u00f3 de bioproductes comercialitzables per a aplicacions agr\u00edcoles mitjan\u00e7ant SSF. \u00c9s supervisada pel Dr. Xavier Font i la Dra. Raquel Barrena.<\/p>\n","protected":false},"excerpt":{"rendered":"<p>Golafarin Ghoreishi t\u00e9 un m\u00e0ster en biotecnologia de la Universitat de Shiraz, a l&#8217;Iran. Estava treballant en la bioremediaci\u00f3 de derivats del petroli cru utilitzant bacteris per a la seva tesi de m\u00e0ster. Actualment, \u00e9s estudiant de doctorat en ci\u00e8ncia i tecnologia ambiental (GICOM) a la Universitat Aut\u00f2noma de Barcelona. La seva tesi est\u00e0 centrada [&hellip;]<\/p>\n","protected":false},"author":153,"featured_media":0,"parent":5516,"menu_order":0,"comment_status":"closed","ping_status":"closed","template":"","meta":{"footnotes":""},"class_list":["post-5535","page","type-page","status-publish","hentry"],"yoast_head":"<!-- This site is optimized with the Yoast SEO plugin v26.8 - https:\/\/yoast.com\/product\/yoast-seo-wordpress\/ -->\n<title>Golafarin Ghoreishi - Grupo de Investigaci\u00f3n en Compostaje<\/title>\n<meta name=\"robots\" content=\"index, follow, max-snippet:-1, max-image-preview:large, max-video-preview:-1\" \/>\n<link rel=\"canonical\" href=\"https:\/\/webs.uab.cat\/gicom\/es\/equipo-gicom\/golafarin-ghoreishi\/\" \/>\n<meta property=\"og:locale\" content=\"es_ES\" \/>\n<meta property=\"og:type\" content=\"article\" \/>\n<meta property=\"og:title\" content=\"Golafarin Ghoreishi - Grupo de Investigaci\u00f3n en Compostaje\" \/>\n<meta property=\"og:description\" content=\"Golafarin Ghoreishi t\u00e9 un m\u00e0ster en biotecnologia de la Universitat de Shiraz, a l&#8217;Iran. Estava treballant en la bioremediaci\u00f3 de derivats del petroli cru utilitzant bacteris per a la seva tesi de m\u00e0ster. Actualment, \u00e9s estudiant de doctorat en ci\u00e8ncia i tecnologia ambiental (GICOM) a la Universitat Aut\u00f2noma de Barcelona. La seva tesi est\u00e0 centrada [&hellip;]\" \/>\n<meta property=\"og:url\" content=\"https:\/\/webs.uab.cat\/gicom\/es\/equipo-gicom\/golafarin-ghoreishi\/\" \/>\n<meta property=\"og:site_name\" content=\"Grupo de Investigaci\u00f3n en Compostaje\" \/>\n<meta property=\"article:modified_time\" content=\"2023-10-16T13:37:17+00:00\" \/>\n<meta property=\"og:image\" content=\"https:\/\/webs.uab.cat\/gicom\/wp-content\/uploads\/sites\/206\/2022\/12\/GGhoreishi-150x150.jpg\" \/>\n<meta name=\"twitter:card\" content=\"summary_large_image\" \/>\n<script type=\"application\/ld+json\" class=\"yoast-schema-graph\">{\"@context\":\"https:\/\/schema.org\",\"@graph\":[{\"@type\":\"WebPage\",\"@id\":\"https:\/\/webs.uab.cat\/gicom\/es\/equipo-gicom\/golafarin-ghoreishi\/\",\"url\":\"https:\/\/webs.uab.cat\/gicom\/es\/equipo-gicom\/golafarin-ghoreishi\/\",\"name\":\"Golafarin Ghoreishi - Grupo de Investigaci\u00f3n en Compostaje\",\"isPartOf\":{\"@id\":\"https:\/\/webs.uab.cat\/gicom\/es\/#website\"},\"primaryImageOfPage\":{\"@id\":\"https:\/\/webs.uab.cat\/gicom\/es\/equipo-gicom\/golafarin-ghoreishi\/#primaryimage\"},\"image\":{\"@id\":\"https:\/\/webs.uab.cat\/gicom\/es\/equipo-gicom\/golafarin-ghoreishi\/#primaryimage\"},\"thumbnailUrl\":\"https:\/\/webs.uab.cat\/gicom\/wp-content\/uploads\/sites\/206\/2022\/12\/GGhoreishi-150x150.jpg\",\"datePublished\":\"2023-10-10T14:26:57+00:00\",\"dateModified\":\"2023-10-16T13:37:17+00:00\",\"breadcrumb\":{\"@id\":\"https:\/\/webs.uab.cat\/gicom\/es\/equipo-gicom\/golafarin-ghoreishi\/#breadcrumb\"},\"inLanguage\":\"es\",\"potentialAction\":[{\"@type\":\"ReadAction\",\"target\":[\"https:\/\/webs.uab.cat\/gicom\/es\/equipo-gicom\/golafarin-ghoreishi\/\"]}]},{\"@type\":\"ImageObject\",\"inLanguage\":\"es\",\"@id\":\"https:\/\/webs.uab.cat\/gicom\/es\/equipo-gicom\/golafarin-ghoreishi\/#primaryimage\",\"url\":\"https:\/\/webs.uab.cat\/gicom\/wp-content\/uploads\/sites\/206\/2022\/12\/GGhoreishi-150x150.jpg\",\"contentUrl\":\"https:\/\/webs.uab.cat\/gicom\/wp-content\/uploads\/sites\/206\/2022\/12\/GGhoreishi-150x150.jpg\"},{\"@type\":\"BreadcrumbList\",\"@id\":\"https:\/\/webs.uab.cat\/gicom\/es\/equipo-gicom\/golafarin-ghoreishi\/#breadcrumb\",\"itemListElement\":[{\"@type\":\"ListItem\",\"position\":1,\"name\":\"Inici\",\"item\":\"https:\/\/webs.uab.cat\/gicom\/es\/\"},{\"@type\":\"ListItem\",\"position\":2,\"name\":\"Equipo GICOM\",\"item\":\"https:\/\/webs.uab.cat\/gicom\/es\/equipo-gicom\/\"},{\"@type\":\"ListItem\",\"position\":3,\"name\":\"Golafarin Ghoreishi\"}]},{\"@type\":\"WebSite\",\"@id\":\"https:\/\/webs.uab.cat\/gicom\/es\/#website\",\"url\":\"https:\/\/webs.uab.cat\/gicom\/es\/\",\"name\":\"Grupo de Investigaci\u00f3n en Compostaje\",\"description\":\"Compostaje, bioconversi\u00f3n de residuos org\u00e1nicos y remediaci\u00f3n ambiental\",\"potentialAction\":[{\"@type\":\"SearchAction\",\"target\":{\"@type\":\"EntryPoint\",\"urlTemplate\":\"https:\/\/webs.uab.cat\/gicom\/es\/?s={search_term_string}\"},\"query-input\":{\"@type\":\"PropertyValueSpecification\",\"valueRequired\":true,\"valueName\":\"search_term_string\"}}],\"inLanguage\":\"es\"}]}<\/script>\n<!-- \/ Yoast SEO plugin. -->","yoast_head_json":{"title":"Golafarin Ghoreishi - Grupo de Investigaci\u00f3n en Compostaje","robots":{"index":"index","follow":"follow","max-snippet":"max-snippet:-1","max-image-preview":"max-image-preview:large","max-video-preview":"max-video-preview:-1"},"canonical":"https:\/\/webs.uab.cat\/gicom\/es\/equipo-gicom\/golafarin-ghoreishi\/","og_locale":"es_ES","og_type":"article","og_title":"Golafarin Ghoreishi - Grupo de Investigaci\u00f3n en Compostaje","og_description":"Golafarin Ghoreishi t\u00e9 un m\u00e0ster en biotecnologia de la Universitat de Shiraz, a l&#8217;Iran. Estava treballant en la bioremediaci\u00f3 de derivats del petroli cru utilitzant bacteris per a la seva tesi de m\u00e0ster. Actualment, \u00e9s estudiant de doctorat en ci\u00e8ncia i tecnologia ambiental (GICOM) a la Universitat Aut\u00f2noma de Barcelona. La seva tesi est\u00e0 centrada [&hellip;]","og_url":"https:\/\/webs.uab.cat\/gicom\/es\/equipo-gicom\/golafarin-ghoreishi\/","og_site_name":"Grupo de Investigaci\u00f3n en Compostaje","article_modified_time":"2023-10-16T13:37:17+00:00","og_image":[{"url":"https:\/\/webs.uab.cat\/gicom\/wp-content\/uploads\/sites\/206\/2022\/12\/GGhoreishi-150x150.jpg","type":"","width":"","height":""}],"twitter_card":"summary_large_image","schema":{"@context":"https:\/\/schema.org","@graph":[{"@type":"WebPage","@id":"https:\/\/webs.uab.cat\/gicom\/es\/equipo-gicom\/golafarin-ghoreishi\/","url":"https:\/\/webs.uab.cat\/gicom\/es\/equipo-gicom\/golafarin-ghoreishi\/","name":"Golafarin Ghoreishi - Grupo de Investigaci\u00f3n en Compostaje","isPartOf":{"@id":"https:\/\/webs.uab.cat\/gicom\/es\/#website"},"primaryImageOfPage":{"@id":"https:\/\/webs.uab.cat\/gicom\/es\/equipo-gicom\/golafarin-ghoreishi\/#primaryimage"},"image":{"@id":"https:\/\/webs.uab.cat\/gicom\/es\/equipo-gicom\/golafarin-ghoreishi\/#primaryimage"},"thumbnailUrl":"https:\/\/webs.uab.cat\/gicom\/wp-content\/uploads\/sites\/206\/2022\/12\/GGhoreishi-150x150.jpg","datePublished":"2023-10-10T14:26:57+00:00","dateModified":"2023-10-16T13:37:17+00:00","breadcrumb":{"@id":"https:\/\/webs.uab.cat\/gicom\/es\/equipo-gicom\/golafarin-ghoreishi\/#breadcrumb"},"inLanguage":"es","potentialAction":[{"@type":"ReadAction","target":["https:\/\/webs.uab.cat\/gicom\/es\/equipo-gicom\/golafarin-ghoreishi\/"]}]},{"@type":"ImageObject","inLanguage":"es","@id":"https:\/\/webs.uab.cat\/gicom\/es\/equipo-gicom\/golafarin-ghoreishi\/#primaryimage","url":"https:\/\/webs.uab.cat\/gicom\/wp-content\/uploads\/sites\/206\/2022\/12\/GGhoreishi-150x150.jpg","contentUrl":"https:\/\/webs.uab.cat\/gicom\/wp-content\/uploads\/sites\/206\/2022\/12\/GGhoreishi-150x150.jpg"},{"@type":"BreadcrumbList","@id":"https:\/\/webs.uab.cat\/gicom\/es\/equipo-gicom\/golafarin-ghoreishi\/#breadcrumb","itemListElement":[{"@type":"ListItem","position":1,"name":"Inici","item":"https:\/\/webs.uab.cat\/gicom\/es\/"},{"@type":"ListItem","position":2,"name":"Equipo GICOM","item":"https:\/\/webs.uab.cat\/gicom\/es\/equipo-gicom\/"},{"@type":"ListItem","position":3,"name":"Golafarin Ghoreishi"}]},{"@type":"WebSite","@id":"https:\/\/webs.uab.cat\/gicom\/es\/#website","url":"https:\/\/webs.uab.cat\/gicom\/es\/","name":"Grupo de Investigaci\u00f3n en Compostaje","description":"Compostaje, bioconversi\u00f3n de residuos org\u00e1nicos y remediaci\u00f3n ambiental","potentialAction":[{"@type":"SearchAction","target":{"@type":"EntryPoint","urlTemplate":"https:\/\/webs.uab.cat\/gicom\/es\/?s={search_term_string}"},"query-input":{"@type":"PropertyValueSpecification","valueRequired":true,"valueName":"search_term_string"}}],"inLanguage":"es"}]}},"_links":{"self":[{"href":"https:\/\/webs.uab.cat\/gicom\/es\/wp-json\/wp\/v2\/pages\/5535","targetHints":{"allow":["GET"]}}],"collection":[{"href":"https:\/\/webs.uab.cat\/gicom\/es\/wp-json\/wp\/v2\/pages"}],"about":[{"href":"https:\/\/webs.uab.cat\/gicom\/es\/wp-json\/wp\/v2\/types\/page"}],"author":[{"embeddable":true,"href":"https:\/\/webs.uab.cat\/gicom\/es\/wp-json\/wp\/v2\/users\/153"}],"replies":[{"embeddable":true,"href":"https:\/\/webs.uab.cat\/gicom\/es\/wp-json\/wp\/v2\/comments?post=5535"}],"version-history":[{"count":1,"href":"https:\/\/webs.uab.cat\/gicom\/es\/wp-json\/wp\/v2\/pages\/5535\/revisions"}],"predecessor-version":[{"id":5536,"href":"https:\/\/webs.uab.cat\/gicom\/es\/wp-json\/wp\/v2\/pages\/5535\/revisions\/5536"}],"up":[{"embeddable":true,"href":"https:\/\/webs.uab.cat\/gicom\/es\/wp-json\/wp\/v2\/pages\/5516"}],"wp:attachment":[{"href":"https:\/\/webs.uab.cat\/gicom\/es\/wp-json\/wp\/v2\/media?parent=5535"}],"curies":[{"name":"wp","href":"https:\/\/api.w.org\/{rel}","templated":true}]}}