{"id":5541,"date":"2023-10-16T10:33:48","date_gmt":"2023-10-16T08:33:48","guid":{"rendered":"https:\/\/webs.uab.cat\/gicom\/?page_id=5541"},"modified":"2023-10-16T16:46:06","modified_gmt":"2023-10-16T14:46:06","slug":"jose-bueno","status":"publish","type":"page","link":"https:\/\/webs.uab.cat\/gicom\/es\/equipo-gicom\/jose-bueno\/","title":{"rendered":"Jos\u00e9 Bueno"},"content":{"rendered":"<div class=\"wp-block-image is-style-rounded\">\n<figure class=\"aligncenter size-thumbnail\"><img loading=\"lazy\" decoding=\"async\" width=\"150\" height=\"150\" src=\"https:\/\/webs.uab.cat\/gicom\/wp-content\/uploads\/sites\/206\/2023\/10\/FotoWebGICOMcuadrado-150x150.jpeg\" alt=\"\" class=\"wp-image-5478\" \/><\/figure>\n<\/div>\n\n\n<hr class=\"wp-block-separator has-alpha-channel-opacity\" \/>\n\n\n\n<p>Jos\u00e9 Antonio Bueno Mancebo es originario de Andaluc\u00eda. Estudi\u00f3 Biotecnolog\u00eda con menci\u00f3n en Industrial en la Universidad de Granada y complet\u00f3 un M\u00e1ster en Biolog\u00eda Molecular Aplicada a Empresas Biotecnol\u00f3gicas (BioEnterprise). Durante su etapa universitaria, particip\u00f3 en numerosos concursos de emprendimiento y adquiri\u00f3 experiencia trabajando en diversas empresas biotecnol\u00f3gicas del sector cosm\u00e9tico. Tambi\u00e9n obtuvo una beca Erasmus+ para realizar una estancia en un centro de investigaci\u00f3n de la Slovensk\u00e1 Technick\u00e1 Univerzita en Bratislava, Eslovaquia, donde se familiariz\u00f3 con nanomateriales y t\u00e9cnicas de microscop\u00eda.<\/p>\n\n\n\n<p>Actualmente, forma parte del grupo GICOM como estudiante de doctorado en el programa de Ciencia y Tecnolog\u00eda Ambiental de la Universidad Aut\u00f3noma de Barcelona. Su investigaci\u00f3n se centra en la aplicaci\u00f3n de diferentes estrategias operacionales de fermentaci\u00f3n con hongos para la producci\u00f3n de biosurfactantes glicol\u00edpidos en un marco de bioeconom\u00eda circular. Est\u00e1 siendo supervisado por la Dra. Raquel Barrena, la Dra. Adriana Artola y la Dra. Teresa Gea.<\/p>\n","protected":false},"excerpt":{"rendered":"<p>Jos\u00e9 Antonio Bueno Mancebo es originario de Andaluc\u00eda. Estudi\u00f3 Biotecnolog\u00eda con menci\u00f3n en Industrial en la Universidad de Granada y complet\u00f3 un M\u00e1ster en Biolog\u00eda Molecular Aplicada a Empresas Biotecnol\u00f3gicas (BioEnterprise). Durante su etapa universitaria, particip\u00f3 en numerosos concursos de emprendimiento y adquiri\u00f3 experiencia trabajando en diversas empresas biotecnol\u00f3gicas del sector cosm\u00e9tico. Tambi\u00e9n obtuvo una [&hellip;]<\/p>\n","protected":false},"author":153,"featured_media":0,"parent":5516,"menu_order":0,"comment_status":"closed","ping_status":"closed","template":"","meta":{"footnotes":""},"class_list":["post-5541","page","type-page","status-publish","hentry"],"yoast_head":"<!-- This site is optimized with the Yoast SEO plugin v26.8 - https:\/\/yoast.com\/product\/yoast-seo-wordpress\/ -->\n<title>Jos\u00e9 Bueno - Grupo de Investigaci\u00f3n en Compostaje<\/title>\n<meta name=\"robots\" content=\"index, follow, max-snippet:-1, max-image-preview:large, max-video-preview:-1\" \/>\n<link rel=\"canonical\" href=\"https:\/\/webs.uab.cat\/gicom\/es\/equipo-gicom\/jose-bueno\/\" \/>\n<meta property=\"og:locale\" content=\"es_ES\" \/>\n<meta property=\"og:type\" content=\"article\" \/>\n<meta property=\"og:title\" content=\"Jos\u00e9 Bueno - Grupo de Investigaci\u00f3n en Compostaje\" \/>\n<meta property=\"og:description\" content=\"Jos\u00e9 Antonio Bueno Mancebo es originario de Andaluc\u00eda. Estudi\u00f3 Biotecnolog\u00eda con menci\u00f3n en Industrial en la Universidad de Granada y complet\u00f3 un M\u00e1ster en Biolog\u00eda Molecular Aplicada a Empresas Biotecnol\u00f3gicas (BioEnterprise). Durante su etapa universitaria, particip\u00f3 en numerosos concursos de emprendimiento y adquiri\u00f3 experiencia trabajando en diversas empresas biotecnol\u00f3gicas del sector cosm\u00e9tico. Tambi\u00e9n obtuvo una [&hellip;]\" \/>\n<meta property=\"og:url\" content=\"https:\/\/webs.uab.cat\/gicom\/es\/equipo-gicom\/jose-bueno\/\" \/>\n<meta property=\"og:site_name\" content=\"Grupo de Investigaci\u00f3n en Compostaje\" \/>\n<meta property=\"article:modified_time\" content=\"2023-10-16T14:46:06+00:00\" \/>\n<meta property=\"og:image\" content=\"https:\/\/webs.uab.cat\/gicom\/wp-content\/uploads\/sites\/206\/2023\/10\/FotoWebGICOMcuadrado-150x150.jpeg\" \/>\n<meta name=\"twitter:card\" content=\"summary_large_image\" \/>\n<meta name=\"twitter:label1\" content=\"Tiempo de lectura\" \/>\n\t<meta name=\"twitter:data1\" content=\"1 minuto\" \/>\n<script type=\"application\/ld+json\" class=\"yoast-schema-graph\">{\"@context\":\"https:\/\/schema.org\",\"@graph\":[{\"@type\":\"WebPage\",\"@id\":\"https:\/\/webs.uab.cat\/gicom\/es\/equipo-gicom\/jose-bueno\/\",\"url\":\"https:\/\/webs.uab.cat\/gicom\/es\/equipo-gicom\/jose-bueno\/\",\"name\":\"Jos\u00e9 Bueno - Grupo de Investigaci\u00f3n en Compostaje\",\"isPartOf\":{\"@id\":\"https:\/\/webs.uab.cat\/gicom\/es\/#website\"},\"primaryImageOfPage\":{\"@id\":\"https:\/\/webs.uab.cat\/gicom\/es\/equipo-gicom\/jose-bueno\/#primaryimage\"},\"image\":{\"@id\":\"https:\/\/webs.uab.cat\/gicom\/es\/equipo-gicom\/jose-bueno\/#primaryimage\"},\"thumbnailUrl\":\"https:\/\/webs.uab.cat\/gicom\/wp-content\/uploads\/sites\/206\/2023\/10\/FotoWebGICOMcuadrado-150x150.jpeg\",\"datePublished\":\"2023-10-16T08:33:48+00:00\",\"dateModified\":\"2023-10-16T14:46:06+00:00\",\"breadcrumb\":{\"@id\":\"https:\/\/webs.uab.cat\/gicom\/es\/equipo-gicom\/jose-bueno\/#breadcrumb\"},\"inLanguage\":\"es\",\"potentialAction\":[{\"@type\":\"ReadAction\",\"target\":[\"https:\/\/webs.uab.cat\/gicom\/es\/equipo-gicom\/jose-bueno\/\"]}]},{\"@type\":\"ImageObject\",\"inLanguage\":\"es\",\"@id\":\"https:\/\/webs.uab.cat\/gicom\/es\/equipo-gicom\/jose-bueno\/#primaryimage\",\"url\":\"https:\/\/webs.uab.cat\/gicom\/wp-content\/uploads\/sites\/206\/2023\/10\/FotoWebGICOMcuadrado-150x150.jpeg\",\"contentUrl\":\"https:\/\/webs.uab.cat\/gicom\/wp-content\/uploads\/sites\/206\/2023\/10\/FotoWebGICOMcuadrado-150x150.jpeg\"},{\"@type\":\"BreadcrumbList\",\"@id\":\"https:\/\/webs.uab.cat\/gicom\/es\/equipo-gicom\/jose-bueno\/#breadcrumb\",\"itemListElement\":[{\"@type\":\"ListItem\",\"position\":1,\"name\":\"Inici\",\"item\":\"https:\/\/webs.uab.cat\/gicom\/es\/\"},{\"@type\":\"ListItem\",\"position\":2,\"name\":\"Equipo GICOM\",\"item\":\"https:\/\/webs.uab.cat\/gicom\/es\/equipo-gicom\/\"},{\"@type\":\"ListItem\",\"position\":3,\"name\":\"Jos\u00e9 Bueno\"}]},{\"@type\":\"WebSite\",\"@id\":\"https:\/\/webs.uab.cat\/gicom\/es\/#website\",\"url\":\"https:\/\/webs.uab.cat\/gicom\/es\/\",\"name\":\"Grupo de Investigaci\u00f3n en Compostaje\",\"description\":\"Compostaje, bioconversi\u00f3n de residuos org\u00e1nicos y remediaci\u00f3n ambiental\",\"potentialAction\":[{\"@type\":\"SearchAction\",\"target\":{\"@type\":\"EntryPoint\",\"urlTemplate\":\"https:\/\/webs.uab.cat\/gicom\/es\/?s={search_term_string}\"},\"query-input\":{\"@type\":\"PropertyValueSpecification\",\"valueRequired\":true,\"valueName\":\"search_term_string\"}}],\"inLanguage\":\"es\"}]}<\/script>\n<!-- \/ Yoast SEO plugin. -->","yoast_head_json":{"title":"Jos\u00e9 Bueno - Grupo de Investigaci\u00f3n en Compostaje","robots":{"index":"index","follow":"follow","max-snippet":"max-snippet:-1","max-image-preview":"max-image-preview:large","max-video-preview":"max-video-preview:-1"},"canonical":"https:\/\/webs.uab.cat\/gicom\/es\/equipo-gicom\/jose-bueno\/","og_locale":"es_ES","og_type":"article","og_title":"Jos\u00e9 Bueno - Grupo de Investigaci\u00f3n en Compostaje","og_description":"Jos\u00e9 Antonio Bueno Mancebo es originario de Andaluc\u00eda. Estudi\u00f3 Biotecnolog\u00eda con menci\u00f3n en Industrial en la Universidad de Granada y complet\u00f3 un M\u00e1ster en Biolog\u00eda Molecular Aplicada a Empresas Biotecnol\u00f3gicas (BioEnterprise). Durante su etapa universitaria, particip\u00f3 en numerosos concursos de emprendimiento y adquiri\u00f3 experiencia trabajando en diversas empresas biotecnol\u00f3gicas del sector cosm\u00e9tico. Tambi\u00e9n obtuvo una [&hellip;]","og_url":"https:\/\/webs.uab.cat\/gicom\/es\/equipo-gicom\/jose-bueno\/","og_site_name":"Grupo de Investigaci\u00f3n en Compostaje","article_modified_time":"2023-10-16T14:46:06+00:00","og_image":[{"url":"https:\/\/webs.uab.cat\/gicom\/wp-content\/uploads\/sites\/206\/2023\/10\/FotoWebGICOMcuadrado-150x150.jpeg","type":"","width":"","height":""}],"twitter_card":"summary_large_image","twitter_misc":{"Tiempo de lectura":"1 minuto"},"schema":{"@context":"https:\/\/schema.org","@graph":[{"@type":"WebPage","@id":"https:\/\/webs.uab.cat\/gicom\/es\/equipo-gicom\/jose-bueno\/","url":"https:\/\/webs.uab.cat\/gicom\/es\/equipo-gicom\/jose-bueno\/","name":"Jos\u00e9 Bueno - Grupo de Investigaci\u00f3n en Compostaje","isPartOf":{"@id":"https:\/\/webs.uab.cat\/gicom\/es\/#website"},"primaryImageOfPage":{"@id":"https:\/\/webs.uab.cat\/gicom\/es\/equipo-gicom\/jose-bueno\/#primaryimage"},"image":{"@id":"https:\/\/webs.uab.cat\/gicom\/es\/equipo-gicom\/jose-bueno\/#primaryimage"},"thumbnailUrl":"https:\/\/webs.uab.cat\/gicom\/wp-content\/uploads\/sites\/206\/2023\/10\/FotoWebGICOMcuadrado-150x150.jpeg","datePublished":"2023-10-16T08:33:48+00:00","dateModified":"2023-10-16T14:46:06+00:00","breadcrumb":{"@id":"https:\/\/webs.uab.cat\/gicom\/es\/equipo-gicom\/jose-bueno\/#breadcrumb"},"inLanguage":"es","potentialAction":[{"@type":"ReadAction","target":["https:\/\/webs.uab.cat\/gicom\/es\/equipo-gicom\/jose-bueno\/"]}]},{"@type":"ImageObject","inLanguage":"es","@id":"https:\/\/webs.uab.cat\/gicom\/es\/equipo-gicom\/jose-bueno\/#primaryimage","url":"https:\/\/webs.uab.cat\/gicom\/wp-content\/uploads\/sites\/206\/2023\/10\/FotoWebGICOMcuadrado-150x150.jpeg","contentUrl":"https:\/\/webs.uab.cat\/gicom\/wp-content\/uploads\/sites\/206\/2023\/10\/FotoWebGICOMcuadrado-150x150.jpeg"},{"@type":"BreadcrumbList","@id":"https:\/\/webs.uab.cat\/gicom\/es\/equipo-gicom\/jose-bueno\/#breadcrumb","itemListElement":[{"@type":"ListItem","position":1,"name":"Inici","item":"https:\/\/webs.uab.cat\/gicom\/es\/"},{"@type":"ListItem","position":2,"name":"Equipo GICOM","item":"https:\/\/webs.uab.cat\/gicom\/es\/equipo-gicom\/"},{"@type":"ListItem","position":3,"name":"Jos\u00e9 Bueno"}]},{"@type":"WebSite","@id":"https:\/\/webs.uab.cat\/gicom\/es\/#website","url":"https:\/\/webs.uab.cat\/gicom\/es\/","name":"Grupo de Investigaci\u00f3n en Compostaje","description":"Compostaje, bioconversi\u00f3n de residuos org\u00e1nicos y remediaci\u00f3n ambiental","potentialAction":[{"@type":"SearchAction","target":{"@type":"EntryPoint","urlTemplate":"https:\/\/webs.uab.cat\/gicom\/es\/?s={search_term_string}"},"query-input":{"@type":"PropertyValueSpecification","valueRequired":true,"valueName":"search_term_string"}}],"inLanguage":"es"}]}},"_links":{"self":[{"href":"https:\/\/webs.uab.cat\/gicom\/es\/wp-json\/wp\/v2\/pages\/5541","targetHints":{"allow":["GET"]}}],"collection":[{"href":"https:\/\/webs.uab.cat\/gicom\/es\/wp-json\/wp\/v2\/pages"}],"about":[{"href":"https:\/\/webs.uab.cat\/gicom\/es\/wp-json\/wp\/v2\/types\/page"}],"author":[{"embeddable":true,"href":"https:\/\/webs.uab.cat\/gicom\/es\/wp-json\/wp\/v2\/users\/153"}],"replies":[{"embeddable":true,"href":"https:\/\/webs.uab.cat\/gicom\/es\/wp-json\/wp\/v2\/comments?post=5541"}],"version-history":[{"count":2,"href":"https:\/\/webs.uab.cat\/gicom\/es\/wp-json\/wp\/v2\/pages\/5541\/revisions"}],"predecessor-version":[{"id":5589,"href":"https:\/\/webs.uab.cat\/gicom\/es\/wp-json\/wp\/v2\/pages\/5541\/revisions\/5589"}],"up":[{"embeddable":true,"href":"https:\/\/webs.uab.cat\/gicom\/es\/wp-json\/wp\/v2\/pages\/5516"}],"wp:attachment":[{"href":"https:\/\/webs.uab.cat\/gicom\/es\/wp-json\/wp\/v2\/media?parent=5541"}],"curies":[{"name":"wp","href":"https:\/\/api.w.org\/{rel}","templated":true}]}}