{"id":5578,"date":"2023-10-16T16:30:17","date_gmt":"2023-10-16T14:30:17","guid":{"rendered":"https:\/\/webs.uab.cat\/gicom\/?page_id=5578"},"modified":"2023-10-16T16:32:44","modified_gmt":"2023-10-16T14:32:44","slug":"elena-olivera","status":"publish","type":"page","link":"https:\/\/webs.uab.cat\/gicom\/es\/equipo-gicom\/elena-olivera\/","title":{"rendered":"Elena Olivera"},"content":{"rendered":"<div class=\"wp-block-image is-style-rounded\">\n<figure class=\"aligncenter size-thumbnail\"><img loading=\"lazy\" decoding=\"async\" width=\"150\" height=\"150\" src=\"https:\/\/webs.uab.cat\/gicom\/wp-content\/uploads\/sites\/206\/2023\/10\/Elena-Olivera-150x150.jpg\" alt=\"\" class=\"wp-image-5575\" \/><\/figure>\n<\/div>\n\n\n<hr class=\"wp-block-separator has-alpha-channel-opacity\" \/>\n\n\n\n<p>Elena Olivera Begu\u00e9 se gradu\u00f3 en Ingenier\u00eda Qu\u00edmica en la UAB en 2021. Durante su programa, obtuvo una beca Erasmus+ para estudiar en la Universidad T\u00e9cnica de Dinamarca (DTU). Luego, realiz\u00f3 una pasant\u00eda extracurricular en GICOM durante su cuarto a\u00f1o. Elena obtuvo una beca del programa de movilidad Europe-Colorado de la Universidad de Colorado en Boulder, lo que le permiti\u00f3 realizar su Tesis de Licenciatura sobre la Adsorci\u00f3n de Cobre con Escoria BOF utilizando Soluciones Sint\u00e9ticas e Industriales. Durante su licenciatura, particip\u00f3 en programas de emprendimiento para negocios sostenibles como The Journey (una escuela de verano del Instituto Europeo de Innovaci\u00f3n y Tecnolog\u00eda) y el Programa de Generaci\u00f3n de Ideas (un desaf\u00edo de 4 meses del Parc de Recerca de la UAB).<\/p>\n\n\n\n<p>Elena realiz\u00f3 su M\u00e1ster en Ciencias Ambientales con especializaci\u00f3n en Tecnolog\u00eda Ambiental en la Universidad y Centro de Investigaci\u00f3n de Wageningen (WUR). Su Tesis de M\u00e1ster se titul\u00f3 Reducci\u00f3n Biol\u00f3gica de Azufre Elemental a H2S para la Recuperaci\u00f3n de Metales Pesados. Durante su estancia en la WUR, tambi\u00e9n trabaj\u00f3 como investigadora y asistente docente. Regres\u00f3 a GICOM para realizar su pasant\u00eda de M\u00e1ster sobre el Efecto del Biochar en las Emisiones Gaseosas en el Compostaje del Digestato de Residuos Org\u00e1nicos. Continuar\u00e1 esta l\u00ednea de investigaci\u00f3n en su programa de doctorado. Sus supervisores son el Dr. Antoni S\u00e1nchez y el Dr. Daniel Gonz\u00e1lez.<\/p>\n","protected":false},"excerpt":{"rendered":"<p>Elena Olivera Begu\u00e9 se gradu\u00f3 en Ingenier\u00eda Qu\u00edmica en la UAB en 2021. Durante su programa, obtuvo una beca Erasmus+ para estudiar en la Universidad T\u00e9cnica de Dinamarca (DTU). Luego, realiz\u00f3 una pasant\u00eda extracurricular en GICOM durante su cuarto a\u00f1o. Elena obtuvo una beca del programa de movilidad Europe-Colorado de la Universidad de Colorado en [&hellip;]<\/p>\n","protected":false},"author":153,"featured_media":0,"parent":5516,"menu_order":0,"comment_status":"closed","ping_status":"closed","template":"","meta":{"footnotes":""},"class_list":["post-5578","page","type-page","status-publish","hentry"],"yoast_head":"<!-- This site is optimized with the Yoast SEO plugin v26.8 - https:\/\/yoast.com\/product\/yoast-seo-wordpress\/ -->\n<title>Elena Olivera - Grupo de Investigaci\u00f3n en Compostaje<\/title>\n<meta name=\"robots\" content=\"index, follow, max-snippet:-1, max-image-preview:large, max-video-preview:-1\" \/>\n<link rel=\"canonical\" href=\"https:\/\/webs.uab.cat\/gicom\/es\/equipo-gicom\/elena-olivera\/\" \/>\n<meta property=\"og:locale\" content=\"es_ES\" \/>\n<meta property=\"og:type\" content=\"article\" \/>\n<meta property=\"og:title\" content=\"Elena Olivera - Grupo de Investigaci\u00f3n en Compostaje\" \/>\n<meta property=\"og:description\" content=\"Elena Olivera Begu\u00e9 se gradu\u00f3 en Ingenier\u00eda Qu\u00edmica en la UAB en 2021. Durante su programa, obtuvo una beca Erasmus+ para estudiar en la Universidad T\u00e9cnica de Dinamarca (DTU). Luego, realiz\u00f3 una pasant\u00eda extracurricular en GICOM durante su cuarto a\u00f1o. Elena obtuvo una beca del programa de movilidad Europe-Colorado de la Universidad de Colorado en [&hellip;]\" \/>\n<meta property=\"og:url\" content=\"https:\/\/webs.uab.cat\/gicom\/es\/equipo-gicom\/elena-olivera\/\" \/>\n<meta property=\"og:site_name\" content=\"Grupo de Investigaci\u00f3n en Compostaje\" \/>\n<meta property=\"article:modified_time\" content=\"2023-10-16T14:32:44+00:00\" \/>\n<meta property=\"og:image\" content=\"https:\/\/webs.uab.cat\/gicom\/wp-content\/uploads\/sites\/206\/2023\/10\/Elena-Olivera-150x150.jpg\" \/>\n<meta name=\"twitter:card\" content=\"summary_large_image\" \/>\n<meta name=\"twitter:label1\" content=\"Tiempo de lectura\" \/>\n\t<meta name=\"twitter:data1\" content=\"1 minuto\" \/>\n<script type=\"application\/ld+json\" class=\"yoast-schema-graph\">{\"@context\":\"https:\/\/schema.org\",\"@graph\":[{\"@type\":\"WebPage\",\"@id\":\"https:\/\/webs.uab.cat\/gicom\/es\/equipo-gicom\/elena-olivera\/\",\"url\":\"https:\/\/webs.uab.cat\/gicom\/es\/equipo-gicom\/elena-olivera\/\",\"name\":\"Elena Olivera - Grupo de Investigaci\u00f3n en Compostaje\",\"isPartOf\":{\"@id\":\"https:\/\/webs.uab.cat\/gicom\/es\/#website\"},\"primaryImageOfPage\":{\"@id\":\"https:\/\/webs.uab.cat\/gicom\/es\/equipo-gicom\/elena-olivera\/#primaryimage\"},\"image\":{\"@id\":\"https:\/\/webs.uab.cat\/gicom\/es\/equipo-gicom\/elena-olivera\/#primaryimage\"},\"thumbnailUrl\":\"https:\/\/webs.uab.cat\/gicom\/wp-content\/uploads\/sites\/206\/2023\/10\/Elena-Olivera-150x150.jpg\",\"datePublished\":\"2023-10-16T14:30:17+00:00\",\"dateModified\":\"2023-10-16T14:32:44+00:00\",\"breadcrumb\":{\"@id\":\"https:\/\/webs.uab.cat\/gicom\/es\/equipo-gicom\/elena-olivera\/#breadcrumb\"},\"inLanguage\":\"es\",\"potentialAction\":[{\"@type\":\"ReadAction\",\"target\":[\"https:\/\/webs.uab.cat\/gicom\/es\/equipo-gicom\/elena-olivera\/\"]}]},{\"@type\":\"ImageObject\",\"inLanguage\":\"es\",\"@id\":\"https:\/\/webs.uab.cat\/gicom\/es\/equipo-gicom\/elena-olivera\/#primaryimage\",\"url\":\"https:\/\/webs.uab.cat\/gicom\/wp-content\/uploads\/sites\/206\/2023\/10\/Elena-Olivera-150x150.jpg\",\"contentUrl\":\"https:\/\/webs.uab.cat\/gicom\/wp-content\/uploads\/sites\/206\/2023\/10\/Elena-Olivera-150x150.jpg\"},{\"@type\":\"BreadcrumbList\",\"@id\":\"https:\/\/webs.uab.cat\/gicom\/es\/equipo-gicom\/elena-olivera\/#breadcrumb\",\"itemListElement\":[{\"@type\":\"ListItem\",\"position\":1,\"name\":\"Inici\",\"item\":\"https:\/\/webs.uab.cat\/gicom\/es\/\"},{\"@type\":\"ListItem\",\"position\":2,\"name\":\"Equipo GICOM\",\"item\":\"https:\/\/webs.uab.cat\/gicom\/es\/equipo-gicom\/\"},{\"@type\":\"ListItem\",\"position\":3,\"name\":\"Elena Olivera\"}]},{\"@type\":\"WebSite\",\"@id\":\"https:\/\/webs.uab.cat\/gicom\/es\/#website\",\"url\":\"https:\/\/webs.uab.cat\/gicom\/es\/\",\"name\":\"Grupo de Investigaci\u00f3n en Compostaje\",\"description\":\"Compostaje, bioconversi\u00f3n de residuos org\u00e1nicos y remediaci\u00f3n ambiental\",\"potentialAction\":[{\"@type\":\"SearchAction\",\"target\":{\"@type\":\"EntryPoint\",\"urlTemplate\":\"https:\/\/webs.uab.cat\/gicom\/es\/?s={search_term_string}\"},\"query-input\":{\"@type\":\"PropertyValueSpecification\",\"valueRequired\":true,\"valueName\":\"search_term_string\"}}],\"inLanguage\":\"es\"}]}<\/script>\n<!-- \/ Yoast SEO plugin. -->","yoast_head_json":{"title":"Elena Olivera - Grupo de Investigaci\u00f3n en Compostaje","robots":{"index":"index","follow":"follow","max-snippet":"max-snippet:-1","max-image-preview":"max-image-preview:large","max-video-preview":"max-video-preview:-1"},"canonical":"https:\/\/webs.uab.cat\/gicom\/es\/equipo-gicom\/elena-olivera\/","og_locale":"es_ES","og_type":"article","og_title":"Elena Olivera - Grupo de Investigaci\u00f3n en Compostaje","og_description":"Elena Olivera Begu\u00e9 se gradu\u00f3 en Ingenier\u00eda Qu\u00edmica en la UAB en 2021. Durante su programa, obtuvo una beca Erasmus+ para estudiar en la Universidad T\u00e9cnica de Dinamarca (DTU). Luego, realiz\u00f3 una pasant\u00eda extracurricular en GICOM durante su cuarto a\u00f1o. Elena obtuvo una beca del programa de movilidad Europe-Colorado de la Universidad de Colorado en [&hellip;]","og_url":"https:\/\/webs.uab.cat\/gicom\/es\/equipo-gicom\/elena-olivera\/","og_site_name":"Grupo de Investigaci\u00f3n en Compostaje","article_modified_time":"2023-10-16T14:32:44+00:00","og_image":[{"url":"https:\/\/webs.uab.cat\/gicom\/wp-content\/uploads\/sites\/206\/2023\/10\/Elena-Olivera-150x150.jpg","type":"","width":"","height":""}],"twitter_card":"summary_large_image","twitter_misc":{"Tiempo de lectura":"1 minuto"},"schema":{"@context":"https:\/\/schema.org","@graph":[{"@type":"WebPage","@id":"https:\/\/webs.uab.cat\/gicom\/es\/equipo-gicom\/elena-olivera\/","url":"https:\/\/webs.uab.cat\/gicom\/es\/equipo-gicom\/elena-olivera\/","name":"Elena Olivera - Grupo de Investigaci\u00f3n en Compostaje","isPartOf":{"@id":"https:\/\/webs.uab.cat\/gicom\/es\/#website"},"primaryImageOfPage":{"@id":"https:\/\/webs.uab.cat\/gicom\/es\/equipo-gicom\/elena-olivera\/#primaryimage"},"image":{"@id":"https:\/\/webs.uab.cat\/gicom\/es\/equipo-gicom\/elena-olivera\/#primaryimage"},"thumbnailUrl":"https:\/\/webs.uab.cat\/gicom\/wp-content\/uploads\/sites\/206\/2023\/10\/Elena-Olivera-150x150.jpg","datePublished":"2023-10-16T14:30:17+00:00","dateModified":"2023-10-16T14:32:44+00:00","breadcrumb":{"@id":"https:\/\/webs.uab.cat\/gicom\/es\/equipo-gicom\/elena-olivera\/#breadcrumb"},"inLanguage":"es","potentialAction":[{"@type":"ReadAction","target":["https:\/\/webs.uab.cat\/gicom\/es\/equipo-gicom\/elena-olivera\/"]}]},{"@type":"ImageObject","inLanguage":"es","@id":"https:\/\/webs.uab.cat\/gicom\/es\/equipo-gicom\/elena-olivera\/#primaryimage","url":"https:\/\/webs.uab.cat\/gicom\/wp-content\/uploads\/sites\/206\/2023\/10\/Elena-Olivera-150x150.jpg","contentUrl":"https:\/\/webs.uab.cat\/gicom\/wp-content\/uploads\/sites\/206\/2023\/10\/Elena-Olivera-150x150.jpg"},{"@type":"BreadcrumbList","@id":"https:\/\/webs.uab.cat\/gicom\/es\/equipo-gicom\/elena-olivera\/#breadcrumb","itemListElement":[{"@type":"ListItem","position":1,"name":"Inici","item":"https:\/\/webs.uab.cat\/gicom\/es\/"},{"@type":"ListItem","position":2,"name":"Equipo GICOM","item":"https:\/\/webs.uab.cat\/gicom\/es\/equipo-gicom\/"},{"@type":"ListItem","position":3,"name":"Elena Olivera"}]},{"@type":"WebSite","@id":"https:\/\/webs.uab.cat\/gicom\/es\/#website","url":"https:\/\/webs.uab.cat\/gicom\/es\/","name":"Grupo de Investigaci\u00f3n en Compostaje","description":"Compostaje, bioconversi\u00f3n de residuos org\u00e1nicos y remediaci\u00f3n ambiental","potentialAction":[{"@type":"SearchAction","target":{"@type":"EntryPoint","urlTemplate":"https:\/\/webs.uab.cat\/gicom\/es\/?s={search_term_string}"},"query-input":{"@type":"PropertyValueSpecification","valueRequired":true,"valueName":"search_term_string"}}],"inLanguage":"es"}]}},"_links":{"self":[{"href":"https:\/\/webs.uab.cat\/gicom\/es\/wp-json\/wp\/v2\/pages\/5578","targetHints":{"allow":["GET"]}}],"collection":[{"href":"https:\/\/webs.uab.cat\/gicom\/es\/wp-json\/wp\/v2\/pages"}],"about":[{"href":"https:\/\/webs.uab.cat\/gicom\/es\/wp-json\/wp\/v2\/types\/page"}],"author":[{"embeddable":true,"href":"https:\/\/webs.uab.cat\/gicom\/es\/wp-json\/wp\/v2\/users\/153"}],"replies":[{"embeddable":true,"href":"https:\/\/webs.uab.cat\/gicom\/es\/wp-json\/wp\/v2\/comments?post=5578"}],"version-history":[{"count":2,"href":"https:\/\/webs.uab.cat\/gicom\/es\/wp-json\/wp\/v2\/pages\/5578\/revisions"}],"predecessor-version":[{"id":5580,"href":"https:\/\/webs.uab.cat\/gicom\/es\/wp-json\/wp\/v2\/pages\/5578\/revisions\/5580"}],"up":[{"embeddable":true,"href":"https:\/\/webs.uab.cat\/gicom\/es\/wp-json\/wp\/v2\/pages\/5516"}],"wp:attachment":[{"href":"https:\/\/webs.uab.cat\/gicom\/es\/wp-json\/wp\/v2\/media?parent=5578"}],"curies":[{"name":"wp","href":"https:\/\/api.w.org\/{rel}","templated":true}]}}