{"id":5656,"date":"2023-10-30T10:45:26","date_gmt":"2023-10-30T08:45:26","guid":{"rendered":"https:\/\/webs.uab.cat\/gicom\/?page_id=5656"},"modified":"2023-10-30T10:50:23","modified_gmt":"2023-10-30T08:50:23","slug":"michel-barba","status":"publish","type":"page","link":"https:\/\/webs.uab.cat\/gicom\/es\/equipo-gicom\/michel-barba\/","title":{"rendered":"Michel Barba"},"content":{"rendered":"<div class=\"wp-block-image is-style-rounded\">\n<figure class=\"aligncenter size-thumbnail\"><img loading=\"lazy\" decoding=\"async\" width=\"150\" height=\"150\" src=\"https:\/\/webs.uab.cat\/gicom\/wp-content\/uploads\/sites\/206\/2023\/10\/Michel-Barba-150x150.jpg\" alt=\"\" class=\"wp-image-5652\" \/><\/figure>\n<\/div>\n\n\n<hr class=\"wp-block-separator has-alpha-channel-opacity\" \/>\n\n\n\n<p>Jonathan Michel Barba Godinez es originario de M\u00e9xico, estudio una licenciatura en Qu\u00edmico Farmac\u00e9utico Bi\u00f3logo por parte de la Universidad de Guadalajara especializ\u00e1ndose en liberaci\u00f3n controlada e inteligente de compuestos bioactivos y bacterias probi\u00f3ticas. Despu\u00e9s estudio un m\u00e1ster en Productos Forestales con menci\u00f3n en biomateriales sustentables en la Universidad de Guadalajara en conjunto con el Centro de Investigaci\u00f3n en Asistencia en Tecnolog\u00eda y Dise\u00f1o del Estado de Jalisco (CIATEJ A.C) centro del CONAHCYT, para llevar sus estudios de master obtuvo una beca por parte del Consejo Nacional de Humanidades, Ciencia y Tecnolog\u00eda (CONAHCYT), su tema de tesis fue el desarrollo de andamios en base de celulosa bacteriana con utilidad en regeneraci\u00f3n de tejido \u00f3seo. Durante sus estudios de posgrado realizo una estancia de investigaci\u00f3n en el Instituto de Cardiolog\u00eda de la Universidad de Ottawa en Canad\u00e1 y Realizo otra estancia de investigaci\u00f3n en la Universidad de Auburn en Alabama, USA. Actualmente, se uni\u00f3 al grupo GICOM, como estudiante de doctorado en el programa de ciencia y tecnolog\u00eda ambiental de la Universidad Aut\u00f3noma de Barcelona. Su investigaci\u00f3n esta enfocado en el an\u00e1lisis de fin de vida y degradaci\u00f3n de bater\u00edas electroqu\u00edmicas degradables. Es supervisado por la Dra. Raquel Barrena y la Dra. Teresa Gea.<\/p>\n\n\n\n<p><\/p>\n","protected":false},"excerpt":{"rendered":"<p>Jonathan Michel Barba Godinez es originario de M\u00e9xico, estudio una licenciatura en Qu\u00edmico Farmac\u00e9utico Bi\u00f3logo por parte de la Universidad de Guadalajara especializ\u00e1ndose en liberaci\u00f3n controlada e inteligente de compuestos bioactivos y bacterias probi\u00f3ticas. Despu\u00e9s estudio un m\u00e1ster en Productos Forestales con menci\u00f3n en biomateriales sustentables en la Universidad de Guadalajara en conjunto con el [&hellip;]<\/p>\n","protected":false},"author":153,"featured_media":0,"parent":5516,"menu_order":0,"comment_status":"closed","ping_status":"closed","template":"","meta":{"footnotes":""},"class_list":["post-5656","page","type-page","status-publish","hentry"],"yoast_head":"<!-- This site is optimized with the Yoast SEO plugin v26.8 - https:\/\/yoast.com\/product\/yoast-seo-wordpress\/ -->\n<title>Michel Barba - Grupo de Investigaci\u00f3n en Compostaje<\/title>\n<meta name=\"robots\" content=\"index, follow, max-snippet:-1, max-image-preview:large, max-video-preview:-1\" \/>\n<link rel=\"canonical\" href=\"https:\/\/webs.uab.cat\/gicom\/es\/equipo-gicom\/michel-barba\/\" \/>\n<meta property=\"og:locale\" content=\"es_ES\" \/>\n<meta property=\"og:type\" content=\"article\" \/>\n<meta property=\"og:title\" content=\"Michel Barba - Grupo de Investigaci\u00f3n en Compostaje\" \/>\n<meta property=\"og:description\" content=\"Jonathan Michel Barba Godinez es originario de M\u00e9xico, estudio una licenciatura en Qu\u00edmico Farmac\u00e9utico Bi\u00f3logo por parte de la Universidad de Guadalajara especializ\u00e1ndose en liberaci\u00f3n controlada e inteligente de compuestos bioactivos y bacterias probi\u00f3ticas. Despu\u00e9s estudio un m\u00e1ster en Productos Forestales con menci\u00f3n en biomateriales sustentables en la Universidad de Guadalajara en conjunto con el [&hellip;]\" \/>\n<meta property=\"og:url\" content=\"https:\/\/webs.uab.cat\/gicom\/es\/equipo-gicom\/michel-barba\/\" \/>\n<meta property=\"og:site_name\" content=\"Grupo de Investigaci\u00f3n en Compostaje\" \/>\n<meta property=\"article:modified_time\" content=\"2023-10-30T08:50:23+00:00\" \/>\n<meta property=\"og:image\" content=\"https:\/\/webs.uab.cat\/gicom\/wp-content\/uploads\/sites\/206\/2023\/10\/Michel-Barba-150x150.jpg\" \/>\n<meta name=\"twitter:card\" content=\"summary_large_image\" \/>\n<meta name=\"twitter:label1\" content=\"Tiempo de lectura\" \/>\n\t<meta name=\"twitter:data1\" content=\"1 minuto\" \/>\n<script type=\"application\/ld+json\" class=\"yoast-schema-graph\">{\"@context\":\"https:\/\/schema.org\",\"@graph\":[{\"@type\":\"WebPage\",\"@id\":\"https:\/\/webs.uab.cat\/gicom\/es\/equipo-gicom\/michel-barba\/\",\"url\":\"https:\/\/webs.uab.cat\/gicom\/es\/equipo-gicom\/michel-barba\/\",\"name\":\"Michel Barba - Grupo de Investigaci\u00f3n en Compostaje\",\"isPartOf\":{\"@id\":\"https:\/\/webs.uab.cat\/gicom\/es\/#website\"},\"primaryImageOfPage\":{\"@id\":\"https:\/\/webs.uab.cat\/gicom\/es\/equipo-gicom\/michel-barba\/#primaryimage\"},\"image\":{\"@id\":\"https:\/\/webs.uab.cat\/gicom\/es\/equipo-gicom\/michel-barba\/#primaryimage\"},\"thumbnailUrl\":\"https:\/\/webs.uab.cat\/gicom\/wp-content\/uploads\/sites\/206\/2023\/10\/Michel-Barba-150x150.jpg\",\"datePublished\":\"2023-10-30T08:45:26+00:00\",\"dateModified\":\"2023-10-30T08:50:23+00:00\",\"breadcrumb\":{\"@id\":\"https:\/\/webs.uab.cat\/gicom\/es\/equipo-gicom\/michel-barba\/#breadcrumb\"},\"inLanguage\":\"es\",\"potentialAction\":[{\"@type\":\"ReadAction\",\"target\":[\"https:\/\/webs.uab.cat\/gicom\/es\/equipo-gicom\/michel-barba\/\"]}]},{\"@type\":\"ImageObject\",\"inLanguage\":\"es\",\"@id\":\"https:\/\/webs.uab.cat\/gicom\/es\/equipo-gicom\/michel-barba\/#primaryimage\",\"url\":\"https:\/\/webs.uab.cat\/gicom\/wp-content\/uploads\/sites\/206\/2023\/10\/Michel-Barba-150x150.jpg\",\"contentUrl\":\"https:\/\/webs.uab.cat\/gicom\/wp-content\/uploads\/sites\/206\/2023\/10\/Michel-Barba-150x150.jpg\"},{\"@type\":\"BreadcrumbList\",\"@id\":\"https:\/\/webs.uab.cat\/gicom\/es\/equipo-gicom\/michel-barba\/#breadcrumb\",\"itemListElement\":[{\"@type\":\"ListItem\",\"position\":1,\"name\":\"Inici\",\"item\":\"https:\/\/webs.uab.cat\/gicom\/es\/\"},{\"@type\":\"ListItem\",\"position\":2,\"name\":\"Equipo GICOM\",\"item\":\"https:\/\/webs.uab.cat\/gicom\/es\/equipo-gicom\/\"},{\"@type\":\"ListItem\",\"position\":3,\"name\":\"Michel Barba\"}]},{\"@type\":\"WebSite\",\"@id\":\"https:\/\/webs.uab.cat\/gicom\/es\/#website\",\"url\":\"https:\/\/webs.uab.cat\/gicom\/es\/\",\"name\":\"Grupo de Investigaci\u00f3n en Compostaje\",\"description\":\"Compostaje, bioconversi\u00f3n de residuos org\u00e1nicos y remediaci\u00f3n ambiental\",\"potentialAction\":[{\"@type\":\"SearchAction\",\"target\":{\"@type\":\"EntryPoint\",\"urlTemplate\":\"https:\/\/webs.uab.cat\/gicom\/es\/?s={search_term_string}\"},\"query-input\":{\"@type\":\"PropertyValueSpecification\",\"valueRequired\":true,\"valueName\":\"search_term_string\"}}],\"inLanguage\":\"es\"}]}<\/script>\n<!-- \/ Yoast SEO plugin. -->","yoast_head_json":{"title":"Michel Barba - Grupo de Investigaci\u00f3n en Compostaje","robots":{"index":"index","follow":"follow","max-snippet":"max-snippet:-1","max-image-preview":"max-image-preview:large","max-video-preview":"max-video-preview:-1"},"canonical":"https:\/\/webs.uab.cat\/gicom\/es\/equipo-gicom\/michel-barba\/","og_locale":"es_ES","og_type":"article","og_title":"Michel Barba - Grupo de Investigaci\u00f3n en Compostaje","og_description":"Jonathan Michel Barba Godinez es originario de M\u00e9xico, estudio una licenciatura en Qu\u00edmico Farmac\u00e9utico Bi\u00f3logo por parte de la Universidad de Guadalajara especializ\u00e1ndose en liberaci\u00f3n controlada e inteligente de compuestos bioactivos y bacterias probi\u00f3ticas. Despu\u00e9s estudio un m\u00e1ster en Productos Forestales con menci\u00f3n en biomateriales sustentables en la Universidad de Guadalajara en conjunto con el [&hellip;]","og_url":"https:\/\/webs.uab.cat\/gicom\/es\/equipo-gicom\/michel-barba\/","og_site_name":"Grupo de Investigaci\u00f3n en Compostaje","article_modified_time":"2023-10-30T08:50:23+00:00","og_image":[{"url":"https:\/\/webs.uab.cat\/gicom\/wp-content\/uploads\/sites\/206\/2023\/10\/Michel-Barba-150x150.jpg","type":"","width":"","height":""}],"twitter_card":"summary_large_image","twitter_misc":{"Tiempo de lectura":"1 minuto"},"schema":{"@context":"https:\/\/schema.org","@graph":[{"@type":"WebPage","@id":"https:\/\/webs.uab.cat\/gicom\/es\/equipo-gicom\/michel-barba\/","url":"https:\/\/webs.uab.cat\/gicom\/es\/equipo-gicom\/michel-barba\/","name":"Michel Barba - Grupo de Investigaci\u00f3n en Compostaje","isPartOf":{"@id":"https:\/\/webs.uab.cat\/gicom\/es\/#website"},"primaryImageOfPage":{"@id":"https:\/\/webs.uab.cat\/gicom\/es\/equipo-gicom\/michel-barba\/#primaryimage"},"image":{"@id":"https:\/\/webs.uab.cat\/gicom\/es\/equipo-gicom\/michel-barba\/#primaryimage"},"thumbnailUrl":"https:\/\/webs.uab.cat\/gicom\/wp-content\/uploads\/sites\/206\/2023\/10\/Michel-Barba-150x150.jpg","datePublished":"2023-10-30T08:45:26+00:00","dateModified":"2023-10-30T08:50:23+00:00","breadcrumb":{"@id":"https:\/\/webs.uab.cat\/gicom\/es\/equipo-gicom\/michel-barba\/#breadcrumb"},"inLanguage":"es","potentialAction":[{"@type":"ReadAction","target":["https:\/\/webs.uab.cat\/gicom\/es\/equipo-gicom\/michel-barba\/"]}]},{"@type":"ImageObject","inLanguage":"es","@id":"https:\/\/webs.uab.cat\/gicom\/es\/equipo-gicom\/michel-barba\/#primaryimage","url":"https:\/\/webs.uab.cat\/gicom\/wp-content\/uploads\/sites\/206\/2023\/10\/Michel-Barba-150x150.jpg","contentUrl":"https:\/\/webs.uab.cat\/gicom\/wp-content\/uploads\/sites\/206\/2023\/10\/Michel-Barba-150x150.jpg"},{"@type":"BreadcrumbList","@id":"https:\/\/webs.uab.cat\/gicom\/es\/equipo-gicom\/michel-barba\/#breadcrumb","itemListElement":[{"@type":"ListItem","position":1,"name":"Inici","item":"https:\/\/webs.uab.cat\/gicom\/es\/"},{"@type":"ListItem","position":2,"name":"Equipo GICOM","item":"https:\/\/webs.uab.cat\/gicom\/es\/equipo-gicom\/"},{"@type":"ListItem","position":3,"name":"Michel Barba"}]},{"@type":"WebSite","@id":"https:\/\/webs.uab.cat\/gicom\/es\/#website","url":"https:\/\/webs.uab.cat\/gicom\/es\/","name":"Grupo de Investigaci\u00f3n en Compostaje","description":"Compostaje, bioconversi\u00f3n de residuos org\u00e1nicos y remediaci\u00f3n ambiental","potentialAction":[{"@type":"SearchAction","target":{"@type":"EntryPoint","urlTemplate":"https:\/\/webs.uab.cat\/gicom\/es\/?s={search_term_string}"},"query-input":{"@type":"PropertyValueSpecification","valueRequired":true,"valueName":"search_term_string"}}],"inLanguage":"es"}]}},"_links":{"self":[{"href":"https:\/\/webs.uab.cat\/gicom\/es\/wp-json\/wp\/v2\/pages\/5656","targetHints":{"allow":["GET"]}}],"collection":[{"href":"https:\/\/webs.uab.cat\/gicom\/es\/wp-json\/wp\/v2\/pages"}],"about":[{"href":"https:\/\/webs.uab.cat\/gicom\/es\/wp-json\/wp\/v2\/types\/page"}],"author":[{"embeddable":true,"href":"https:\/\/webs.uab.cat\/gicom\/es\/wp-json\/wp\/v2\/users\/153"}],"replies":[{"embeddable":true,"href":"https:\/\/webs.uab.cat\/gicom\/es\/wp-json\/wp\/v2\/comments?post=5656"}],"version-history":[{"count":1,"href":"https:\/\/webs.uab.cat\/gicom\/es\/wp-json\/wp\/v2\/pages\/5656\/revisions"}],"predecessor-version":[{"id":5657,"href":"https:\/\/webs.uab.cat\/gicom\/es\/wp-json\/wp\/v2\/pages\/5656\/revisions\/5657"}],"up":[{"embeddable":true,"href":"https:\/\/webs.uab.cat\/gicom\/es\/wp-json\/wp\/v2\/pages\/5516"}],"wp:attachment":[{"href":"https:\/\/webs.uab.cat\/gicom\/es\/wp-json\/wp\/v2\/media?parent=5656"}],"curies":[{"name":"wp","href":"https:\/\/api.w.org\/{rel}","templated":true}]}}