{"id":5671,"date":"2023-11-15T17:26:50","date_gmt":"2023-11-15T15:26:50","guid":{"rendered":"https:\/\/webs.uab.cat\/gicom\/?page_id=5671"},"modified":"2023-11-15T17:52:08","modified_gmt":"2023-11-15T15:52:08","slug":"nuevos-catalizadores-para-el-aprovechamiento-del-biogas","status":"publish","type":"page","link":"https:\/\/webs.uab.cat\/gicom\/es\/nuevos-catalizadores-para-el-aprovechamiento-del-biogas\/","title":{"rendered":"Nuevos catalizadores para el aprovechamiento del Biog\u00e1s"},"content":{"rendered":"\n<p><strong>El biog\u00e1s es una opci\u00f3n prometedora como recurso renovable, pero su composici\u00f3n incluye algunas impurezas, como el di\u00f3xido de carbono. Investigadores de grupo GICOM han utilizado catalizadores basados en nanopart\u00edculas de cobre inmovilizadas en soportes estables, como el quitosano o el biochar, por la conversi\u00f3n de di\u00f3xido de carbono a metanol. Esta innovaci\u00f3n abre sus puertas a un futuro m\u00e1s sostenible y energ\u00e9ticamente eficiente.<\/strong><\/p>\n\n\n\n<p>En el marco actual de las continuas crisis energ\u00e9ticas mundiales, que tienen su ra\u00edz en una disposici\u00f3n no uniforme de las fuentes de energ\u00eda basadas en el uso de combustibles f\u00f3siles, las fuentes de energ\u00eda renovable han adquirido una importancia muy relevante. Dentro del conjunto de energ\u00edas renovables, una de las que ha tenido un crecimiento exponencial en los \u00faltimos a\u00f1os es el biog\u00e1s.<\/p>\n\n\n\n<p>El biog\u00e1s se obtiene de residuos org\u00e1nicos a partir de un proceso biol\u00f3gico y, en consecuencia, est\u00e1 disponible localmente en todas partes. Concretamente, se consigue a partir de la digesti\u00f3n anaerobia de residuos, un proceso de biodegradaci\u00f3n de residuos org\u00e1nicos que tiene lugar en grandes reactores, donde la materia org\u00e1nica contenida se transforma en biog\u00e1s. El componente mayoritario de este gas es el metano, al igual que el gas natural no renovable. Por tanto, la importancia del biog\u00e1s como vector energ\u00e9tico y como sustituto del gas natural es fundamental.<\/p>\n\n\n\n<p>Sin embargo, el biog\u00e1s contiene, adem\u00e1s de metano, di\u00f3xido de carbono y otras impurezas. La limpieza de estas impurezas del biog\u00e1s ha sido ampliamente estudiada, pero la eliminaci\u00f3n o conversi\u00f3n del di\u00f3xido de carbono (que se puede encontrar en concentraciones de hasta el 50% en el biog\u00e1s) es especialmente importante si este biog\u00e1s debe ser mayoritariamente biometano, de forma que pueda usarse en las redes actuales de gas natural. En este sentido, la propuesta del proyecto&nbsp;<a href=\"https:\/\/www.uab.cat\/web\/detall-de-noticia\/esprement-el-proces-de-digestio-anaerobia-1345469002000.html?noticiaid=1345886666213\" target=\"_blank\" rel=\"noreferrer noopener\">Squeezer<\/a>&nbsp;del&nbsp;<a href=\"https:\/\/webs.uab.cat\/gicom\/\" target=\"_blank\" rel=\"noreferrer noopener\">Grupo GICOM<\/a>&nbsp;busca transformar el di\u00f3xido de carbono en metanol, un l\u00edquido de f\u00e1cil manipulaci\u00f3n y otra fuente de energ\u00eda en alza.<\/p>\n\n\n\n<p>En nuestro art\u00edculo publicado, este proceso de conversi\u00f3n del di\u00f3xido de carbono del biog\u00e1s en metanol lo hemos llevado a cabo utilizando hidr\u00f3geno y nuevos catalizadores basados en nanopart\u00edculas de cobre inmovilizadas en soportes estables como el quitosano, que es un polisac\u00e1rido que se obtiene a partir de la quitina. Los resultados han sido muy prometedores, obteniendo un catalizador con buenos rendimientos y selectividad, as\u00ed como una actividad continuada y con altas posibilidades de reutilizaci\u00f3n.<\/p>\n\n\n\n<p>Recientemente, tambi\u00e9n hemos estado probando catalizadores donde las nanopart\u00edculas se inmovilizan en biochar, un material con alta porosidad que se obtiene a partir de residuos forestales. Este material tambi\u00e9n est\u00e1 teniendo un gran inter\u00e9s como fuente de carbono altamente estable en aplicaciones diversas, como fertilizante y aditivo que mejora los procesos de compostaje y digesti\u00f3n anaerobia.<\/p>\n\n\n\n<figure class=\"wp-block-image size-full\"><img loading=\"lazy\" decoding=\"async\" width=\"1000\" height=\"368\" src=\"https:\/\/webs.uab.cat\/gicom\/wp-content\/uploads\/sites\/206\/2023\/11\/Catalitzadors.jpg\" alt=\"\" class=\"wp-image-5664\" srcset=\"https:\/\/webs.uab.cat\/gicom\/wp-content\/uploads\/sites\/206\/2023\/11\/Catalitzadors.jpg 1000w, https:\/\/webs.uab.cat\/gicom\/wp-content\/uploads\/sites\/206\/2023\/11\/Catalitzadors-300x110.jpg 300w, https:\/\/webs.uab.cat\/gicom\/wp-content\/uploads\/sites\/206\/2023\/11\/Catalitzadors-768x283.jpg 768w\" sizes=\"auto, (max-width: 1000px) 100vw, 1000px\" \/><\/figure>\n\n\n\n<p class=\"has-small-font-size\"><em>Imagen&nbsp;de microscop\u00eda electr\u00f3nica de rastreo donde se puede observar los soportes&nbsp;estables estudiados,&nbsp;el quitosano (derecha) y el biochar (izquierda),&nbsp;para inmovilizar las nanopart\u00edculas de cobre catalizadoras de la conversi\u00f3n de di\u00f3xido de carbono a metanol.<\/em><\/p>\n\n\n\n<p>En definitiva, el art\u00edculo destaca el prometedor avance en la conversi\u00f3n del di\u00f3xido de carbono del biog\u00e1s en metanol mediante el uso de nuevos catalizadores basados en nanopart\u00edculas de cobre inmovilizadas en soportes estables, quitosano y biochar. Esta investigaci\u00f3n es clave para la mejora de procesos de compostaje y digesti\u00f3n anaer\u00f3bica aplicada en las \u00e1reas de transici\u00f3n a energ\u00edas renovables.<\/p>\n\n\n\n<figure class=\"wp-block-image size-large\"><img loading=\"lazy\" decoding=\"async\" width=\"1024\" height=\"179\" src=\"https:\/\/webs.uab.cat\/gicom\/wp-content\/uploads\/sites\/206\/2023\/11\/Logo-PRTyR-1024x179.jpg\" alt=\"\" class=\"wp-image-5668\" srcset=\"https:\/\/webs.uab.cat\/gicom\/wp-content\/uploads\/sites\/206\/2023\/11\/Logo-PRTyR-1024x179.jpg 1024w, https:\/\/webs.uab.cat\/gicom\/wp-content\/uploads\/sites\/206\/2023\/11\/Logo-PRTyR-300x53.jpg 300w, https:\/\/webs.uab.cat\/gicom\/wp-content\/uploads\/sites\/206\/2023\/11\/Logo-PRTyR-768x134.jpg 768w, https:\/\/webs.uab.cat\/gicom\/wp-content\/uploads\/sites\/206\/2023\/11\/Logo-PRTyR-1200x210.jpg 1200w, https:\/\/webs.uab.cat\/gicom\/wp-content\/uploads\/sites\/206\/2023\/11\/Logo-PRTyR.jpg 1342w\" sizes=\"auto, (max-width: 1024px) 100vw, 1024px\" \/><\/figure>\n\n\n\n<h3 class=\"wp-block-heading\">Referencias<\/h3>\n\n\n\n<p>Seyed Alireza Vali, Ahmad Abo Markeb, Javier Moral-Vico, Xavier Font, Antoni S\u00e1nchez.&nbsp;<strong>A novel Cu-based catalyst supported in chitosan nanoparticles for the hydrogenation of carbon dioxide to methanol: From the optimization of the catalyst performance to the reaction mechanism.<\/strong>&nbsp;<em>Catalysis Communications<\/em>, 182, 2023, 106747.&nbsp;<a href=\"https:\/\/doi.org\/10.1016\/j.catcom.2023.106747\" target=\"_blank\" rel=\"noreferrer noopener\">https:\/\/doi.org\/10.1016\/j.catcom.2023.106747<\/a><\/p>\n","protected":false},"excerpt":{"rendered":"<p>El biog\u00e1s es una opci\u00f3n prometedora como recurso renovable, pero su composici\u00f3n incluye algunas impurezas, como el di\u00f3xido de carbono. Investigadores de grupo GICOM han utilizado catalizadores basados en nanopart\u00edculas de cobre inmovilizadas en soportes estables, como el quitosano o el biochar, por la conversi\u00f3n de di\u00f3xido de carbono a metanol. Esta innovaci\u00f3n abre sus [&hellip;]<\/p>\n","protected":false},"author":153,"featured_media":0,"parent":0,"menu_order":0,"comment_status":"closed","ping_status":"closed","template":"","meta":{"footnotes":""},"class_list":["post-5671","page","type-page","status-publish","hentry"],"yoast_head":"<!-- This site is optimized with the Yoast SEO plugin v26.8 - https:\/\/yoast.com\/product\/yoast-seo-wordpress\/ -->\n<title>Nuevos catalizadores para el aprovechamiento del Biog\u00e1s - Grupo de Investigaci\u00f3n en Compostaje<\/title>\n<meta name=\"robots\" content=\"index, follow, max-snippet:-1, max-image-preview:large, max-video-preview:-1\" \/>\n<link rel=\"canonical\" href=\"https:\/\/webs.uab.cat\/gicom\/es\/nuevos-catalizadores-para-el-aprovechamiento-del-biogas\/\" \/>\n<meta property=\"og:locale\" content=\"es_ES\" \/>\n<meta property=\"og:type\" content=\"article\" \/>\n<meta property=\"og:title\" content=\"Nuevos catalizadores para el aprovechamiento del Biog\u00e1s - Grupo de Investigaci\u00f3n en Compostaje\" \/>\n<meta property=\"og:description\" content=\"El biog\u00e1s es una opci\u00f3n prometedora como recurso renovable, pero su composici\u00f3n incluye algunas impurezas, como el di\u00f3xido de carbono. Investigadores de grupo GICOM han utilizado catalizadores basados en nanopart\u00edculas de cobre inmovilizadas en soportes estables, como el quitosano o el biochar, por la conversi\u00f3n de di\u00f3xido de carbono a metanol. Esta innovaci\u00f3n abre sus [&hellip;]\" \/>\n<meta property=\"og:url\" content=\"https:\/\/webs.uab.cat\/gicom\/es\/nuevos-catalizadores-para-el-aprovechamiento-del-biogas\/\" \/>\n<meta property=\"og:site_name\" content=\"Grupo de Investigaci\u00f3n en Compostaje\" \/>\n<meta property=\"article:modified_time\" content=\"2023-11-15T15:52:08+00:00\" \/>\n<meta property=\"og:image\" content=\"https:\/\/webs.uab.cat\/gicom\/wp-content\/uploads\/sites\/206\/2023\/11\/Catalitzadors.jpg\" \/>\n<meta name=\"twitter:card\" content=\"summary_large_image\" \/>\n<meta name=\"twitter:label1\" content=\"Tiempo de lectura\" \/>\n\t<meta name=\"twitter:data1\" content=\"3 minutos\" \/>\n<script type=\"application\/ld+json\" class=\"yoast-schema-graph\">{\"@context\":\"https:\/\/schema.org\",\"@graph\":[{\"@type\":\"WebPage\",\"@id\":\"https:\/\/webs.uab.cat\/gicom\/es\/nuevos-catalizadores-para-el-aprovechamiento-del-biogas\/\",\"url\":\"https:\/\/webs.uab.cat\/gicom\/es\/nuevos-catalizadores-para-el-aprovechamiento-del-biogas\/\",\"name\":\"Nuevos catalizadores para el aprovechamiento del Biog\u00e1s - Grupo de Investigaci\u00f3n en Compostaje\",\"isPartOf\":{\"@id\":\"https:\/\/webs.uab.cat\/gicom\/es\/#website\"},\"primaryImageOfPage\":{\"@id\":\"https:\/\/webs.uab.cat\/gicom\/es\/nuevos-catalizadores-para-el-aprovechamiento-del-biogas\/#primaryimage\"},\"image\":{\"@id\":\"https:\/\/webs.uab.cat\/gicom\/es\/nuevos-catalizadores-para-el-aprovechamiento-del-biogas\/#primaryimage\"},\"thumbnailUrl\":\"https:\/\/webs.uab.cat\/gicom\/wp-content\/uploads\/sites\/206\/2023\/11\/Catalitzadors.jpg\",\"datePublished\":\"2023-11-15T15:26:50+00:00\",\"dateModified\":\"2023-11-15T15:52:08+00:00\",\"breadcrumb\":{\"@id\":\"https:\/\/webs.uab.cat\/gicom\/es\/nuevos-catalizadores-para-el-aprovechamiento-del-biogas\/#breadcrumb\"},\"inLanguage\":\"es\",\"potentialAction\":[{\"@type\":\"ReadAction\",\"target\":[\"https:\/\/webs.uab.cat\/gicom\/es\/nuevos-catalizadores-para-el-aprovechamiento-del-biogas\/\"]}]},{\"@type\":\"ImageObject\",\"inLanguage\":\"es\",\"@id\":\"https:\/\/webs.uab.cat\/gicom\/es\/nuevos-catalizadores-para-el-aprovechamiento-del-biogas\/#primaryimage\",\"url\":\"https:\/\/webs.uab.cat\/gicom\/wp-content\/uploads\/sites\/206\/2023\/11\/Catalitzadors.jpg\",\"contentUrl\":\"https:\/\/webs.uab.cat\/gicom\/wp-content\/uploads\/sites\/206\/2023\/11\/Catalitzadors.jpg\"},{\"@type\":\"BreadcrumbList\",\"@id\":\"https:\/\/webs.uab.cat\/gicom\/es\/nuevos-catalizadores-para-el-aprovechamiento-del-biogas\/#breadcrumb\",\"itemListElement\":[{\"@type\":\"ListItem\",\"position\":1,\"name\":\"Inici\",\"item\":\"https:\/\/webs.uab.cat\/gicom\/es\/\"},{\"@type\":\"ListItem\",\"position\":2,\"name\":\"Nuevos catalizadores para el aprovechamiento del Biog\u00e1s\"}]},{\"@type\":\"WebSite\",\"@id\":\"https:\/\/webs.uab.cat\/gicom\/es\/#website\",\"url\":\"https:\/\/webs.uab.cat\/gicom\/es\/\",\"name\":\"Grupo de Investigaci\u00f3n en Compostaje\",\"description\":\"Compostaje, bioconversi\u00f3n de residuos org\u00e1nicos y remediaci\u00f3n ambiental\",\"potentialAction\":[{\"@type\":\"SearchAction\",\"target\":{\"@type\":\"EntryPoint\",\"urlTemplate\":\"https:\/\/webs.uab.cat\/gicom\/es\/?s={search_term_string}\"},\"query-input\":{\"@type\":\"PropertyValueSpecification\",\"valueRequired\":true,\"valueName\":\"search_term_string\"}}],\"inLanguage\":\"es\"}]}<\/script>\n<!-- \/ Yoast SEO plugin. -->","yoast_head_json":{"title":"Nuevos catalizadores para el aprovechamiento del Biog\u00e1s - Grupo de Investigaci\u00f3n en Compostaje","robots":{"index":"index","follow":"follow","max-snippet":"max-snippet:-1","max-image-preview":"max-image-preview:large","max-video-preview":"max-video-preview:-1"},"canonical":"https:\/\/webs.uab.cat\/gicom\/es\/nuevos-catalizadores-para-el-aprovechamiento-del-biogas\/","og_locale":"es_ES","og_type":"article","og_title":"Nuevos catalizadores para el aprovechamiento del Biog\u00e1s - Grupo de Investigaci\u00f3n en Compostaje","og_description":"El biog\u00e1s es una opci\u00f3n prometedora como recurso renovable, pero su composici\u00f3n incluye algunas impurezas, como el di\u00f3xido de carbono. Investigadores de grupo GICOM han utilizado catalizadores basados en nanopart\u00edculas de cobre inmovilizadas en soportes estables, como el quitosano o el biochar, por la conversi\u00f3n de di\u00f3xido de carbono a metanol. Esta innovaci\u00f3n abre sus [&hellip;]","og_url":"https:\/\/webs.uab.cat\/gicom\/es\/nuevos-catalizadores-para-el-aprovechamiento-del-biogas\/","og_site_name":"Grupo de Investigaci\u00f3n en Compostaje","article_modified_time":"2023-11-15T15:52:08+00:00","og_image":[{"url":"https:\/\/webs.uab.cat\/gicom\/wp-content\/uploads\/sites\/206\/2023\/11\/Catalitzadors.jpg","type":"","width":"","height":""}],"twitter_card":"summary_large_image","twitter_misc":{"Tiempo de lectura":"3 minutos"},"schema":{"@context":"https:\/\/schema.org","@graph":[{"@type":"WebPage","@id":"https:\/\/webs.uab.cat\/gicom\/es\/nuevos-catalizadores-para-el-aprovechamiento-del-biogas\/","url":"https:\/\/webs.uab.cat\/gicom\/es\/nuevos-catalizadores-para-el-aprovechamiento-del-biogas\/","name":"Nuevos catalizadores para el aprovechamiento del Biog\u00e1s - Grupo de Investigaci\u00f3n en Compostaje","isPartOf":{"@id":"https:\/\/webs.uab.cat\/gicom\/es\/#website"},"primaryImageOfPage":{"@id":"https:\/\/webs.uab.cat\/gicom\/es\/nuevos-catalizadores-para-el-aprovechamiento-del-biogas\/#primaryimage"},"image":{"@id":"https:\/\/webs.uab.cat\/gicom\/es\/nuevos-catalizadores-para-el-aprovechamiento-del-biogas\/#primaryimage"},"thumbnailUrl":"https:\/\/webs.uab.cat\/gicom\/wp-content\/uploads\/sites\/206\/2023\/11\/Catalitzadors.jpg","datePublished":"2023-11-15T15:26:50+00:00","dateModified":"2023-11-15T15:52:08+00:00","breadcrumb":{"@id":"https:\/\/webs.uab.cat\/gicom\/es\/nuevos-catalizadores-para-el-aprovechamiento-del-biogas\/#breadcrumb"},"inLanguage":"es","potentialAction":[{"@type":"ReadAction","target":["https:\/\/webs.uab.cat\/gicom\/es\/nuevos-catalizadores-para-el-aprovechamiento-del-biogas\/"]}]},{"@type":"ImageObject","inLanguage":"es","@id":"https:\/\/webs.uab.cat\/gicom\/es\/nuevos-catalizadores-para-el-aprovechamiento-del-biogas\/#primaryimage","url":"https:\/\/webs.uab.cat\/gicom\/wp-content\/uploads\/sites\/206\/2023\/11\/Catalitzadors.jpg","contentUrl":"https:\/\/webs.uab.cat\/gicom\/wp-content\/uploads\/sites\/206\/2023\/11\/Catalitzadors.jpg"},{"@type":"BreadcrumbList","@id":"https:\/\/webs.uab.cat\/gicom\/es\/nuevos-catalizadores-para-el-aprovechamiento-del-biogas\/#breadcrumb","itemListElement":[{"@type":"ListItem","position":1,"name":"Inici","item":"https:\/\/webs.uab.cat\/gicom\/es\/"},{"@type":"ListItem","position":2,"name":"Nuevos catalizadores para el aprovechamiento del Biog\u00e1s"}]},{"@type":"WebSite","@id":"https:\/\/webs.uab.cat\/gicom\/es\/#website","url":"https:\/\/webs.uab.cat\/gicom\/es\/","name":"Grupo de Investigaci\u00f3n en Compostaje","description":"Compostaje, bioconversi\u00f3n de residuos org\u00e1nicos y remediaci\u00f3n ambiental","potentialAction":[{"@type":"SearchAction","target":{"@type":"EntryPoint","urlTemplate":"https:\/\/webs.uab.cat\/gicom\/es\/?s={search_term_string}"},"query-input":{"@type":"PropertyValueSpecification","valueRequired":true,"valueName":"search_term_string"}}],"inLanguage":"es"}]}},"_links":{"self":[{"href":"https:\/\/webs.uab.cat\/gicom\/es\/wp-json\/wp\/v2\/pages\/5671","targetHints":{"allow":["GET"]}}],"collection":[{"href":"https:\/\/webs.uab.cat\/gicom\/es\/wp-json\/wp\/v2\/pages"}],"about":[{"href":"https:\/\/webs.uab.cat\/gicom\/es\/wp-json\/wp\/v2\/types\/page"}],"author":[{"embeddable":true,"href":"https:\/\/webs.uab.cat\/gicom\/es\/wp-json\/wp\/v2\/users\/153"}],"replies":[{"embeddable":true,"href":"https:\/\/webs.uab.cat\/gicom\/es\/wp-json\/wp\/v2\/comments?post=5671"}],"version-history":[{"count":3,"href":"https:\/\/webs.uab.cat\/gicom\/es\/wp-json\/wp\/v2\/pages\/5671\/revisions"}],"predecessor-version":[{"id":5688,"href":"https:\/\/webs.uab.cat\/gicom\/es\/wp-json\/wp\/v2\/pages\/5671\/revisions\/5688"}],"wp:attachment":[{"href":"https:\/\/webs.uab.cat\/gicom\/es\/wp-json\/wp\/v2\/media?parent=5671"}],"curies":[{"name":"wp","href":"https:\/\/api.w.org\/{rel}","templated":true}]}}