{"id":5788,"date":"2025-02-19T12:50:26","date_gmt":"2025-02-19T10:50:26","guid":{"rendered":"https:\/\/webs.uab.cat\/gicom\/?page_id=5788"},"modified":"2025-02-19T13:45:45","modified_gmt":"2025-02-19T11:45:45","slug":"zhongzhong-wang","status":"publish","type":"page","link":"https:\/\/webs.uab.cat\/gicom\/es\/equipo-gicom\/zhongzhong-wang\/","title":{"rendered":"Zhongzhong Wang"},"content":{"rendered":"<div class=\"wp-block-image is-style-rounded\">\n<figure class=\"aligncenter size-thumbnail\"><img loading=\"lazy\" decoding=\"async\" width=\"150\" height=\"150\" src=\"https:\/\/webs.uab.cat\/gicom\/wp-content\/uploads\/sites\/206\/2025\/02\/zhongzhong-150x150.jpg\" alt=\"Image of Zhongzhong Wang\" class=\"wp-image-5751\" srcset=\"https:\/\/webs.uab.cat\/gicom\/wp-content\/uploads\/sites\/206\/2025\/02\/zhongzhong-150x150.jpg 150w, https:\/\/webs.uab.cat\/gicom\/wp-content\/uploads\/sites\/206\/2025\/02\/zhongzhong.jpg 280w\" sizes=\"auto, (max-width: 150px) 100vw, 150px\" \/><\/figure>\n<\/div>\n\n\n<p>El Dr. Zhongzhong Wang es un ingeniero ambiental e investigador cient\u00edfico especializado en tecnolog\u00eda microbiana y en la recuperaci\u00f3n de energ\u00eda y recursos a partir de residuos s\u00f3lidos org\u00e1nicos. Obtuvo su doctorado en noviembre de 2022 en la Universidad de Galway, Irlanda, y actualmente es investigador postdoctoral Marie Sk\u0142odowska-Curie en el grupo GICOM de la UAB. Su investigaci\u00f3n se centra en la mejora mediante nanomateriales del biorreactor anaerobio de membrana psicr\u00f3filo (<a href=\"https:\/\/x.com\/Nano4PAnMBR\">Nano4PAnMBR<\/a>) para la recuperaci\u00f3n sostenible de bioenerg\u00eda a partir de residuos org\u00e1nicos, un proyecto financiado en el marco de Horizon Europe. Su trabajo se enfoca en mejorar la eficiencia de la digesti\u00f3n anaerobia en condiciones de baja temperatura mediante la integraci\u00f3n de nanomateriales (por ejemplo, nanoescala ZVI) y biorreactores de membrana, contribuyendo al desarrollo de tecnolog\u00edas avanzadas y sostenibles de bioenerg\u00eda. Adem\u00e1s, explora la fermentaci\u00f3n en estado s\u00f3lido y la recuperaci\u00f3n de recursos a partir de residuos org\u00e1nicos, con el objetivo de desarrollar soluciones biotecnol\u00f3gicas innovadoras que impulsen una bioeconom\u00eda circular.<\/p>\n\n\n\n<p>M\u00e1s all\u00e1 de la investigaci\u00f3n en bioenerg\u00eda, el Dr. Wang investiga la desnitrificaci\u00f3n autotr\u00f3fica mediante pirita, evaluando su potencial para la eliminaci\u00f3n de nitr\u00f3geno en sistemas de tratamiento de aguas residuales. Sus intereses de investigaci\u00f3n abarcan tambi\u00e9n tecnolog\u00edas avanzadas de reutilizaci\u00f3n y tratamiento de aguas residuales, con un enfoque en el desarrollo de soluciones sostenibles y eficientes para la reutilizaci\u00f3n del agua. Su trabajo busca avanzar en los campos de la biotecnolog\u00eda ambiental, la ingenier\u00eda de procesos microbianos y la gesti\u00f3n sostenible de recursos, abordando los principales desaf\u00edos en la conversi\u00f3n de residuos en energ\u00eda y en el tratamiento de aguas residuales.<\/p>\n\n\n\n<p><\/p>\n\n\n\n<div class=\"wp-block-buttons is-layout-flex wp-block-buttons-is-layout-flex\">\n<div class=\"wp-block-button\"><a class=\"wp-block-button__link wp-element-button\" href=\"https:\/\/portalrecerca.uab.cat\/ca\/persons\/wang-zhongzhong\">POrtal de recerca UAB<\/a><\/div>\n\n\n\n<div class=\"wp-block-button\"><a class=\"wp-block-button__link wp-element-button\" href=\"https:\/\/orcid.org\/0009-0009-1573-6137\" target=\"_blank\" rel=\"noreferrer noopener\">ORCID<\/a><\/div>\n<\/div>\n\n\n\n<hr class=\"wp-block-separator has-css-opacity is-style-default\" \/>\n","protected":false},"excerpt":{"rendered":"<p>El Dr. Zhongzhong Wang es un ingeniero ambiental e investigador cient\u00edfico especializado en tecnolog\u00eda microbiana y en la recuperaci\u00f3n de energ\u00eda y recursos a partir de residuos s\u00f3lidos org\u00e1nicos. Obtuvo su doctorado en noviembre de 2022 en la Universidad de Galway, Irlanda, y actualmente es investigador postdoctoral Marie Sk\u0142odowska-Curie en el grupo GICOM de la [&hellip;]<\/p>\n","protected":false},"author":153,"featured_media":0,"parent":5516,"menu_order":0,"comment_status":"closed","ping_status":"closed","template":"","meta":{"footnotes":""},"class_list":["post-5788","page","type-page","status-publish","hentry"],"yoast_head":"<!-- This site is optimized with the Yoast SEO plugin v26.8 - https:\/\/yoast.com\/product\/yoast-seo-wordpress\/ -->\n<title>Zhongzhong Wang - Grupo de Investigaci\u00f3n en Compostaje<\/title>\n<meta name=\"robots\" content=\"index, follow, max-snippet:-1, max-image-preview:large, max-video-preview:-1\" \/>\n<link rel=\"canonical\" href=\"https:\/\/webs.uab.cat\/gicom\/es\/equipo-gicom\/zhongzhong-wang\/\" \/>\n<meta property=\"og:locale\" content=\"es_ES\" \/>\n<meta property=\"og:type\" content=\"article\" \/>\n<meta property=\"og:title\" content=\"Zhongzhong Wang - Grupo de Investigaci\u00f3n en Compostaje\" \/>\n<meta property=\"og:description\" content=\"El Dr. Zhongzhong Wang es un ingeniero ambiental e investigador cient\u00edfico especializado en tecnolog\u00eda microbiana y en la recuperaci\u00f3n de energ\u00eda y recursos a partir de residuos s\u00f3lidos org\u00e1nicos. Obtuvo su doctorado en noviembre de 2022 en la Universidad de Galway, Irlanda, y actualmente es investigador postdoctoral Marie Sk\u0142odowska-Curie en el grupo GICOM de la [&hellip;]\" \/>\n<meta property=\"og:url\" content=\"https:\/\/webs.uab.cat\/gicom\/es\/equipo-gicom\/zhongzhong-wang\/\" \/>\n<meta property=\"og:site_name\" content=\"Grupo de Investigaci\u00f3n en Compostaje\" \/>\n<meta property=\"article:modified_time\" content=\"2025-02-19T11:45:45+00:00\" \/>\n<meta property=\"og:image\" content=\"https:\/\/webs.uab.cat\/gicom\/wp-content\/uploads\/sites\/206\/2025\/02\/zhongzhong.jpg\" \/>\n\t<meta property=\"og:image:width\" content=\"280\" \/>\n\t<meta property=\"og:image:height\" content=\"280\" \/>\n\t<meta property=\"og:image:type\" content=\"image\/jpeg\" \/>\n<meta name=\"twitter:card\" content=\"summary_large_image\" \/>\n<meta name=\"twitter:label1\" content=\"Tiempo de lectura\" \/>\n\t<meta name=\"twitter:data1\" content=\"2 minutos\" \/>\n<script type=\"application\/ld+json\" class=\"yoast-schema-graph\">{\"@context\":\"https:\/\/schema.org\",\"@graph\":[{\"@type\":\"WebPage\",\"@id\":\"https:\/\/webs.uab.cat\/gicom\/es\/equipo-gicom\/zhongzhong-wang\/\",\"url\":\"https:\/\/webs.uab.cat\/gicom\/es\/equipo-gicom\/zhongzhong-wang\/\",\"name\":\"Zhongzhong Wang - Grupo de Investigaci\u00f3n en Compostaje\",\"isPartOf\":{\"@id\":\"https:\/\/webs.uab.cat\/gicom\/es\/#website\"},\"primaryImageOfPage\":{\"@id\":\"https:\/\/webs.uab.cat\/gicom\/es\/equipo-gicom\/zhongzhong-wang\/#primaryimage\"},\"image\":{\"@id\":\"https:\/\/webs.uab.cat\/gicom\/es\/equipo-gicom\/zhongzhong-wang\/#primaryimage\"},\"thumbnailUrl\":\"https:\/\/webs.uab.cat\/gicom\/wp-content\/uploads\/sites\/206\/2025\/02\/zhongzhong-150x150.jpg\",\"datePublished\":\"2025-02-19T10:50:26+00:00\",\"dateModified\":\"2025-02-19T11:45:45+00:00\",\"breadcrumb\":{\"@id\":\"https:\/\/webs.uab.cat\/gicom\/es\/equipo-gicom\/zhongzhong-wang\/#breadcrumb\"},\"inLanguage\":\"es\",\"potentialAction\":[{\"@type\":\"ReadAction\",\"target\":[\"https:\/\/webs.uab.cat\/gicom\/es\/equipo-gicom\/zhongzhong-wang\/\"]}]},{\"@type\":\"ImageObject\",\"inLanguage\":\"es\",\"@id\":\"https:\/\/webs.uab.cat\/gicom\/es\/equipo-gicom\/zhongzhong-wang\/#primaryimage\",\"url\":\"https:\/\/webs.uab.cat\/gicom\/wp-content\/uploads\/sites\/206\/2025\/02\/zhongzhong-150x150.jpg\",\"contentUrl\":\"https:\/\/webs.uab.cat\/gicom\/wp-content\/uploads\/sites\/206\/2025\/02\/zhongzhong-150x150.jpg\"},{\"@type\":\"BreadcrumbList\",\"@id\":\"https:\/\/webs.uab.cat\/gicom\/es\/equipo-gicom\/zhongzhong-wang\/#breadcrumb\",\"itemListElement\":[{\"@type\":\"ListItem\",\"position\":1,\"name\":\"Inici\",\"item\":\"https:\/\/webs.uab.cat\/gicom\/es\/\"},{\"@type\":\"ListItem\",\"position\":2,\"name\":\"Equipo GICOM\",\"item\":\"https:\/\/webs.uab.cat\/gicom\/es\/equipo-gicom\/\"},{\"@type\":\"ListItem\",\"position\":3,\"name\":\"Zhongzhong Wang\"}]},{\"@type\":\"WebSite\",\"@id\":\"https:\/\/webs.uab.cat\/gicom\/es\/#website\",\"url\":\"https:\/\/webs.uab.cat\/gicom\/es\/\",\"name\":\"Grupo de Investigaci\u00f3n en Compostaje\",\"description\":\"Compostaje, bioconversi\u00f3n de residuos org\u00e1nicos y remediaci\u00f3n ambiental\",\"potentialAction\":[{\"@type\":\"SearchAction\",\"target\":{\"@type\":\"EntryPoint\",\"urlTemplate\":\"https:\/\/webs.uab.cat\/gicom\/es\/?s={search_term_string}\"},\"query-input\":{\"@type\":\"PropertyValueSpecification\",\"valueRequired\":true,\"valueName\":\"search_term_string\"}}],\"inLanguage\":\"es\"}]}<\/script>\n<!-- \/ Yoast SEO plugin. -->","yoast_head_json":{"title":"Zhongzhong Wang - Grupo de Investigaci\u00f3n en Compostaje","robots":{"index":"index","follow":"follow","max-snippet":"max-snippet:-1","max-image-preview":"max-image-preview:large","max-video-preview":"max-video-preview:-1"},"canonical":"https:\/\/webs.uab.cat\/gicom\/es\/equipo-gicom\/zhongzhong-wang\/","og_locale":"es_ES","og_type":"article","og_title":"Zhongzhong Wang - Grupo de Investigaci\u00f3n en Compostaje","og_description":"El Dr. Zhongzhong Wang es un ingeniero ambiental e investigador cient\u00edfico especializado en tecnolog\u00eda microbiana y en la recuperaci\u00f3n de energ\u00eda y recursos a partir de residuos s\u00f3lidos org\u00e1nicos. Obtuvo su doctorado en noviembre de 2022 en la Universidad de Galway, Irlanda, y actualmente es investigador postdoctoral Marie Sk\u0142odowska-Curie en el grupo GICOM de la [&hellip;]","og_url":"https:\/\/webs.uab.cat\/gicom\/es\/equipo-gicom\/zhongzhong-wang\/","og_site_name":"Grupo de Investigaci\u00f3n en Compostaje","article_modified_time":"2025-02-19T11:45:45+00:00","og_image":[{"width":280,"height":280,"url":"https:\/\/webs.uab.cat\/gicom\/wp-content\/uploads\/sites\/206\/2025\/02\/zhongzhong.jpg","type":"image\/jpeg"}],"twitter_card":"summary_large_image","twitter_misc":{"Tiempo de lectura":"2 minutos"},"schema":{"@context":"https:\/\/schema.org","@graph":[{"@type":"WebPage","@id":"https:\/\/webs.uab.cat\/gicom\/es\/equipo-gicom\/zhongzhong-wang\/","url":"https:\/\/webs.uab.cat\/gicom\/es\/equipo-gicom\/zhongzhong-wang\/","name":"Zhongzhong Wang - Grupo de Investigaci\u00f3n en Compostaje","isPartOf":{"@id":"https:\/\/webs.uab.cat\/gicom\/es\/#website"},"primaryImageOfPage":{"@id":"https:\/\/webs.uab.cat\/gicom\/es\/equipo-gicom\/zhongzhong-wang\/#primaryimage"},"image":{"@id":"https:\/\/webs.uab.cat\/gicom\/es\/equipo-gicom\/zhongzhong-wang\/#primaryimage"},"thumbnailUrl":"https:\/\/webs.uab.cat\/gicom\/wp-content\/uploads\/sites\/206\/2025\/02\/zhongzhong-150x150.jpg","datePublished":"2025-02-19T10:50:26+00:00","dateModified":"2025-02-19T11:45:45+00:00","breadcrumb":{"@id":"https:\/\/webs.uab.cat\/gicom\/es\/equipo-gicom\/zhongzhong-wang\/#breadcrumb"},"inLanguage":"es","potentialAction":[{"@type":"ReadAction","target":["https:\/\/webs.uab.cat\/gicom\/es\/equipo-gicom\/zhongzhong-wang\/"]}]},{"@type":"ImageObject","inLanguage":"es","@id":"https:\/\/webs.uab.cat\/gicom\/es\/equipo-gicom\/zhongzhong-wang\/#primaryimage","url":"https:\/\/webs.uab.cat\/gicom\/wp-content\/uploads\/sites\/206\/2025\/02\/zhongzhong-150x150.jpg","contentUrl":"https:\/\/webs.uab.cat\/gicom\/wp-content\/uploads\/sites\/206\/2025\/02\/zhongzhong-150x150.jpg"},{"@type":"BreadcrumbList","@id":"https:\/\/webs.uab.cat\/gicom\/es\/equipo-gicom\/zhongzhong-wang\/#breadcrumb","itemListElement":[{"@type":"ListItem","position":1,"name":"Inici","item":"https:\/\/webs.uab.cat\/gicom\/es\/"},{"@type":"ListItem","position":2,"name":"Equipo GICOM","item":"https:\/\/webs.uab.cat\/gicom\/es\/equipo-gicom\/"},{"@type":"ListItem","position":3,"name":"Zhongzhong Wang"}]},{"@type":"WebSite","@id":"https:\/\/webs.uab.cat\/gicom\/es\/#website","url":"https:\/\/webs.uab.cat\/gicom\/es\/","name":"Grupo de Investigaci\u00f3n en Compostaje","description":"Compostaje, bioconversi\u00f3n de residuos org\u00e1nicos y remediaci\u00f3n ambiental","potentialAction":[{"@type":"SearchAction","target":{"@type":"EntryPoint","urlTemplate":"https:\/\/webs.uab.cat\/gicom\/es\/?s={search_term_string}"},"query-input":{"@type":"PropertyValueSpecification","valueRequired":true,"valueName":"search_term_string"}}],"inLanguage":"es"}]}},"_links":{"self":[{"href":"https:\/\/webs.uab.cat\/gicom\/es\/wp-json\/wp\/v2\/pages\/5788","targetHints":{"allow":["GET"]}}],"collection":[{"href":"https:\/\/webs.uab.cat\/gicom\/es\/wp-json\/wp\/v2\/pages"}],"about":[{"href":"https:\/\/webs.uab.cat\/gicom\/es\/wp-json\/wp\/v2\/types\/page"}],"author":[{"embeddable":true,"href":"https:\/\/webs.uab.cat\/gicom\/es\/wp-json\/wp\/v2\/users\/153"}],"replies":[{"embeddable":true,"href":"https:\/\/webs.uab.cat\/gicom\/es\/wp-json\/wp\/v2\/comments?post=5788"}],"version-history":[{"count":3,"href":"https:\/\/webs.uab.cat\/gicom\/es\/wp-json\/wp\/v2\/pages\/5788\/revisions"}],"predecessor-version":[{"id":5791,"href":"https:\/\/webs.uab.cat\/gicom\/es\/wp-json\/wp\/v2\/pages\/5788\/revisions\/5791"}],"up":[{"embeddable":true,"href":"https:\/\/webs.uab.cat\/gicom\/es\/wp-json\/wp\/v2\/pages\/5516"}],"wp:attachment":[{"href":"https:\/\/webs.uab.cat\/gicom\/es\/wp-json\/wp\/v2\/media?parent=5788"}],"curies":[{"name":"wp","href":"https:\/\/api.w.org\/{rel}","templated":true}]}}