{"id":5801,"date":"2025-02-24T15:39:08","date_gmt":"2025-02-24T13:39:08","guid":{"rendered":"https:\/\/webs.uab.cat\/gicom\/?page_id=5801"},"modified":"2025-02-24T15:43:45","modified_gmt":"2025-02-24T13:43:45","slug":"marta-garcia","status":"publish","type":"page","link":"https:\/\/webs.uab.cat\/gicom\/es\/equipo-gicom\/marta-garcia\/","title":{"rendered":"Marta Garc\u00eda"},"content":{"rendered":"<div class=\"wp-block-image is-style-rounded\">\n<figure class=\"aligncenter size-thumbnail\"><img loading=\"lazy\" decoding=\"async\" width=\"150\" height=\"150\" src=\"https:\/\/webs.uab.cat\/gicom\/wp-content\/uploads\/sites\/206\/2025\/02\/Marta-Garcia-150x150.jpg\" alt=\"Image of Marta Garcia\" class=\"wp-image-5795\" \/><\/figure>\n<\/div>\n\n\n<p>Marta Garc\u00eda Prats estudi\u00f3 el grado de Biotecnolog\u00eda en la Universidad de Barcelona, cursando la menci\u00f3n Agroalimentaria. Hizo una estancia en la Universidad de Groningen (Pa\u00edses Bajos), donde realiz\u00f3 su tesis de grado sobre el cultivo de <em>Cupriavidus necator<\/em> para la producci\u00f3n de polihidroxialcanoatos (PHA) y su biodegradaci\u00f3n en distintos tipos de suelo. Luego estudi\u00f3 el m\u00e1ster de Ingenier\u00eda Biol\u00f3gica y Ambiental en la Universidad Aut\u00f3noma de Barcelona. Durante el m\u00e1ster se incorpor\u00f3 al Grupo de Investigaci\u00f3n en Compostaje (GICOM) como estudiante de pr\u00e1cticas, donde form\u00f3 parte de un proyecto de compostaje comunitario (CARE) y realiz\u00f3 su tesis de m\u00e1ster.<\/p>\n\n\n\n<p>Actualmente, forma parte del grupo GICOM como estudiante de doctorado del programa de Ciencia y Tecnolog\u00eda Ambientales de la UAB. Su investigaci\u00f3n est\u00e1 centrada en el uso del biochar como aditivo para la mejora de digesti\u00f3n anaerobia de la fracci\u00f3n org\u00e1nica de residuos municipales (FORM). Sus supervisores son el Dr. Antoni S\u00e1nchez y el Dr. Daniel Gonz\u00e1lez.<\/p>\n\n\n\n<p><\/p>\n\n\n\n<div class=\"wp-block-buttons is-layout-flex wp-block-buttons-is-layout-flex\">\n<div class=\"wp-block-button\"><a class=\"wp-block-button__link wp-element-button\">POrtal de recerca UAB<\/a><\/div>\n\n\n\n<div class=\"wp-block-button\"><a class=\"wp-block-button__link wp-element-button\" href=\"https:\/\/orcid.org\/0009-0005-8927-0676\" target=\"_blank\" rel=\"noreferrer noopener\">ORCID<\/a><\/div>\n<\/div>\n\n\n\n<hr class=\"wp-block-separator has-css-opacity is-style-default\" \/>\n","protected":false},"excerpt":{"rendered":"<p>Marta Garc\u00eda Prats estudi\u00f3 el grado de Biotecnolog\u00eda en la Universidad de Barcelona, cursando la menci\u00f3n Agroalimentaria. Hizo una estancia en la Universidad de Groningen (Pa\u00edses Bajos), donde realiz\u00f3 su tesis de grado sobre el cultivo de Cupriavidus necator para la producci\u00f3n de polihidroxialcanoatos (PHA) y su biodegradaci\u00f3n en distintos tipos de suelo. Luego estudi\u00f3 [&hellip;]<\/p>\n","protected":false},"author":153,"featured_media":0,"parent":5516,"menu_order":0,"comment_status":"closed","ping_status":"closed","template":"","meta":{"footnotes":""},"class_list":["post-5801","page","type-page","status-publish","hentry"],"yoast_head":"<!-- This site is optimized with the Yoast SEO plugin v26.8 - https:\/\/yoast.com\/product\/yoast-seo-wordpress\/ -->\n<title>Marta Garc\u00eda - Grupo de Investigaci\u00f3n en Compostaje<\/title>\n<meta name=\"robots\" content=\"index, follow, max-snippet:-1, max-image-preview:large, max-video-preview:-1\" \/>\n<link rel=\"canonical\" href=\"https:\/\/webs.uab.cat\/gicom\/es\/equipo-gicom\/marta-garcia\/\" \/>\n<meta property=\"og:locale\" content=\"es_ES\" \/>\n<meta property=\"og:type\" content=\"article\" \/>\n<meta property=\"og:title\" content=\"Marta Garc\u00eda - Grupo de Investigaci\u00f3n en Compostaje\" \/>\n<meta property=\"og:description\" content=\"Marta Garc\u00eda Prats estudi\u00f3 el grado de Biotecnolog\u00eda en la Universidad de Barcelona, cursando la menci\u00f3n Agroalimentaria. Hizo una estancia en la Universidad de Groningen (Pa\u00edses Bajos), donde realiz\u00f3 su tesis de grado sobre el cultivo de Cupriavidus necator para la producci\u00f3n de polihidroxialcanoatos (PHA) y su biodegradaci\u00f3n en distintos tipos de suelo. Luego estudi\u00f3 [&hellip;]\" \/>\n<meta property=\"og:url\" content=\"https:\/\/webs.uab.cat\/gicom\/es\/equipo-gicom\/marta-garcia\/\" \/>\n<meta property=\"og:site_name\" content=\"Grupo de Investigaci\u00f3n en Compostaje\" \/>\n<meta property=\"article:modified_time\" content=\"2025-02-24T13:43:45+00:00\" \/>\n<meta property=\"og:image\" content=\"https:\/\/webs.uab.cat\/gicom\/wp-content\/uploads\/sites\/206\/2025\/02\/Marta-Garcia-scaled.jpg\" \/>\n\t<meta property=\"og:image:width\" content=\"1920\" \/>\n\t<meta property=\"og:image:height\" content=\"2560\" \/>\n\t<meta property=\"og:image:type\" content=\"image\/jpeg\" \/>\n<meta name=\"twitter:card\" content=\"summary_large_image\" \/>\n<meta name=\"twitter:label1\" content=\"Tiempo de lectura\" \/>\n\t<meta name=\"twitter:data1\" content=\"2 minutos\" \/>\n<script type=\"application\/ld+json\" class=\"yoast-schema-graph\">{\"@context\":\"https:\/\/schema.org\",\"@graph\":[{\"@type\":\"WebPage\",\"@id\":\"https:\/\/webs.uab.cat\/gicom\/es\/equipo-gicom\/marta-garcia\/\",\"url\":\"https:\/\/webs.uab.cat\/gicom\/es\/equipo-gicom\/marta-garcia\/\",\"name\":\"Marta Garc\u00eda - Grupo de Investigaci\u00f3n en Compostaje\",\"isPartOf\":{\"@id\":\"https:\/\/webs.uab.cat\/gicom\/es\/#website\"},\"primaryImageOfPage\":{\"@id\":\"https:\/\/webs.uab.cat\/gicom\/es\/equipo-gicom\/marta-garcia\/#primaryimage\"},\"image\":{\"@id\":\"https:\/\/webs.uab.cat\/gicom\/es\/equipo-gicom\/marta-garcia\/#primaryimage\"},\"thumbnailUrl\":\"https:\/\/webs.uab.cat\/gicom\/wp-content\/uploads\/sites\/206\/2025\/02\/Marta-Garcia-150x150.jpg\",\"datePublished\":\"2025-02-24T13:39:08+00:00\",\"dateModified\":\"2025-02-24T13:43:45+00:00\",\"breadcrumb\":{\"@id\":\"https:\/\/webs.uab.cat\/gicom\/es\/equipo-gicom\/marta-garcia\/#breadcrumb\"},\"inLanguage\":\"es\",\"potentialAction\":[{\"@type\":\"ReadAction\",\"target\":[\"https:\/\/webs.uab.cat\/gicom\/es\/equipo-gicom\/marta-garcia\/\"]}]},{\"@type\":\"ImageObject\",\"inLanguage\":\"es\",\"@id\":\"https:\/\/webs.uab.cat\/gicom\/es\/equipo-gicom\/marta-garcia\/#primaryimage\",\"url\":\"https:\/\/webs.uab.cat\/gicom\/wp-content\/uploads\/sites\/206\/2025\/02\/Marta-Garcia-150x150.jpg\",\"contentUrl\":\"https:\/\/webs.uab.cat\/gicom\/wp-content\/uploads\/sites\/206\/2025\/02\/Marta-Garcia-150x150.jpg\"},{\"@type\":\"BreadcrumbList\",\"@id\":\"https:\/\/webs.uab.cat\/gicom\/es\/equipo-gicom\/marta-garcia\/#breadcrumb\",\"itemListElement\":[{\"@type\":\"ListItem\",\"position\":1,\"name\":\"Inici\",\"item\":\"https:\/\/webs.uab.cat\/gicom\/es\/\"},{\"@type\":\"ListItem\",\"position\":2,\"name\":\"Equipo GICOM\",\"item\":\"https:\/\/webs.uab.cat\/gicom\/es\/equipo-gicom\/\"},{\"@type\":\"ListItem\",\"position\":3,\"name\":\"Marta Garc\u00eda\"}]},{\"@type\":\"WebSite\",\"@id\":\"https:\/\/webs.uab.cat\/gicom\/es\/#website\",\"url\":\"https:\/\/webs.uab.cat\/gicom\/es\/\",\"name\":\"Grupo de Investigaci\u00f3n en Compostaje\",\"description\":\"Compostaje, bioconversi\u00f3n de residuos org\u00e1nicos y remediaci\u00f3n ambiental\",\"potentialAction\":[{\"@type\":\"SearchAction\",\"target\":{\"@type\":\"EntryPoint\",\"urlTemplate\":\"https:\/\/webs.uab.cat\/gicom\/es\/?s={search_term_string}\"},\"query-input\":{\"@type\":\"PropertyValueSpecification\",\"valueRequired\":true,\"valueName\":\"search_term_string\"}}],\"inLanguage\":\"es\"}]}<\/script>\n<!-- \/ Yoast SEO plugin. -->","yoast_head_json":{"title":"Marta Garc\u00eda - Grupo de Investigaci\u00f3n en Compostaje","robots":{"index":"index","follow":"follow","max-snippet":"max-snippet:-1","max-image-preview":"max-image-preview:large","max-video-preview":"max-video-preview:-1"},"canonical":"https:\/\/webs.uab.cat\/gicom\/es\/equipo-gicom\/marta-garcia\/","og_locale":"es_ES","og_type":"article","og_title":"Marta Garc\u00eda - Grupo de Investigaci\u00f3n en Compostaje","og_description":"Marta Garc\u00eda Prats estudi\u00f3 el grado de Biotecnolog\u00eda en la Universidad de Barcelona, cursando la menci\u00f3n Agroalimentaria. Hizo una estancia en la Universidad de Groningen (Pa\u00edses Bajos), donde realiz\u00f3 su tesis de grado sobre el cultivo de Cupriavidus necator para la producci\u00f3n de polihidroxialcanoatos (PHA) y su biodegradaci\u00f3n en distintos tipos de suelo. Luego estudi\u00f3 [&hellip;]","og_url":"https:\/\/webs.uab.cat\/gicom\/es\/equipo-gicom\/marta-garcia\/","og_site_name":"Grupo de Investigaci\u00f3n en Compostaje","article_modified_time":"2025-02-24T13:43:45+00:00","og_image":[{"width":1920,"height":2560,"url":"https:\/\/webs.uab.cat\/gicom\/wp-content\/uploads\/sites\/206\/2025\/02\/Marta-Garcia-scaled.jpg","type":"image\/jpeg"}],"twitter_card":"summary_large_image","twitter_misc":{"Tiempo de lectura":"2 minutos"},"schema":{"@context":"https:\/\/schema.org","@graph":[{"@type":"WebPage","@id":"https:\/\/webs.uab.cat\/gicom\/es\/equipo-gicom\/marta-garcia\/","url":"https:\/\/webs.uab.cat\/gicom\/es\/equipo-gicom\/marta-garcia\/","name":"Marta Garc\u00eda - Grupo de Investigaci\u00f3n en Compostaje","isPartOf":{"@id":"https:\/\/webs.uab.cat\/gicom\/es\/#website"},"primaryImageOfPage":{"@id":"https:\/\/webs.uab.cat\/gicom\/es\/equipo-gicom\/marta-garcia\/#primaryimage"},"image":{"@id":"https:\/\/webs.uab.cat\/gicom\/es\/equipo-gicom\/marta-garcia\/#primaryimage"},"thumbnailUrl":"https:\/\/webs.uab.cat\/gicom\/wp-content\/uploads\/sites\/206\/2025\/02\/Marta-Garcia-150x150.jpg","datePublished":"2025-02-24T13:39:08+00:00","dateModified":"2025-02-24T13:43:45+00:00","breadcrumb":{"@id":"https:\/\/webs.uab.cat\/gicom\/es\/equipo-gicom\/marta-garcia\/#breadcrumb"},"inLanguage":"es","potentialAction":[{"@type":"ReadAction","target":["https:\/\/webs.uab.cat\/gicom\/es\/equipo-gicom\/marta-garcia\/"]}]},{"@type":"ImageObject","inLanguage":"es","@id":"https:\/\/webs.uab.cat\/gicom\/es\/equipo-gicom\/marta-garcia\/#primaryimage","url":"https:\/\/webs.uab.cat\/gicom\/wp-content\/uploads\/sites\/206\/2025\/02\/Marta-Garcia-150x150.jpg","contentUrl":"https:\/\/webs.uab.cat\/gicom\/wp-content\/uploads\/sites\/206\/2025\/02\/Marta-Garcia-150x150.jpg"},{"@type":"BreadcrumbList","@id":"https:\/\/webs.uab.cat\/gicom\/es\/equipo-gicom\/marta-garcia\/#breadcrumb","itemListElement":[{"@type":"ListItem","position":1,"name":"Inici","item":"https:\/\/webs.uab.cat\/gicom\/es\/"},{"@type":"ListItem","position":2,"name":"Equipo GICOM","item":"https:\/\/webs.uab.cat\/gicom\/es\/equipo-gicom\/"},{"@type":"ListItem","position":3,"name":"Marta Garc\u00eda"}]},{"@type":"WebSite","@id":"https:\/\/webs.uab.cat\/gicom\/es\/#website","url":"https:\/\/webs.uab.cat\/gicom\/es\/","name":"Grupo de Investigaci\u00f3n en Compostaje","description":"Compostaje, bioconversi\u00f3n de residuos org\u00e1nicos y remediaci\u00f3n ambiental","potentialAction":[{"@type":"SearchAction","target":{"@type":"EntryPoint","urlTemplate":"https:\/\/webs.uab.cat\/gicom\/es\/?s={search_term_string}"},"query-input":{"@type":"PropertyValueSpecification","valueRequired":true,"valueName":"search_term_string"}}],"inLanguage":"es"}]}},"_links":{"self":[{"href":"https:\/\/webs.uab.cat\/gicom\/es\/wp-json\/wp\/v2\/pages\/5801","targetHints":{"allow":["GET"]}}],"collection":[{"href":"https:\/\/webs.uab.cat\/gicom\/es\/wp-json\/wp\/v2\/pages"}],"about":[{"href":"https:\/\/webs.uab.cat\/gicom\/es\/wp-json\/wp\/v2\/types\/page"}],"author":[{"embeddable":true,"href":"https:\/\/webs.uab.cat\/gicom\/es\/wp-json\/wp\/v2\/users\/153"}],"replies":[{"embeddable":true,"href":"https:\/\/webs.uab.cat\/gicom\/es\/wp-json\/wp\/v2\/comments?post=5801"}],"version-history":[{"count":4,"href":"https:\/\/webs.uab.cat\/gicom\/es\/wp-json\/wp\/v2\/pages\/5801\/revisions"}],"predecessor-version":[{"id":5805,"href":"https:\/\/webs.uab.cat\/gicom\/es\/wp-json\/wp\/v2\/pages\/5801\/revisions\/5805"}],"up":[{"embeddable":true,"href":"https:\/\/webs.uab.cat\/gicom\/es\/wp-json\/wp\/v2\/pages\/5516"}],"wp:attachment":[{"href":"https:\/\/webs.uab.cat\/gicom\/es\/wp-json\/wp\/v2\/media?parent=5801"}],"curies":[{"name":"wp","href":"https:\/\/api.w.org\/{rel}","templated":true}]}}