{"id":5882,"date":"2025-02-27T16:45:13","date_gmt":"2025-02-27T14:45:13","guid":{"rendered":"https:\/\/webs.uab.cat\/gicom\/?page_id=5882"},"modified":"2025-02-27T16:49:15","modified_gmt":"2025-02-27T14:49:15","slug":"digestio-anaerobia","status":"publish","type":"page","link":"https:\/\/webs.uab.cat\/gicom\/es\/digestio-anaerobia\/","title":{"rendered":"Digesti\u00f3n Anaerobia"},"content":{"rendered":"\n<p>En el campo de la digesti\u00f3n anaerobia, las actividades del Grupo se centran principalmente en la mejora del proceso mediante el uso de aditivos. Se ha demostrado que determinados materiales pueden optimizar la digesti\u00f3n anaerobia, ya sea incrementando la producci\u00f3n de biog\u00e1s, aumentando la concentraci\u00f3n de metano en el biog\u00e1s o mejorando la estabilidad del proceso, haci\u00e9ndolo m\u00e1s resiliente a los cambios operacionales.<\/p>\n\n\n\n<p>En concreto, se estudia la adici\u00f3n de nanomateriales, como nanopart\u00edculas de hierro, biochar o nanopart\u00edculas inmovilizadas sobre biochar u otros materiales.<\/p>\n\n\n\n<div class=\"wp-block-columns is-layout-flex wp-container-core-columns-is-layout-9d6595d7 wp-block-columns-is-layout-flex\">\n<div class=\"wp-block-column is-layout-flow wp-block-column-is-layout-flow\">\n<figure class=\"wp-block-image size-large is-style-rounded\"><img loading=\"lazy\" decoding=\"async\" width=\"1024\" height=\"766\" src=\"https:\/\/webs.uab.cat\/gicom\/wp-content\/uploads\/sites\/206\/2025\/02\/Digestor-1024x766.jpg\" alt=\"\" class=\"wp-image-5873\" srcset=\"https:\/\/webs.uab.cat\/gicom\/wp-content\/uploads\/sites\/206\/2025\/02\/Digestor-1024x766.jpg 1024w, https:\/\/webs.uab.cat\/gicom\/wp-content\/uploads\/sites\/206\/2025\/02\/Digestor-300x224.jpg 300w, https:\/\/webs.uab.cat\/gicom\/wp-content\/uploads\/sites\/206\/2025\/02\/Digestor-768x574.jpg 768w, https:\/\/webs.uab.cat\/gicom\/wp-content\/uploads\/sites\/206\/2025\/02\/Digestor-1200x898.jpg 1200w, https:\/\/webs.uab.cat\/gicom\/wp-content\/uploads\/sites\/206\/2025\/02\/Digestor.jpg 1448w\" sizes=\"auto, (max-width: 1024px) 100vw, 1024px\" \/><\/figure>\n<\/div>\n\n\n\n<div class=\"wp-block-column is-layout-flow wp-block-column-is-layout-flow\">\n<p>Para llevar a cabo la investigaci\u00f3n en este campo, el Grupo dispone de equipamientos que van desde una escala de 250 mL hasta un digestor anaerobio de 100 L. Esto permite realizar ensayos en discontinuo a una escala inferior al litro, facilitando el estudio simult\u00e1neo de m\u00faltiples variables. Posteriormente, se puede incrementar la escala a 2 L, ya en un proceso continuo, y finalmente escalar las pruebas hasta los 100 L.<\/p>\n<\/div>\n<\/div>\n\n\n\n<p><\/p>\n","protected":false},"excerpt":{"rendered":"<p>En el campo de la digesti\u00f3n anaerobia, las actividades del Grupo se centran principalmente en la mejora del proceso mediante el uso de aditivos. Se ha demostrado que determinados materiales pueden optimizar la digesti\u00f3n anaerobia, ya sea incrementando la producci\u00f3n de biog\u00e1s, aumentando la concentraci\u00f3n de metano en el biog\u00e1s o mejorando la estabilidad del [&hellip;]<\/p>\n","protected":false},"author":153,"featured_media":0,"parent":0,"menu_order":0,"comment_status":"closed","ping_status":"closed","template":"","meta":{"footnotes":""},"class_list":["post-5882","page","type-page","status-publish","hentry"],"yoast_head":"<!-- This site is optimized with the Yoast SEO plugin v26.8 - https:\/\/yoast.com\/product\/yoast-seo-wordpress\/ -->\n<title>Digesti\u00f3n Anaerobia - Grupo de Investigaci\u00f3n en Compostaje<\/title>\n<meta name=\"robots\" content=\"index, follow, max-snippet:-1, max-image-preview:large, max-video-preview:-1\" \/>\n<link rel=\"canonical\" href=\"https:\/\/webs.uab.cat\/gicom\/es\/digestio-anaerobia\/\" \/>\n<meta property=\"og:locale\" content=\"es_ES\" \/>\n<meta property=\"og:type\" content=\"article\" \/>\n<meta property=\"og:title\" content=\"Digesti\u00f3n Anaerobia - Grupo de Investigaci\u00f3n en Compostaje\" \/>\n<meta property=\"og:description\" content=\"En el campo de la digesti\u00f3n anaerobia, las actividades del Grupo se centran principalmente en la mejora del proceso mediante el uso de aditivos. Se ha demostrado que determinados materiales pueden optimizar la digesti\u00f3n anaerobia, ya sea incrementando la producci\u00f3n de biog\u00e1s, aumentando la concentraci\u00f3n de metano en el biog\u00e1s o mejorando la estabilidad del [&hellip;]\" \/>\n<meta property=\"og:url\" content=\"https:\/\/webs.uab.cat\/gicom\/es\/digestio-anaerobia\/\" \/>\n<meta property=\"og:site_name\" content=\"Grupo de Investigaci\u00f3n en Compostaje\" \/>\n<meta property=\"article:modified_time\" content=\"2025-02-27T14:49:15+00:00\" \/>\n<meta property=\"og:image\" content=\"https:\/\/webs.uab.cat\/gicom\/wp-content\/uploads\/sites\/206\/2025\/02\/Digestor.jpg\" \/>\n\t<meta property=\"og:image:width\" content=\"1448\" \/>\n\t<meta property=\"og:image:height\" content=\"1083\" \/>\n\t<meta property=\"og:image:type\" content=\"image\/jpeg\" \/>\n<meta name=\"twitter:card\" content=\"summary_large_image\" \/>\n<meta name=\"twitter:label1\" content=\"Tiempo de lectura\" \/>\n\t<meta name=\"twitter:data1\" content=\"2 minutos\" \/>\n<script type=\"application\/ld+json\" class=\"yoast-schema-graph\">{\"@context\":\"https:\/\/schema.org\",\"@graph\":[{\"@type\":\"WebPage\",\"@id\":\"https:\/\/webs.uab.cat\/gicom\/es\/digestio-anaerobia\/\",\"url\":\"https:\/\/webs.uab.cat\/gicom\/es\/digestio-anaerobia\/\",\"name\":\"Digesti\u00f3n Anaerobia - Grupo de Investigaci\u00f3n en Compostaje\",\"isPartOf\":{\"@id\":\"https:\/\/webs.uab.cat\/gicom\/es\/#website\"},\"primaryImageOfPage\":{\"@id\":\"https:\/\/webs.uab.cat\/gicom\/es\/digestio-anaerobia\/#primaryimage\"},\"image\":{\"@id\":\"https:\/\/webs.uab.cat\/gicom\/es\/digestio-anaerobia\/#primaryimage\"},\"thumbnailUrl\":\"https:\/\/webs.uab.cat\/gicom\/wp-content\/uploads\/sites\/206\/2025\/02\/Digestor-1024x766.jpg\",\"datePublished\":\"2025-02-27T14:45:13+00:00\",\"dateModified\":\"2025-02-27T14:49:15+00:00\",\"breadcrumb\":{\"@id\":\"https:\/\/webs.uab.cat\/gicom\/es\/digestio-anaerobia\/#breadcrumb\"},\"inLanguage\":\"es\",\"potentialAction\":[{\"@type\":\"ReadAction\",\"target\":[\"https:\/\/webs.uab.cat\/gicom\/es\/digestio-anaerobia\/\"]}]},{\"@type\":\"ImageObject\",\"inLanguage\":\"es\",\"@id\":\"https:\/\/webs.uab.cat\/gicom\/es\/digestio-anaerobia\/#primaryimage\",\"url\":\"https:\/\/webs.uab.cat\/gicom\/wp-content\/uploads\/sites\/206\/2025\/02\/Digestor-1024x766.jpg\",\"contentUrl\":\"https:\/\/webs.uab.cat\/gicom\/wp-content\/uploads\/sites\/206\/2025\/02\/Digestor-1024x766.jpg\"},{\"@type\":\"BreadcrumbList\",\"@id\":\"https:\/\/webs.uab.cat\/gicom\/es\/digestio-anaerobia\/#breadcrumb\",\"itemListElement\":[{\"@type\":\"ListItem\",\"position\":1,\"name\":\"Inici\",\"item\":\"https:\/\/webs.uab.cat\/gicom\/es\/\"},{\"@type\":\"ListItem\",\"position\":2,\"name\":\"Digesti\u00f3n Anaerobia\"}]},{\"@type\":\"WebSite\",\"@id\":\"https:\/\/webs.uab.cat\/gicom\/es\/#website\",\"url\":\"https:\/\/webs.uab.cat\/gicom\/es\/\",\"name\":\"Grupo de Investigaci\u00f3n en Compostaje\",\"description\":\"Compostaje, bioconversi\u00f3n de residuos org\u00e1nicos y remediaci\u00f3n ambiental\",\"potentialAction\":[{\"@type\":\"SearchAction\",\"target\":{\"@type\":\"EntryPoint\",\"urlTemplate\":\"https:\/\/webs.uab.cat\/gicom\/es\/?s={search_term_string}\"},\"query-input\":{\"@type\":\"PropertyValueSpecification\",\"valueRequired\":true,\"valueName\":\"search_term_string\"}}],\"inLanguage\":\"es\"}]}<\/script>\n<!-- \/ Yoast SEO plugin. -->","yoast_head_json":{"title":"Digesti\u00f3n Anaerobia - Grupo de Investigaci\u00f3n en Compostaje","robots":{"index":"index","follow":"follow","max-snippet":"max-snippet:-1","max-image-preview":"max-image-preview:large","max-video-preview":"max-video-preview:-1"},"canonical":"https:\/\/webs.uab.cat\/gicom\/es\/digestio-anaerobia\/","og_locale":"es_ES","og_type":"article","og_title":"Digesti\u00f3n Anaerobia - Grupo de Investigaci\u00f3n en Compostaje","og_description":"En el campo de la digesti\u00f3n anaerobia, las actividades del Grupo se centran principalmente en la mejora del proceso mediante el uso de aditivos. Se ha demostrado que determinados materiales pueden optimizar la digesti\u00f3n anaerobia, ya sea incrementando la producci\u00f3n de biog\u00e1s, aumentando la concentraci\u00f3n de metano en el biog\u00e1s o mejorando la estabilidad del [&hellip;]","og_url":"https:\/\/webs.uab.cat\/gicom\/es\/digestio-anaerobia\/","og_site_name":"Grupo de Investigaci\u00f3n en Compostaje","article_modified_time":"2025-02-27T14:49:15+00:00","og_image":[{"width":1448,"height":1083,"url":"https:\/\/webs.uab.cat\/gicom\/wp-content\/uploads\/sites\/206\/2025\/02\/Digestor.jpg","type":"image\/jpeg"}],"twitter_card":"summary_large_image","twitter_misc":{"Tiempo de lectura":"2 minutos"},"schema":{"@context":"https:\/\/schema.org","@graph":[{"@type":"WebPage","@id":"https:\/\/webs.uab.cat\/gicom\/es\/digestio-anaerobia\/","url":"https:\/\/webs.uab.cat\/gicom\/es\/digestio-anaerobia\/","name":"Digesti\u00f3n Anaerobia - Grupo de Investigaci\u00f3n en Compostaje","isPartOf":{"@id":"https:\/\/webs.uab.cat\/gicom\/es\/#website"},"primaryImageOfPage":{"@id":"https:\/\/webs.uab.cat\/gicom\/es\/digestio-anaerobia\/#primaryimage"},"image":{"@id":"https:\/\/webs.uab.cat\/gicom\/es\/digestio-anaerobia\/#primaryimage"},"thumbnailUrl":"https:\/\/webs.uab.cat\/gicom\/wp-content\/uploads\/sites\/206\/2025\/02\/Digestor-1024x766.jpg","datePublished":"2025-02-27T14:45:13+00:00","dateModified":"2025-02-27T14:49:15+00:00","breadcrumb":{"@id":"https:\/\/webs.uab.cat\/gicom\/es\/digestio-anaerobia\/#breadcrumb"},"inLanguage":"es","potentialAction":[{"@type":"ReadAction","target":["https:\/\/webs.uab.cat\/gicom\/es\/digestio-anaerobia\/"]}]},{"@type":"ImageObject","inLanguage":"es","@id":"https:\/\/webs.uab.cat\/gicom\/es\/digestio-anaerobia\/#primaryimage","url":"https:\/\/webs.uab.cat\/gicom\/wp-content\/uploads\/sites\/206\/2025\/02\/Digestor-1024x766.jpg","contentUrl":"https:\/\/webs.uab.cat\/gicom\/wp-content\/uploads\/sites\/206\/2025\/02\/Digestor-1024x766.jpg"},{"@type":"BreadcrumbList","@id":"https:\/\/webs.uab.cat\/gicom\/es\/digestio-anaerobia\/#breadcrumb","itemListElement":[{"@type":"ListItem","position":1,"name":"Inici","item":"https:\/\/webs.uab.cat\/gicom\/es\/"},{"@type":"ListItem","position":2,"name":"Digesti\u00f3n Anaerobia"}]},{"@type":"WebSite","@id":"https:\/\/webs.uab.cat\/gicom\/es\/#website","url":"https:\/\/webs.uab.cat\/gicom\/es\/","name":"Grupo de Investigaci\u00f3n en Compostaje","description":"Compostaje, bioconversi\u00f3n de residuos org\u00e1nicos y remediaci\u00f3n ambiental","potentialAction":[{"@type":"SearchAction","target":{"@type":"EntryPoint","urlTemplate":"https:\/\/webs.uab.cat\/gicom\/es\/?s={search_term_string}"},"query-input":{"@type":"PropertyValueSpecification","valueRequired":true,"valueName":"search_term_string"}}],"inLanguage":"es"}]}},"_links":{"self":[{"href":"https:\/\/webs.uab.cat\/gicom\/es\/wp-json\/wp\/v2\/pages\/5882","targetHints":{"allow":["GET"]}}],"collection":[{"href":"https:\/\/webs.uab.cat\/gicom\/es\/wp-json\/wp\/v2\/pages"}],"about":[{"href":"https:\/\/webs.uab.cat\/gicom\/es\/wp-json\/wp\/v2\/types\/page"}],"author":[{"embeddable":true,"href":"https:\/\/webs.uab.cat\/gicom\/es\/wp-json\/wp\/v2\/users\/153"}],"replies":[{"embeddable":true,"href":"https:\/\/webs.uab.cat\/gicom\/es\/wp-json\/wp\/v2\/comments?post=5882"}],"version-history":[{"count":3,"href":"https:\/\/webs.uab.cat\/gicom\/es\/wp-json\/wp\/v2\/pages\/5882\/revisions"}],"predecessor-version":[{"id":5885,"href":"https:\/\/webs.uab.cat\/gicom\/es\/wp-json\/wp\/v2\/pages\/5882\/revisions\/5885"}],"wp:attachment":[{"href":"https:\/\/webs.uab.cat\/gicom\/es\/wp-json\/wp\/v2\/media?parent=5882"}],"curies":[{"name":"wp","href":"https:\/\/api.w.org\/{rel}","templated":true}]}}