{"id":6040,"date":"2025-03-11T10:26:10","date_gmt":"2025-03-11T08:26:10","guid":{"rendered":"https:\/\/webs.uab.cat\/gicom\/?page_id=6040"},"modified":"2025-03-11T10:27:27","modified_gmt":"2025-03-11T08:27:27","slug":"david-moyano","status":"publish","type":"page","link":"https:\/\/webs.uab.cat\/gicom\/es\/equipo-gicom\/david-moyano\/","title":{"rendered":"David Moyano"},"content":{"rendered":"<div class=\"wp-block-image is-style-rounded\">\n<figure class=\"aligncenter size-thumbnail\"><img loading=\"lazy\" decoding=\"async\" width=\"150\" height=\"150\" src=\"https:\/\/webs.uab.cat\/gicom\/wp-content\/uploads\/sites\/206\/2025\/03\/David-Moyano-150x150.jpg\" alt=\"\" class=\"wp-image-6038\" \/><\/figure>\n<\/div>\n\n\n<p>David Moyano Dom\u00ednguez es ingeniero qu\u00edmico, graduado en la UAB desde 2021. Durante el grado, realiz\u00f3 pr\u00e1cticas curriculares en AERIS Tecnolog\u00edas Ambientales S.L. y pr\u00e1cticas extracurriculares en GICOM, llevando a cabo experimentos relacionados con el tratamiento de aguas residuales y la digesti\u00f3n anaerobia.<\/p>\n\n\n\n<p>Finaliz\u00f3 el m\u00e1ster en Ingenier\u00eda Biol\u00f3gica y Ambiental de la UAB en 2023. Durante este per\u00edodo, realiz\u00f3 pr\u00e1cticas externas y el trabajo de fin de m\u00e1ster en LEITAT. Durante su estancia, llev\u00f3 a cabo experimentos de tratamiento de aguas residuales, principalmente mediante sistemas f\u00edsicos y bioelectroqu\u00edmicos para la producci\u00f3n limpia de fertilizantes o la mejora de la producci\u00f3n de metano en digesti\u00f3n anaerobia.<\/p>\n\n\n\n<p>Actualmente, es estudiante de doctorado en el grupo GICOM y forma parte del programa de Ciencia y Tecnolog\u00eda Ambiental de la UAB. Su investigaci\u00f3n busca mejorar la producci\u00f3n de biog\u00e1s mediante el uso de nanopart\u00edculas y abordar el escalado de esta tecnolog\u00eda para su implementaci\u00f3n en casos reales. Est\u00e1 supervisado por el Dr. Xavier Font Segura y la Dra. Raquel Barrena G\u00f3mez.<\/p>\n\n\n\n<p><\/p>\n\n\n\n<div class=\"wp-block-buttons is-layout-flex wp-block-buttons-is-layout-flex\">\n<div class=\"wp-block-button\"><a class=\"wp-block-button__link wp-element-button\">POrtal de recerca UAB<\/a><\/div>\n\n\n\n<div class=\"wp-block-button\"><a class=\"wp-block-button__link wp-element-button\">ORCID<\/a><\/div>\n<\/div>\n\n\n\n<hr class=\"wp-block-separator has-css-opacity is-style-default\" \/>\n","protected":false},"excerpt":{"rendered":"<p>David Moyano Dom\u00ednguez es ingeniero qu\u00edmico, graduado en la UAB desde 2021. Durante el grado, realiz\u00f3 pr\u00e1cticas curriculares en AERIS Tecnolog\u00edas Ambientales S.L. y pr\u00e1cticas extracurriculares en GICOM, llevando a cabo experimentos relacionados con el tratamiento de aguas residuales y la digesti\u00f3n anaerobia. Finaliz\u00f3 el m\u00e1ster en Ingenier\u00eda Biol\u00f3gica y Ambiental de la UAB en [&hellip;]<\/p>\n","protected":false},"author":153,"featured_media":0,"parent":5516,"menu_order":0,"comment_status":"closed","ping_status":"closed","template":"","meta":{"footnotes":""},"class_list":["post-6040","page","type-page","status-publish","hentry"],"yoast_head":"<!-- This site is optimized with the Yoast SEO plugin v26.8 - https:\/\/yoast.com\/product\/yoast-seo-wordpress\/ -->\n<title>David Moyano - Grupo de Investigaci\u00f3n en Compostaje<\/title>\n<meta name=\"robots\" content=\"index, follow, max-snippet:-1, max-image-preview:large, max-video-preview:-1\" \/>\n<link rel=\"canonical\" href=\"https:\/\/webs.uab.cat\/gicom\/es\/equipo-gicom\/david-moyano\/\" \/>\n<meta property=\"og:locale\" content=\"es_ES\" \/>\n<meta property=\"og:type\" content=\"article\" \/>\n<meta property=\"og:title\" content=\"David Moyano - Grupo de Investigaci\u00f3n en Compostaje\" \/>\n<meta property=\"og:description\" content=\"David Moyano Dom\u00ednguez es ingeniero qu\u00edmico, graduado en la UAB desde 2021. Durante el grado, realiz\u00f3 pr\u00e1cticas curriculares en AERIS Tecnolog\u00edas Ambientales S.L. y pr\u00e1cticas extracurriculares en GICOM, llevando a cabo experimentos relacionados con el tratamiento de aguas residuales y la digesti\u00f3n anaerobia. Finaliz\u00f3 el m\u00e1ster en Ingenier\u00eda Biol\u00f3gica y Ambiental de la UAB en [&hellip;]\" \/>\n<meta property=\"og:url\" content=\"https:\/\/webs.uab.cat\/gicom\/es\/equipo-gicom\/david-moyano\/\" \/>\n<meta property=\"og:site_name\" content=\"Grupo de Investigaci\u00f3n en Compostaje\" \/>\n<meta property=\"article:modified_time\" content=\"2025-03-11T08:27:27+00:00\" \/>\n<meta property=\"og:image\" content=\"https:\/\/webs.uab.cat\/gicom\/wp-content\/uploads\/sites\/206\/2025\/03\/David-Moyano.jpg\" \/>\n\t<meta property=\"og:image:width\" content=\"556\" \/>\n\t<meta property=\"og:image:height\" content=\"535\" \/>\n\t<meta property=\"og:image:type\" content=\"image\/jpeg\" \/>\n<meta name=\"twitter:card\" content=\"summary_large_image\" \/>\n<meta name=\"twitter:label1\" content=\"Tiempo de lectura\" \/>\n\t<meta name=\"twitter:data1\" content=\"2 minutos\" \/>\n<script type=\"application\/ld+json\" class=\"yoast-schema-graph\">{\"@context\":\"https:\/\/schema.org\",\"@graph\":[{\"@type\":\"WebPage\",\"@id\":\"https:\/\/webs.uab.cat\/gicom\/es\/equipo-gicom\/david-moyano\/\",\"url\":\"https:\/\/webs.uab.cat\/gicom\/es\/equipo-gicom\/david-moyano\/\",\"name\":\"David Moyano - Grupo de Investigaci\u00f3n en Compostaje\",\"isPartOf\":{\"@id\":\"https:\/\/webs.uab.cat\/gicom\/es\/#website\"},\"primaryImageOfPage\":{\"@id\":\"https:\/\/webs.uab.cat\/gicom\/es\/equipo-gicom\/david-moyano\/#primaryimage\"},\"image\":{\"@id\":\"https:\/\/webs.uab.cat\/gicom\/es\/equipo-gicom\/david-moyano\/#primaryimage\"},\"thumbnailUrl\":\"https:\/\/webs.uab.cat\/gicom\/wp-content\/uploads\/sites\/206\/2025\/03\/David-Moyano-150x150.jpg\",\"datePublished\":\"2025-03-11T08:26:10+00:00\",\"dateModified\":\"2025-03-11T08:27:27+00:00\",\"breadcrumb\":{\"@id\":\"https:\/\/webs.uab.cat\/gicom\/es\/equipo-gicom\/david-moyano\/#breadcrumb\"},\"inLanguage\":\"es\",\"potentialAction\":[{\"@type\":\"ReadAction\",\"target\":[\"https:\/\/webs.uab.cat\/gicom\/es\/equipo-gicom\/david-moyano\/\"]}]},{\"@type\":\"ImageObject\",\"inLanguage\":\"es\",\"@id\":\"https:\/\/webs.uab.cat\/gicom\/es\/equipo-gicom\/david-moyano\/#primaryimage\",\"url\":\"https:\/\/webs.uab.cat\/gicom\/wp-content\/uploads\/sites\/206\/2025\/03\/David-Moyano-150x150.jpg\",\"contentUrl\":\"https:\/\/webs.uab.cat\/gicom\/wp-content\/uploads\/sites\/206\/2025\/03\/David-Moyano-150x150.jpg\"},{\"@type\":\"BreadcrumbList\",\"@id\":\"https:\/\/webs.uab.cat\/gicom\/es\/equipo-gicom\/david-moyano\/#breadcrumb\",\"itemListElement\":[{\"@type\":\"ListItem\",\"position\":1,\"name\":\"Inici\",\"item\":\"https:\/\/webs.uab.cat\/gicom\/es\/\"},{\"@type\":\"ListItem\",\"position\":2,\"name\":\"David Moyano\"}]},{\"@type\":\"WebSite\",\"@id\":\"https:\/\/webs.uab.cat\/gicom\/es\/#website\",\"url\":\"https:\/\/webs.uab.cat\/gicom\/es\/\",\"name\":\"Grupo de Investigaci\u00f3n en Compostaje\",\"description\":\"Compostaje, bioconversi\u00f3n de residuos org\u00e1nicos y remediaci\u00f3n ambiental\",\"potentialAction\":[{\"@type\":\"SearchAction\",\"target\":{\"@type\":\"EntryPoint\",\"urlTemplate\":\"https:\/\/webs.uab.cat\/gicom\/es\/?s={search_term_string}\"},\"query-input\":{\"@type\":\"PropertyValueSpecification\",\"valueRequired\":true,\"valueName\":\"search_term_string\"}}],\"inLanguage\":\"es\"}]}<\/script>\n<!-- \/ Yoast SEO plugin. -->","yoast_head_json":{"title":"David Moyano - Grupo de Investigaci\u00f3n en Compostaje","robots":{"index":"index","follow":"follow","max-snippet":"max-snippet:-1","max-image-preview":"max-image-preview:large","max-video-preview":"max-video-preview:-1"},"canonical":"https:\/\/webs.uab.cat\/gicom\/es\/equipo-gicom\/david-moyano\/","og_locale":"es_ES","og_type":"article","og_title":"David Moyano - Grupo de Investigaci\u00f3n en Compostaje","og_description":"David Moyano Dom\u00ednguez es ingeniero qu\u00edmico, graduado en la UAB desde 2021. Durante el grado, realiz\u00f3 pr\u00e1cticas curriculares en AERIS Tecnolog\u00edas Ambientales S.L. y pr\u00e1cticas extracurriculares en GICOM, llevando a cabo experimentos relacionados con el tratamiento de aguas residuales y la digesti\u00f3n anaerobia. Finaliz\u00f3 el m\u00e1ster en Ingenier\u00eda Biol\u00f3gica y Ambiental de la UAB en [&hellip;]","og_url":"https:\/\/webs.uab.cat\/gicom\/es\/equipo-gicom\/david-moyano\/","og_site_name":"Grupo de Investigaci\u00f3n en Compostaje","article_modified_time":"2025-03-11T08:27:27+00:00","og_image":[{"width":556,"height":535,"url":"https:\/\/webs.uab.cat\/gicom\/wp-content\/uploads\/sites\/206\/2025\/03\/David-Moyano.jpg","type":"image\/jpeg"}],"twitter_card":"summary_large_image","twitter_misc":{"Tiempo de lectura":"2 minutos"},"schema":{"@context":"https:\/\/schema.org","@graph":[{"@type":"WebPage","@id":"https:\/\/webs.uab.cat\/gicom\/es\/equipo-gicom\/david-moyano\/","url":"https:\/\/webs.uab.cat\/gicom\/es\/equipo-gicom\/david-moyano\/","name":"David Moyano - Grupo de Investigaci\u00f3n en Compostaje","isPartOf":{"@id":"https:\/\/webs.uab.cat\/gicom\/es\/#website"},"primaryImageOfPage":{"@id":"https:\/\/webs.uab.cat\/gicom\/es\/equipo-gicom\/david-moyano\/#primaryimage"},"image":{"@id":"https:\/\/webs.uab.cat\/gicom\/es\/equipo-gicom\/david-moyano\/#primaryimage"},"thumbnailUrl":"https:\/\/webs.uab.cat\/gicom\/wp-content\/uploads\/sites\/206\/2025\/03\/David-Moyano-150x150.jpg","datePublished":"2025-03-11T08:26:10+00:00","dateModified":"2025-03-11T08:27:27+00:00","breadcrumb":{"@id":"https:\/\/webs.uab.cat\/gicom\/es\/equipo-gicom\/david-moyano\/#breadcrumb"},"inLanguage":"es","potentialAction":[{"@type":"ReadAction","target":["https:\/\/webs.uab.cat\/gicom\/es\/equipo-gicom\/david-moyano\/"]}]},{"@type":"ImageObject","inLanguage":"es","@id":"https:\/\/webs.uab.cat\/gicom\/es\/equipo-gicom\/david-moyano\/#primaryimage","url":"https:\/\/webs.uab.cat\/gicom\/wp-content\/uploads\/sites\/206\/2025\/03\/David-Moyano-150x150.jpg","contentUrl":"https:\/\/webs.uab.cat\/gicom\/wp-content\/uploads\/sites\/206\/2025\/03\/David-Moyano-150x150.jpg"},{"@type":"BreadcrumbList","@id":"https:\/\/webs.uab.cat\/gicom\/es\/equipo-gicom\/david-moyano\/#breadcrumb","itemListElement":[{"@type":"ListItem","position":1,"name":"Inici","item":"https:\/\/webs.uab.cat\/gicom\/es\/"},{"@type":"ListItem","position":2,"name":"David Moyano"}]},{"@type":"WebSite","@id":"https:\/\/webs.uab.cat\/gicom\/es\/#website","url":"https:\/\/webs.uab.cat\/gicom\/es\/","name":"Grupo de Investigaci\u00f3n en Compostaje","description":"Compostaje, bioconversi\u00f3n de residuos org\u00e1nicos y remediaci\u00f3n ambiental","potentialAction":[{"@type":"SearchAction","target":{"@type":"EntryPoint","urlTemplate":"https:\/\/webs.uab.cat\/gicom\/es\/?s={search_term_string}"},"query-input":{"@type":"PropertyValueSpecification","valueRequired":true,"valueName":"search_term_string"}}],"inLanguage":"es"}]}},"_links":{"self":[{"href":"https:\/\/webs.uab.cat\/gicom\/es\/wp-json\/wp\/v2\/pages\/6040","targetHints":{"allow":["GET"]}}],"collection":[{"href":"https:\/\/webs.uab.cat\/gicom\/es\/wp-json\/wp\/v2\/pages"}],"about":[{"href":"https:\/\/webs.uab.cat\/gicom\/es\/wp-json\/wp\/v2\/types\/page"}],"author":[{"embeddable":true,"href":"https:\/\/webs.uab.cat\/gicom\/es\/wp-json\/wp\/v2\/users\/153"}],"replies":[{"embeddable":true,"href":"https:\/\/webs.uab.cat\/gicom\/es\/wp-json\/wp\/v2\/comments?post=6040"}],"version-history":[{"count":2,"href":"https:\/\/webs.uab.cat\/gicom\/es\/wp-json\/wp\/v2\/pages\/6040\/revisions"}],"predecessor-version":[{"id":6042,"href":"https:\/\/webs.uab.cat\/gicom\/es\/wp-json\/wp\/v2\/pages\/6040\/revisions\/6042"}],"up":[{"embeddable":true,"href":"https:\/\/webs.uab.cat\/gicom\/es\/wp-json\/wp\/v2\/pages\/5516"}],"wp:attachment":[{"href":"https:\/\/webs.uab.cat\/gicom\/es\/wp-json\/wp\/v2\/media?parent=6040"}],"curies":[{"name":"wp","href":"https:\/\/api.w.org\/{rel}","templated":true}]}}