{"id":4562,"date":"2022-10-07T12:03:03","date_gmt":"2022-10-07T10:03:03","guid":{"rendered":"https:\/\/webs.uab.cat\/gicom\/?page_id=4562"},"modified":"2025-03-11T13:01:42","modified_gmt":"2025-03-11T11:01:42","slug":"aplicacions-ambientals-de-la-nanotecnologia","status":"publish","type":"page","link":"https:\/\/webs.uab.cat\/gicom\/aplicacions-ambientals-de-la-nanotecnologia\/","title":{"rendered":"Aplicacions ambientals de la nanotecnologia"},"content":{"rendered":"\n<p><\/p>\n\n\n\n<div class=\"wp-block-columns is-layout-flex wp-container-core-columns-is-layout-9d6595d7 wp-block-columns-is-layout-flex\">\n<div class=\"wp-block-column is-layout-flow wp-block-column-is-layout-flow\" style=\"flex-basis:33.33%\">\n<figure class=\"wp-block-image alignfull size-full is-style-rounded\"><img loading=\"lazy\" decoding=\"async\" width=\"400\" height=\"300\" src=\"https:\/\/webs.uab.cat\/gicom\/wp-content\/uploads\/sites\/206\/2022\/10\/nanoparticules-de-magnetita.jpg\" alt=\"\" class=\"wp-image-4956\" srcset=\"https:\/\/webs.uab.cat\/gicom\/wp-content\/uploads\/sites\/206\/2022\/10\/nanoparticules-de-magnetita.jpg 400w, https:\/\/webs.uab.cat\/gicom\/wp-content\/uploads\/sites\/206\/2022\/10\/nanoparticules-de-magnetita-300x225.jpg 300w\" sizes=\"auto, (max-width: 400px) 100vw, 400px\" \/><\/figure>\n<\/div>\n\n\n\n<div class=\"wp-block-column is-layout-flow wp-block-column-is-layout-flow\" style=\"flex-basis:66.66%\">\n<p>Els <strong>nanomaterials<\/strong> es defineixen com aquells materials amb almenys una dimensi\u00f3 inferior als <strong>100 nan\u00f2metres (nm)<\/strong>, mentre que les <strong>nanopart\u00edcules<\/strong> s\u00f3n estructures amb totes les seves dimensions per sota d\u2019aquest llindar. A aquesta escala, les seves propietats canvien significativament respecte als materials convencionals, oferint noves aplicacions en m\u00faltiples camps cient\u00edfics i tecnol\u00f2gics.<\/p>\n<\/div>\n<\/div>\n\n\n\n<p>Aquestes difer\u00e8ncies es deuen principalment a:<br>\ud83d\udd39 <strong>L\u2019increment dels efectes de superf\u00edcie<\/strong>, per una major relaci\u00f3 entre els \u00e0toms superficials i el volum.<br>\ud83d\udd39 <strong>L\u2019alta reactivitat i adaptabilitat<\/strong>, depenent tant de la mida com de la forma de la nanopart\u00edcula.<br>\ud83d\udd39 <strong>La seva multifuncionalitat<\/strong>, que obre noves possibilitats en \u00e0mbits com la remediaci\u00f3 ambiental.<\/p>\n\n\n\n<h3 class=\"wp-block-heading\"><strong>\u00das dels nanomaterials en la recuperaci\u00f3 ambiental<\/strong><\/h3>\n\n\n\n<p>L\u2019enginyeria ambiental est\u00e0 incorporant activament la nanotecnologia per desenvolupar solucions innovadores. Al nostre grup, investiguem:<\/p>\n\n\n\n<p>\u2714 <strong>Nanopart\u00edcules per al tractament d\u2019aigua<\/strong>, per reduir metalls, nutrients i pesticides.<br>\u2714 <strong>Nanopart\u00edcules per a la mitigaci\u00f3 de gasos d\u2019efecte hivernacle (CH\u2084 i N\u2082O)<\/strong> en l\u2019aire.<br>\u2714 <strong>Nanopart\u00edcules de ferro per optimitzar la digesti\u00f3 anaer\u00f2bia<\/strong>, incrementant significativament la producci\u00f3 de biog\u00e0s quan s\u2019afegeixen en condicions controlades.<\/p>\n\n\n\n<h3 class=\"wp-block-heading\">Nanomaterials i cat\u00e0lisi qu\u00edmica per a un futur sostenible<\/h3>\n\n\n\n<p>Els <strong>nanomaterials<\/strong> tenen un enorme potencial per <strong>millorar processos qu\u00edmics<\/strong> i fer-los m\u00e9s eficients, especialment en el camp de la <strong>cat\u00e0lisi qu\u00edmica<\/strong>. Al nostre grup de recerca, ens centrem en el desenvolupament de <strong>nous nanomaterials<\/strong> capa\u00e7os d\u2019optimitzar reaccions d\u2019inter\u00e8s en el sector energ\u00e8tic.<\/p>\n\n\n\n<p>Treballem en dues l\u00ednies principals:<\/p>\n\n\n\n<p>\u26a1 <strong>Conversi\u00f3 de di\u00f2xid de carboni (CO\u2082) a metanol<\/strong>: una alternativa sostenible per a la producci\u00f3 de combustibles i productes qu\u00edmics.<br>\u26a1 <strong>Conversi\u00f3 de di\u00f2xid de carboni (CO\u2082) a met\u00e0<\/strong>: una estrat\u00e8gia clau per a la captura i reutilitzaci\u00f3 del carboni.<\/p>\n\n\n\n<p>Aquestes investigacions contribueixen a la <strong>reducci\u00f3 d\u2019emissions de CO\u2082<\/strong> i al desenvolupament de <strong>fonts d\u2019energia m\u00e9s sostenibles<\/strong>.<\/p>\n\n\n\n<h3 class=\"wp-block-heading\"><strong>Nanotoxicologia: l\u2019impacte ambiental dels nanomaterials<\/strong><\/h3>\n\n\n\n<p>Malgrat el seu potencial, l\u2019impacte ambiental dels nanomaterials no est\u00e0 encara del tot determinat. Per aix\u00f2, treballem en <strong>l\u2019avaluaci\u00f3 de la seva toxicitat<\/strong>, mitjan\u00e7ant metodologies com:<br>\ud83d\udd2c <strong>Proves de germinaci\u00f3 de llavors<\/strong>.<br>\ud83d\udd2c <strong>Assajos amb bacteris bioluminescents<\/strong>.<br>\ud83d\udd2c <strong>Respirometria aer\u00f2bia<\/strong>.<br>\ud83d\udd2c <strong>Proves de digesti\u00f3 anaer\u00f2bia<\/strong>.<\/p>\n\n\n\n<p>Aquestes l\u00ednies de recerca ens permeten aprofundir en el coneixement dels nanomaterials i desenvolupar solucions ambientals m\u00e9s segures i eficients.<\/p>\n\n\n\n<p><\/p>\n","protected":false},"excerpt":{"rendered":"<p>Els nanomaterials es defineixen com aquells materials amb almenys una dimensi\u00f3 inferior als 100 nan\u00f2metres (nm), mentre que les nanopart\u00edcules s\u00f3n estructures amb totes les seves dimensions per sota d\u2019aquest llindar. A aquesta escala, les seves propietats canvien significativament respecte als materials convencionals, oferint noves aplicacions en m\u00faltiples camps cient\u00edfics i tecnol\u00f2gics. Aquestes difer\u00e8ncies es [&hellip;]<\/p>\n","protected":false},"author":153,"featured_media":0,"parent":0,"menu_order":0,"comment_status":"closed","ping_status":"closed","template":"","meta":{"footnotes":""},"class_list":["post-4562","page","type-page","status-publish","hentry"],"yoast_head":"<!-- This site is optimized with the Yoast SEO plugin v26.8 - https:\/\/yoast.com\/product\/yoast-seo-wordpress\/ -->\n<title>Aplicacions ambientals de la nanotecnologia - Grup de Recerca en Compostatge<\/title>\n<meta name=\"robots\" content=\"index, follow, max-snippet:-1, max-image-preview:large, max-video-preview:-1\" \/>\n<link rel=\"canonical\" href=\"https:\/\/webs.uab.cat\/gicom\/aplicacions-ambientals-de-la-nanotecnologia\/\" \/>\n<meta property=\"og:locale\" content=\"ca_ES\" \/>\n<meta property=\"og:type\" content=\"article\" \/>\n<meta property=\"og:title\" content=\"Aplicacions ambientals de la nanotecnologia - Grup de Recerca en Compostatge\" \/>\n<meta property=\"og:description\" content=\"Els nanomaterials es defineixen com aquells materials amb almenys una dimensi\u00f3 inferior als 100 nan\u00f2metres (nm), mentre que les nanopart\u00edcules s\u00f3n estructures amb totes les seves dimensions per sota d\u2019aquest llindar. A aquesta escala, les seves propietats canvien significativament respecte als materials convencionals, oferint noves aplicacions en m\u00faltiples camps cient\u00edfics i tecnol\u00f2gics. Aquestes difer\u00e8ncies es [&hellip;]\" \/>\n<meta property=\"og:url\" content=\"https:\/\/webs.uab.cat\/gicom\/aplicacions-ambientals-de-la-nanotecnologia\/\" \/>\n<meta property=\"og:site_name\" content=\"Grup de Recerca en Compostatge\" \/>\n<meta property=\"article:modified_time\" content=\"2025-03-11T11:01:42+00:00\" \/>\n<meta property=\"og:image\" content=\"https:\/\/webs.uab.cat\/gicom\/wp-content\/uploads\/sites\/206\/2022\/10\/nanoparticules-de-magnetita.jpg\" \/>\n\t<meta property=\"og:image:width\" content=\"400\" \/>\n\t<meta property=\"og:image:height\" content=\"300\" \/>\n\t<meta property=\"og:image:type\" content=\"image\/jpeg\" \/>\n<meta name=\"twitter:card\" content=\"summary_large_image\" \/>\n<meta name=\"twitter:label1\" content=\"Temps estimat de lectura\" \/>\n\t<meta name=\"twitter:data1\" content=\"3 minuts\" \/>\n<script type=\"application\/ld+json\" class=\"yoast-schema-graph\">{\"@context\":\"https:\/\/schema.org\",\"@graph\":[{\"@type\":\"WebPage\",\"@id\":\"https:\/\/webs.uab.cat\/gicom\/aplicacions-ambientals-de-la-nanotecnologia\/\",\"url\":\"https:\/\/webs.uab.cat\/gicom\/aplicacions-ambientals-de-la-nanotecnologia\/\",\"name\":\"Aplicacions ambientals de la nanotecnologia - Grup de Recerca en Compostatge\",\"isPartOf\":{\"@id\":\"https:\/\/webs.uab.cat\/gicom\/#website\"},\"primaryImageOfPage\":{\"@id\":\"https:\/\/webs.uab.cat\/gicom\/aplicacions-ambientals-de-la-nanotecnologia\/#primaryimage\"},\"image\":{\"@id\":\"https:\/\/webs.uab.cat\/gicom\/aplicacions-ambientals-de-la-nanotecnologia\/#primaryimage\"},\"thumbnailUrl\":\"https:\/\/webs.uab.cat\/gicom\/wp-content\/uploads\/sites\/206\/2022\/10\/nanoparticules-de-magnetita.jpg\",\"datePublished\":\"2022-10-07T10:03:03+00:00\",\"dateModified\":\"2025-03-11T11:01:42+00:00\",\"breadcrumb\":{\"@id\":\"https:\/\/webs.uab.cat\/gicom\/aplicacions-ambientals-de-la-nanotecnologia\/#breadcrumb\"},\"inLanguage\":\"ca\",\"potentialAction\":[{\"@type\":\"ReadAction\",\"target\":[\"https:\/\/webs.uab.cat\/gicom\/aplicacions-ambientals-de-la-nanotecnologia\/\"]}]},{\"@type\":\"ImageObject\",\"inLanguage\":\"ca\",\"@id\":\"https:\/\/webs.uab.cat\/gicom\/aplicacions-ambientals-de-la-nanotecnologia\/#primaryimage\",\"url\":\"https:\/\/webs.uab.cat\/gicom\/wp-content\/uploads\/sites\/206\/2022\/10\/nanoparticules-de-magnetita.jpg\",\"contentUrl\":\"https:\/\/webs.uab.cat\/gicom\/wp-content\/uploads\/sites\/206\/2022\/10\/nanoparticules-de-magnetita.jpg\",\"width\":400,\"height\":300},{\"@type\":\"BreadcrumbList\",\"@id\":\"https:\/\/webs.uab.cat\/gicom\/aplicacions-ambientals-de-la-nanotecnologia\/#breadcrumb\",\"itemListElement\":[{\"@type\":\"ListItem\",\"position\":1,\"name\":\"Inici\",\"item\":\"https:\/\/webs.uab.cat\/gicom\/\"},{\"@type\":\"ListItem\",\"position\":2,\"name\":\"Aplicacions ambientals de la nanotecnologia\"}]},{\"@type\":\"WebSite\",\"@id\":\"https:\/\/webs.uab.cat\/gicom\/#website\",\"url\":\"https:\/\/webs.uab.cat\/gicom\/\",\"name\":\"Grup de Recerca en Compostatge\",\"description\":\"Compostatge, bioconversi\u00f3 de residus org\u00e0nics i remediaci\u00f3 ambiental\",\"potentialAction\":[{\"@type\":\"SearchAction\",\"target\":{\"@type\":\"EntryPoint\",\"urlTemplate\":\"https:\/\/webs.uab.cat\/gicom\/?s={search_term_string}\"},\"query-input\":{\"@type\":\"PropertyValueSpecification\",\"valueRequired\":true,\"valueName\":\"search_term_string\"}}],\"inLanguage\":\"ca\"}]}<\/script>\n<!-- \/ Yoast SEO plugin. -->","yoast_head_json":{"title":"Aplicacions ambientals de la nanotecnologia - Grup de Recerca en Compostatge","robots":{"index":"index","follow":"follow","max-snippet":"max-snippet:-1","max-image-preview":"max-image-preview:large","max-video-preview":"max-video-preview:-1"},"canonical":"https:\/\/webs.uab.cat\/gicom\/aplicacions-ambientals-de-la-nanotecnologia\/","og_locale":"ca_ES","og_type":"article","og_title":"Aplicacions ambientals de la nanotecnologia - Grup de Recerca en Compostatge","og_description":"Els nanomaterials es defineixen com aquells materials amb almenys una dimensi\u00f3 inferior als 100 nan\u00f2metres (nm), mentre que les nanopart\u00edcules s\u00f3n estructures amb totes les seves dimensions per sota d\u2019aquest llindar. A aquesta escala, les seves propietats canvien significativament respecte als materials convencionals, oferint noves aplicacions en m\u00faltiples camps cient\u00edfics i tecnol\u00f2gics. Aquestes difer\u00e8ncies es [&hellip;]","og_url":"https:\/\/webs.uab.cat\/gicom\/aplicacions-ambientals-de-la-nanotecnologia\/","og_site_name":"Grup de Recerca en Compostatge","article_modified_time":"2025-03-11T11:01:42+00:00","og_image":[{"width":400,"height":300,"url":"https:\/\/webs.uab.cat\/gicom\/wp-content\/uploads\/sites\/206\/2022\/10\/nanoparticules-de-magnetita.jpg","type":"image\/jpeg"}],"twitter_card":"summary_large_image","twitter_misc":{"Temps estimat de lectura":"3 minuts"},"schema":{"@context":"https:\/\/schema.org","@graph":[{"@type":"WebPage","@id":"https:\/\/webs.uab.cat\/gicom\/aplicacions-ambientals-de-la-nanotecnologia\/","url":"https:\/\/webs.uab.cat\/gicom\/aplicacions-ambientals-de-la-nanotecnologia\/","name":"Aplicacions ambientals de la nanotecnologia - Grup de Recerca en Compostatge","isPartOf":{"@id":"https:\/\/webs.uab.cat\/gicom\/#website"},"primaryImageOfPage":{"@id":"https:\/\/webs.uab.cat\/gicom\/aplicacions-ambientals-de-la-nanotecnologia\/#primaryimage"},"image":{"@id":"https:\/\/webs.uab.cat\/gicom\/aplicacions-ambientals-de-la-nanotecnologia\/#primaryimage"},"thumbnailUrl":"https:\/\/webs.uab.cat\/gicom\/wp-content\/uploads\/sites\/206\/2022\/10\/nanoparticules-de-magnetita.jpg","datePublished":"2022-10-07T10:03:03+00:00","dateModified":"2025-03-11T11:01:42+00:00","breadcrumb":{"@id":"https:\/\/webs.uab.cat\/gicom\/aplicacions-ambientals-de-la-nanotecnologia\/#breadcrumb"},"inLanguage":"ca","potentialAction":[{"@type":"ReadAction","target":["https:\/\/webs.uab.cat\/gicom\/aplicacions-ambientals-de-la-nanotecnologia\/"]}]},{"@type":"ImageObject","inLanguage":"ca","@id":"https:\/\/webs.uab.cat\/gicom\/aplicacions-ambientals-de-la-nanotecnologia\/#primaryimage","url":"https:\/\/webs.uab.cat\/gicom\/wp-content\/uploads\/sites\/206\/2022\/10\/nanoparticules-de-magnetita.jpg","contentUrl":"https:\/\/webs.uab.cat\/gicom\/wp-content\/uploads\/sites\/206\/2022\/10\/nanoparticules-de-magnetita.jpg","width":400,"height":300},{"@type":"BreadcrumbList","@id":"https:\/\/webs.uab.cat\/gicom\/aplicacions-ambientals-de-la-nanotecnologia\/#breadcrumb","itemListElement":[{"@type":"ListItem","position":1,"name":"Inici","item":"https:\/\/webs.uab.cat\/gicom\/"},{"@type":"ListItem","position":2,"name":"Aplicacions ambientals de la nanotecnologia"}]},{"@type":"WebSite","@id":"https:\/\/webs.uab.cat\/gicom\/#website","url":"https:\/\/webs.uab.cat\/gicom\/","name":"Grup de Recerca en Compostatge","description":"Compostatge, bioconversi\u00f3 de residus org\u00e0nics i remediaci\u00f3 ambiental","potentialAction":[{"@type":"SearchAction","target":{"@type":"EntryPoint","urlTemplate":"https:\/\/webs.uab.cat\/gicom\/?s={search_term_string}"},"query-input":{"@type":"PropertyValueSpecification","valueRequired":true,"valueName":"search_term_string"}}],"inLanguage":"ca"}]}},"_links":{"self":[{"href":"https:\/\/webs.uab.cat\/gicom\/wp-json\/wp\/v2\/pages\/4562","targetHints":{"allow":["GET"]}}],"collection":[{"href":"https:\/\/webs.uab.cat\/gicom\/wp-json\/wp\/v2\/pages"}],"about":[{"href":"https:\/\/webs.uab.cat\/gicom\/wp-json\/wp\/v2\/types\/page"}],"author":[{"embeddable":true,"href":"https:\/\/webs.uab.cat\/gicom\/wp-json\/wp\/v2\/users\/153"}],"replies":[{"embeddable":true,"href":"https:\/\/webs.uab.cat\/gicom\/wp-json\/wp\/v2\/comments?post=4562"}],"version-history":[{"count":8,"href":"https:\/\/webs.uab.cat\/gicom\/wp-json\/wp\/v2\/pages\/4562\/revisions"}],"predecessor-version":[{"id":6071,"href":"https:\/\/webs.uab.cat\/gicom\/wp-json\/wp\/v2\/pages\/4562\/revisions\/6071"}],"wp:attachment":[{"href":"https:\/\/webs.uab.cat\/gicom\/wp-json\/wp\/v2\/media?parent=4562"}],"curies":[{"name":"wp","href":"https:\/\/api.w.org\/{rel}","templated":true}]}}