{"id":4911,"date":"2022-09-16T20:09:46","date_gmt":"2022-09-16T18:09:46","guid":{"rendered":"https:\/\/webs.uab.cat\/gicom\/fermentacio-en-estat-solid\/"},"modified":"2025-03-11T13:03:39","modified_gmt":"2025-03-11T11:03:39","slug":"fermentacio-en-estat-solid","status":"publish","type":"page","link":"https:\/\/webs.uab.cat\/gicom\/fermentacio-en-estat-solid\/","title":{"rendered":"Fermentaci\u00f3 en estat s\u00f2lid i bioproductes"},"content":{"rendered":"\n<p>L\u2019experi\u00e8ncia del nostre grup en <strong><a href=\"https:\/\/webs.uab.cat\/gicom\/compostatge\/\">compostatge<\/a><\/strong> ens ha perm\u00e8s establir una base s\u00f2lida per impulsar el <strong>processament biol\u00f2gic dels residus s\u00f2lids org\u00e0nics<\/strong> sota un nou paradigma: <strong>convertir els residus en mat\u00e8ries primeres<\/strong> mitjan\u00e7ant la <strong>Fermentaci\u00f3 en Estat S\u00f2lid (FES, m\u00e9s conneguda com a SSF de l&#8217;angl\u00e8s, <em>Solid State Fermentation<\/em>)<\/strong>.<\/p>\n\n\n\n<h3 class=\"wp-block-heading\"><strong>D&#8217;una Nova L\u00ednia de Recerca a Productes de Valor Afegit<\/strong><\/h3>\n\n\n\n<p>Des del 2010, investiguem com transformar diferents residus en <strong>productes comercialitzables<\/strong>. Alguns exemples s\u00f3n:<br>\u2714 <strong>Residus del refinat d\u2019oli<\/strong><br>\u2714 <strong>P\u00e8l de vaca de la ind\u00fastria del cuir<\/strong><br>\u2714 <strong>Pell de taronja<\/strong><br>\u2714 <strong>Fangs d&#8217;EDAR<\/strong><br>\u2714  <strong>Digestat de fangs d&#8217;EDAR o de Fracci\u00f3 Org\u00e0nica de Residus Municipals<\/strong><\/p>\n\n\n\n<p>A partir dels quals es poden obtenir:<br>\u00a0\u00a0\u00a0\u00a0\u2714 <strong>Enzims<\/strong> (lipases, proteases, cel\u00b7lulases).<br>\u00a0\u00a0\u00a0\u00a0\u2714 <strong>Biosurfactants<\/strong>.<br>\u00a0\u00a0\u00a0\u00a0\u2714 <strong>Biopesticides<\/strong>.\u00a0<br>\u00a0\u00a0\u00a0\u00a0\u2714 <strong>Bioestimulants<\/strong>.<\/p>\n\n\n\n<p>De fet, les possibilitats s\u00f3n gaireb\u00e9 infinites, fet que ha impulsat una creixent recerca en <strong>SSF<\/strong> per a l\u2019aprofitament sostenible dels residus org\u00e0nics.<\/p>\n\n\n\n<h3 class=\"wp-block-heading\"><strong>El Repte: L\u2019Escalat Industrial<\/strong><\/h3>\n\n\n\n<p>Un dels principals reptes de l&#8217;\u00fas de residus en <strong>Fermentaci\u00f3 en Estat S\u00f2lid<\/strong> \u00e9s la seva <strong>implementaci\u00f3 a escala industrial<\/strong>. El nostre enfocament es basa en l\u2019experi\u00e8ncia adquirida en compostatge a gran escala per desenvolupar un <strong>proc\u00e9s de SSF fiable i escalable<\/strong>. <br>Aix\u00ed, disposem d\u2019equipaments que permeten estudiar el proc\u00e9s a diferents escales:<br>\ud83e\uddea <strong>Petita escala:<\/strong> assaigs en reactors de 500 mL per analitzar m\u00faltiples variables al mateix temps.<br>\u2699\ufe0f <strong>Escala laboratori:<\/strong> reactors de <strong>2 L a 10 L<\/strong>.<br>\ud83c\udfed <strong>Escala pilot:<\/strong> reactors de <strong>22, 100 i 350 L<\/strong>  per validar resultats en condicions m\u00e9s properes a la realitat industrial.<\/p>\n\n\n<div class=\"wp-block-image\">\n<figure class=\"aligncenter size-large is-resized\"><img loading=\"lazy\" decoding=\"async\" width=\"1024\" height=\"625\" src=\"https:\/\/webs.uab.cat\/gicom\/wp-content\/uploads\/sites\/206\/2025\/03\/reactors-1024x625.jpg\" alt=\"\" class=\"wp-image-5944\" style=\"width:504px;height:auto\" srcset=\"https:\/\/webs.uab.cat\/gicom\/wp-content\/uploads\/sites\/206\/2025\/03\/reactors-1024x625.jpg 1024w, https:\/\/webs.uab.cat\/gicom\/wp-content\/uploads\/sites\/206\/2025\/03\/reactors-300x183.jpg 300w, https:\/\/webs.uab.cat\/gicom\/wp-content\/uploads\/sites\/206\/2025\/03\/reactors-768x469.jpg 768w, https:\/\/webs.uab.cat\/gicom\/wp-content\/uploads\/sites\/206\/2025\/03\/reactors-1200x732.jpg 1200w, https:\/\/webs.uab.cat\/gicom\/wp-content\/uploads\/sites\/206\/2025\/03\/reactors.jpg 1514w\" sizes=\"auto, (max-width: 1024px) 100vw, 1024px\" \/><\/figure>\n<\/div>\n\n\n<p>Bioproductes sobre els que actualment estem fent recerca son els biosurfactants, els bioestumulants i els biopesticides.<\/p>\n\n\n\n<details class=\"wp-block-mamaduka-toggles wp-block-toggles\"><summary>Biosurfactants<\/summary><div class=\"wp-block-toggles__content\">\n<p>Al grup GICOM hem explorat la producci\u00f3 de biosurfactants per bioconversi\u00f3 de residus de la ind\u00fastria aliment\u00e0ria mitjan\u00e7ant fermentaci\u00f3 en estat s\u00f2lid. Espec\u00edficament, hem estudiat la producci\u00f3 de soforol\u00edpids (SL), un glicol\u00edpid amb m\u00faltiples aplicacions ambientals, agr\u00edcoles, en productes de neteja o higiene personal i en industria cosm\u00e8tica, entre d\u2019altres. Aquest compost es pot produir per fermentaci\u00f3 de substrats rics en olis i\/o en sucres. Per exemple, el pa de premsat procedent de les ind\u00fastries de refinat d\u2019olis comestibles (girasol, blat de moro, etc.), presenta un enorme potencial com a font de carboni hidrof\u00f2bic per al llevat&nbsp;<em>Starmerella bombicola<\/em>, productor d\u2019aquests biosurfactants. Tamb\u00e9 s\u2019ha demostrat viable la producci\u00f3 a partir d\u2019hidrolitzats de residus urbans o industrials. Mitjan\u00e7ant l\u2019optimitzaci\u00f3 de les condicions del proc\u00e9s i la selecci\u00f3 de suports a escala de laboratori, vam aconseguir una productivitat prometedora d\u2019aproximadament 3 g de SL per litre i per dia. El proc\u00e9s s\u2019ha escalat amb \u00e8xit fins a un volum real de 60 litres. Per tal de desenvolupar aquest proc\u00e9s a escala comercial, estem millorant els procediments de recuperaci\u00f3 de SLs de la matriu s\u00f2lida i explorant estrat\u00e8gies avan\u00e7ades d\u2019operaci\u00f3 i control de processos per a un escalat amb \u00e8xit. A m\u00e9s, estem duent a terme estudis de viabilitat econ\u00f2mica i ambiental del proc\u00e9s. El proc\u00e9s desenvolupat \u00e9s extrapolable a la producci\u00f3 d\u2019altres biosurfactants glicol\u00edpids produ\u00efts per llevats sobre fonts de carboni an\u00e0logues.<\/p>\n<\/div><\/details>\n\n\n\n<details class=\"wp-block-mamaduka-toggles wp-block-toggles\"><summary>Biopesticides<\/summary><div class=\"wp-block-toggles__content\">\n<p>Els agents de biocontrol poden substituir total o parcialment els pesticides qu\u00edmics tradicionals, s\u00f3n efectius sobre un nombre considerable de plagues, sense tenir efectes nocius per als \u00e9ssers humans, animals o l\u2019ecosistema. Alguns d\u2019aquests biopesticides s\u00f3n d\u2019origen microbi\u00e0, produ\u00efts per bacteris i fongs. Aquests microorganismes poden cr\u00e9ixer en condicions controlades sobre substrats s\u00f2lids de diferent origen mitjan\u00e7ant SSF, permetent l\u2019aprofitament de materials residuals com a substrat.<\/p>\n\n\n\n<p><em>Bacillus thuringiensis<\/em>&nbsp;\u00e9s un bacteri que produeix una endotoxina amb efecte sobre el tracte digestiu de les larves d\u2019alguns insectes plaga.&nbsp;<em>Beauveria bassiana<\/em>&nbsp;\u00e9s un fong entomopat\u00f2gen amb efectes letals sobre nombroses plagues mentre que&nbsp;<em>Trichoderma harzianum<\/em>&nbsp;ha demostrat efectes fungicides. Tots tres microorganismes es comercialitzen actualment com a base de diferents productes biopesticides.<\/p>\n\n\n\n<p>El Grup de recerca en compostatge (GICOM) treballa amb&nbsp;<em>Bacillus thuringiensis<\/em>,&nbsp;<em>Beauveria bassiana<\/em>&nbsp;i&nbsp;<em>Trichoderma harzianum<\/em>&nbsp;utilitzant residus de diversa proced\u00e8ncia per produir tant un compost amb efecte biopesticida, com un extracte l\u00edquid tamb\u00e9 amb aquestes propietats. S\u2019est\u00e0 treballant tant amb residus agroindustrials (clofolla d\u2019arr\u00f2s, fibres residuals de l\u2019obtenci\u00f3 de begudes vegetals derivades d\u2019arr\u00f2s o soja, bag\u00e0s de cervesa), com amb restes de poda i amb fracci\u00f3 org\u00e0nica de residus municipals de recollida selectiva com a substrats per al creixement i esporulaci\u00f3 d\u2019aquests microorganismes. El proc\u00e9s s\u2019ha dut a terme amb \u00e8xit a escala semi pilot, en reactors de 22L en el cas dels fongs i de fins a 290L en el cas del bacteri. El residu es prepara per a la fermentaci\u00f3 mitjan\u00e7ant una etapa pr\u00e8via &nbsp;d\u2019esterilitzaci\u00f3 i barreja amb agent estructurant per assegurar un correcte contacte amb l\u2019oxigen (el proc\u00e9s \u00e9s aerobi). Els temps de fermentaci\u00f3 s\u00f3n variables en funci\u00f3 del microorganisme utilitzant, des de 48h en el cas de&nbsp;<em>B. thuringi<\/em>ensis, fins a 8 dies per a&nbsp;<em>T. harzianum<\/em>. &nbsp;<\/p>\n<\/div><\/details>\n\n\n\n<details class=\"wp-block-mamaduka-toggles wp-block-toggles\"><summary>Bioestimulants<\/summary><div class=\"wp-block-toggles__content\">\n<p>En el marc de la millora de l\u2019agricultura sostenible, els bioestimulants presenten un paper prometedor. El bioestimulant \u00e9s un producte que estimula el creixement de les plantes, millorant les seg\u00fcents caracter\u00edstiques: efici\u00e8ncia en l\u2019\u00fas de nutrients, resist\u00e8ncia a la toler\u00e0ncia a l\u2019estr\u00e8s bi\u00f2tic i abi\u00f2tic, i acc\u00e9s als nutrients confinats al s\u00f2l o a la&nbsp;rizosfera. Es poden utilitzar com a bioestimulants una \u00e0mplia gamma de subst\u00e0ncies i microorganismes. Entre ells, els fongs&nbsp;<em>Trichoderma<\/em>&nbsp;spp,&nbsp;que s\u2019han utilitzat principalment com a bioestimulants per la seva capacitat de controlar els fitopat\u00f2gens f\u00fangics i millorar la toler\u00e0ncia de les plantes davant l\u2019estr\u00e8s abi\u00f2tic.<br>L\u2019auxina \u00e9s una hormona vegetal que pot ser produ\u00efda per plantes i microorganismes. Concretament, l\u2019auxina \u00e9s un dels metab\u00f2lits produ\u00efts pels fongs com a mediador per interactuar amb la planta. L\u2019\u00e0cid indol-3-ac\u00e8tic (IAA) \u00e9s la forma m\u00e9s comuna d\u2019auxina.<br>El Grup de Recerca de Compostatge (GICOM) est\u00e0 treballant amb&nbsp;<em>Trichoderma harzianum<\/em>&nbsp;per a la producci\u00f3 d\u2019IAA utilitzant residus verds com a substrat.<\/p>\n\n\n<div class=\"wp-block-image\">\n<figure class=\"aligncenter size-large is-resized\"><img loading=\"lazy\" decoding=\"async\" width=\"1024\" height=\"655\" src=\"https:\/\/webs.uab.cat\/gicom\/wp-content\/uploads\/sites\/206\/2025\/02\/SSF-circular-economy-1024x655.jpg\" alt=\"\" class=\"wp-image-5900\" style=\"width:650px;height:auto\" srcset=\"https:\/\/webs.uab.cat\/gicom\/wp-content\/uploads\/sites\/206\/2025\/02\/SSF-circular-economy-1024x655.jpg 1024w, https:\/\/webs.uab.cat\/gicom\/wp-content\/uploads\/sites\/206\/2025\/02\/SSF-circular-economy-300x192.jpg 300w, https:\/\/webs.uab.cat\/gicom\/wp-content\/uploads\/sites\/206\/2025\/02\/SSF-circular-economy-768x491.jpg 768w, https:\/\/webs.uab.cat\/gicom\/wp-content\/uploads\/sites\/206\/2025\/02\/SSF-circular-economy-1200x768.jpg 1200w, https:\/\/webs.uab.cat\/gicom\/wp-content\/uploads\/sites\/206\/2025\/02\/SSF-circular-economy.jpg 1385w\" sizes=\"auto, (max-width: 1024px) 100vw, 1024px\" \/><\/figure>\n<\/div><\/div><\/details>\n","protected":false},"excerpt":{"rendered":"<p>L\u2019experi\u00e8ncia del nostre grup en compostatge ens ha perm\u00e8s establir una base s\u00f2lida per impulsar el processament biol\u00f2gic dels residus s\u00f2lids org\u00e0nics sota un nou paradigma: convertir els residus en mat\u00e8ries primeres mitjan\u00e7ant la Fermentaci\u00f3 en Estat S\u00f2lid (FES, m\u00e9s conneguda com a SSF de l&#8217;angl\u00e8s, Solid State Fermentation). D&#8217;una Nova L\u00ednia de Recerca a [&hellip;]<\/p>\n","protected":false},"author":153,"featured_media":0,"parent":0,"menu_order":0,"comment_status":"closed","ping_status":"closed","template":"","meta":{"footnotes":""},"class_list":["post-4911","page","type-page","status-publish","hentry"],"yoast_head":"<!-- This site is optimized with the Yoast SEO plugin v26.8 - https:\/\/yoast.com\/product\/yoast-seo-wordpress\/ -->\n<title>Fermentaci\u00f3 en estat s\u00f2lid i bioproductes - Grup de Recerca en Compostatge<\/title>\n<meta name=\"robots\" content=\"index, follow, max-snippet:-1, max-image-preview:large, max-video-preview:-1\" \/>\n<link rel=\"canonical\" href=\"https:\/\/webs.uab.cat\/gicom\/fermentacio-en-estat-solid\/\" \/>\n<meta property=\"og:locale\" content=\"ca_ES\" \/>\n<meta property=\"og:type\" content=\"article\" \/>\n<meta property=\"og:title\" content=\"Fermentaci\u00f3 en estat s\u00f2lid i bioproductes - Grup de Recerca en Compostatge\" \/>\n<meta property=\"og:description\" content=\"L\u2019experi\u00e8ncia del nostre grup en compostatge ens ha perm\u00e8s establir una base s\u00f2lida per impulsar el processament biol\u00f2gic dels residus s\u00f2lids org\u00e0nics sota un nou paradigma: convertir els residus en mat\u00e8ries primeres mitjan\u00e7ant la Fermentaci\u00f3 en Estat S\u00f2lid (FES, m\u00e9s conneguda com a SSF de l&#8217;angl\u00e8s, Solid State Fermentation). D&#8217;una Nova L\u00ednia de Recerca a [&hellip;]\" \/>\n<meta property=\"og:url\" content=\"https:\/\/webs.uab.cat\/gicom\/fermentacio-en-estat-solid\/\" \/>\n<meta property=\"og:site_name\" content=\"Grup de Recerca en Compostatge\" \/>\n<meta property=\"article:modified_time\" content=\"2025-03-11T11:03:39+00:00\" \/>\n<meta property=\"og:image\" content=\"https:\/\/webs.uab.cat\/gicom\/wp-content\/uploads\/sites\/206\/2025\/03\/reactors.jpg\" \/>\n\t<meta property=\"og:image:width\" content=\"1514\" \/>\n\t<meta property=\"og:image:height\" content=\"924\" \/>\n\t<meta property=\"og:image:type\" content=\"image\/jpeg\" \/>\n<meta name=\"twitter:card\" content=\"summary_large_image\" \/>\n<meta name=\"twitter:label1\" content=\"Temps estimat de lectura\" \/>\n\t<meta name=\"twitter:data1\" content=\"6 minuts\" \/>\n<script type=\"application\/ld+json\" class=\"yoast-schema-graph\">{\"@context\":\"https:\/\/schema.org\",\"@graph\":[{\"@type\":\"WebPage\",\"@id\":\"https:\/\/webs.uab.cat\/gicom\/fermentacio-en-estat-solid\/\",\"url\":\"https:\/\/webs.uab.cat\/gicom\/fermentacio-en-estat-solid\/\",\"name\":\"Fermentaci\u00f3 en estat s\u00f2lid i bioproductes - Grup de Recerca en Compostatge\",\"isPartOf\":{\"@id\":\"https:\/\/webs.uab.cat\/gicom\/#website\"},\"primaryImageOfPage\":{\"@id\":\"https:\/\/webs.uab.cat\/gicom\/fermentacio-en-estat-solid\/#primaryimage\"},\"image\":{\"@id\":\"https:\/\/webs.uab.cat\/gicom\/fermentacio-en-estat-solid\/#primaryimage\"},\"thumbnailUrl\":\"https:\/\/webs.uab.cat\/gicom\/wp-content\/uploads\/sites\/206\/2025\/03\/reactors-1024x625.jpg\",\"datePublished\":\"2022-09-16T18:09:46+00:00\",\"dateModified\":\"2025-03-11T11:03:39+00:00\",\"breadcrumb\":{\"@id\":\"https:\/\/webs.uab.cat\/gicom\/fermentacio-en-estat-solid\/#breadcrumb\"},\"inLanguage\":\"ca\",\"potentialAction\":[{\"@type\":\"ReadAction\",\"target\":[\"https:\/\/webs.uab.cat\/gicom\/fermentacio-en-estat-solid\/\"]}]},{\"@type\":\"ImageObject\",\"inLanguage\":\"ca\",\"@id\":\"https:\/\/webs.uab.cat\/gicom\/fermentacio-en-estat-solid\/#primaryimage\",\"url\":\"https:\/\/webs.uab.cat\/gicom\/wp-content\/uploads\/sites\/206\/2025\/03\/reactors.jpg\",\"contentUrl\":\"https:\/\/webs.uab.cat\/gicom\/wp-content\/uploads\/sites\/206\/2025\/03\/reactors.jpg\",\"width\":1514,\"height\":924},{\"@type\":\"BreadcrumbList\",\"@id\":\"https:\/\/webs.uab.cat\/gicom\/fermentacio-en-estat-solid\/#breadcrumb\",\"itemListElement\":[{\"@type\":\"ListItem\",\"position\":1,\"name\":\"Inici\",\"item\":\"https:\/\/webs.uab.cat\/gicom\/\"},{\"@type\":\"ListItem\",\"position\":2,\"name\":\"Fermentaci\u00f3 en estat s\u00f2lid i bioproductes\"}]},{\"@type\":\"WebSite\",\"@id\":\"https:\/\/webs.uab.cat\/gicom\/#website\",\"url\":\"https:\/\/webs.uab.cat\/gicom\/\",\"name\":\"Grup de Recerca en Compostatge\",\"description\":\"Compostatge, bioconversi\u00f3 de residus org\u00e0nics i remediaci\u00f3 ambiental\",\"potentialAction\":[{\"@type\":\"SearchAction\",\"target\":{\"@type\":\"EntryPoint\",\"urlTemplate\":\"https:\/\/webs.uab.cat\/gicom\/?s={search_term_string}\"},\"query-input\":{\"@type\":\"PropertyValueSpecification\",\"valueRequired\":true,\"valueName\":\"search_term_string\"}}],\"inLanguage\":\"ca\"}]}<\/script>\n<!-- \/ Yoast SEO plugin. -->","yoast_head_json":{"title":"Fermentaci\u00f3 en estat s\u00f2lid i bioproductes - Grup de Recerca en Compostatge","robots":{"index":"index","follow":"follow","max-snippet":"max-snippet:-1","max-image-preview":"max-image-preview:large","max-video-preview":"max-video-preview:-1"},"canonical":"https:\/\/webs.uab.cat\/gicom\/fermentacio-en-estat-solid\/","og_locale":"ca_ES","og_type":"article","og_title":"Fermentaci\u00f3 en estat s\u00f2lid i bioproductes - Grup de Recerca en Compostatge","og_description":"L\u2019experi\u00e8ncia del nostre grup en compostatge ens ha perm\u00e8s establir una base s\u00f2lida per impulsar el processament biol\u00f2gic dels residus s\u00f2lids org\u00e0nics sota un nou paradigma: convertir els residus en mat\u00e8ries primeres mitjan\u00e7ant la Fermentaci\u00f3 en Estat S\u00f2lid (FES, m\u00e9s conneguda com a SSF de l&#8217;angl\u00e8s, Solid State Fermentation). D&#8217;una Nova L\u00ednia de Recerca a [&hellip;]","og_url":"https:\/\/webs.uab.cat\/gicom\/fermentacio-en-estat-solid\/","og_site_name":"Grup de Recerca en Compostatge","article_modified_time":"2025-03-11T11:03:39+00:00","og_image":[{"width":1514,"height":924,"url":"https:\/\/webs.uab.cat\/gicom\/wp-content\/uploads\/sites\/206\/2025\/03\/reactors.jpg","type":"image\/jpeg"}],"twitter_card":"summary_large_image","twitter_misc":{"Temps estimat de lectura":"6 minuts"},"schema":{"@context":"https:\/\/schema.org","@graph":[{"@type":"WebPage","@id":"https:\/\/webs.uab.cat\/gicom\/fermentacio-en-estat-solid\/","url":"https:\/\/webs.uab.cat\/gicom\/fermentacio-en-estat-solid\/","name":"Fermentaci\u00f3 en estat s\u00f2lid i bioproductes - Grup de Recerca en Compostatge","isPartOf":{"@id":"https:\/\/webs.uab.cat\/gicom\/#website"},"primaryImageOfPage":{"@id":"https:\/\/webs.uab.cat\/gicom\/fermentacio-en-estat-solid\/#primaryimage"},"image":{"@id":"https:\/\/webs.uab.cat\/gicom\/fermentacio-en-estat-solid\/#primaryimage"},"thumbnailUrl":"https:\/\/webs.uab.cat\/gicom\/wp-content\/uploads\/sites\/206\/2025\/03\/reactors-1024x625.jpg","datePublished":"2022-09-16T18:09:46+00:00","dateModified":"2025-03-11T11:03:39+00:00","breadcrumb":{"@id":"https:\/\/webs.uab.cat\/gicom\/fermentacio-en-estat-solid\/#breadcrumb"},"inLanguage":"ca","potentialAction":[{"@type":"ReadAction","target":["https:\/\/webs.uab.cat\/gicom\/fermentacio-en-estat-solid\/"]}]},{"@type":"ImageObject","inLanguage":"ca","@id":"https:\/\/webs.uab.cat\/gicom\/fermentacio-en-estat-solid\/#primaryimage","url":"https:\/\/webs.uab.cat\/gicom\/wp-content\/uploads\/sites\/206\/2025\/03\/reactors.jpg","contentUrl":"https:\/\/webs.uab.cat\/gicom\/wp-content\/uploads\/sites\/206\/2025\/03\/reactors.jpg","width":1514,"height":924},{"@type":"BreadcrumbList","@id":"https:\/\/webs.uab.cat\/gicom\/fermentacio-en-estat-solid\/#breadcrumb","itemListElement":[{"@type":"ListItem","position":1,"name":"Inici","item":"https:\/\/webs.uab.cat\/gicom\/"},{"@type":"ListItem","position":2,"name":"Fermentaci\u00f3 en estat s\u00f2lid i bioproductes"}]},{"@type":"WebSite","@id":"https:\/\/webs.uab.cat\/gicom\/#website","url":"https:\/\/webs.uab.cat\/gicom\/","name":"Grup de Recerca en Compostatge","description":"Compostatge, bioconversi\u00f3 de residus org\u00e0nics i remediaci\u00f3 ambiental","potentialAction":[{"@type":"SearchAction","target":{"@type":"EntryPoint","urlTemplate":"https:\/\/webs.uab.cat\/gicom\/?s={search_term_string}"},"query-input":{"@type":"PropertyValueSpecification","valueRequired":true,"valueName":"search_term_string"}}],"inLanguage":"ca"}]}},"_links":{"self":[{"href":"https:\/\/webs.uab.cat\/gicom\/wp-json\/wp\/v2\/pages\/4911","targetHints":{"allow":["GET"]}}],"collection":[{"href":"https:\/\/webs.uab.cat\/gicom\/wp-json\/wp\/v2\/pages"}],"about":[{"href":"https:\/\/webs.uab.cat\/gicom\/wp-json\/wp\/v2\/types\/page"}],"author":[{"embeddable":true,"href":"https:\/\/webs.uab.cat\/gicom\/wp-json\/wp\/v2\/users\/153"}],"replies":[{"embeddable":true,"href":"https:\/\/webs.uab.cat\/gicom\/wp-json\/wp\/v2\/comments?post=4911"}],"version-history":[{"count":11,"href":"https:\/\/webs.uab.cat\/gicom\/wp-json\/wp\/v2\/pages\/4911\/revisions"}],"predecessor-version":[{"id":6073,"href":"https:\/\/webs.uab.cat\/gicom\/wp-json\/wp\/v2\/pages\/4911\/revisions\/6073"}],"wp:attachment":[{"href":"https:\/\/webs.uab.cat\/gicom\/wp-json\/wp\/v2\/media?parent=4911"}],"curies":[{"name":"wp","href":"https:\/\/api.w.org\/{rel}","templated":true}]}}