{"id":4917,"date":"2022-09-16T19:44:29","date_gmt":"2022-09-16T17:44:29","guid":{"rendered":"https:\/\/webs.uab.cat\/gicom\/compostatge\/"},"modified":"2025-03-11T13:01:07","modified_gmt":"2025-03-11T11:01:07","slug":"compostatge","status":"publish","type":"page","link":"https:\/\/webs.uab.cat\/gicom\/compostatge\/","title":{"rendered":"Compostatge"},"content":{"rendered":"\n<p>El nostre grup de recerca treballa en la <strong>millora i optimitzaci\u00f3 del proc\u00e9s de compostatge<\/strong>, tant a escala de laboratori com en plantes a escala industrials. Ens centrem en <strong>el control i seguiment del proc\u00e9s<\/strong>, desenvolupant <strong>t\u00e8cniques innovadores<\/strong> per garantir un proc\u00e9s de <strong>compostatge m\u00e9s eficient i sostenible<\/strong>.<\/p>\n\n\n\n<h3 class=\"wp-block-heading\"><strong>Control i Optimitzaci\u00f3 del Compostatge<\/strong><\/h3>\n\n\n\n<p>Hem perfeccionat les t\u00e8cniques de <strong>respirometria<\/strong> amb tres objectius principals:<br>\u2714 <strong>Monitoritzar l\u2019activitat biol\u00f2gica<\/strong> durant el proc\u00e9s.<br>\u2714 <strong>Avaluar l\u2019estabilitat del compost final<\/strong>.<br>\u2714 <strong>Determinar la biodegradabilitat aer\u00f2bia<\/strong> de diferents residus org\u00e0nics.<\/p>\n\n\n\n<p>Disposem de diversos <strong>respir\u00f2metres din\u00e0mics<\/strong> per a investigaci\u00f3 i per col\u00b7laboracions amb empreses i administracions p\u00fabliques.<\/p>\n\n\n\n<h3 class=\"wp-block-heading\"><strong>Impacte Ambiental del Compostatge<\/strong><\/h3>\n\n\n\n<p>A m\u00e9s d\u2019optimitzar el proc\u00e9s, estudiem l\u2019impacte ambiental del proc\u00e9s de compostatge i el <strong>comparem amb altres tecnologies biol\u00f2giques<\/strong> per al tractament de residus.<br>La nostra recerca ens ha perm\u00e8s determinar <strong><a href=\"https:\/\/webs.uab.cat\/gicom\/emissions-difuses\/\">l\u2019emissi\u00f3<\/a> de gasos d\u2019efecte hivernacle<\/strong> a partir de dades experimentals recollides en plantes de tractament de residus s\u00f2lids urbans a escala real o en abocadors.<\/p>\n\n\n\n<h3 class=\"wp-block-heading\"><strong>L\u00ednies de Recerca Actuals<\/strong><\/h3>\n\n\n\n<p>\u2714 <strong>Efecte del biochar en el compostatge:<\/strong> emissions i qualitat del producte final.<br>\u2714 <strong>Compostatge comunitari i dom\u00e8stic.<\/strong><br>\u2714 <strong>Estudis de biodegradabilitat de residus, productes i nous materials.<\/strong><br>\u2714 <strong>Combinaci\u00f3 de compostatge i digesti\u00f3 anaer\u00f2bia.<\/strong><\/p>\n\n\n\n<h3 class=\"wp-block-heading\">Altres <strong>L\u00ednies de Recerca<\/strong><\/h3>\n\n\n\n<p>\u2714 <strong>Desenvolupament d\u2019un controlador basat en la Taxa de Respiraci\u00f3 Espec\u00edfica (OUR).<\/strong><br>\u2714 <strong>T\u00e8cniques d\u2019an\u00e0lisi d\u2019imatge per estimar l\u2019estabilitat del compost.<\/strong><br>\u2714 <strong>Aplicaci\u00f3 del compost per a la biorremediaci\u00f3 de sols.<\/strong> <\/p>\n\n\n\n<h3 class=\"wp-block-heading\"><strong>Escala de Treball<\/strong><\/h3>\n\n\n\n<p>Realitzem <strong>investigacions a diferents escales<\/strong>, fet que ens permet estudiar el proc\u00e9s des d&#8217;un punt de vista de recerca b\u00e0sica fins a la seva aplicaci\u00f3 industrial.<br>\ud83e\uddea <strong>Laboratori:<\/strong> experiments controlats per optimitzar el proc\u00e9s.<br>\u2699\ufe0f <strong>Planta pilot:<\/strong> proves a mitjana escala per validar resultats.<br>\ud83c\udfed <strong>Plantes industrials:<\/strong> estudis de camp en condicions reals.<\/p>\n\n\n\n<h3 class=\"wp-block-heading\"><strong>Diversitat de Residus Analitzats<\/strong><\/h3>\n\n\n\n<p>A m\u00e9s de la <strong>fracci\u00f3 org\u00e0nica dels residus municipals<\/strong>, hem treballat amb:<br>\u2714 <strong>Fangs de depuradora urbana i industrial<\/strong>.<br>\u2714 <strong>Digestats <\/strong>de diferents fraccions org\u00e0niques.<br>\u2714 Bolquers i altres <strong>materials d\u2019un sol \u00fas<\/strong>.<br>\u2714 <strong>Residus ramaders i d\u2019escorxadors<\/strong>.<br>\u2714 <strong>Residus industrials<\/strong> (ind\u00fastria pelletera, paperera i vin\u00edcola).<\/p>\n\n\n\n<p>La investigaci\u00f3 en compostatge i el coneixement en aquest camp son la base sobre la que estan desenvolupant els nous estudis sobre&nbsp;<a href=\"http:\/\/webs.uab.cat\/gicom\/fermentacio-en-estat-solid\" data-type=\"URL\" data-id=\"webs.uab.cat\/gicom\/fermentacio-en-estat-solid\">Fermentaci\u00f3 en Estat S\u00f2lid<\/a>.<\/p>\n","protected":false},"excerpt":{"rendered":"<p>El nostre grup de recerca treballa en la millora i optimitzaci\u00f3 del proc\u00e9s de compostatge, tant a escala de laboratori com en plantes a escala industrials. Ens centrem en el control i seguiment del proc\u00e9s, desenvolupant t\u00e8cniques innovadores per garantir un proc\u00e9s de compostatge m\u00e9s eficient i sostenible. Control i Optimitzaci\u00f3 del Compostatge Hem perfeccionat [&hellip;]<\/p>\n","protected":false},"author":153,"featured_media":0,"parent":0,"menu_order":0,"comment_status":"closed","ping_status":"closed","template":"","meta":{"footnotes":""},"class_list":["post-4917","page","type-page","status-publish","hentry"],"yoast_head":"<!-- This site is optimized with the Yoast SEO plugin v26.8 - https:\/\/yoast.com\/product\/yoast-seo-wordpress\/ -->\n<title>Compostatge - Grup de Recerca en Compostatge<\/title>\n<meta name=\"robots\" content=\"index, follow, max-snippet:-1, max-image-preview:large, max-video-preview:-1\" \/>\n<link rel=\"canonical\" href=\"https:\/\/webs.uab.cat\/gicom\/compostatge\/\" \/>\n<meta property=\"og:locale\" content=\"ca_ES\" \/>\n<meta property=\"og:type\" content=\"article\" \/>\n<meta property=\"og:title\" content=\"Compostatge - Grup de Recerca en Compostatge\" \/>\n<meta property=\"og:description\" content=\"El nostre grup de recerca treballa en la millora i optimitzaci\u00f3 del proc\u00e9s de compostatge, tant a escala de laboratori com en plantes a escala industrials. Ens centrem en el control i seguiment del proc\u00e9s, desenvolupant t\u00e8cniques innovadores per garantir un proc\u00e9s de compostatge m\u00e9s eficient i sostenible. Control i Optimitzaci\u00f3 del Compostatge Hem perfeccionat [&hellip;]\" \/>\n<meta property=\"og:url\" content=\"https:\/\/webs.uab.cat\/gicom\/compostatge\/\" \/>\n<meta property=\"og:site_name\" content=\"Grup de Recerca en Compostatge\" \/>\n<meta property=\"article:modified_time\" content=\"2025-03-11T11:01:07+00:00\" \/>\n<meta name=\"twitter:card\" content=\"summary_large_image\" \/>\n<meta name=\"twitter:label1\" content=\"Temps estimat de lectura\" \/>\n\t<meta name=\"twitter:data1\" content=\"3 minuts\" \/>\n<script type=\"application\/ld+json\" class=\"yoast-schema-graph\">{\"@context\":\"https:\/\/schema.org\",\"@graph\":[{\"@type\":\"WebPage\",\"@id\":\"https:\/\/webs.uab.cat\/gicom\/compostatge\/\",\"url\":\"https:\/\/webs.uab.cat\/gicom\/compostatge\/\",\"name\":\"Compostatge - Grup de Recerca en Compostatge\",\"isPartOf\":{\"@id\":\"https:\/\/webs.uab.cat\/gicom\/#website\"},\"datePublished\":\"2022-09-16T17:44:29+00:00\",\"dateModified\":\"2025-03-11T11:01:07+00:00\",\"breadcrumb\":{\"@id\":\"https:\/\/webs.uab.cat\/gicom\/compostatge\/#breadcrumb\"},\"inLanguage\":\"ca\",\"potentialAction\":[{\"@type\":\"ReadAction\",\"target\":[\"https:\/\/webs.uab.cat\/gicom\/compostatge\/\"]}]},{\"@type\":\"BreadcrumbList\",\"@id\":\"https:\/\/webs.uab.cat\/gicom\/compostatge\/#breadcrumb\",\"itemListElement\":[{\"@type\":\"ListItem\",\"position\":1,\"name\":\"Inici\",\"item\":\"https:\/\/webs.uab.cat\/gicom\/\"},{\"@type\":\"ListItem\",\"position\":2,\"name\":\"Compostatge\"}]},{\"@type\":\"WebSite\",\"@id\":\"https:\/\/webs.uab.cat\/gicom\/#website\",\"url\":\"https:\/\/webs.uab.cat\/gicom\/\",\"name\":\"Grup de Recerca en Compostatge\",\"description\":\"Compostatge, bioconversi\u00f3 de residus org\u00e0nics i remediaci\u00f3 ambiental\",\"potentialAction\":[{\"@type\":\"SearchAction\",\"target\":{\"@type\":\"EntryPoint\",\"urlTemplate\":\"https:\/\/webs.uab.cat\/gicom\/?s={search_term_string}\"},\"query-input\":{\"@type\":\"PropertyValueSpecification\",\"valueRequired\":true,\"valueName\":\"search_term_string\"}}],\"inLanguage\":\"ca\"}]}<\/script>\n<!-- \/ Yoast SEO plugin. -->","yoast_head_json":{"title":"Compostatge - Grup de Recerca en Compostatge","robots":{"index":"index","follow":"follow","max-snippet":"max-snippet:-1","max-image-preview":"max-image-preview:large","max-video-preview":"max-video-preview:-1"},"canonical":"https:\/\/webs.uab.cat\/gicom\/compostatge\/","og_locale":"ca_ES","og_type":"article","og_title":"Compostatge - Grup de Recerca en Compostatge","og_description":"El nostre grup de recerca treballa en la millora i optimitzaci\u00f3 del proc\u00e9s de compostatge, tant a escala de laboratori com en plantes a escala industrials. Ens centrem en el control i seguiment del proc\u00e9s, desenvolupant t\u00e8cniques innovadores per garantir un proc\u00e9s de compostatge m\u00e9s eficient i sostenible. Control i Optimitzaci\u00f3 del Compostatge Hem perfeccionat [&hellip;]","og_url":"https:\/\/webs.uab.cat\/gicom\/compostatge\/","og_site_name":"Grup de Recerca en Compostatge","article_modified_time":"2025-03-11T11:01:07+00:00","twitter_card":"summary_large_image","twitter_misc":{"Temps estimat de lectura":"3 minuts"},"schema":{"@context":"https:\/\/schema.org","@graph":[{"@type":"WebPage","@id":"https:\/\/webs.uab.cat\/gicom\/compostatge\/","url":"https:\/\/webs.uab.cat\/gicom\/compostatge\/","name":"Compostatge - Grup de Recerca en Compostatge","isPartOf":{"@id":"https:\/\/webs.uab.cat\/gicom\/#website"},"datePublished":"2022-09-16T17:44:29+00:00","dateModified":"2025-03-11T11:01:07+00:00","breadcrumb":{"@id":"https:\/\/webs.uab.cat\/gicom\/compostatge\/#breadcrumb"},"inLanguage":"ca","potentialAction":[{"@type":"ReadAction","target":["https:\/\/webs.uab.cat\/gicom\/compostatge\/"]}]},{"@type":"BreadcrumbList","@id":"https:\/\/webs.uab.cat\/gicom\/compostatge\/#breadcrumb","itemListElement":[{"@type":"ListItem","position":1,"name":"Inici","item":"https:\/\/webs.uab.cat\/gicom\/"},{"@type":"ListItem","position":2,"name":"Compostatge"}]},{"@type":"WebSite","@id":"https:\/\/webs.uab.cat\/gicom\/#website","url":"https:\/\/webs.uab.cat\/gicom\/","name":"Grup de Recerca en Compostatge","description":"Compostatge, bioconversi\u00f3 de residus org\u00e0nics i remediaci\u00f3 ambiental","potentialAction":[{"@type":"SearchAction","target":{"@type":"EntryPoint","urlTemplate":"https:\/\/webs.uab.cat\/gicom\/?s={search_term_string}"},"query-input":{"@type":"PropertyValueSpecification","valueRequired":true,"valueName":"search_term_string"}}],"inLanguage":"ca"}]}},"_links":{"self":[{"href":"https:\/\/webs.uab.cat\/gicom\/wp-json\/wp\/v2\/pages\/4917","targetHints":{"allow":["GET"]}}],"collection":[{"href":"https:\/\/webs.uab.cat\/gicom\/wp-json\/wp\/v2\/pages"}],"about":[{"href":"https:\/\/webs.uab.cat\/gicom\/wp-json\/wp\/v2\/types\/page"}],"author":[{"embeddable":true,"href":"https:\/\/webs.uab.cat\/gicom\/wp-json\/wp\/v2\/users\/153"}],"replies":[{"embeddable":true,"href":"https:\/\/webs.uab.cat\/gicom\/wp-json\/wp\/v2\/comments?post=4917"}],"version-history":[{"count":16,"href":"https:\/\/webs.uab.cat\/gicom\/wp-json\/wp\/v2\/pages\/4917\/revisions"}],"predecessor-version":[{"id":6131,"href":"https:\/\/webs.uab.cat\/gicom\/wp-json\/wp\/v2\/pages\/4917\/revisions\/6131"}],"wp:attachment":[{"href":"https:\/\/webs.uab.cat\/gicom\/wp-json\/wp\/v2\/media?parent=4917"}],"curies":[{"name":"wp","href":"https:\/\/api.w.org\/{rel}","templated":true}]}}