{"id":5000,"date":"2025-03-06T16:15:55","date_gmt":"2025-03-06T14:15:55","guid":{"rendered":"https:\/\/webs.uab.cat\/gicom\/?page_id=5000"},"modified":"2025-03-11T13:00:05","modified_gmt":"2025-03-11T11:00:05","slug":"tesis-doctorals","status":"publish","type":"page","link":"https:\/\/webs.uab.cat\/gicom\/tesis-doctorals\/","title":{"rendered":"Tesis doctorals"},"content":{"rendered":"\n<p>A continuaci\u00f3, es presenta un llistat de les tesis doctorals defensades pels membres del nostre grup de recerca. Aquestes tesis aborden diverses tem\u00e0tiques relacionades amb la valoritzaci\u00f3 de residus, la digesti\u00f3 anaer\u00f2bia, la fermentaci\u00f3 en estat s\u00f2lid, i altres \u00e0rees d&#8217;investigaci\u00f3 ambiental.<\/p>\n\n\n\n<details class=\"wp-block-details is-layout-flow wp-block-details-is-layout-flow\"><summary>2024<\/summary>\n<p>\ud83d\udcd6 <strong>Second-generation feedstock for sustainable sophorolipids production: submerged and solid-state fermentation<\/strong><br>\ud83d\udc64 Autor\/a: Estefan\u00eda Nathaly Eras Mu\u00f1oz | \ud83d\udc68\u200d\ud83c\udfeb Direcci\u00f3: Teresa Gea, Xavier Font | \ud83d\udcc5 Defensa: 15 de novembre de 2024<\/p>\n\n\n\n<p>\ud83d\udcd6 <strong>Production of biostimulant and biopesticide through Solid-State Fermentation using green waste<\/strong><br>\ud83d\udc64 Autor\/a: Golafarin Ghoreishi | \ud83d\udc68\u200d\ud83c\udfeb Direcci\u00f3: Raquel Barrena, Xavier Font | \ud83d\udcc5 Defensa: 2 de desembre de 2024<\/p>\n<\/details>\n\n\n\n<details class=\"wp-block-details is-layout-flow wp-block-details-is-layout-flow\"><summary>2023<\/summary>\n<p class=\"has-small-font-size\">\ud83d\udcd6 <strong>Enzymatic hydrolysis of the Organic Fraction of Municipal Solid Waste: Valorization of the exhausted solid for biopesticide production by solid-state fermentation<\/strong><br>\ud83d\udc64 Autor\/a: Esther Molina | \ud83d\udc68\u200d\ud83c\udfeb Direcci\u00f3: Antoni S\u00e1nchez, Adriana Artola, \u00d3scar Prado | \ud83d\udcc5 Defensa: 17 de febrer de 2023<\/p>\n<\/details>\n\n\n\n<details class=\"wp-block-details is-layout-flow wp-block-details-is-layout-flow\"><summary>2022<\/summary>\n<p>\ud83d\udcd6 <strong>Lignocellulolytic enzymes production via Solid-State Fermentation of agroindustrial residues: process optimization and application<\/strong><br>\ud83d\udc64 Autor\/a: Jordi Llim\u00f3s Turet | \ud83d\udc68\u200d\ud83c\udfeb Direcci\u00f3: Teresa Gea, Sergio Ponsa, Oscar Mauricio Mart\u00ednez | \ud83d\udcc5 Defensa: 3 de mar\u00e7 de 2022<\/p>\n\n\n\n<p>\ud83d\udcd6 <strong>Estrat\u00e8gies d&#8217;optimitzaci\u00f3 per a la producci\u00f3 de biopesticides f\u00fangics per fermentaci\u00f3 en estat s\u00f2lid<\/strong><br>\ud83d\udc64 Autor\/a: Arnau Sala | \ud83d\udc68\u200d\ud83c\udfeb Direcci\u00f3: Raquel Barrena, Adriana Artola | \ud83d\udcc5 Defensa: 6 d\u2019abril de 2022<\/p>\n<\/details>\n\n\n\n<details class=\"wp-block-details is-layout-flow wp-block-details-is-layout-flow\"><summary>2020<\/summary>\n<p>\ud83d\udcd6 <strong>Study on the gaseous emissions during the biological treatment of sewage sludge. Characterization of VOCs and odours emissions<\/strong><br>\ud83d\udc64 Autor\/a: Daniel Gonz\u00e1lez Al\u00e9 | \ud83d\udc68\u200d\ud83c\udfeb Supervisi\u00f3: Antoni S\u00e1nchez, David Gabriel, Joan Col\u00f3n | \ud83d\udcc5 Defensa: 31 de gener de 2020<\/p>\n\n\n\n<p>\ud83d\udcd6 <strong>A step towards biowaste digestate valorization: process development for Bt-derived biopesticides production through SSF and performance at demonstration scale (Doctorat Industrial Ref. 2017 DI019)<\/strong><br>\ud83d\udc64 Autor\/a: Laura Mejias Torrent | \ud83d\udc68\u200d\ud83c\udfebDirecci\u00f3: Teresa Gea, Raquel Barrena | \ud83d\udcc5 Defensa: 23 de novembre de 2020<\/p>\n\n\n\n<p>\ud83d\udcd6 <strong>Producci\u00f3n, escalado y recuperaci\u00f3n de soforol\u00edpidos mediante fermentaci\u00f3n en estado s\u00f3lido con la cepa Starmerella bombicola<\/strong><br>\ud83d\udc64 Autor\/a: Alejandra Rodr\u00edguez | \ud83d\udc68\u200d\ud83c\udfeb Direcci\u00f3: Xavier Font, Teresa Gea | \ud83d\udcc5 Defensa: 3 de desembre de 2020<\/p>\n<\/details>\n\n\n\n<details class=\"wp-block-details is-layout-flow wp-block-details-is-layout-flow\"><summary>2019<\/summary>\n<p>\ud83d\udcd6 <strong>La codigesti\u00f3 en una planta de digesti\u00f3 anaer\u00f2bica de Fracci\u00f3 Org\u00e0nica de Residus Municipals en el marc de l\u2019economia Circular: producci\u00f3 de biog\u00e0s i factors econ\u00f2mics<\/strong><br>\ud83d\udc64 Autor\/a: Vanessa Abad Cu\u00f1ado | \ud83d\udc68\u200d\ud83c\udfeb Supervisi\u00f3: Teresa Vicent Huguet, Xavier Font Segura | \ud83d\udcc5 Defensa: 30 d\u2019octubre de 2019<\/p>\n\n\n\n<p>\ud83d\udcd6 <strong>Valorizaci\u00f3n de digestato como sustrato para la producci\u00f3n de biopesticidas con Bacillus thuringiensis mediante fermentaci\u00f3n en estado s\u00f3lido<\/strong><br>\ud83d\udc64 Autor\/a: Paula Rodr\u00edguez Serrano | \ud83d\udc68\u200d\ud83c\udfeb Supervisi\u00f3: Antoni S\u00e1nchez Ferrer, Xavier Font Segura | \ud83d\udcc5 Defensa: 20 de novembre de 2019<\/p>\n\n\n\n<p>\ud83d\udcd6 <strong>Aplicaci\u00f3n del an\u00e1lisis de ciclo de vida a tecnolog\u00edas emergentes de valorizaci\u00f3n de residuos org\u00e1nicos: el caso de la fermentaci\u00f3n en estado s\u00f3lido<\/strong><br>\ud83d\udc64 Autor\/a: Eva Catal\u00e1n Campillo | \ud83d\udc68\u200d\ud83c\udfeb Direcci\u00f3: Antoni S\u00e1nchez Ferrer | \ud83d\udcc5 Defensa: 29 de novembre de 2019<\/p>\n<\/details>\n\n\n\n<details class=\"wp-block-details is-layout-flow wp-block-details-is-layout-flow\"><summary>2018<\/summary>\n<p>\ud83d\udcd6 <strong>Fruit-like and rose-like aroma production via solid-state fermentation of sugarcane bagasse: process optimization and production strategies<\/strong><br>\ud83d\udc64 Autor\/a: Oscar Mauricio Mart\u00ednez Avila | \ud83d\udc68\u200d\ud83c\udfeb Supervisi\u00f3: Xavier Font Segura, Raquel Barrena G\u00f3mez | \ud83d\udcc5 Defensa: 27 de juny de 2018<\/p>\n\n\n\n<p>\ud83d\udcd6 <strong>Del residuo al producto: recuperaci\u00f3n de enzimas hidrol\u00edticas producidas mediante fermentaci\u00f3n en estado s\u00f3lido y estrategias de residuo cero<\/strong><br>\ud83d\udc64 Autor\/a: Mar\u00eda Mar\u00edn P\u00e9rez | \ud83d\udc68\u200d\ud83c\udfeb Direcci\u00f3: Antoni S\u00e1nchez Ferrer, Adriana Artola Casacuberta | \ud83d\udcc5 Defensa: 13 de juliol de 2018<\/p>\n<\/details>\n\n\n\n<details class=\"wp-block-details is-layout-flow wp-block-details-is-layout-flow\"><summary>2017<\/summary>\n<p>\ud83d\udcd6 <strong>Sustainable carbohydrase production using organic wastes through solid-state fermentation: Operational strategies and microbial communities assessment<\/strong><br>\ud83d\udc64 Autor\/a: Alejandra Cerda Llanos | \ud83d\udc68\u200d\ud83c\udfeb Direcci\u00f3: Antoni S\u00e1nchez, Teresa Gea | \ud83d\udcc5 Defensa: 7 d\u2019abril de 2017<\/p>\n\n\n\n<p>\ud83d\udcd6 <strong>Proteases from protein-rich waste: production by SSF, downstream, immobilisation onto nanoparticles and application on protein hydrolysis<\/strong><br>\ud83d\udc64 Autor\/a: Noraziah Abu Yazid | \ud83d\udc68\u200d\ud83c\udfeb Direcci\u00f3: Antoni S\u00e1nchez, Raquel Barrena | \ud83d\udcc5 Defensa: 12 de maig de 2017<\/p>\n\n\n\n<p>\ud83d\udcd6 <strong>Environmental applications of engineered nanomaterials: synthesis and characterization<\/strong><br>\ud83d\udc64 Autor\/a: Ahmad Mohamed Ahmad Abo Markeb | \ud83d\udc68\u200d\ud83c\udfeb Direcci\u00f3: Xavier Font, Amanda Alonso | \ud83d\udcc5 Defensa: 8 de setembre de 2017<\/p>\n\n\n\n<p>\ud83d\udcd6 <strong>Sophorolipids by solid-state fermentation: from lab-scale to pilot scale<\/strong><br>\ud83d\udc64 Autor\/a: Pedro Jim\u00e9nez Pe\u00f1alver | \ud83d\udc68\u200d\ud83c\udfeb Direcci\u00f3: Teresa Gea, Xavier Font | \ud83d\udcc5 Defensa: 3 de novembre de 2017<\/p>\n<\/details>\n\n\n\n<details class=\"wp-block-details is-layout-flow wp-block-details-is-layout-flow\"><summary>2016<\/summary>\n<p>\ud83d\udcd6 <strong>Valorizaci\u00f3n de residuos s\u00f3lidos org\u00e1nicos como sustrato para el crecimiento de Bacillus thuringiensis mediante fermentaci\u00f3n en estado s\u00f3lido: Aplicaci\u00f3n a la Fracci\u00f3n Org\u00e1nica de Residuos Municipales para la producci\u00f3n de compost con efecto biopesticida<\/strong><br>\ud83d\udc64 Autor\/a: Cindy Vanessa Ballardo Matos | \ud83d\udc68\u200d\ud83c\udfeb Direcci\u00f3: Adriana Artola, Raquel Barrena | \ud83d\udcc5 Defensa: 20 d\u2019octubre de 2016<\/p>\n<\/details>\n\n\n\n<details class=\"wp-block-details is-layout-flow wp-block-details-is-layout-flow\"><summary>2015<\/summary>\n<p>\ud83d\udcd6\u00a0<strong>Estudi de les emissions i caracteritzaci\u00f3 de compostos org\u00e0nics vol\u00e0tils de diferents residus org\u00e0nics<\/strong><br>\ud83d\udc64 Autor\/a: Caterina Maulini Duran | \ud83d\udc68\u200d\ud83c\udfeb Direcci\u00f3: Xavier Font Segura, Adriana Artola Casacuberta | \ud83d\udcc5 Defensa: 4 de febrer de 2015<\/p>\n\n\n\n<p>\ud83d\udcd6 <strong>Removal of heavy metals dissolved in water using nanomaterials<\/strong><br>\ud83d\udc64 Autor\/a: Ada Rebeca Contreras Rodr\u00edguez | \ud83d\udc68\u200d\ud83c\udfeb Direcci\u00f3: Xavier Font Segura, Antoni S\u00e1nchez Ferrer | \ud83d\udcc5 Defensa: 20 de novembre de 2015<\/p>\n<\/details>\n\n\n\n<details class=\"wp-block-details is-layout-flow wp-block-details-is-layout-flow\"><summary>2014<\/summary>\n<p>\ud83d\udcd6 <strong>Production of proteases from industrial wastes through solid-state fermentation at different scales. Potential applications<\/strong><br>\ud83d\udc64 Autor\/a: Juliana Abraham | \ud83d\udc68\u200d\ud83c\udfeb Direcci\u00f3: Teresa Gea Leiva, Antoni S\u00e1nchez Ferrer | \ud83d\udcc5 Defensa: 24 d\u2019octubre de 2014<\/p>\n<\/details>\n\n\n\n<details class=\"wp-block-details is-layout-flow wp-block-details-is-layout-flow\"><summary>2013<\/summary>\n<p>\ud83d\udcd6 <strong>Estudio de la producci\u00f3n de lipasas por fermentaci\u00f3n en estado s\u00f3lido a partir de residuos ricos en grasas. Impacto ambiental y posibles usos<\/strong><br>\ud83d\udc64 Autor\/a: Ang\u00e9lica Mar\u00eda Sant\u00eds Navarro | \ud83d\udc68\u200d\ud83c\udfeb Direcci\u00f3: Teresa Gea Leiva, Raquel Barrena | \ud83d\udcc5 Defensa: 3 d\u2019octubre de 2013<\/p>\n<\/details>\n\n\n\n<details class=\"wp-block-details is-layout-flow wp-block-details-is-layout-flow\"><summary>2012<\/summary>\n<p>\ud83d\udcd6 <strong>Determinaci\u00f3 i tractament de les emissions gasoses procedents del tractament biol\u00f2gic de la FORM. Impacte ambiental de les diferents tipologies d\u2019instal\u00b7lacions<\/strong><br>\ud83d\udc64 Autor\/a: Joan Col\u00f3n Jord\u00e0 | \ud83d\udc68\u200d\ud83c\udfeb Direcci\u00f3: Antoni S\u00e1nchez Ferrer, Adriana Artola Casacuberta | \ud83d\udcc5 Defensa: 23 de febrer de 2012<\/p>\n\n\n\n<p>\ud83d\udcd6 <strong>Estrat\u00e8gies per optimitzar el proc\u00e9s de compostatge. Desenvolupament d&#8217;un sistema de control de l&#8217;aeraci\u00f3 i d&#8217;una nova metodologia per definir la relaci\u00f3 de nutrients en termes de biodegradabilitat<\/strong><br>\ud83d\udc64 Autor\/a: Maria Bel\u00e9n Puyuelo S\u00e1nchez | \ud83d\udc68\u200d\ud83c\udfeb Direcci\u00f3: Antoni S\u00e1nchez Ferrer, Teresa Gea Leiva | \ud83d\udcc5 Defensa: 22 de mar\u00e7 de 2012<\/p>\n<\/details>\n\n\n\n<details class=\"wp-block-details is-layout-flow wp-block-details-is-layout-flow\"><summary>2011<\/summary>\n<p>\ud83d\udcd6 <strong>Anaerobic digestion of organic fraction of municipal solid wastes. co-digestion with fat, oil and grease wastes from sewage treatment plants<\/strong><br>\ud83d\udc64 Autor\/a: Lucia Mart\u00edn Gonz\u00e1lez | \ud83d\udc68\u200d\ud83c\udfeb Supervisi\u00f3: Teresa Vicent Huguet, Xavier Font Segura | \ud83d\udcc5 Defensa: 22 de juliol de 2011<\/p>\n\n\n\n<p>\ud83d\udcd6 <strong>Organic matter evolution in biological solid-waste treatment plants. Raw waste and final product characterization<\/strong><br>\ud83d\udc64 Autor\/a: Michele Pognani | \ud83d\udc68\u200d\ud83c\udfeb Direcci\u00f3: Xavier Font Segura, Raquel Barrena G\u00f3mez | \ud83d\udcc5 Defensa: 16 de desembre de 2011<\/p>\n<\/details>\n\n\n\n<details class=\"wp-block-details is-layout-flow wp-block-details-is-layout-flow\"><summary>2010<\/summary>\n<p>\ud83d\udcd6 <strong>Bioremediation of polycyclic aromatic hydrocarbons (PAHs)-contaminated soil: process evaluation through composting and anaerobic digestion approach<\/strong><br>\ud83d\udc64 Autor\/a: Tahseen Sayara | \ud83d\udc68\u200d\ud83c\udfeb Supervisi\u00f3: Antoni S\u00e1nchez Ferrer, Montserrat Sarr\u00e0 Adroer | \ud83d\udcc5 Defensa: 5 de novembre de 2010<\/p>\n\n\n\n<p>\ud83d\udcd6 <strong>Different indices to express biodegradability in organic solid wastes. Application to full scale waste treatment plants<\/strong><br>\ud83d\udc64 Autor\/a: Sergio Pons\u00e1 Salas | \ud83d\udc68\u200d\ud83c\udfeb Direcci\u00f3: Antoni S\u00e1nchez Ferrer, Teresa Gea Leiva | \ud83d\udcc5 Defensa: 17 de desembre de 2010<\/p>\n<\/details>\n\n\n\n<details class=\"wp-block-details is-layout-flow wp-block-details-is-layout-flow\"><summary>2009<\/summary>\n<p>\ud83d\udcd6 <strong>Environmental impact analysis at full-scale biological treatment plants. Focus on gaseous emissions<\/strong><br>\ud83d\udc64 Autor\/a: Erasmo Cadena Mart\u00ednez | \ud83d\udc68\u200d\ud83c\udfeb Direcci\u00f3: Xavier Font Segura, Adriana Artola Casacuberta | \ud83d\udcc5 Defensa: 21 de desembre de 2009<\/p>\n<\/details>\n\n\n\n<details class=\"wp-block-details is-layout-flow wp-block-details-is-layout-flow\"><summary>2008<\/summary>\n<p>\ud83d\udcd6 <strong>Composting organic wastes. Determination, monitoring and evolution of air filled porosity by air pycnometry<\/strong><br>\ud83d\udc64 Autor\/a: Mar\u00eda Luz Ruggieri | \ud83d\udc68\u200d\ud83c\udfeb Direcci\u00f3: Adriana Artola Casacuberta, Teresa Gea Leiva | \ud83d\udcc5 Defensa: 4 de juliol de 2008<\/p>\n\n\n\n<p>\ud83d\udcd6 <strong>Study of the effect of process parameters on the thermophilic anaerobic digestion of sewage sludge, evaluation of a thermal sludge pre-treatment and overall energetic assessment<\/strong><br>\ud83d\udc64 Autor\/a: Ivet Ferrer Mart\u00ed | \ud83d\udc68\u200d\ud83c\udfeb Direcci\u00f3: Xavier Font Segura, Fel\u00edcitas V\u00e1zquez Lima | \ud83d\udcc5 Defensa: 3 d\u2019octubre de 2008<\/p>\n<\/details>\n\n\n\n<details class=\"wp-block-details is-layout-flow wp-block-details-is-layout-flow\"><summary>2007<\/summary>\n<p>\ud83d\udcd6 <strong>Estudi de les emissions i la biofiltraci\u00f3 dels gasos emesos en el proc\u00e9s de compostatge de diferents residus org\u00e0nics<\/strong><br>\ud83d\udc64 Autor\/a: Estel\u00b7la Pagans Mir\u00f3 | \ud83d\udc68\u200d\ud83c\udfeb Direcci\u00f3: Antoni S\u00e1nchez Ferrer, Xavier Font Segura | \ud83d\udcc5 Defensa: 26 de juliol de 2007<\/p>\n<\/details>\n\n\n\n<details class=\"wp-block-details is-layout-flow wp-block-details-is-layout-flow\"><summary>2006<\/summary>\n<p>\ud83d\udcd6 <strong>Compostaje de residuos s\u00f3lidos org\u00e1nicos. Aplicaci\u00f3n de t\u00e9cnicas respirom\u00e9tricas en el seguimiento del proceso<\/strong><br>\ud83d\udc64 Autor\/a: Raquel Barrena G\u00f3mez | \ud83d\udc68\u200d\ud83c\udfeb Direcci\u00f3: Fel\u00edcitas V\u00e1zquez Lima, Adriana Artola Casacuberta | \ud83d\udcc5 Defensa: 29 de setembre de 2006<\/p>\n<\/details>\n\n\n\n<details class=\"wp-block-details is-layout-flow wp-block-details-is-layout-flow\"><summary>2005<\/summary>\n<p>\ud83d\udcd6 <strong>Estudi del compostatge de residus s\u00f2lids org\u00e0nics. Optimitzaci\u00f3 de la mescla inicial i seguiment de par\u00e0metres d&#8217;activitat biol\u00f2gica del proc\u00e9s<\/strong><br>\ud83d\udc64 Autor\/a: Teresa Gea Leiva | \ud83d\udc68\u200d\ud83c\udfeb Direcci\u00f3: Antoni S\u00e1nchez Ferrer, Adriana Artola Casacuberta | \ud83d\udcc5 Defensa: 1 d\u2019abril de 2005<\/p>\n<\/details>\n\n\n\n<p><\/p>\n","protected":false},"excerpt":{"rendered":"<p>A continuaci\u00f3, es presenta un llistat de les tesis doctorals defensades pels membres del nostre grup de recerca. Aquestes tesis aborden diverses tem\u00e0tiques relacionades amb la valoritzaci\u00f3 de residus, la digesti\u00f3 anaer\u00f2bia, la fermentaci\u00f3 en estat s\u00f2lid, i altres \u00e0rees d&#8217;investigaci\u00f3 ambiental.<\/p>\n","protected":false},"author":153,"featured_media":0,"parent":0,"menu_order":0,"comment_status":"closed","ping_status":"closed","template":"","meta":{"footnotes":""},"class_list":["post-5000","page","type-page","status-publish","hentry"],"yoast_head":"<!-- This site is optimized with the Yoast SEO plugin v26.8 - https:\/\/yoast.com\/product\/yoast-seo-wordpress\/ -->\n<title>Tesis doctorals - Grup de Recerca en Compostatge<\/title>\n<meta name=\"robots\" content=\"index, follow, max-snippet:-1, max-image-preview:large, max-video-preview:-1\" \/>\n<link rel=\"canonical\" href=\"https:\/\/webs.uab.cat\/gicom\/tesis-doctorals\/\" \/>\n<meta property=\"og:locale\" content=\"ca_ES\" \/>\n<meta property=\"og:type\" content=\"article\" \/>\n<meta property=\"og:title\" content=\"Tesis doctorals - Grup de Recerca en Compostatge\" \/>\n<meta property=\"og:description\" content=\"A continuaci\u00f3, es presenta un llistat de les tesis doctorals defensades pels membres del nostre grup de recerca. Aquestes tesis aborden diverses tem\u00e0tiques relacionades amb la valoritzaci\u00f3 de residus, la digesti\u00f3 anaer\u00f2bia, la fermentaci\u00f3 en estat s\u00f2lid, i altres \u00e0rees d&#8217;investigaci\u00f3 ambiental.\" \/>\n<meta property=\"og:url\" content=\"https:\/\/webs.uab.cat\/gicom\/tesis-doctorals\/\" \/>\n<meta property=\"og:site_name\" content=\"Grup de Recerca en Compostatge\" \/>\n<meta property=\"article:modified_time\" content=\"2025-03-11T11:00:05+00:00\" \/>\n<meta name=\"twitter:card\" content=\"summary_large_image\" \/>\n<meta name=\"twitter:label1\" content=\"Temps estimat de lectura\" \/>\n\t<meta name=\"twitter:data1\" content=\"8 minuts\" \/>\n<script type=\"application\/ld+json\" class=\"yoast-schema-graph\">{\"@context\":\"https:\/\/schema.org\",\"@graph\":[{\"@type\":\"WebPage\",\"@id\":\"https:\/\/webs.uab.cat\/gicom\/tesis-doctorals\/\",\"url\":\"https:\/\/webs.uab.cat\/gicom\/tesis-doctorals\/\",\"name\":\"Tesis doctorals - Grup de Recerca en Compostatge\",\"isPartOf\":{\"@id\":\"https:\/\/webs.uab.cat\/gicom\/#website\"},\"datePublished\":\"2025-03-06T14:15:55+00:00\",\"dateModified\":\"2025-03-11T11:00:05+00:00\",\"breadcrumb\":{\"@id\":\"https:\/\/webs.uab.cat\/gicom\/tesis-doctorals\/#breadcrumb\"},\"inLanguage\":\"ca\",\"potentialAction\":[{\"@type\":\"ReadAction\",\"target\":[\"https:\/\/webs.uab.cat\/gicom\/tesis-doctorals\/\"]}]},{\"@type\":\"BreadcrumbList\",\"@id\":\"https:\/\/webs.uab.cat\/gicom\/tesis-doctorals\/#breadcrumb\",\"itemListElement\":[{\"@type\":\"ListItem\",\"position\":1,\"name\":\"Inici\",\"item\":\"https:\/\/webs.uab.cat\/gicom\/\"},{\"@type\":\"ListItem\",\"position\":2,\"name\":\"Tesis doctorals\"}]},{\"@type\":\"WebSite\",\"@id\":\"https:\/\/webs.uab.cat\/gicom\/#website\",\"url\":\"https:\/\/webs.uab.cat\/gicom\/\",\"name\":\"Grup de Recerca en Compostatge\",\"description\":\"Compostatge, bioconversi\u00f3 de residus org\u00e0nics i remediaci\u00f3 ambiental\",\"potentialAction\":[{\"@type\":\"SearchAction\",\"target\":{\"@type\":\"EntryPoint\",\"urlTemplate\":\"https:\/\/webs.uab.cat\/gicom\/?s={search_term_string}\"},\"query-input\":{\"@type\":\"PropertyValueSpecification\",\"valueRequired\":true,\"valueName\":\"search_term_string\"}}],\"inLanguage\":\"ca\"}]}<\/script>\n<!-- \/ Yoast SEO plugin. -->","yoast_head_json":{"title":"Tesis doctorals - Grup de Recerca en Compostatge","robots":{"index":"index","follow":"follow","max-snippet":"max-snippet:-1","max-image-preview":"max-image-preview:large","max-video-preview":"max-video-preview:-1"},"canonical":"https:\/\/webs.uab.cat\/gicom\/tesis-doctorals\/","og_locale":"ca_ES","og_type":"article","og_title":"Tesis doctorals - Grup de Recerca en Compostatge","og_description":"A continuaci\u00f3, es presenta un llistat de les tesis doctorals defensades pels membres del nostre grup de recerca. Aquestes tesis aborden diverses tem\u00e0tiques relacionades amb la valoritzaci\u00f3 de residus, la digesti\u00f3 anaer\u00f2bia, la fermentaci\u00f3 en estat s\u00f2lid, i altres \u00e0rees d&#8217;investigaci\u00f3 ambiental.","og_url":"https:\/\/webs.uab.cat\/gicom\/tesis-doctorals\/","og_site_name":"Grup de Recerca en Compostatge","article_modified_time":"2025-03-11T11:00:05+00:00","twitter_card":"summary_large_image","twitter_misc":{"Temps estimat de lectura":"8 minuts"},"schema":{"@context":"https:\/\/schema.org","@graph":[{"@type":"WebPage","@id":"https:\/\/webs.uab.cat\/gicom\/tesis-doctorals\/","url":"https:\/\/webs.uab.cat\/gicom\/tesis-doctorals\/","name":"Tesis doctorals - Grup de Recerca en Compostatge","isPartOf":{"@id":"https:\/\/webs.uab.cat\/gicom\/#website"},"datePublished":"2025-03-06T14:15:55+00:00","dateModified":"2025-03-11T11:00:05+00:00","breadcrumb":{"@id":"https:\/\/webs.uab.cat\/gicom\/tesis-doctorals\/#breadcrumb"},"inLanguage":"ca","potentialAction":[{"@type":"ReadAction","target":["https:\/\/webs.uab.cat\/gicom\/tesis-doctorals\/"]}]},{"@type":"BreadcrumbList","@id":"https:\/\/webs.uab.cat\/gicom\/tesis-doctorals\/#breadcrumb","itemListElement":[{"@type":"ListItem","position":1,"name":"Inici","item":"https:\/\/webs.uab.cat\/gicom\/"},{"@type":"ListItem","position":2,"name":"Tesis doctorals"}]},{"@type":"WebSite","@id":"https:\/\/webs.uab.cat\/gicom\/#website","url":"https:\/\/webs.uab.cat\/gicom\/","name":"Grup de Recerca en Compostatge","description":"Compostatge, bioconversi\u00f3 de residus org\u00e0nics i remediaci\u00f3 ambiental","potentialAction":[{"@type":"SearchAction","target":{"@type":"EntryPoint","urlTemplate":"https:\/\/webs.uab.cat\/gicom\/?s={search_term_string}"},"query-input":{"@type":"PropertyValueSpecification","valueRequired":true,"valueName":"search_term_string"}}],"inLanguage":"ca"}]}},"_links":{"self":[{"href":"https:\/\/webs.uab.cat\/gicom\/wp-json\/wp\/v2\/pages\/5000","targetHints":{"allow":["GET"]}}],"collection":[{"href":"https:\/\/webs.uab.cat\/gicom\/wp-json\/wp\/v2\/pages"}],"about":[{"href":"https:\/\/webs.uab.cat\/gicom\/wp-json\/wp\/v2\/types\/page"}],"author":[{"embeddable":true,"href":"https:\/\/webs.uab.cat\/gicom\/wp-json\/wp\/v2\/users\/153"}],"replies":[{"embeddable":true,"href":"https:\/\/webs.uab.cat\/gicom\/wp-json\/wp\/v2\/comments?post=5000"}],"version-history":[{"count":18,"href":"https:\/\/webs.uab.cat\/gicom\/wp-json\/wp\/v2\/pages\/5000\/revisions"}],"predecessor-version":[{"id":6069,"href":"https:\/\/webs.uab.cat\/gicom\/wp-json\/wp\/v2\/pages\/5000\/revisions\/6069"}],"wp:attachment":[{"href":"https:\/\/webs.uab.cat\/gicom\/wp-json\/wp\/v2\/media?parent=5000"}],"curies":[{"name":"wp","href":"https:\/\/api.w.org\/{rel}","templated":true}]}}