{"id":5052,"date":"2022-10-15T19:09:07","date_gmt":"2022-10-15T17:09:07","guid":{"rendered":"https:\/\/webs.uab.cat\/gicom\/?page_id=5052"},"modified":"2023-07-20T10:09:12","modified_gmt":"2023-07-20T08:09:12","slug":"qui-som","status":"publish","type":"page","link":"https:\/\/webs.uab.cat\/gicom\/qui-som\/","title":{"rendered":"Qui som?"},"content":{"rendered":"\n<p>El Grup de Recerca en Compostatge (GICOM) del&nbsp;<a href=\"https:\/\/www.uab.cat\/departament\/enginyeria-quimica\/\">Departament d\u2019Enginyeria Qu\u00edmica, Biol\u00f2gica i Ambiental<\/a>&nbsp;de la&nbsp;<a href=\"https:\/\/www.gicom.cat\/ca\/gicom\/www.uab.cat\">Universitat Aut\u00f3noma de Barcelona<\/a>, va ser creat l\u2019any 2000 amb un objectiu clar: l\u2019estudi del proc\u00e9s de compostatge com a tecnologia sostenible per al tractament biol\u00f2gic dels residus org\u00e0nics. Les activitat de recerca del GICOM s\u2019han centrat principalment en la valoritzaci\u00f3 de residus org\u00e0nics utilitzant processos com el compostatge, la digesti\u00f3 anaerobia i la fermentaci\u00f3 en estat s\u00f2lid.<\/p>\n\n\n\n<p>El GICOM ha estat reconegut com a Grup de Recerca Emergent i Consolodiat al llarg dels anys i des de 2022 forma part, juntament amb el Grup BioRemUAB, del <a href=\"https:\/\/portalrecerca.uab.cat\/en\/organisations\/grup-de-recerca-en-tecnologies-de-bio-remediaci%C3%B3-ambiental-i-valo\">Grup de recerca en tecnologies de (Bio) Remediaci\u00f3 Ambiental i Valoritzaci\u00f3 d&#8217;Efluents residuals &#8211; BRAVE<\/a><\/p>\n\n\n\n<p>En el camp del compostatge ha treballat amb diferents residus (municipals i industrials) cercant la millora del proc\u00e9s de compostatge. Un exemple de les estrat\u00e8gies desenvolupades per a la millora del proc\u00e9s de compostatge \u00e9s l\u2019\u00fas de controls avan\u00e7ats per maximitzar l\u2019activitat biol\u00f2gica.<\/p>\n\n\n\n<p>Hi ha dos aspectes del proc\u00e9s de&nbsp;<a href=\"http:\/\/webs.uab.cat\/gicom\/compostatge\" data-type=\"URL\" data-id=\"webs.uab.cat\/gicom\/compostatge\" target=\"_blank\" rel=\"noreferrer noopener\">compostatge<\/a>&nbsp;que es poden considerar com les nostres principals \u00e0rees d\u2019especialitzaci\u00f3: l\u2019estudi de l\u2019estabilitat dels residus org\u00e0nics i la determinaci\u00f3 dels impactes ambientals del proc\u00e9s de tractament. En primer lloc, els estudis d\u2019estabilitat es basen en la determinaci\u00f3 dels \u00cdndexs Respirom\u00e8trics, que s\u00f3n de gran inter\u00e8s en l\u2019actualitat per definir el rendiment de les plantes de tractament de residus (plantes MBT ,plantes de compostatge, plantes de digesti\u00f3 anaer\u00f2bia, etc). Aquests \u00edndexs s\u2019apliquen tamb\u00e9 per definir els l\u00edmits d\u2019estabilitat per materials org\u00e0nics dipositats en els abocadors o per al compost utilitzat com esmena org\u00e0nica pel s\u00f2l. Per altra banda, l\u2019estudi dels impactes ambientals associats al tractament biol\u00f2gic de residus org\u00e0nics, \u00e9s de gran inter\u00e8s per ser tingut en compte en les estrat\u00e8gies i els plans de gesti\u00f3 i tractament de residus.<\/p>\n\n\n\n<p>El coneixement que hem obtingut al llarg d\u2019aquests anys sobre el proc\u00e9s de compostatge l\u2019apliquem tamb\u00e9 a la producci\u00f3 de productes valuosos a trav\u00e9s del proc\u00e9s conegut com Fermentaci\u00f3 en Estat S\u00f2lid (<a rel=\"noreferrer noopener\" href=\"http:\/\/webs.uab.cat\/gicom\/fermentacio-en-estat-solid\" data-type=\"URL\" data-id=\"webs.uab.cat\/gicom\/fermentacio-en-estat-solid\" target=\"_blank\">SSF<\/a>, per les seves sigles en angl\u00e8s). A partir d\u2019aquest proc\u00e9s es poden produir enzims com ara lipases, proteases o cel\u00b7lulases o b\u00e9 bioplaguicides i biosurfactants, tots ells productes d\u2019inter\u00e8s per aplicacions a escala industrial.<\/p>\n\n\n\n<p>L\u2019\u00fas de&nbsp;<a rel=\"noreferrer noopener\" href=\"https:\/\/webs.uab.cat\/gicom\/aplicacions-ambientals-de-la-nanotecnologia\/\" data-type=\"page\" data-id=\"4562\" target=\"_blank\">nanomaterials per a la millora del medi ambient<\/a>&nbsp;\u00e9s un altra \u00e0rea de la recerca del nostre grup. En aquest camp treballem en el tractament d\u2019aig\u00fces amb contaminants espec\u00edfics (metalls i pesticides), l\u2019adsorci\u00f3 de gasos d\u2019efecte hivernacle i l\u2019avaluaci\u00f3 de la toxicitat de les nanopart\u00edcules inorg\u00e0niques i els seus derivats. La toxicitat de les nanopart\u00edcules es determina mitjan\u00e7ant proves de respirometria, de digesti\u00f3 anaer\u00f2bia, Microtox, proves de germinaci\u00f3 de llavors i estudis amb Daphnia Magna. Aix\u00ed mateix investiguem en l&#8217;efecte de les nanoparticules sobre el proc\u00e9s de digesti\u00f3 anaerobia, amb l&#8217;objectiu de millorar la producci\u00f3 de biog\u00e0 o incrementar el contingut en met\u00e0 del biog\u00e0s. Paral\u00b7lelament, apliquem catalitzadors basats en nanomaterials per a convertir el CO<sub>2<\/sub> present en el biog\u00e0s en metanol o met\u00e0, cercant d&#8217;aquesta forma la millora global del proc\u00e9s de digesti\u00f3 anaerobia.<\/p>\n\n\n\n<p>Totes aquestes l\u00ednies d\u2019investigaci\u00f3 es financien amb fons p\u00fablics i contractes amb empreses i administracions p\u00fabliques.<\/p>\n","protected":false},"excerpt":{"rendered":"<p>El Grup de Recerca en Compostatge (GICOM) del&nbsp;Departament d\u2019Enginyeria Qu\u00edmica, Biol\u00f2gica i Ambiental&nbsp;de la&nbsp;Universitat Aut\u00f3noma de Barcelona, va ser creat l\u2019any 2000 amb un objectiu clar: l\u2019estudi del proc\u00e9s de compostatge com a tecnologia sostenible per al tractament biol\u00f2gic dels residus org\u00e0nics. Les activitat de recerca del GICOM s\u2019han centrat principalment en la valoritzaci\u00f3 de [&hellip;]<\/p>\n","protected":false},"author":153,"featured_media":5243,"parent":0,"menu_order":0,"comment_status":"closed","ping_status":"closed","template":"","meta":{"footnotes":""},"class_list":["post-5052","page","type-page","status-publish","has-post-thumbnail","hentry"],"yoast_head":"<!-- This site is optimized with the Yoast SEO plugin v26.8 - https:\/\/yoast.com\/product\/yoast-seo-wordpress\/ -->\n<title>Qui som? - Grup de Recerca en Compostatge<\/title>\n<meta name=\"robots\" content=\"index, follow, max-snippet:-1, max-image-preview:large, max-video-preview:-1\" \/>\n<link rel=\"canonical\" href=\"https:\/\/webs.uab.cat\/gicom\/qui-som\/\" \/>\n<meta property=\"og:locale\" content=\"ca_ES\" \/>\n<meta property=\"og:type\" content=\"article\" \/>\n<meta property=\"og:title\" content=\"Qui som? - Grup de Recerca en Compostatge\" \/>\n<meta property=\"og:description\" content=\"El Grup de Recerca en Compostatge (GICOM) del&nbsp;Departament d\u2019Enginyeria Qu\u00edmica, Biol\u00f2gica i Ambiental&nbsp;de la&nbsp;Universitat Aut\u00f3noma de Barcelona, va ser creat l\u2019any 2000 amb un objectiu clar: l\u2019estudi del proc\u00e9s de compostatge com a tecnologia sostenible per al tractament biol\u00f2gic dels residus org\u00e0nics. Les activitat de recerca del GICOM s\u2019han centrat principalment en la valoritzaci\u00f3 de [&hellip;]\" \/>\n<meta property=\"og:url\" content=\"https:\/\/webs.uab.cat\/gicom\/qui-som\/\" \/>\n<meta property=\"og:site_name\" content=\"Grup de Recerca en Compostatge\" \/>\n<meta property=\"article:modified_time\" content=\"2023-07-20T08:09:12+00:00\" \/>\n<meta property=\"og:image\" content=\"https:\/\/webs.uab.cat\/gicom\/wp-content\/uploads\/sites\/206\/2023\/07\/20230512.jpg\" \/>\n\t<meta property=\"og:image:width\" content=\"1832\" \/>\n\t<meta property=\"og:image:height\" content=\"702\" \/>\n\t<meta property=\"og:image:type\" content=\"image\/jpeg\" \/>\n<meta name=\"twitter:card\" content=\"summary_large_image\" \/>\n<meta name=\"twitter:label1\" content=\"Temps estimat de lectura\" \/>\n\t<meta name=\"twitter:data1\" content=\"3 minuts\" \/>\n<script type=\"application\/ld+json\" class=\"yoast-schema-graph\">{\"@context\":\"https:\/\/schema.org\",\"@graph\":[{\"@type\":\"WebPage\",\"@id\":\"https:\/\/webs.uab.cat\/gicom\/qui-som\/\",\"url\":\"https:\/\/webs.uab.cat\/gicom\/qui-som\/\",\"name\":\"Qui som? - Grup de Recerca en Compostatge\",\"isPartOf\":{\"@id\":\"https:\/\/webs.uab.cat\/gicom\/#website\"},\"primaryImageOfPage\":{\"@id\":\"https:\/\/webs.uab.cat\/gicom\/qui-som\/#primaryimage\"},\"image\":{\"@id\":\"https:\/\/webs.uab.cat\/gicom\/qui-som\/#primaryimage\"},\"thumbnailUrl\":\"https:\/\/webs.uab.cat\/gicom\/wp-content\/uploads\/sites\/206\/2023\/07\/20230512.jpg\",\"datePublished\":\"2022-10-15T17:09:07+00:00\",\"dateModified\":\"2023-07-20T08:09:12+00:00\",\"breadcrumb\":{\"@id\":\"https:\/\/webs.uab.cat\/gicom\/qui-som\/#breadcrumb\"},\"inLanguage\":\"ca\",\"potentialAction\":[{\"@type\":\"ReadAction\",\"target\":[\"https:\/\/webs.uab.cat\/gicom\/qui-som\/\"]}]},{\"@type\":\"ImageObject\",\"inLanguage\":\"ca\",\"@id\":\"https:\/\/webs.uab.cat\/gicom\/qui-som\/#primaryimage\",\"url\":\"https:\/\/webs.uab.cat\/gicom\/wp-content\/uploads\/sites\/206\/2023\/07\/20230512.jpg\",\"contentUrl\":\"https:\/\/webs.uab.cat\/gicom\/wp-content\/uploads\/sites\/206\/2023\/07\/20230512.jpg\",\"width\":1832,\"height\":702},{\"@type\":\"BreadcrumbList\",\"@id\":\"https:\/\/webs.uab.cat\/gicom\/qui-som\/#breadcrumb\",\"itemListElement\":[{\"@type\":\"ListItem\",\"position\":1,\"name\":\"Inici\",\"item\":\"https:\/\/webs.uab.cat\/gicom\/\"},{\"@type\":\"ListItem\",\"position\":2,\"name\":\"Qui som?\"}]},{\"@type\":\"WebSite\",\"@id\":\"https:\/\/webs.uab.cat\/gicom\/#website\",\"url\":\"https:\/\/webs.uab.cat\/gicom\/\",\"name\":\"Grup de Recerca en Compostatge\",\"description\":\"Compostatge, bioconversi\u00f3 de residus org\u00e0nics i remediaci\u00f3 ambiental\",\"potentialAction\":[{\"@type\":\"SearchAction\",\"target\":{\"@type\":\"EntryPoint\",\"urlTemplate\":\"https:\/\/webs.uab.cat\/gicom\/?s={search_term_string}\"},\"query-input\":{\"@type\":\"PropertyValueSpecification\",\"valueRequired\":true,\"valueName\":\"search_term_string\"}}],\"inLanguage\":\"ca\"}]}<\/script>\n<!-- \/ Yoast SEO plugin. -->","yoast_head_json":{"title":"Qui som? - Grup de Recerca en Compostatge","robots":{"index":"index","follow":"follow","max-snippet":"max-snippet:-1","max-image-preview":"max-image-preview:large","max-video-preview":"max-video-preview:-1"},"canonical":"https:\/\/webs.uab.cat\/gicom\/qui-som\/","og_locale":"ca_ES","og_type":"article","og_title":"Qui som? - Grup de Recerca en Compostatge","og_description":"El Grup de Recerca en Compostatge (GICOM) del&nbsp;Departament d\u2019Enginyeria Qu\u00edmica, Biol\u00f2gica i Ambiental&nbsp;de la&nbsp;Universitat Aut\u00f3noma de Barcelona, va ser creat l\u2019any 2000 amb un objectiu clar: l\u2019estudi del proc\u00e9s de compostatge com a tecnologia sostenible per al tractament biol\u00f2gic dels residus org\u00e0nics. Les activitat de recerca del GICOM s\u2019han centrat principalment en la valoritzaci\u00f3 de [&hellip;]","og_url":"https:\/\/webs.uab.cat\/gicom\/qui-som\/","og_site_name":"Grup de Recerca en Compostatge","article_modified_time":"2023-07-20T08:09:12+00:00","og_image":[{"width":1832,"height":702,"url":"https:\/\/webs.uab.cat\/gicom\/wp-content\/uploads\/sites\/206\/2023\/07\/20230512.jpg","type":"image\/jpeg"}],"twitter_card":"summary_large_image","twitter_misc":{"Temps estimat de lectura":"3 minuts"},"schema":{"@context":"https:\/\/schema.org","@graph":[{"@type":"WebPage","@id":"https:\/\/webs.uab.cat\/gicom\/qui-som\/","url":"https:\/\/webs.uab.cat\/gicom\/qui-som\/","name":"Qui som? - Grup de Recerca en Compostatge","isPartOf":{"@id":"https:\/\/webs.uab.cat\/gicom\/#website"},"primaryImageOfPage":{"@id":"https:\/\/webs.uab.cat\/gicom\/qui-som\/#primaryimage"},"image":{"@id":"https:\/\/webs.uab.cat\/gicom\/qui-som\/#primaryimage"},"thumbnailUrl":"https:\/\/webs.uab.cat\/gicom\/wp-content\/uploads\/sites\/206\/2023\/07\/20230512.jpg","datePublished":"2022-10-15T17:09:07+00:00","dateModified":"2023-07-20T08:09:12+00:00","breadcrumb":{"@id":"https:\/\/webs.uab.cat\/gicom\/qui-som\/#breadcrumb"},"inLanguage":"ca","potentialAction":[{"@type":"ReadAction","target":["https:\/\/webs.uab.cat\/gicom\/qui-som\/"]}]},{"@type":"ImageObject","inLanguage":"ca","@id":"https:\/\/webs.uab.cat\/gicom\/qui-som\/#primaryimage","url":"https:\/\/webs.uab.cat\/gicom\/wp-content\/uploads\/sites\/206\/2023\/07\/20230512.jpg","contentUrl":"https:\/\/webs.uab.cat\/gicom\/wp-content\/uploads\/sites\/206\/2023\/07\/20230512.jpg","width":1832,"height":702},{"@type":"BreadcrumbList","@id":"https:\/\/webs.uab.cat\/gicom\/qui-som\/#breadcrumb","itemListElement":[{"@type":"ListItem","position":1,"name":"Inici","item":"https:\/\/webs.uab.cat\/gicom\/"},{"@type":"ListItem","position":2,"name":"Qui som?"}]},{"@type":"WebSite","@id":"https:\/\/webs.uab.cat\/gicom\/#website","url":"https:\/\/webs.uab.cat\/gicom\/","name":"Grup de Recerca en Compostatge","description":"Compostatge, bioconversi\u00f3 de residus org\u00e0nics i remediaci\u00f3 ambiental","potentialAction":[{"@type":"SearchAction","target":{"@type":"EntryPoint","urlTemplate":"https:\/\/webs.uab.cat\/gicom\/?s={search_term_string}"},"query-input":{"@type":"PropertyValueSpecification","valueRequired":true,"valueName":"search_term_string"}}],"inLanguage":"ca"}]}},"_links":{"self":[{"href":"https:\/\/webs.uab.cat\/gicom\/wp-json\/wp\/v2\/pages\/5052","targetHints":{"allow":["GET"]}}],"collection":[{"href":"https:\/\/webs.uab.cat\/gicom\/wp-json\/wp\/v2\/pages"}],"about":[{"href":"https:\/\/webs.uab.cat\/gicom\/wp-json\/wp\/v2\/types\/page"}],"author":[{"embeddable":true,"href":"https:\/\/webs.uab.cat\/gicom\/wp-json\/wp\/v2\/users\/153"}],"replies":[{"embeddable":true,"href":"https:\/\/webs.uab.cat\/gicom\/wp-json\/wp\/v2\/comments?post=5052"}],"version-history":[{"count":5,"href":"https:\/\/webs.uab.cat\/gicom\/wp-json\/wp\/v2\/pages\/5052\/revisions"}],"predecessor-version":[{"id":5311,"href":"https:\/\/webs.uab.cat\/gicom\/wp-json\/wp\/v2\/pages\/5052\/revisions\/5311"}],"wp:featuredmedia":[{"embeddable":true,"href":"https:\/\/webs.uab.cat\/gicom\/wp-json\/wp\/v2\/media\/5243"}],"wp:attachment":[{"href":"https:\/\/webs.uab.cat\/gicom\/wp-json\/wp\/v2\/media?parent=5052"}],"curies":[{"name":"wp","href":"https:\/\/api.w.org\/{rel}","templated":true}]}}