{"id":5188,"date":"2022-12-11T21:10:49","date_gmt":"2022-12-11T19:10:49","guid":{"rendered":"https:\/\/webs.uab.cat\/gicom\/?page_id=5188"},"modified":"2025-03-11T13:08:20","modified_gmt":"2025-03-11T11:08:20","slug":"xavier-font","status":"publish","type":"page","link":"https:\/\/webs.uab.cat\/gicom\/equip-gicom\/xavier-font\/","title":{"rendered":"Xavier Font"},"content":{"rendered":"<div class=\"wp-block-image is-style-rounded\">\n<figure class=\"aligncenter size-thumbnail\"><img loading=\"lazy\" decoding=\"async\" width=\"150\" height=\"150\" src=\"https:\/\/webs.uab.cat\/gicom\/wp-content\/uploads\/sites\/206\/2022\/10\/Xavier-Font-150x150.jpg\" alt=\"Image of Xavier Font\" class=\"wp-image-4962\" \/><\/figure>\n<\/div>\n\n\n<hr class=\"wp-block-separator has-css-opacity is-style-default\" \/>\n\n\n\n<p>Catedr\u00e0tic del Departament d&#8217;Enginyeria Qu\u00edmica, Biol\u00f2gica i Ambiental, \u00e9s <strong>bioqu\u00edmic<\/strong> i doctor per la Universitat Aut\u00f2noma de Barcelona (1997). Al llarg de la seva traject\u00f2ria, ha ocupat diversos c\u00e0rrecs de gesti\u00f3 acad\u00e8mica, destacant:<\/p>\n\n\n\n<p>\u2714 <strong>Director de l&#8217;Escola Universit\u00e0ria Polit\u00e8cnica del Medi Ambient<\/strong> (1998-2005).<br>\u2714 <strong>Director del Departament d&#8217;Enginyeria Qu\u00edmica de la UAB<\/strong> (2010-2013).<br>\u2714 <strong>Subdirector de l&#8217;Escola d&#8217;Enginyeria de la UAB<\/strong> (2016-2019).<br>\u2714 <strong>Coordinador Adjunt del Grau en Ci\u00e8ncies Ambientals<\/strong> (des de 2021).<\/p>\n\n\n\n<h3 class=\"wp-block-heading\"><strong>L\u00ednies de Recerca<\/strong><\/h3>\n\n\n\n<p>La seva investigaci\u00f3 se centra en el <strong>tractament i valoritzaci\u00f3 de residus s\u00f2lids org\u00e0nics<\/strong> mitjan\u00e7ant:<br>\u2714 <strong>Compostatge<\/strong>.<br>\u2714 <strong>Digesti\u00f3 anaer\u00f2bia<\/strong>.<br>\u2714 <strong>Fermentaci\u00f3 en estat s\u00f2lid (SSF)<\/strong> per obtenir productes d\u2019alt valor afegit.<\/p>\n\n\n\n<p>Tamb\u00e9 treballa en:<br>\ud83d\udd39 <strong>Avaluaci\u00f3 de l&#8217;impacte ambiental<\/strong> d&#8217;instal\u00b7lacions de tractament de residus s\u00f2lids.<br>\ud83d\udd39 <strong>Aplicacions ambientals de la nanotecnologia<\/strong>, com ara:<br>\u00a0\u00a0\u00a0\u00a0\u2714  <strong>Tractament d\u2019aig\u00fces residuals amb nanopart\u00edcules<\/strong>.<br>\u00a0\u00a0\u00a0\u00a0\u2714  <strong>Adsorci\u00f3 de gasos<\/strong>.<br>\u00a0\u00a0\u00a0\u00a0\u2714  <strong>\u00das de nanomaterials com a catalitzadors<\/strong>.<\/p>\n\n\n\n<p>El seu treball contribueix al desenvolupament de tecnologies sostenibles per a la gesti\u00f3 eficient dels residus i la protecci\u00f3 del medi ambient.<\/p>\n\n\n\n<p><\/p>\n\n\n\n<div class=\"wp-block-buttons is-layout-flex wp-block-buttons-is-layout-flex\">\n<div class=\"wp-block-button\"><a class=\"wp-block-button__link wp-element-button\" href=\"https:\/\/portalrecerca.uab.cat\/en\/persons\/xavier-font-segura-9\">POrtal de recerca UAB \u27a1<\/a><\/div>\n\n\n\n<div class=\"wp-block-button\"><a class=\"wp-block-button__link wp-element-button\" href=\"https:\/\/orcid.org\/0000-0003-4981-7436\">ORCID\u27a1<\/a><\/div>\n<\/div>\n\n\n\n<hr class=\"wp-block-separator has-css-opacity is-style-default\" \/>\n","protected":false},"excerpt":{"rendered":"<p>Catedr\u00e0tic del Departament d&#8217;Enginyeria Qu\u00edmica, Biol\u00f2gica i Ambiental, \u00e9s bioqu\u00edmic i doctor per la Universitat Aut\u00f2noma de Barcelona (1997). Al llarg de la seva traject\u00f2ria, ha ocupat diversos c\u00e0rrecs de gesti\u00f3 acad\u00e8mica, destacant: \u2714 Director de l&#8217;Escola Universit\u00e0ria Polit\u00e8cnica del Medi Ambient (1998-2005).\u2714 Director del Departament d&#8217;Enginyeria Qu\u00edmica de la UAB (2010-2013).\u2714 Subdirector de l&#8217;Escola [&hellip;]<\/p>\n","protected":false},"author":153,"featured_media":0,"parent":4997,"menu_order":0,"comment_status":"closed","ping_status":"closed","template":"","meta":{"footnotes":""},"class_list":["post-5188","page","type-page","status-publish","hentry"],"yoast_head":"<!-- This site is optimized with the Yoast SEO plugin v26.8 - https:\/\/yoast.com\/product\/yoast-seo-wordpress\/ -->\n<title>Xavier Font - Grup de Recerca en Compostatge<\/title>\n<meta name=\"robots\" content=\"index, follow, max-snippet:-1, max-image-preview:large, max-video-preview:-1\" \/>\n<link rel=\"canonical\" href=\"https:\/\/webs.uab.cat\/gicom\/equip-gicom\/xavier-font\/\" \/>\n<meta property=\"og:locale\" content=\"ca_ES\" \/>\n<meta property=\"og:type\" content=\"article\" \/>\n<meta property=\"og:title\" content=\"Xavier Font - Grup de Recerca en Compostatge\" \/>\n<meta property=\"og:description\" content=\"Catedr\u00e0tic del Departament d&#8217;Enginyeria Qu\u00edmica, Biol\u00f2gica i Ambiental, \u00e9s bioqu\u00edmic i doctor per la Universitat Aut\u00f2noma de Barcelona (1997). Al llarg de la seva traject\u00f2ria, ha ocupat diversos c\u00e0rrecs de gesti\u00f3 acad\u00e8mica, destacant: \u2714 Director de l&#8217;Escola Universit\u00e0ria Polit\u00e8cnica del Medi Ambient (1998-2005).\u2714 Director del Departament d&#8217;Enginyeria Qu\u00edmica de la UAB (2010-2013).\u2714 Subdirector de l&#8217;Escola [&hellip;]\" \/>\n<meta property=\"og:url\" content=\"https:\/\/webs.uab.cat\/gicom\/equip-gicom\/xavier-font\/\" \/>\n<meta property=\"og:site_name\" content=\"Grup de Recerca en Compostatge\" \/>\n<meta property=\"article:modified_time\" content=\"2025-03-11T11:08:20+00:00\" \/>\n<meta property=\"og:image\" content=\"https:\/\/webs.uab.cat\/gicom\/wp-content\/uploads\/sites\/206\/2022\/10\/Xavier-Font.jpg\" \/>\n\t<meta property=\"og:image:width\" content=\"805\" \/>\n\t<meta property=\"og:image:height\" content=\"768\" \/>\n\t<meta property=\"og:image:type\" content=\"image\/jpeg\" \/>\n<meta name=\"twitter:card\" content=\"summary_large_image\" \/>\n<meta name=\"twitter:label1\" content=\"Temps estimat de lectura\" \/>\n\t<meta name=\"twitter:data1\" content=\"2 minuts\" \/>\n<script type=\"application\/ld+json\" class=\"yoast-schema-graph\">{\"@context\":\"https:\/\/schema.org\",\"@graph\":[{\"@type\":\"WebPage\",\"@id\":\"https:\/\/webs.uab.cat\/gicom\/equip-gicom\/xavier-font\/\",\"url\":\"https:\/\/webs.uab.cat\/gicom\/equip-gicom\/xavier-font\/\",\"name\":\"Xavier Font - Grup de Recerca en Compostatge\",\"isPartOf\":{\"@id\":\"https:\/\/webs.uab.cat\/gicom\/#website\"},\"primaryImageOfPage\":{\"@id\":\"https:\/\/webs.uab.cat\/gicom\/equip-gicom\/xavier-font\/#primaryimage\"},\"image\":{\"@id\":\"https:\/\/webs.uab.cat\/gicom\/equip-gicom\/xavier-font\/#primaryimage\"},\"thumbnailUrl\":\"https:\/\/webs.uab.cat\/gicom\/wp-content\/uploads\/sites\/206\/2022\/10\/Xavier-Font-150x150.jpg\",\"datePublished\":\"2022-12-11T19:10:49+00:00\",\"dateModified\":\"2025-03-11T11:08:20+00:00\",\"breadcrumb\":{\"@id\":\"https:\/\/webs.uab.cat\/gicom\/equip-gicom\/xavier-font\/#breadcrumb\"},\"inLanguage\":\"ca\",\"potentialAction\":[{\"@type\":\"ReadAction\",\"target\":[\"https:\/\/webs.uab.cat\/gicom\/equip-gicom\/xavier-font\/\"]}]},{\"@type\":\"ImageObject\",\"inLanguage\":\"ca\",\"@id\":\"https:\/\/webs.uab.cat\/gicom\/equip-gicom\/xavier-font\/#primaryimage\",\"url\":\"https:\/\/webs.uab.cat\/gicom\/wp-content\/uploads\/sites\/206\/2022\/10\/Xavier-Font.jpg\",\"contentUrl\":\"https:\/\/webs.uab.cat\/gicom\/wp-content\/uploads\/sites\/206\/2022\/10\/Xavier-Font.jpg\",\"width\":805,\"height\":768,\"caption\":\"Xavier Font\"},{\"@type\":\"BreadcrumbList\",\"@id\":\"https:\/\/webs.uab.cat\/gicom\/equip-gicom\/xavier-font\/#breadcrumb\",\"itemListElement\":[{\"@type\":\"ListItem\",\"position\":1,\"name\":\"Inici\",\"item\":\"https:\/\/webs.uab.cat\/gicom\/\"},{\"@type\":\"ListItem\",\"position\":2,\"name\":\"Equip GICOM\",\"item\":\"https:\/\/webs.uab.cat\/gicom\/equip-gicom\/\"},{\"@type\":\"ListItem\",\"position\":3,\"name\":\"Xavier Font\"}]},{\"@type\":\"WebSite\",\"@id\":\"https:\/\/webs.uab.cat\/gicom\/#website\",\"url\":\"https:\/\/webs.uab.cat\/gicom\/\",\"name\":\"Grup de Recerca en Compostatge\",\"description\":\"Compostatge, bioconversi\u00f3 de residus org\u00e0nics i remediaci\u00f3 ambiental\",\"potentialAction\":[{\"@type\":\"SearchAction\",\"target\":{\"@type\":\"EntryPoint\",\"urlTemplate\":\"https:\/\/webs.uab.cat\/gicom\/?s={search_term_string}\"},\"query-input\":{\"@type\":\"PropertyValueSpecification\",\"valueRequired\":true,\"valueName\":\"search_term_string\"}}],\"inLanguage\":\"ca\"}]}<\/script>\n<!-- \/ Yoast SEO plugin. -->","yoast_head_json":{"title":"Xavier Font - Grup de Recerca en Compostatge","robots":{"index":"index","follow":"follow","max-snippet":"max-snippet:-1","max-image-preview":"max-image-preview:large","max-video-preview":"max-video-preview:-1"},"canonical":"https:\/\/webs.uab.cat\/gicom\/equip-gicom\/xavier-font\/","og_locale":"ca_ES","og_type":"article","og_title":"Xavier Font - Grup de Recerca en Compostatge","og_description":"Catedr\u00e0tic del Departament d&#8217;Enginyeria Qu\u00edmica, Biol\u00f2gica i Ambiental, \u00e9s bioqu\u00edmic i doctor per la Universitat Aut\u00f2noma de Barcelona (1997). Al llarg de la seva traject\u00f2ria, ha ocupat diversos c\u00e0rrecs de gesti\u00f3 acad\u00e8mica, destacant: \u2714 Director de l&#8217;Escola Universit\u00e0ria Polit\u00e8cnica del Medi Ambient (1998-2005).\u2714 Director del Departament d&#8217;Enginyeria Qu\u00edmica de la UAB (2010-2013).\u2714 Subdirector de l&#8217;Escola [&hellip;]","og_url":"https:\/\/webs.uab.cat\/gicom\/equip-gicom\/xavier-font\/","og_site_name":"Grup de Recerca en Compostatge","article_modified_time":"2025-03-11T11:08:20+00:00","og_image":[{"width":805,"height":768,"url":"https:\/\/webs.uab.cat\/gicom\/wp-content\/uploads\/sites\/206\/2022\/10\/Xavier-Font.jpg","type":"image\/jpeg"}],"twitter_card":"summary_large_image","twitter_misc":{"Temps estimat de lectura":"2 minuts"},"schema":{"@context":"https:\/\/schema.org","@graph":[{"@type":"WebPage","@id":"https:\/\/webs.uab.cat\/gicom\/equip-gicom\/xavier-font\/","url":"https:\/\/webs.uab.cat\/gicom\/equip-gicom\/xavier-font\/","name":"Xavier Font - Grup de Recerca en Compostatge","isPartOf":{"@id":"https:\/\/webs.uab.cat\/gicom\/#website"},"primaryImageOfPage":{"@id":"https:\/\/webs.uab.cat\/gicom\/equip-gicom\/xavier-font\/#primaryimage"},"image":{"@id":"https:\/\/webs.uab.cat\/gicom\/equip-gicom\/xavier-font\/#primaryimage"},"thumbnailUrl":"https:\/\/webs.uab.cat\/gicom\/wp-content\/uploads\/sites\/206\/2022\/10\/Xavier-Font-150x150.jpg","datePublished":"2022-12-11T19:10:49+00:00","dateModified":"2025-03-11T11:08:20+00:00","breadcrumb":{"@id":"https:\/\/webs.uab.cat\/gicom\/equip-gicom\/xavier-font\/#breadcrumb"},"inLanguage":"ca","potentialAction":[{"@type":"ReadAction","target":["https:\/\/webs.uab.cat\/gicom\/equip-gicom\/xavier-font\/"]}]},{"@type":"ImageObject","inLanguage":"ca","@id":"https:\/\/webs.uab.cat\/gicom\/equip-gicom\/xavier-font\/#primaryimage","url":"https:\/\/webs.uab.cat\/gicom\/wp-content\/uploads\/sites\/206\/2022\/10\/Xavier-Font.jpg","contentUrl":"https:\/\/webs.uab.cat\/gicom\/wp-content\/uploads\/sites\/206\/2022\/10\/Xavier-Font.jpg","width":805,"height":768,"caption":"Xavier Font"},{"@type":"BreadcrumbList","@id":"https:\/\/webs.uab.cat\/gicom\/equip-gicom\/xavier-font\/#breadcrumb","itemListElement":[{"@type":"ListItem","position":1,"name":"Inici","item":"https:\/\/webs.uab.cat\/gicom\/"},{"@type":"ListItem","position":2,"name":"Equip GICOM","item":"https:\/\/webs.uab.cat\/gicom\/equip-gicom\/"},{"@type":"ListItem","position":3,"name":"Xavier Font"}]},{"@type":"WebSite","@id":"https:\/\/webs.uab.cat\/gicom\/#website","url":"https:\/\/webs.uab.cat\/gicom\/","name":"Grup de Recerca en Compostatge","description":"Compostatge, bioconversi\u00f3 de residus org\u00e0nics i remediaci\u00f3 ambiental","potentialAction":[{"@type":"SearchAction","target":{"@type":"EntryPoint","urlTemplate":"https:\/\/webs.uab.cat\/gicom\/?s={search_term_string}"},"query-input":{"@type":"PropertyValueSpecification","valueRequired":true,"valueName":"search_term_string"}}],"inLanguage":"ca"}]}},"_links":{"self":[{"href":"https:\/\/webs.uab.cat\/gicom\/wp-json\/wp\/v2\/pages\/5188","targetHints":{"allow":["GET"]}}],"collection":[{"href":"https:\/\/webs.uab.cat\/gicom\/wp-json\/wp\/v2\/pages"}],"about":[{"href":"https:\/\/webs.uab.cat\/gicom\/wp-json\/wp\/v2\/types\/page"}],"author":[{"embeddable":true,"href":"https:\/\/webs.uab.cat\/gicom\/wp-json\/wp\/v2\/users\/153"}],"replies":[{"embeddable":true,"href":"https:\/\/webs.uab.cat\/gicom\/wp-json\/wp\/v2\/comments?post=5188"}],"version-history":[{"count":10,"href":"https:\/\/webs.uab.cat\/gicom\/wp-json\/wp\/v2\/pages\/5188\/revisions"}],"predecessor-version":[{"id":6076,"href":"https:\/\/webs.uab.cat\/gicom\/wp-json\/wp\/v2\/pages\/5188\/revisions\/6076"}],"up":[{"embeddable":true,"href":"https:\/\/webs.uab.cat\/gicom\/wp-json\/wp\/v2\/pages\/4997"}],"wp:attachment":[{"href":"https:\/\/webs.uab.cat\/gicom\/wp-json\/wp\/v2\/media?parent=5188"}],"curies":[{"name":"wp","href":"https:\/\/api.w.org\/{rel}","templated":true}]}}