{"id":5404,"date":"2023-10-10T16:14:20","date_gmt":"2023-10-10T14:14:20","guid":{"rendered":"https:\/\/webs.uab.cat\/gicom\/?page_id=5404"},"modified":"2023-10-10T16:14:31","modified_gmt":"2023-10-10T14:14:31","slug":"alireza-vali","status":"publish","type":"page","link":"https:\/\/webs.uab.cat\/gicom\/equip-gicom\/alireza-vali\/","title":{"rendered":"Alireza Vali"},"content":{"rendered":"<div class=\"wp-block-image is-style-rounded\">\n<figure class=\"aligncenter size-thumbnail\"><img loading=\"lazy\" decoding=\"async\" width=\"150\" height=\"150\" src=\"https:\/\/webs.uab.cat\/gicom\/wp-content\/uploads\/sites\/206\/2022\/12\/Sayed-Alireza-Vali-150x150.jpg\" alt=\"\" class=\"wp-image-5152\" srcset=\"https:\/\/webs.uab.cat\/gicom\/wp-content\/uploads\/sites\/206\/2022\/12\/Sayed-Alireza-Vali-150x150.jpg 150w, https:\/\/webs.uab.cat\/gicom\/wp-content\/uploads\/sites\/206\/2022\/12\/Sayed-Alireza-Vali-300x300.jpg 300w, https:\/\/webs.uab.cat\/gicom\/wp-content\/uploads\/sites\/206\/2022\/12\/Sayed-Alireza-Vali-1024x1024.jpg 1024w, https:\/\/webs.uab.cat\/gicom\/wp-content\/uploads\/sites\/206\/2022\/12\/Sayed-Alireza-Vali-768x768.jpg 768w, https:\/\/webs.uab.cat\/gicom\/wp-content\/uploads\/sites\/206\/2022\/12\/Sayed-Alireza-Vali-1200x1200.jpg 1200w, https:\/\/webs.uab.cat\/gicom\/wp-content\/uploads\/sites\/206\/2022\/12\/Sayed-Alireza-Vali.jpg 1448w\" sizes=\"auto, (max-width: 150px) 100vw, 150px\" \/><\/figure>\n<\/div>\n\n\n<hr class=\"wp-block-separator has-alpha-channel-opacity\" \/>\n\n\n\n<p>Seyed Alireza Vali ha estudiat Enginyeria de l&#8217;Aigua i Aig\u00fces Residuals a la Universitat Shahid Beheshti (Tehran, Iran), seguit d&#8217;un m\u00e0ster en Enginyeria Ambiental (gesti\u00f3 de residus s\u00f2lids) a la Universitat de Tehran (Tehran, Iran). La seva tesi de m\u00e0ster es va centrar en la s\u00edntesi de nanomaterials per a l&#8217;eliminaci\u00f3 del mercuri de l&#8217;aigua contaminada.<\/p>\n\n\n\n<p>Actualment, \u00e9s estudiant de doctorat en el programa de Ci\u00e8ncia i Tecnologia Ambiental (grup GICOM) a la Universitat Aut\u00f2noma de Barcelona. La seva recerca se centra en la conversi\u00f3 catal\u00edtica del biog\u00e0s en productes qu\u00edmics i combustibles valuosos mitjan\u00e7ant nanomaterials. \u00c9s supervisat pel Dr. Antoni S\u00e1nchez i el Dr. Antonio Javier Moral.<\/p>\n","protected":false},"excerpt":{"rendered":"<p>Seyed Alireza Vali ha estudiat Enginyeria de l&#8217;Aigua i Aig\u00fces Residuals a la Universitat Shahid Beheshti (Tehran, Iran), seguit d&#8217;un m\u00e0ster en Enginyeria Ambiental (gesti\u00f3 de residus s\u00f2lids) a la Universitat de Tehran (Tehran, Iran). La seva tesi de m\u00e0ster es va centrar en la s\u00edntesi de nanomaterials per a l&#8217;eliminaci\u00f3 del mercuri de l&#8217;aigua [&hellip;]<\/p>\n","protected":false},"author":153,"featured_media":0,"parent":4997,"menu_order":0,"comment_status":"closed","ping_status":"closed","template":"","meta":{"footnotes":""},"class_list":["post-5404","page","type-page","status-publish","hentry"],"yoast_head":"<!-- This site is optimized with the Yoast SEO plugin v26.8 - https:\/\/yoast.com\/product\/yoast-seo-wordpress\/ -->\n<title>Alireza Vali - Grup de Recerca en Compostatge<\/title>\n<meta name=\"robots\" content=\"index, follow, max-snippet:-1, max-image-preview:large, max-video-preview:-1\" \/>\n<link rel=\"canonical\" href=\"https:\/\/webs.uab.cat\/gicom\/equip-gicom\/alireza-vali\/\" \/>\n<meta property=\"og:locale\" content=\"ca_ES\" \/>\n<meta property=\"og:type\" content=\"article\" \/>\n<meta property=\"og:title\" content=\"Alireza Vali - Grup de Recerca en Compostatge\" \/>\n<meta property=\"og:description\" content=\"Seyed Alireza Vali ha estudiat Enginyeria de l&#8217;Aigua i Aig\u00fces Residuals a la Universitat Shahid Beheshti (Tehran, Iran), seguit d&#8217;un m\u00e0ster en Enginyeria Ambiental (gesti\u00f3 de residus s\u00f2lids) a la Universitat de Tehran (Tehran, Iran). La seva tesi de m\u00e0ster es va centrar en la s\u00edntesi de nanomaterials per a l&#8217;eliminaci\u00f3 del mercuri de l&#8217;aigua [&hellip;]\" \/>\n<meta property=\"og:url\" content=\"https:\/\/webs.uab.cat\/gicom\/equip-gicom\/alireza-vali\/\" \/>\n<meta property=\"og:site_name\" content=\"Grup de Recerca en Compostatge\" \/>\n<meta property=\"article:modified_time\" content=\"2023-10-10T14:14:31+00:00\" \/>\n<meta property=\"og:image\" content=\"https:\/\/webs.uab.cat\/gicom\/wp-content\/uploads\/sites\/206\/2022\/12\/Sayed-Alireza-Vali-150x150.jpg\" \/>\n<meta name=\"twitter:card\" content=\"summary_large_image\" \/>\n<meta name=\"twitter:label1\" content=\"Temps estimat de lectura\" \/>\n\t<meta name=\"twitter:data1\" content=\"1 minut\" \/>\n<script type=\"application\/ld+json\" class=\"yoast-schema-graph\">{\"@context\":\"https:\/\/schema.org\",\"@graph\":[{\"@type\":\"WebPage\",\"@id\":\"https:\/\/webs.uab.cat\/gicom\/equip-gicom\/alireza-vali\/\",\"url\":\"https:\/\/webs.uab.cat\/gicom\/equip-gicom\/alireza-vali\/\",\"name\":\"Alireza Vali - Grup de Recerca en Compostatge\",\"isPartOf\":{\"@id\":\"https:\/\/webs.uab.cat\/gicom\/#website\"},\"primaryImageOfPage\":{\"@id\":\"https:\/\/webs.uab.cat\/gicom\/equip-gicom\/alireza-vali\/#primaryimage\"},\"image\":{\"@id\":\"https:\/\/webs.uab.cat\/gicom\/equip-gicom\/alireza-vali\/#primaryimage\"},\"thumbnailUrl\":\"https:\/\/webs.uab.cat\/gicom\/wp-content\/uploads\/sites\/206\/2022\/12\/Sayed-Alireza-Vali-150x150.jpg\",\"datePublished\":\"2023-10-10T14:14:20+00:00\",\"dateModified\":\"2023-10-10T14:14:31+00:00\",\"breadcrumb\":{\"@id\":\"https:\/\/webs.uab.cat\/gicom\/equip-gicom\/alireza-vali\/#breadcrumb\"},\"inLanguage\":\"ca\",\"potentialAction\":[{\"@type\":\"ReadAction\",\"target\":[\"https:\/\/webs.uab.cat\/gicom\/equip-gicom\/alireza-vali\/\"]}]},{\"@type\":\"ImageObject\",\"inLanguage\":\"ca\",\"@id\":\"https:\/\/webs.uab.cat\/gicom\/equip-gicom\/alireza-vali\/#primaryimage\",\"url\":\"https:\/\/webs.uab.cat\/gicom\/wp-content\/uploads\/sites\/206\/2022\/12\/Sayed-Alireza-Vali.jpg\",\"contentUrl\":\"https:\/\/webs.uab.cat\/gicom\/wp-content\/uploads\/sites\/206\/2022\/12\/Sayed-Alireza-Vali.jpg\",\"width\":1448,\"height\":1448},{\"@type\":\"BreadcrumbList\",\"@id\":\"https:\/\/webs.uab.cat\/gicom\/equip-gicom\/alireza-vali\/#breadcrumb\",\"itemListElement\":[{\"@type\":\"ListItem\",\"position\":1,\"name\":\"Inici\",\"item\":\"https:\/\/webs.uab.cat\/gicom\/\"},{\"@type\":\"ListItem\",\"position\":2,\"name\":\"Equip GICOM\",\"item\":\"https:\/\/webs.uab.cat\/gicom\/equip-gicom\/\"},{\"@type\":\"ListItem\",\"position\":3,\"name\":\"Alireza Vali\"}]},{\"@type\":\"WebSite\",\"@id\":\"https:\/\/webs.uab.cat\/gicom\/#website\",\"url\":\"https:\/\/webs.uab.cat\/gicom\/\",\"name\":\"Grup de Recerca en Compostatge\",\"description\":\"Compostatge, bioconversi\u00f3 de residus org\u00e0nics i remediaci\u00f3 ambiental\",\"potentialAction\":[{\"@type\":\"SearchAction\",\"target\":{\"@type\":\"EntryPoint\",\"urlTemplate\":\"https:\/\/webs.uab.cat\/gicom\/?s={search_term_string}\"},\"query-input\":{\"@type\":\"PropertyValueSpecification\",\"valueRequired\":true,\"valueName\":\"search_term_string\"}}],\"inLanguage\":\"ca\"}]}<\/script>\n<!-- \/ Yoast SEO plugin. -->","yoast_head_json":{"title":"Alireza Vali - Grup de Recerca en Compostatge","robots":{"index":"index","follow":"follow","max-snippet":"max-snippet:-1","max-image-preview":"max-image-preview:large","max-video-preview":"max-video-preview:-1"},"canonical":"https:\/\/webs.uab.cat\/gicom\/equip-gicom\/alireza-vali\/","og_locale":"ca_ES","og_type":"article","og_title":"Alireza Vali - Grup de Recerca en Compostatge","og_description":"Seyed Alireza Vali ha estudiat Enginyeria de l&#8217;Aigua i Aig\u00fces Residuals a la Universitat Shahid Beheshti (Tehran, Iran), seguit d&#8217;un m\u00e0ster en Enginyeria Ambiental (gesti\u00f3 de residus s\u00f2lids) a la Universitat de Tehran (Tehran, Iran). La seva tesi de m\u00e0ster es va centrar en la s\u00edntesi de nanomaterials per a l&#8217;eliminaci\u00f3 del mercuri de l&#8217;aigua [&hellip;]","og_url":"https:\/\/webs.uab.cat\/gicom\/equip-gicom\/alireza-vali\/","og_site_name":"Grup de Recerca en Compostatge","article_modified_time":"2023-10-10T14:14:31+00:00","og_image":[{"url":"https:\/\/webs.uab.cat\/gicom\/wp-content\/uploads\/sites\/206\/2022\/12\/Sayed-Alireza-Vali-150x150.jpg","type":"","width":"","height":""}],"twitter_card":"summary_large_image","twitter_misc":{"Temps estimat de lectura":"1 minut"},"schema":{"@context":"https:\/\/schema.org","@graph":[{"@type":"WebPage","@id":"https:\/\/webs.uab.cat\/gicom\/equip-gicom\/alireza-vali\/","url":"https:\/\/webs.uab.cat\/gicom\/equip-gicom\/alireza-vali\/","name":"Alireza Vali - Grup de Recerca en Compostatge","isPartOf":{"@id":"https:\/\/webs.uab.cat\/gicom\/#website"},"primaryImageOfPage":{"@id":"https:\/\/webs.uab.cat\/gicom\/equip-gicom\/alireza-vali\/#primaryimage"},"image":{"@id":"https:\/\/webs.uab.cat\/gicom\/equip-gicom\/alireza-vali\/#primaryimage"},"thumbnailUrl":"https:\/\/webs.uab.cat\/gicom\/wp-content\/uploads\/sites\/206\/2022\/12\/Sayed-Alireza-Vali-150x150.jpg","datePublished":"2023-10-10T14:14:20+00:00","dateModified":"2023-10-10T14:14:31+00:00","breadcrumb":{"@id":"https:\/\/webs.uab.cat\/gicom\/equip-gicom\/alireza-vali\/#breadcrumb"},"inLanguage":"ca","potentialAction":[{"@type":"ReadAction","target":["https:\/\/webs.uab.cat\/gicom\/equip-gicom\/alireza-vali\/"]}]},{"@type":"ImageObject","inLanguage":"ca","@id":"https:\/\/webs.uab.cat\/gicom\/equip-gicom\/alireza-vali\/#primaryimage","url":"https:\/\/webs.uab.cat\/gicom\/wp-content\/uploads\/sites\/206\/2022\/12\/Sayed-Alireza-Vali.jpg","contentUrl":"https:\/\/webs.uab.cat\/gicom\/wp-content\/uploads\/sites\/206\/2022\/12\/Sayed-Alireza-Vali.jpg","width":1448,"height":1448},{"@type":"BreadcrumbList","@id":"https:\/\/webs.uab.cat\/gicom\/equip-gicom\/alireza-vali\/#breadcrumb","itemListElement":[{"@type":"ListItem","position":1,"name":"Inici","item":"https:\/\/webs.uab.cat\/gicom\/"},{"@type":"ListItem","position":2,"name":"Equip GICOM","item":"https:\/\/webs.uab.cat\/gicom\/equip-gicom\/"},{"@type":"ListItem","position":3,"name":"Alireza Vali"}]},{"@type":"WebSite","@id":"https:\/\/webs.uab.cat\/gicom\/#website","url":"https:\/\/webs.uab.cat\/gicom\/","name":"Grup de Recerca en Compostatge","description":"Compostatge, bioconversi\u00f3 de residus org\u00e0nics i remediaci\u00f3 ambiental","potentialAction":[{"@type":"SearchAction","target":{"@type":"EntryPoint","urlTemplate":"https:\/\/webs.uab.cat\/gicom\/?s={search_term_string}"},"query-input":{"@type":"PropertyValueSpecification","valueRequired":true,"valueName":"search_term_string"}}],"inLanguage":"ca"}]}},"_links":{"self":[{"href":"https:\/\/webs.uab.cat\/gicom\/wp-json\/wp\/v2\/pages\/5404","targetHints":{"allow":["GET"]}}],"collection":[{"href":"https:\/\/webs.uab.cat\/gicom\/wp-json\/wp\/v2\/pages"}],"about":[{"href":"https:\/\/webs.uab.cat\/gicom\/wp-json\/wp\/v2\/types\/page"}],"author":[{"embeddable":true,"href":"https:\/\/webs.uab.cat\/gicom\/wp-json\/wp\/v2\/users\/153"}],"replies":[{"embeddable":true,"href":"https:\/\/webs.uab.cat\/gicom\/wp-json\/wp\/v2\/comments?post=5404"}],"version-history":[{"count":1,"href":"https:\/\/webs.uab.cat\/gicom\/wp-json\/wp\/v2\/pages\/5404\/revisions"}],"predecessor-version":[{"id":5405,"href":"https:\/\/webs.uab.cat\/gicom\/wp-json\/wp\/v2\/pages\/5404\/revisions\/5405"}],"up":[{"embeddable":true,"href":"https:\/\/webs.uab.cat\/gicom\/wp-json\/wp\/v2\/pages\/4997"}],"wp:attachment":[{"href":"https:\/\/webs.uab.cat\/gicom\/wp-json\/wp\/v2\/media?parent=5404"}],"curies":[{"name":"wp","href":"https:\/\/api.w.org\/{rel}","templated":true}]}}