{"id":5475,"date":"2023-10-16T10:33:48","date_gmt":"2023-10-16T08:33:48","guid":{"rendered":"https:\/\/webs.uab.cat\/gicom\/?page_id=5475"},"modified":"2023-10-16T16:44:18","modified_gmt":"2023-10-16T14:44:18","slug":"jose-bueno","status":"publish","type":"page","link":"https:\/\/webs.uab.cat\/gicom\/equip-gicom\/jose-bueno\/","title":{"rendered":"Jos\u00e9 Bueno"},"content":{"rendered":"<div class=\"wp-block-image is-style-rounded\">\n<figure class=\"aligncenter size-thumbnail\"><img loading=\"lazy\" decoding=\"async\" width=\"150\" height=\"150\" src=\"https:\/\/webs.uab.cat\/gicom\/wp-content\/uploads\/sites\/206\/2023\/10\/FotoWebGICOMcuadrado-150x150.jpeg\" alt=\"\" class=\"wp-image-5476\" \/><\/figure>\n<\/div>\n\n\n<hr class=\"wp-block-separator has-alpha-channel-opacity\" \/>\n\n\n\n<p>Jos\u00e9 Antonio Bueno Mancebo \u00e9s d\u2019Andalusia. Va estudiar Biotecnologia amb menci\u00f3 Industrial a la Universitat de Granada i va realitzar un M\u00e0ster en Biologia Molecular Aplicada a Empreses Biotecnol\u00f2giques (BioEnterprise). Durant la seva etapa universit\u00e0ria va participar en nombrosos concursos d\u2019emprenedoria i va adquirir experi\u00e8ncia treballant a diferents empreses biotecnol\u00f2giques del sector cosm\u00e8tic. Tamb\u00e9 va obtenir una beca Erasmus+ per fer una estada a un centre de recerca de la Slovensk\u00e1 Technick\u00e1 Univerzita v Bratislave (Eslov\u00e0quia) familiaritzant-se amb nanomaterials i t\u00e8cniques de microsc\u00f2pia.<\/p>\n\n\n\n<p>Forma part del grup GICOM com a estudiant de doctorat al programa de Ci\u00e8ncia i Tecnologia Ambiental de la Universitat Aut\u00f2noma de Barcelona. La seva investigaci\u00f3 se centra a aplicar diferents estrat\u00e8gies operacionals de fermentaci\u00f3 amb fongs per a la producci\u00f3 de biosurfactants glicol\u00edpids en un marc de bioeconomia circular. Supervisat per la Dra. Raquel Barrena, Dra. Adriana Artola i Dra. Teresa Gea.<\/p>\n","protected":false},"excerpt":{"rendered":"<p>Jos\u00e9 Antonio Bueno Mancebo \u00e9s d\u2019Andalusia. Va estudiar Biotecnologia amb menci\u00f3 Industrial a la Universitat de Granada i va realitzar un M\u00e0ster en Biologia Molecular Aplicada a Empreses Biotecnol\u00f2giques (BioEnterprise). Durant la seva etapa universit\u00e0ria va participar en nombrosos concursos d\u2019emprenedoria i va adquirir experi\u00e8ncia treballant a diferents empreses biotecnol\u00f2giques del sector cosm\u00e8tic. Tamb\u00e9 va [&hellip;]<\/p>\n","protected":false},"author":153,"featured_media":0,"parent":4997,"menu_order":0,"comment_status":"closed","ping_status":"closed","template":"","meta":{"footnotes":""},"class_list":["post-5475","page","type-page","status-publish","hentry"],"yoast_head":"<!-- This site is optimized with the Yoast SEO plugin v26.8 - https:\/\/yoast.com\/product\/yoast-seo-wordpress\/ -->\n<title>Jos\u00e9 Bueno - Grup de Recerca en Compostatge<\/title>\n<meta name=\"robots\" content=\"index, follow, max-snippet:-1, max-image-preview:large, max-video-preview:-1\" \/>\n<link rel=\"canonical\" href=\"https:\/\/webs.uab.cat\/gicom\/equip-gicom\/jose-bueno\/\" \/>\n<meta property=\"og:locale\" content=\"ca_ES\" \/>\n<meta property=\"og:type\" content=\"article\" \/>\n<meta property=\"og:title\" content=\"Jos\u00e9 Bueno - Grup de Recerca en Compostatge\" \/>\n<meta property=\"og:description\" content=\"Jos\u00e9 Antonio Bueno Mancebo \u00e9s d\u2019Andalusia. Va estudiar Biotecnologia amb menci\u00f3 Industrial a la Universitat de Granada i va realitzar un M\u00e0ster en Biologia Molecular Aplicada a Empreses Biotecnol\u00f2giques (BioEnterprise). Durant la seva etapa universit\u00e0ria va participar en nombrosos concursos d\u2019emprenedoria i va adquirir experi\u00e8ncia treballant a diferents empreses biotecnol\u00f2giques del sector cosm\u00e8tic. Tamb\u00e9 va [&hellip;]\" \/>\n<meta property=\"og:url\" content=\"https:\/\/webs.uab.cat\/gicom\/equip-gicom\/jose-bueno\/\" \/>\n<meta property=\"og:site_name\" content=\"Grup de Recerca en Compostatge\" \/>\n<meta property=\"article:modified_time\" content=\"2023-10-16T14:44:18+00:00\" \/>\n<meta property=\"og:image\" content=\"https:\/\/webs.uab.cat\/gicom\/wp-content\/uploads\/sites\/206\/2023\/10\/FotoWebGICOMcuadrado-150x150.jpeg\" \/>\n<meta name=\"twitter:card\" content=\"summary_large_image\" \/>\n<meta name=\"twitter:label1\" content=\"Temps estimat de lectura\" \/>\n\t<meta name=\"twitter:data1\" content=\"1 minut\" \/>\n<script type=\"application\/ld+json\" class=\"yoast-schema-graph\">{\"@context\":\"https:\/\/schema.org\",\"@graph\":[{\"@type\":\"WebPage\",\"@id\":\"https:\/\/webs.uab.cat\/gicom\/equip-gicom\/jose-bueno\/\",\"url\":\"https:\/\/webs.uab.cat\/gicom\/equip-gicom\/jose-bueno\/\",\"name\":\"Jos\u00e9 Bueno - Grup de Recerca en Compostatge\",\"isPartOf\":{\"@id\":\"https:\/\/webs.uab.cat\/gicom\/#website\"},\"primaryImageOfPage\":{\"@id\":\"https:\/\/webs.uab.cat\/gicom\/equip-gicom\/jose-bueno\/#primaryimage\"},\"image\":{\"@id\":\"https:\/\/webs.uab.cat\/gicom\/equip-gicom\/jose-bueno\/#primaryimage\"},\"thumbnailUrl\":\"https:\/\/webs.uab.cat\/gicom\/wp-content\/uploads\/sites\/206\/2023\/10\/FotoWebGICOMcuadrado-150x150.jpeg\",\"datePublished\":\"2023-10-16T08:33:48+00:00\",\"dateModified\":\"2023-10-16T14:44:18+00:00\",\"breadcrumb\":{\"@id\":\"https:\/\/webs.uab.cat\/gicom\/equip-gicom\/jose-bueno\/#breadcrumb\"},\"inLanguage\":\"ca\",\"potentialAction\":[{\"@type\":\"ReadAction\",\"target\":[\"https:\/\/webs.uab.cat\/gicom\/equip-gicom\/jose-bueno\/\"]}]},{\"@type\":\"ImageObject\",\"inLanguage\":\"ca\",\"@id\":\"https:\/\/webs.uab.cat\/gicom\/equip-gicom\/jose-bueno\/#primaryimage\",\"url\":\"https:\/\/webs.uab.cat\/gicom\/wp-content\/uploads\/sites\/206\/2023\/10\/FotoWebGICOMcuadrado.jpeg\",\"contentUrl\":\"https:\/\/webs.uab.cat\/gicom\/wp-content\/uploads\/sites\/206\/2023\/10\/FotoWebGICOMcuadrado.jpeg\",\"width\":594,\"height\":606},{\"@type\":\"BreadcrumbList\",\"@id\":\"https:\/\/webs.uab.cat\/gicom\/equip-gicom\/jose-bueno\/#breadcrumb\",\"itemListElement\":[{\"@type\":\"ListItem\",\"position\":1,\"name\":\"Inici\",\"item\":\"https:\/\/webs.uab.cat\/gicom\/\"},{\"@type\":\"ListItem\",\"position\":2,\"name\":\"Equip GICOM\",\"item\":\"https:\/\/webs.uab.cat\/gicom\/equip-gicom\/\"},{\"@type\":\"ListItem\",\"position\":3,\"name\":\"Jos\u00e9 Bueno\"}]},{\"@type\":\"WebSite\",\"@id\":\"https:\/\/webs.uab.cat\/gicom\/#website\",\"url\":\"https:\/\/webs.uab.cat\/gicom\/\",\"name\":\"Grup de Recerca en Compostatge\",\"description\":\"Compostatge, bioconversi\u00f3 de residus org\u00e0nics i remediaci\u00f3 ambiental\",\"potentialAction\":[{\"@type\":\"SearchAction\",\"target\":{\"@type\":\"EntryPoint\",\"urlTemplate\":\"https:\/\/webs.uab.cat\/gicom\/?s={search_term_string}\"},\"query-input\":{\"@type\":\"PropertyValueSpecification\",\"valueRequired\":true,\"valueName\":\"search_term_string\"}}],\"inLanguage\":\"ca\"}]}<\/script>\n<!-- \/ Yoast SEO plugin. -->","yoast_head_json":{"title":"Jos\u00e9 Bueno - Grup de Recerca en Compostatge","robots":{"index":"index","follow":"follow","max-snippet":"max-snippet:-1","max-image-preview":"max-image-preview:large","max-video-preview":"max-video-preview:-1"},"canonical":"https:\/\/webs.uab.cat\/gicom\/equip-gicom\/jose-bueno\/","og_locale":"ca_ES","og_type":"article","og_title":"Jos\u00e9 Bueno - Grup de Recerca en Compostatge","og_description":"Jos\u00e9 Antonio Bueno Mancebo \u00e9s d\u2019Andalusia. Va estudiar Biotecnologia amb menci\u00f3 Industrial a la Universitat de Granada i va realitzar un M\u00e0ster en Biologia Molecular Aplicada a Empreses Biotecnol\u00f2giques (BioEnterprise). Durant la seva etapa universit\u00e0ria va participar en nombrosos concursos d\u2019emprenedoria i va adquirir experi\u00e8ncia treballant a diferents empreses biotecnol\u00f2giques del sector cosm\u00e8tic. Tamb\u00e9 va [&hellip;]","og_url":"https:\/\/webs.uab.cat\/gicom\/equip-gicom\/jose-bueno\/","og_site_name":"Grup de Recerca en Compostatge","article_modified_time":"2023-10-16T14:44:18+00:00","og_image":[{"url":"https:\/\/webs.uab.cat\/gicom\/wp-content\/uploads\/sites\/206\/2023\/10\/FotoWebGICOMcuadrado-150x150.jpeg","type":"","width":"","height":""}],"twitter_card":"summary_large_image","twitter_misc":{"Temps estimat de lectura":"1 minut"},"schema":{"@context":"https:\/\/schema.org","@graph":[{"@type":"WebPage","@id":"https:\/\/webs.uab.cat\/gicom\/equip-gicom\/jose-bueno\/","url":"https:\/\/webs.uab.cat\/gicom\/equip-gicom\/jose-bueno\/","name":"Jos\u00e9 Bueno - Grup de Recerca en Compostatge","isPartOf":{"@id":"https:\/\/webs.uab.cat\/gicom\/#website"},"primaryImageOfPage":{"@id":"https:\/\/webs.uab.cat\/gicom\/equip-gicom\/jose-bueno\/#primaryimage"},"image":{"@id":"https:\/\/webs.uab.cat\/gicom\/equip-gicom\/jose-bueno\/#primaryimage"},"thumbnailUrl":"https:\/\/webs.uab.cat\/gicom\/wp-content\/uploads\/sites\/206\/2023\/10\/FotoWebGICOMcuadrado-150x150.jpeg","datePublished":"2023-10-16T08:33:48+00:00","dateModified":"2023-10-16T14:44:18+00:00","breadcrumb":{"@id":"https:\/\/webs.uab.cat\/gicom\/equip-gicom\/jose-bueno\/#breadcrumb"},"inLanguage":"ca","potentialAction":[{"@type":"ReadAction","target":["https:\/\/webs.uab.cat\/gicom\/equip-gicom\/jose-bueno\/"]}]},{"@type":"ImageObject","inLanguage":"ca","@id":"https:\/\/webs.uab.cat\/gicom\/equip-gicom\/jose-bueno\/#primaryimage","url":"https:\/\/webs.uab.cat\/gicom\/wp-content\/uploads\/sites\/206\/2023\/10\/FotoWebGICOMcuadrado.jpeg","contentUrl":"https:\/\/webs.uab.cat\/gicom\/wp-content\/uploads\/sites\/206\/2023\/10\/FotoWebGICOMcuadrado.jpeg","width":594,"height":606},{"@type":"BreadcrumbList","@id":"https:\/\/webs.uab.cat\/gicom\/equip-gicom\/jose-bueno\/#breadcrumb","itemListElement":[{"@type":"ListItem","position":1,"name":"Inici","item":"https:\/\/webs.uab.cat\/gicom\/"},{"@type":"ListItem","position":2,"name":"Equip GICOM","item":"https:\/\/webs.uab.cat\/gicom\/equip-gicom\/"},{"@type":"ListItem","position":3,"name":"Jos\u00e9 Bueno"}]},{"@type":"WebSite","@id":"https:\/\/webs.uab.cat\/gicom\/#website","url":"https:\/\/webs.uab.cat\/gicom\/","name":"Grup de Recerca en Compostatge","description":"Compostatge, bioconversi\u00f3 de residus org\u00e0nics i remediaci\u00f3 ambiental","potentialAction":[{"@type":"SearchAction","target":{"@type":"EntryPoint","urlTemplate":"https:\/\/webs.uab.cat\/gicom\/?s={search_term_string}"},"query-input":{"@type":"PropertyValueSpecification","valueRequired":true,"valueName":"search_term_string"}}],"inLanguage":"ca"}]}},"_links":{"self":[{"href":"https:\/\/webs.uab.cat\/gicom\/wp-json\/wp\/v2\/pages\/5475","targetHints":{"allow":["GET"]}}],"collection":[{"href":"https:\/\/webs.uab.cat\/gicom\/wp-json\/wp\/v2\/pages"}],"about":[{"href":"https:\/\/webs.uab.cat\/gicom\/wp-json\/wp\/v2\/types\/page"}],"author":[{"embeddable":true,"href":"https:\/\/webs.uab.cat\/gicom\/wp-json\/wp\/v2\/users\/153"}],"replies":[{"embeddable":true,"href":"https:\/\/webs.uab.cat\/gicom\/wp-json\/wp\/v2\/comments?post=5475"}],"version-history":[{"count":4,"href":"https:\/\/webs.uab.cat\/gicom\/wp-json\/wp\/v2\/pages\/5475\/revisions"}],"predecessor-version":[{"id":5588,"href":"https:\/\/webs.uab.cat\/gicom\/wp-json\/wp\/v2\/pages\/5475\/revisions\/5588"}],"up":[{"embeddable":true,"href":"https:\/\/webs.uab.cat\/gicom\/wp-json\/wp\/v2\/pages\/4997"}],"wp:attachment":[{"href":"https:\/\/webs.uab.cat\/gicom\/wp-json\/wp\/v2\/media?parent=5475"}],"curies":[{"name":"wp","href":"https:\/\/api.w.org\/{rel}","templated":true}]}}