{"id":5482,"date":"2023-10-16T10:41:00","date_gmt":"2023-10-16T08:41:00","guid":{"rendered":"https:\/\/webs.uab.cat\/gicom\/?page_id=5482"},"modified":"2023-10-16T16:48:34","modified_gmt":"2023-10-16T14:48:34","slug":"daniel-gonzalez","status":"publish","type":"page","link":"https:\/\/webs.uab.cat\/gicom\/equip-gicom\/daniel-gonzalez\/","title":{"rendered":"Daniel Gonz\u00e1lez"},"content":{"rendered":"<div class=\"wp-block-image is-style-rounded\">\n<figure class=\"aligncenter size-thumbnail\"><img loading=\"lazy\" decoding=\"async\" width=\"150\" height=\"150\" src=\"https:\/\/webs.uab.cat\/gicom\/wp-content\/uploads\/sites\/206\/2023\/10\/Daniel-Gonzalez-150x150.jpg\" alt=\"\" class=\"wp-image-5483\" \/><\/figure>\n<\/div>\n\n\n<hr class=\"wp-block-separator has-alpha-channel-opacity\" \/>\n\n\n\n<p>Daniel Gonz\u00e1lez Al\u00e9 \u00e9s Enginyer Qu\u00edmic i Doctor en Ci\u00e8ncia i Tecnologia Ambiental per la\u00a0Universitat Aut\u00f2noma de Barcelona\u00a0des del 2020. La seva tesi doctoral es va centrar en l&#8217;estudi de les emissions gasoses durant el tractament biol\u00f2gic del fang de depuradora, principalment a trav\u00e9s del compostatge i el biodessecament, caracteritzant els compostos org\u00e0nics vol\u00e0tils i les emissions d&#8217;olor. Actualment, Daniel ocupa una posici\u00f3 com a investigador postdoctoral al grup de recerca\u00a0GICOM, i la seva investigaci\u00f3 se centra en el coneixement i la caracteritzaci\u00f3 dels gasos emesos per diferents instal\u00b7lacions de tractament de residus i aig\u00fces residuals, amb l&#8217;objectiu d&#8217;estudiar tant l&#8217;impacte ambiental com l&#8217;impacte olfactiu d&#8217;aquestes emissions i la seva relaci\u00f3 amb l&#8217;estabilitzaci\u00f3 dels residus i l&#8217;evoluci\u00f3 del proc\u00e9s. Els temes actuals de recerca de Daniel s\u00f3n:<\/p>\n\n\n\n<ul class=\"wp-block-list\">\n<li>Solucions per a la presa de mostres i l&#8217;an\u00e0lisi de gasos en instal\u00b7lacions pilot i a escala real.<\/li>\n\n\n\n<li>Implementaci\u00f3 de punts de compostatge comunitari i monitoritzaci\u00f3 de les emissions gasoses relacionades.<\/li>\n\n\n\n<li>Emissions difuses de gasos d&#8217;efecte hivernacle i compostos org\u00e0nics vol\u00e0tils des dels abocadors. Efici\u00e8ncia de recollida de biog\u00e0s.<\/li>\n\n\n\n<li>Aplicaci\u00f3 de&nbsp;biochar&nbsp;en la digesti\u00f3 anaer\u00f2bia i el compostatge de residus org\u00e0nics per millorar la recuperaci\u00f3 d&#8217;energia i mitigar les emissions de gasos d&#8217;efecte hivernacle.<\/li>\n\n\n\n<li>Caracteritzaci\u00f3 de les emissions gasoses de diversos processos de tractament de residus i aig\u00fces residuals.<\/li>\n<\/ul>\n\n\n\n<p><\/p>\n\n\n\n<div class=\"wp-block-buttons is-layout-flex wp-block-buttons-is-layout-flex\">\n<div class=\"wp-block-button\"><a class=\"wp-block-button__link wp-element-button\" href=\"https:\/\/orcid.org\/0000-0003-0128-6445\" target=\"_blank\" rel=\"noreferrer noopener\">ORCID<\/a><\/div>\n\n\n\n<div class=\"wp-block-button\"><a class=\"wp-block-button__link wp-element-button\" href=\"https:\/\/portalrecerca.uab.cat\/en\/persons\/daniel-gonz%C3%A1lez-al%C3%A9\" target=\"_blank\" rel=\"noreferrer noopener\">Portal de recerca uab<\/a><\/div>\n<\/div>\n","protected":false},"excerpt":{"rendered":"<p>Daniel Gonz\u00e1lez Al\u00e9 \u00e9s Enginyer Qu\u00edmic i Doctor en Ci\u00e8ncia i Tecnologia Ambiental per la\u00a0Universitat Aut\u00f2noma de Barcelona\u00a0des del 2020. La seva tesi doctoral es va centrar en l&#8217;estudi de les emissions gasoses durant el tractament biol\u00f2gic del fang de depuradora, principalment a trav\u00e9s del compostatge i el biodessecament, caracteritzant els compostos org\u00e0nics vol\u00e0tils i [&hellip;]<\/p>\n","protected":false},"author":153,"featured_media":0,"parent":4997,"menu_order":0,"comment_status":"closed","ping_status":"closed","template":"","meta":{"footnotes":""},"class_list":["post-5482","page","type-page","status-publish","hentry"],"yoast_head":"<!-- This site is optimized with the Yoast SEO plugin v26.8 - https:\/\/yoast.com\/product\/yoast-seo-wordpress\/ -->\n<title>Daniel Gonz\u00e1lez - Grup de Recerca en Compostatge<\/title>\n<meta name=\"robots\" content=\"index, follow, max-snippet:-1, max-image-preview:large, max-video-preview:-1\" \/>\n<link rel=\"canonical\" href=\"https:\/\/webs.uab.cat\/gicom\/equip-gicom\/daniel-gonzalez\/\" \/>\n<meta property=\"og:locale\" content=\"ca_ES\" \/>\n<meta property=\"og:type\" content=\"article\" \/>\n<meta property=\"og:title\" content=\"Daniel Gonz\u00e1lez - Grup de Recerca en Compostatge\" \/>\n<meta property=\"og:description\" content=\"Daniel Gonz\u00e1lez Al\u00e9 \u00e9s Enginyer Qu\u00edmic i Doctor en Ci\u00e8ncia i Tecnologia Ambiental per la\u00a0Universitat Aut\u00f2noma de Barcelona\u00a0des del 2020. La seva tesi doctoral es va centrar en l&#8217;estudi de les emissions gasoses durant el tractament biol\u00f2gic del fang de depuradora, principalment a trav\u00e9s del compostatge i el biodessecament, caracteritzant els compostos org\u00e0nics vol\u00e0tils i [&hellip;]\" \/>\n<meta property=\"og:url\" content=\"https:\/\/webs.uab.cat\/gicom\/equip-gicom\/daniel-gonzalez\/\" \/>\n<meta property=\"og:site_name\" content=\"Grup de Recerca en Compostatge\" \/>\n<meta property=\"article:modified_time\" content=\"2023-10-16T14:48:34+00:00\" \/>\n<meta property=\"og:image\" content=\"https:\/\/webs.uab.cat\/gicom\/wp-content\/uploads\/sites\/206\/2023\/10\/Daniel-Gonzalez-150x150.jpg\" \/>\n<meta name=\"twitter:card\" content=\"summary_large_image\" \/>\n<meta name=\"twitter:label1\" content=\"Temps estimat de lectura\" \/>\n\t<meta name=\"twitter:data1\" content=\"1 minut\" \/>\n<script type=\"application\/ld+json\" class=\"yoast-schema-graph\">{\"@context\":\"https:\/\/schema.org\",\"@graph\":[{\"@type\":\"WebPage\",\"@id\":\"https:\/\/webs.uab.cat\/gicom\/equip-gicom\/daniel-gonzalez\/\",\"url\":\"https:\/\/webs.uab.cat\/gicom\/equip-gicom\/daniel-gonzalez\/\",\"name\":\"Daniel Gonz\u00e1lez - Grup de Recerca en Compostatge\",\"isPartOf\":{\"@id\":\"https:\/\/webs.uab.cat\/gicom\/#website\"},\"primaryImageOfPage\":{\"@id\":\"https:\/\/webs.uab.cat\/gicom\/equip-gicom\/daniel-gonzalez\/#primaryimage\"},\"image\":{\"@id\":\"https:\/\/webs.uab.cat\/gicom\/equip-gicom\/daniel-gonzalez\/#primaryimage\"},\"thumbnailUrl\":\"https:\/\/webs.uab.cat\/gicom\/wp-content\/uploads\/sites\/206\/2023\/10\/Daniel-Gonzalez-150x150.jpg\",\"datePublished\":\"2023-10-16T08:41:00+00:00\",\"dateModified\":\"2023-10-16T14:48:34+00:00\",\"breadcrumb\":{\"@id\":\"https:\/\/webs.uab.cat\/gicom\/equip-gicom\/daniel-gonzalez\/#breadcrumb\"},\"inLanguage\":\"ca\",\"potentialAction\":[{\"@type\":\"ReadAction\",\"target\":[\"https:\/\/webs.uab.cat\/gicom\/equip-gicom\/daniel-gonzalez\/\"]}]},{\"@type\":\"ImageObject\",\"inLanguage\":\"ca\",\"@id\":\"https:\/\/webs.uab.cat\/gicom\/equip-gicom\/daniel-gonzalez\/#primaryimage\",\"url\":\"https:\/\/webs.uab.cat\/gicom\/wp-content\/uploads\/sites\/206\/2023\/10\/Daniel-Gonzalez.jpg\",\"contentUrl\":\"https:\/\/webs.uab.cat\/gicom\/wp-content\/uploads\/sites\/206\/2023\/10\/Daniel-Gonzalez.jpg\",\"width\":192,\"height\":230},{\"@type\":\"BreadcrumbList\",\"@id\":\"https:\/\/webs.uab.cat\/gicom\/equip-gicom\/daniel-gonzalez\/#breadcrumb\",\"itemListElement\":[{\"@type\":\"ListItem\",\"position\":1,\"name\":\"Inici\",\"item\":\"https:\/\/webs.uab.cat\/gicom\/\"},{\"@type\":\"ListItem\",\"position\":2,\"name\":\"Equip GICOM\",\"item\":\"https:\/\/webs.uab.cat\/gicom\/equip-gicom\/\"},{\"@type\":\"ListItem\",\"position\":3,\"name\":\"Daniel Gonz\u00e1lez\"}]},{\"@type\":\"WebSite\",\"@id\":\"https:\/\/webs.uab.cat\/gicom\/#website\",\"url\":\"https:\/\/webs.uab.cat\/gicom\/\",\"name\":\"Grup de Recerca en Compostatge\",\"description\":\"Compostatge, bioconversi\u00f3 de residus org\u00e0nics i remediaci\u00f3 ambiental\",\"potentialAction\":[{\"@type\":\"SearchAction\",\"target\":{\"@type\":\"EntryPoint\",\"urlTemplate\":\"https:\/\/webs.uab.cat\/gicom\/?s={search_term_string}\"},\"query-input\":{\"@type\":\"PropertyValueSpecification\",\"valueRequired\":true,\"valueName\":\"search_term_string\"}}],\"inLanguage\":\"ca\"}]}<\/script>\n<!-- \/ Yoast SEO plugin. -->","yoast_head_json":{"title":"Daniel Gonz\u00e1lez - Grup de Recerca en Compostatge","robots":{"index":"index","follow":"follow","max-snippet":"max-snippet:-1","max-image-preview":"max-image-preview:large","max-video-preview":"max-video-preview:-1"},"canonical":"https:\/\/webs.uab.cat\/gicom\/equip-gicom\/daniel-gonzalez\/","og_locale":"ca_ES","og_type":"article","og_title":"Daniel Gonz\u00e1lez - Grup de Recerca en Compostatge","og_description":"Daniel Gonz\u00e1lez Al\u00e9 \u00e9s Enginyer Qu\u00edmic i Doctor en Ci\u00e8ncia i Tecnologia Ambiental per la\u00a0Universitat Aut\u00f2noma de Barcelona\u00a0des del 2020. La seva tesi doctoral es va centrar en l&#8217;estudi de les emissions gasoses durant el tractament biol\u00f2gic del fang de depuradora, principalment a trav\u00e9s del compostatge i el biodessecament, caracteritzant els compostos org\u00e0nics vol\u00e0tils i [&hellip;]","og_url":"https:\/\/webs.uab.cat\/gicom\/equip-gicom\/daniel-gonzalez\/","og_site_name":"Grup de Recerca en Compostatge","article_modified_time":"2023-10-16T14:48:34+00:00","og_image":[{"url":"https:\/\/webs.uab.cat\/gicom\/wp-content\/uploads\/sites\/206\/2023\/10\/Daniel-Gonzalez-150x150.jpg","type":"","width":"","height":""}],"twitter_card":"summary_large_image","twitter_misc":{"Temps estimat de lectura":"1 minut"},"schema":{"@context":"https:\/\/schema.org","@graph":[{"@type":"WebPage","@id":"https:\/\/webs.uab.cat\/gicom\/equip-gicom\/daniel-gonzalez\/","url":"https:\/\/webs.uab.cat\/gicom\/equip-gicom\/daniel-gonzalez\/","name":"Daniel Gonz\u00e1lez - Grup de Recerca en Compostatge","isPartOf":{"@id":"https:\/\/webs.uab.cat\/gicom\/#website"},"primaryImageOfPage":{"@id":"https:\/\/webs.uab.cat\/gicom\/equip-gicom\/daniel-gonzalez\/#primaryimage"},"image":{"@id":"https:\/\/webs.uab.cat\/gicom\/equip-gicom\/daniel-gonzalez\/#primaryimage"},"thumbnailUrl":"https:\/\/webs.uab.cat\/gicom\/wp-content\/uploads\/sites\/206\/2023\/10\/Daniel-Gonzalez-150x150.jpg","datePublished":"2023-10-16T08:41:00+00:00","dateModified":"2023-10-16T14:48:34+00:00","breadcrumb":{"@id":"https:\/\/webs.uab.cat\/gicom\/equip-gicom\/daniel-gonzalez\/#breadcrumb"},"inLanguage":"ca","potentialAction":[{"@type":"ReadAction","target":["https:\/\/webs.uab.cat\/gicom\/equip-gicom\/daniel-gonzalez\/"]}]},{"@type":"ImageObject","inLanguage":"ca","@id":"https:\/\/webs.uab.cat\/gicom\/equip-gicom\/daniel-gonzalez\/#primaryimage","url":"https:\/\/webs.uab.cat\/gicom\/wp-content\/uploads\/sites\/206\/2023\/10\/Daniel-Gonzalez.jpg","contentUrl":"https:\/\/webs.uab.cat\/gicom\/wp-content\/uploads\/sites\/206\/2023\/10\/Daniel-Gonzalez.jpg","width":192,"height":230},{"@type":"BreadcrumbList","@id":"https:\/\/webs.uab.cat\/gicom\/equip-gicom\/daniel-gonzalez\/#breadcrumb","itemListElement":[{"@type":"ListItem","position":1,"name":"Inici","item":"https:\/\/webs.uab.cat\/gicom\/"},{"@type":"ListItem","position":2,"name":"Equip GICOM","item":"https:\/\/webs.uab.cat\/gicom\/equip-gicom\/"},{"@type":"ListItem","position":3,"name":"Daniel Gonz\u00e1lez"}]},{"@type":"WebSite","@id":"https:\/\/webs.uab.cat\/gicom\/#website","url":"https:\/\/webs.uab.cat\/gicom\/","name":"Grup de Recerca en Compostatge","description":"Compostatge, bioconversi\u00f3 de residus org\u00e0nics i remediaci\u00f3 ambiental","potentialAction":[{"@type":"SearchAction","target":{"@type":"EntryPoint","urlTemplate":"https:\/\/webs.uab.cat\/gicom\/?s={search_term_string}"},"query-input":{"@type":"PropertyValueSpecification","valueRequired":true,"valueName":"search_term_string"}}],"inLanguage":"ca"}]}},"_links":{"self":[{"href":"https:\/\/webs.uab.cat\/gicom\/wp-json\/wp\/v2\/pages\/5482","targetHints":{"allow":["GET"]}}],"collection":[{"href":"https:\/\/webs.uab.cat\/gicom\/wp-json\/wp\/v2\/pages"}],"about":[{"href":"https:\/\/webs.uab.cat\/gicom\/wp-json\/wp\/v2\/types\/page"}],"author":[{"embeddable":true,"href":"https:\/\/webs.uab.cat\/gicom\/wp-json\/wp\/v2\/users\/153"}],"replies":[{"embeddable":true,"href":"https:\/\/webs.uab.cat\/gicom\/wp-json\/wp\/v2\/comments?post=5482"}],"version-history":[{"count":3,"href":"https:\/\/webs.uab.cat\/gicom\/wp-json\/wp\/v2\/pages\/5482\/revisions"}],"predecessor-version":[{"id":5590,"href":"https:\/\/webs.uab.cat\/gicom\/wp-json\/wp\/v2\/pages\/5482\/revisions\/5590"}],"up":[{"embeddable":true,"href":"https:\/\/webs.uab.cat\/gicom\/wp-json\/wp\/v2\/pages\/4997"}],"wp:attachment":[{"href":"https:\/\/webs.uab.cat\/gicom\/wp-json\/wp\/v2\/media?parent=5482"}],"curies":[{"name":"wp","href":"https:\/\/api.w.org\/{rel}","templated":true}]}}