{"id":5608,"date":"2023-10-16T17:31:32","date_gmt":"2023-10-16T15:31:32","guid":{"rendered":"https:\/\/webs.uab.cat\/gicom\/?page_id=5608"},"modified":"2025-04-29T14:46:28","modified_gmt":"2025-04-29T12:46:28","slug":"arnau-sala","status":"publish","type":"page","link":"https:\/\/webs.uab.cat\/gicom\/equip-gicom\/arnau-sala\/","title":{"rendered":"Arnau Sala"},"content":{"rendered":"<div class=\"wp-block-image is-style-rounded\">\n<figure class=\"aligncenter size-thumbnail\"><img loading=\"lazy\" decoding=\"async\" width=\"150\" height=\"150\" src=\"https:\/\/webs.uab.cat\/gicom\/wp-content\/uploads\/sites\/206\/2023\/10\/Arnau-Sala-150x150.jpg\" alt=\"\" class=\"wp-image-5612\" srcset=\"https:\/\/webs.uab.cat\/gicom\/wp-content\/uploads\/sites\/206\/2023\/10\/Arnau-Sala-150x150.jpg 150w, https:\/\/webs.uab.cat\/gicom\/wp-content\/uploads\/sites\/206\/2023\/10\/Arnau-Sala-300x300.jpg 300w, https:\/\/webs.uab.cat\/gicom\/wp-content\/uploads\/sites\/206\/2023\/10\/Arnau-Sala-1024x1024.jpg 1024w, https:\/\/webs.uab.cat\/gicom\/wp-content\/uploads\/sites\/206\/2023\/10\/Arnau-Sala-768x768.jpg 768w, https:\/\/webs.uab.cat\/gicom\/wp-content\/uploads\/sites\/206\/2023\/10\/Arnau-Sala-1536x1536.jpg 1536w, https:\/\/webs.uab.cat\/gicom\/wp-content\/uploads\/sites\/206\/2023\/10\/Arnau-Sala-2048x2048.jpg 2048w, https:\/\/webs.uab.cat\/gicom\/wp-content\/uploads\/sites\/206\/2023\/10\/Arnau-Sala-1200x1199.jpg 1200w, https:\/\/webs.uab.cat\/gicom\/wp-content\/uploads\/sites\/206\/2023\/10\/Arnau-Sala-1980x1979.jpg 1980w\" sizes=\"auto, (max-width: 150px) 100vw, 150px\" \/><\/figure>\n<\/div>\n\n\n<hr class=\"wp-block-separator has-alpha-channel-opacity\" \/>\n\n\n\n<p>Arnau Sala \u00e9s biotecn\u00f2leg i Doctor en Enginyeria Qu\u00edmica, Biol\u00f2gica i Ambiental per la Universitat Aut\u00f2noma de Barcelona des de l\u2019any 2022. La seva tesi es va centrar en la optimitzaci\u00f3 i escalat de la producci\u00f3 de biopesticides d\u2019origen f\u00fangic per fermentaci\u00f3 en estat s\u00f2lid (FES) de residus alimentaris, definint els par\u00e0metres clau del proc\u00e9s, desenvolupant estrat\u00e8gies de producci\u00f3 fins a una escala de 22L i demostrant l\u2019efectivitat del producte biopesticide obtingut. Actualment, est\u00e0 realitzant el seu segon postdoctorat amb una beca Juan de la Cierva al Centre de Recerca Ecol\u00f2gica i Forestal (CREAF) i est\u00e0 vinculat al grup GICOM, al DEQBA i a la UAB com a Investigador Vinculat i Col\u00b7laborador Docent.<\/p>\n\n\n\n<p>La seva investigaci\u00f3 es centra en l\u2019\u00fas de fongs per a l\u2019obtenci\u00f3 de bioproductes per FES, la optimitzaci\u00f3 i escalat d\u2019aquests processos, l\u2019efecte dels par\u00e0metres de producci\u00f3 en la quantitat i la qualitat del producte obtingut, l\u2019aplicaci\u00f3 d\u2019aquests productes dins d\u2019un context d\u2019agricultura regenerativa i en l\u2019avaluaci\u00f3 de les seves propietats ecot\u00f2xiques. Dins de l\u2019escalat de processos de FES, es centra en l\u2019\u00fas de soques termotolerants com a soluci\u00f3 als problemes de generaci\u00f3 de calor inherents de la FES. Ha participat en diversos projectes del GICOM, incloent el BIOPRO (tesi doctoral) i el FERTILAB (primer postdoctorat).<\/p>\n\n\n\n<p>A m\u00e9s del GICOM i del CREAF, ha desenvolupat part de la seva recerca (incloent estades doctorals i postdoctorals) al grup de patologia d\u2019insectes i control biol\u00f2gic (IPBC), Section for Organismal Biology (SOBI) de la Universitat de Copenhagen, amb l\u2019objectiu principal d\u2019ampliar el coneixement microbiol\u00f2gic de fongs amb activitat biopesticida per a utilitzar-lo en la producci\u00f3 de biopesticides per FES, i tamb\u00e9 per aprendre sobre l\u2019aplicaci\u00f3 del producte biopesticida en insectes plaga. Pr\u00e8viament al seu primer postdoctorat, va treballar al centre de recerca Eurecat a la unitat de waste, energy and environmental impact (WEEI) dins la l\u00ednia de residus, on va participar en nombrosos projectes enfocats al tractament i valoritzaci\u00f3 de diferents residus tals com compostatge, residus lignocel\u00b7lul\u00f2sics, PLA i cel\u00b7lulosa, destacant la participaci\u00f3 dins del projecte europeu Herewear (H2020), entre d\u2019altres.<\/p>\n\n\n\n<div class=\"wp-block-buttons is-layout-flex wp-block-buttons-is-layout-flex\">\n<div class=\"wp-block-button\"><a class=\"wp-block-button__link wp-element-button\" href=\"https:\/\/orcid.org\/0000-0001-7010-6984\" target=\"_blank\" rel=\"noreferrer noopener\">ORCID<\/a><\/div>\n<\/div>\n","protected":false},"excerpt":{"rendered":"<p>Arnau Sala \u00e9s biotecn\u00f2leg i Doctor en Enginyeria Qu\u00edmica, Biol\u00f2gica i Ambiental per la Universitat Aut\u00f2noma de Barcelona des de l\u2019any 2022. La seva tesi es va centrar en la optimitzaci\u00f3 i escalat de la producci\u00f3 de biopesticides d\u2019origen f\u00fangic per fermentaci\u00f3 en estat s\u00f2lid (FES) de residus alimentaris, definint els par\u00e0metres clau del proc\u00e9s, [&hellip;]<\/p>\n","protected":false},"author":153,"featured_media":0,"parent":4997,"menu_order":0,"comment_status":"closed","ping_status":"closed","template":"","meta":{"footnotes":""},"class_list":["post-5608","page","type-page","status-publish","hentry"],"yoast_head":"<!-- This site is optimized with the Yoast SEO plugin v26.8 - https:\/\/yoast.com\/product\/yoast-seo-wordpress\/ -->\n<title>Arnau Sala - Grup de Recerca en Compostatge<\/title>\n<meta name=\"robots\" content=\"index, follow, max-snippet:-1, max-image-preview:large, max-video-preview:-1\" \/>\n<link rel=\"canonical\" href=\"https:\/\/webs.uab.cat\/gicom\/equip-gicom\/arnau-sala\/\" \/>\n<meta property=\"og:locale\" content=\"ca_ES\" \/>\n<meta property=\"og:type\" content=\"article\" \/>\n<meta property=\"og:title\" content=\"Arnau Sala - Grup de Recerca en Compostatge\" \/>\n<meta property=\"og:description\" content=\"Arnau Sala \u00e9s biotecn\u00f2leg i Doctor en Enginyeria Qu\u00edmica, Biol\u00f2gica i Ambiental per la Universitat Aut\u00f2noma de Barcelona des de l\u2019any 2022. La seva tesi es va centrar en la optimitzaci\u00f3 i escalat de la producci\u00f3 de biopesticides d\u2019origen f\u00fangic per fermentaci\u00f3 en estat s\u00f2lid (FES) de residus alimentaris, definint els par\u00e0metres clau del proc\u00e9s, [&hellip;]\" \/>\n<meta property=\"og:url\" content=\"https:\/\/webs.uab.cat\/gicom\/equip-gicom\/arnau-sala\/\" \/>\n<meta property=\"og:site_name\" content=\"Grup de Recerca en Compostatge\" \/>\n<meta property=\"article:modified_time\" content=\"2025-04-29T12:46:28+00:00\" \/>\n<meta property=\"og:image\" content=\"https:\/\/webs.uab.cat\/gicom\/wp-content\/uploads\/sites\/206\/2023\/10\/Arnau-Sala.jpg\" \/>\n\t<meta property=\"og:image:width\" content=\"2171\" \/>\n\t<meta property=\"og:image:height\" content=\"2170\" \/>\n\t<meta property=\"og:image:type\" content=\"image\/jpeg\" \/>\n<meta name=\"twitter:card\" content=\"summary_large_image\" \/>\n<meta name=\"twitter:label1\" content=\"Temps estimat de lectura\" \/>\n\t<meta name=\"twitter:data1\" content=\"3 minuts\" \/>\n<script type=\"application\/ld+json\" class=\"yoast-schema-graph\">{\"@context\":\"https:\/\/schema.org\",\"@graph\":[{\"@type\":\"WebPage\",\"@id\":\"https:\/\/webs.uab.cat\/gicom\/equip-gicom\/arnau-sala\/\",\"url\":\"https:\/\/webs.uab.cat\/gicom\/equip-gicom\/arnau-sala\/\",\"name\":\"Arnau Sala - Grup de Recerca en Compostatge\",\"isPartOf\":{\"@id\":\"https:\/\/webs.uab.cat\/gicom\/#website\"},\"primaryImageOfPage\":{\"@id\":\"https:\/\/webs.uab.cat\/gicom\/equip-gicom\/arnau-sala\/#primaryimage\"},\"image\":{\"@id\":\"https:\/\/webs.uab.cat\/gicom\/equip-gicom\/arnau-sala\/#primaryimage\"},\"thumbnailUrl\":\"https:\/\/webs.uab.cat\/gicom\/wp-content\/uploads\/sites\/206\/2023\/10\/Arnau-Sala-150x150.jpg\",\"datePublished\":\"2023-10-16T15:31:32+00:00\",\"dateModified\":\"2025-04-29T12:46:28+00:00\",\"breadcrumb\":{\"@id\":\"https:\/\/webs.uab.cat\/gicom\/equip-gicom\/arnau-sala\/#breadcrumb\"},\"inLanguage\":\"ca\",\"potentialAction\":[{\"@type\":\"ReadAction\",\"target\":[\"https:\/\/webs.uab.cat\/gicom\/equip-gicom\/arnau-sala\/\"]}]},{\"@type\":\"ImageObject\",\"inLanguage\":\"ca\",\"@id\":\"https:\/\/webs.uab.cat\/gicom\/equip-gicom\/arnau-sala\/#primaryimage\",\"url\":\"https:\/\/webs.uab.cat\/gicom\/wp-content\/uploads\/sites\/206\/2023\/10\/Arnau-Sala.jpg\",\"contentUrl\":\"https:\/\/webs.uab.cat\/gicom\/wp-content\/uploads\/sites\/206\/2023\/10\/Arnau-Sala.jpg\",\"width\":2171,\"height\":2170},{\"@type\":\"BreadcrumbList\",\"@id\":\"https:\/\/webs.uab.cat\/gicom\/equip-gicom\/arnau-sala\/#breadcrumb\",\"itemListElement\":[{\"@type\":\"ListItem\",\"position\":1,\"name\":\"Inici\",\"item\":\"https:\/\/webs.uab.cat\/gicom\/\"},{\"@type\":\"ListItem\",\"position\":2,\"name\":\"Equip GICOM\",\"item\":\"https:\/\/webs.uab.cat\/gicom\/equip-gicom\/\"},{\"@type\":\"ListItem\",\"position\":3,\"name\":\"Arnau Sala\"}]},{\"@type\":\"WebSite\",\"@id\":\"https:\/\/webs.uab.cat\/gicom\/#website\",\"url\":\"https:\/\/webs.uab.cat\/gicom\/\",\"name\":\"Grup de Recerca en Compostatge\",\"description\":\"Compostatge, bioconversi\u00f3 de residus org\u00e0nics i remediaci\u00f3 ambiental\",\"potentialAction\":[{\"@type\":\"SearchAction\",\"target\":{\"@type\":\"EntryPoint\",\"urlTemplate\":\"https:\/\/webs.uab.cat\/gicom\/?s={search_term_string}\"},\"query-input\":{\"@type\":\"PropertyValueSpecification\",\"valueRequired\":true,\"valueName\":\"search_term_string\"}}],\"inLanguage\":\"ca\"}]}<\/script>\n<!-- \/ Yoast SEO plugin. -->","yoast_head_json":{"title":"Arnau Sala - Grup de Recerca en Compostatge","robots":{"index":"index","follow":"follow","max-snippet":"max-snippet:-1","max-image-preview":"max-image-preview:large","max-video-preview":"max-video-preview:-1"},"canonical":"https:\/\/webs.uab.cat\/gicom\/equip-gicom\/arnau-sala\/","og_locale":"ca_ES","og_type":"article","og_title":"Arnau Sala - Grup de Recerca en Compostatge","og_description":"Arnau Sala \u00e9s biotecn\u00f2leg i Doctor en Enginyeria Qu\u00edmica, Biol\u00f2gica i Ambiental per la Universitat Aut\u00f2noma de Barcelona des de l\u2019any 2022. La seva tesi es va centrar en la optimitzaci\u00f3 i escalat de la producci\u00f3 de biopesticides d\u2019origen f\u00fangic per fermentaci\u00f3 en estat s\u00f2lid (FES) de residus alimentaris, definint els par\u00e0metres clau del proc\u00e9s, [&hellip;]","og_url":"https:\/\/webs.uab.cat\/gicom\/equip-gicom\/arnau-sala\/","og_site_name":"Grup de Recerca en Compostatge","article_modified_time":"2025-04-29T12:46:28+00:00","og_image":[{"width":2171,"height":2170,"url":"https:\/\/webs.uab.cat\/gicom\/wp-content\/uploads\/sites\/206\/2023\/10\/Arnau-Sala.jpg","type":"image\/jpeg"}],"twitter_card":"summary_large_image","twitter_misc":{"Temps estimat de lectura":"3 minuts"},"schema":{"@context":"https:\/\/schema.org","@graph":[{"@type":"WebPage","@id":"https:\/\/webs.uab.cat\/gicom\/equip-gicom\/arnau-sala\/","url":"https:\/\/webs.uab.cat\/gicom\/equip-gicom\/arnau-sala\/","name":"Arnau Sala - Grup de Recerca en Compostatge","isPartOf":{"@id":"https:\/\/webs.uab.cat\/gicom\/#website"},"primaryImageOfPage":{"@id":"https:\/\/webs.uab.cat\/gicom\/equip-gicom\/arnau-sala\/#primaryimage"},"image":{"@id":"https:\/\/webs.uab.cat\/gicom\/equip-gicom\/arnau-sala\/#primaryimage"},"thumbnailUrl":"https:\/\/webs.uab.cat\/gicom\/wp-content\/uploads\/sites\/206\/2023\/10\/Arnau-Sala-150x150.jpg","datePublished":"2023-10-16T15:31:32+00:00","dateModified":"2025-04-29T12:46:28+00:00","breadcrumb":{"@id":"https:\/\/webs.uab.cat\/gicom\/equip-gicom\/arnau-sala\/#breadcrumb"},"inLanguage":"ca","potentialAction":[{"@type":"ReadAction","target":["https:\/\/webs.uab.cat\/gicom\/equip-gicom\/arnau-sala\/"]}]},{"@type":"ImageObject","inLanguage":"ca","@id":"https:\/\/webs.uab.cat\/gicom\/equip-gicom\/arnau-sala\/#primaryimage","url":"https:\/\/webs.uab.cat\/gicom\/wp-content\/uploads\/sites\/206\/2023\/10\/Arnau-Sala.jpg","contentUrl":"https:\/\/webs.uab.cat\/gicom\/wp-content\/uploads\/sites\/206\/2023\/10\/Arnau-Sala.jpg","width":2171,"height":2170},{"@type":"BreadcrumbList","@id":"https:\/\/webs.uab.cat\/gicom\/equip-gicom\/arnau-sala\/#breadcrumb","itemListElement":[{"@type":"ListItem","position":1,"name":"Inici","item":"https:\/\/webs.uab.cat\/gicom\/"},{"@type":"ListItem","position":2,"name":"Equip GICOM","item":"https:\/\/webs.uab.cat\/gicom\/equip-gicom\/"},{"@type":"ListItem","position":3,"name":"Arnau Sala"}]},{"@type":"WebSite","@id":"https:\/\/webs.uab.cat\/gicom\/#website","url":"https:\/\/webs.uab.cat\/gicom\/","name":"Grup de Recerca en Compostatge","description":"Compostatge, bioconversi\u00f3 de residus org\u00e0nics i remediaci\u00f3 ambiental","potentialAction":[{"@type":"SearchAction","target":{"@type":"EntryPoint","urlTemplate":"https:\/\/webs.uab.cat\/gicom\/?s={search_term_string}"},"query-input":{"@type":"PropertyValueSpecification","valueRequired":true,"valueName":"search_term_string"}}],"inLanguage":"ca"}]}},"_links":{"self":[{"href":"https:\/\/webs.uab.cat\/gicom\/wp-json\/wp\/v2\/pages\/5608","targetHints":{"allow":["GET"]}}],"collection":[{"href":"https:\/\/webs.uab.cat\/gicom\/wp-json\/wp\/v2\/pages"}],"about":[{"href":"https:\/\/webs.uab.cat\/gicom\/wp-json\/wp\/v2\/types\/page"}],"author":[{"embeddable":true,"href":"https:\/\/webs.uab.cat\/gicom\/wp-json\/wp\/v2\/users\/153"}],"replies":[{"embeddable":true,"href":"https:\/\/webs.uab.cat\/gicom\/wp-json\/wp\/v2\/comments?post=5608"}],"version-history":[{"count":3,"href":"https:\/\/webs.uab.cat\/gicom\/wp-json\/wp\/v2\/pages\/5608\/revisions"}],"predecessor-version":[{"id":6081,"href":"https:\/\/webs.uab.cat\/gicom\/wp-json\/wp\/v2\/pages\/5608\/revisions\/6081"}],"up":[{"embeddable":true,"href":"https:\/\/webs.uab.cat\/gicom\/wp-json\/wp\/v2\/pages\/4997"}],"wp:attachment":[{"href":"https:\/\/webs.uab.cat\/gicom\/wp-json\/wp\/v2\/media?parent=5608"}],"curies":[{"name":"wp","href":"https:\/\/api.w.org\/{rel}","templated":true}]}}