{"id":5637,"date":"2023-10-27T09:05:23","date_gmt":"2023-10-27T07:05:23","guid":{"rendered":"https:\/\/webs.uab.cat\/gicom\/?page_id=5637"},"modified":"2023-10-27T09:11:44","modified_gmt":"2023-10-27T07:11:44","slug":"laila-sabry","status":"publish","type":"page","link":"https:\/\/webs.uab.cat\/gicom\/equip-gicom\/laila-sabry\/","title":{"rendered":"Laila Sabry"},"content":{"rendered":"<div class=\"wp-block-image is-style-rounded\">\n<figure class=\"aligncenter size-thumbnail\"><img loading=\"lazy\" decoding=\"async\" width=\"150\" height=\"150\" src=\"https:\/\/webs.uab.cat\/gicom\/wp-content\/uploads\/sites\/206\/2023\/10\/Laila-Sabry-150x150.jpg\" alt=\"\" class=\"wp-image-5638\" \/><\/figure>\n<\/div>\n\n\n<hr class=\"wp-block-separator has-alpha-channel-opacity\" \/>\n\n\n\n<p>Professora al Departament de Qu\u00edmica, Facultat de Ci\u00e8ncies, de la Universitat d&#8217;Assiut, Assiut, Egipte. Vaig obtenir el meu t\u00edtol de llicenciada en Qu\u00edmica a la Facultat de Ci\u00e8ncies de la Universitat d&#8217;Assiut. Vaig obtenir el t\u00edtol de M\u00e0ster en Qu\u00edmica Org\u00e0nica l&#8217;any 2021, tamb\u00e9 a la Facultat de Ci\u00e8ncies de la Universitat d&#8217;Assiut. La meva tesi de M\u00e0ster es va centrar en la s\u00edntesi i caracteritzaci\u00f3 de compostos org\u00e0nics heteroc\u00edclics i les seves possibles aplicacions com a agents antimicrobians i per a l&#8217;eliminaci\u00f3 de contaminants de solucions aquoses.<\/p>\n\n\n\n<p>Actualment, m&#8217;he unit al grup GICOM com a doctorand en el Programa de Ci\u00e8ncia i Tecnologia Ambiental al Departament d&#8217;Enginyeria Qu\u00edmica, Biol\u00f2gica i Ambiental de la Universitat Aut\u00f2noma de Barcelona. Els meus supervisors per al doctorat s\u00f3n la Dra. Adriana Artola i el Dr. Antonio Javier Moral.<\/p>\n","protected":false},"excerpt":{"rendered":"<p>Professora al Departament de Qu\u00edmica, Facultat de Ci\u00e8ncies, de la Universitat d&#8217;Assiut, Assiut, Egipte. Vaig obtenir el meu t\u00edtol de llicenciada en Qu\u00edmica a la Facultat de Ci\u00e8ncies de la Universitat d&#8217;Assiut. Vaig obtenir el t\u00edtol de M\u00e0ster en Qu\u00edmica Org\u00e0nica l&#8217;any 2021, tamb\u00e9 a la Facultat de Ci\u00e8ncies de la Universitat d&#8217;Assiut. La meva [&hellip;]<\/p>\n","protected":false},"author":153,"featured_media":0,"parent":4997,"menu_order":0,"comment_status":"closed","ping_status":"closed","template":"","meta":{"footnotes":""},"class_list":["post-5637","page","type-page","status-publish","hentry"],"yoast_head":"<!-- This site is optimized with the Yoast SEO plugin v26.8 - https:\/\/yoast.com\/product\/yoast-seo-wordpress\/ -->\n<title>Laila Sabry - Grup de Recerca en Compostatge<\/title>\n<meta name=\"robots\" content=\"index, follow, max-snippet:-1, max-image-preview:large, max-video-preview:-1\" \/>\n<link rel=\"canonical\" href=\"https:\/\/webs.uab.cat\/gicom\/equip-gicom\/laila-sabry\/\" \/>\n<meta property=\"og:locale\" content=\"ca_ES\" \/>\n<meta property=\"og:type\" content=\"article\" \/>\n<meta property=\"og:title\" content=\"Laila Sabry - Grup de Recerca en Compostatge\" \/>\n<meta property=\"og:description\" content=\"Professora al Departament de Qu\u00edmica, Facultat de Ci\u00e8ncies, de la Universitat d&#8217;Assiut, Assiut, Egipte. Vaig obtenir el meu t\u00edtol de llicenciada en Qu\u00edmica a la Facultat de Ci\u00e8ncies de la Universitat d&#8217;Assiut. Vaig obtenir el t\u00edtol de M\u00e0ster en Qu\u00edmica Org\u00e0nica l&#8217;any 2021, tamb\u00e9 a la Facultat de Ci\u00e8ncies de la Universitat d&#8217;Assiut. La meva [&hellip;]\" \/>\n<meta property=\"og:url\" content=\"https:\/\/webs.uab.cat\/gicom\/equip-gicom\/laila-sabry\/\" \/>\n<meta property=\"og:site_name\" content=\"Grup de Recerca en Compostatge\" \/>\n<meta property=\"article:modified_time\" content=\"2023-10-27T07:11:44+00:00\" \/>\n<meta property=\"og:image\" content=\"https:\/\/webs.uab.cat\/gicom\/wp-content\/uploads\/sites\/206\/2023\/10\/Laila-Sabry-150x150.jpg\" \/>\n<meta name=\"twitter:card\" content=\"summary_large_image\" \/>\n<meta name=\"twitter:label1\" content=\"Temps estimat de lectura\" \/>\n\t<meta name=\"twitter:data1\" content=\"1 minut\" \/>\n<script type=\"application\/ld+json\" class=\"yoast-schema-graph\">{\"@context\":\"https:\/\/schema.org\",\"@graph\":[{\"@type\":\"WebPage\",\"@id\":\"https:\/\/webs.uab.cat\/gicom\/equip-gicom\/laila-sabry\/\",\"url\":\"https:\/\/webs.uab.cat\/gicom\/equip-gicom\/laila-sabry\/\",\"name\":\"Laila Sabry - Grup de Recerca en Compostatge\",\"isPartOf\":{\"@id\":\"https:\/\/webs.uab.cat\/gicom\/#website\"},\"primaryImageOfPage\":{\"@id\":\"https:\/\/webs.uab.cat\/gicom\/equip-gicom\/laila-sabry\/#primaryimage\"},\"image\":{\"@id\":\"https:\/\/webs.uab.cat\/gicom\/equip-gicom\/laila-sabry\/#primaryimage\"},\"thumbnailUrl\":\"https:\/\/webs.uab.cat\/gicom\/wp-content\/uploads\/sites\/206\/2023\/10\/Laila-Sabry-150x150.jpg\",\"datePublished\":\"2023-10-27T07:05:23+00:00\",\"dateModified\":\"2023-10-27T07:11:44+00:00\",\"breadcrumb\":{\"@id\":\"https:\/\/webs.uab.cat\/gicom\/equip-gicom\/laila-sabry\/#breadcrumb\"},\"inLanguage\":\"ca\",\"potentialAction\":[{\"@type\":\"ReadAction\",\"target\":[\"https:\/\/webs.uab.cat\/gicom\/equip-gicom\/laila-sabry\/\"]}]},{\"@type\":\"ImageObject\",\"inLanguage\":\"ca\",\"@id\":\"https:\/\/webs.uab.cat\/gicom\/equip-gicom\/laila-sabry\/#primaryimage\",\"url\":\"https:\/\/webs.uab.cat\/gicom\/wp-content\/uploads\/sites\/206\/2023\/10\/Laila-Sabry.jpg\",\"contentUrl\":\"https:\/\/webs.uab.cat\/gicom\/wp-content\/uploads\/sites\/206\/2023\/10\/Laila-Sabry.jpg\",\"width\":1038,\"height\":1281},{\"@type\":\"BreadcrumbList\",\"@id\":\"https:\/\/webs.uab.cat\/gicom\/equip-gicom\/laila-sabry\/#breadcrumb\",\"itemListElement\":[{\"@type\":\"ListItem\",\"position\":1,\"name\":\"Inici\",\"item\":\"https:\/\/webs.uab.cat\/gicom\/\"},{\"@type\":\"ListItem\",\"position\":2,\"name\":\"Equip GICOM\",\"item\":\"https:\/\/webs.uab.cat\/gicom\/equip-gicom\/\"},{\"@type\":\"ListItem\",\"position\":3,\"name\":\"Laila Sabry\"}]},{\"@type\":\"WebSite\",\"@id\":\"https:\/\/webs.uab.cat\/gicom\/#website\",\"url\":\"https:\/\/webs.uab.cat\/gicom\/\",\"name\":\"Grup de Recerca en Compostatge\",\"description\":\"Compostatge, bioconversi\u00f3 de residus org\u00e0nics i remediaci\u00f3 ambiental\",\"potentialAction\":[{\"@type\":\"SearchAction\",\"target\":{\"@type\":\"EntryPoint\",\"urlTemplate\":\"https:\/\/webs.uab.cat\/gicom\/?s={search_term_string}\"},\"query-input\":{\"@type\":\"PropertyValueSpecification\",\"valueRequired\":true,\"valueName\":\"search_term_string\"}}],\"inLanguage\":\"ca\"}]}<\/script>\n<!-- \/ Yoast SEO plugin. -->","yoast_head_json":{"title":"Laila Sabry - Grup de Recerca en Compostatge","robots":{"index":"index","follow":"follow","max-snippet":"max-snippet:-1","max-image-preview":"max-image-preview:large","max-video-preview":"max-video-preview:-1"},"canonical":"https:\/\/webs.uab.cat\/gicom\/equip-gicom\/laila-sabry\/","og_locale":"ca_ES","og_type":"article","og_title":"Laila Sabry - Grup de Recerca en Compostatge","og_description":"Professora al Departament de Qu\u00edmica, Facultat de Ci\u00e8ncies, de la Universitat d&#8217;Assiut, Assiut, Egipte. Vaig obtenir el meu t\u00edtol de llicenciada en Qu\u00edmica a la Facultat de Ci\u00e8ncies de la Universitat d&#8217;Assiut. Vaig obtenir el t\u00edtol de M\u00e0ster en Qu\u00edmica Org\u00e0nica l&#8217;any 2021, tamb\u00e9 a la Facultat de Ci\u00e8ncies de la Universitat d&#8217;Assiut. La meva [&hellip;]","og_url":"https:\/\/webs.uab.cat\/gicom\/equip-gicom\/laila-sabry\/","og_site_name":"Grup de Recerca en Compostatge","article_modified_time":"2023-10-27T07:11:44+00:00","og_image":[{"url":"https:\/\/webs.uab.cat\/gicom\/wp-content\/uploads\/sites\/206\/2023\/10\/Laila-Sabry-150x150.jpg","type":"","width":"","height":""}],"twitter_card":"summary_large_image","twitter_misc":{"Temps estimat de lectura":"1 minut"},"schema":{"@context":"https:\/\/schema.org","@graph":[{"@type":"WebPage","@id":"https:\/\/webs.uab.cat\/gicom\/equip-gicom\/laila-sabry\/","url":"https:\/\/webs.uab.cat\/gicom\/equip-gicom\/laila-sabry\/","name":"Laila Sabry - Grup de Recerca en Compostatge","isPartOf":{"@id":"https:\/\/webs.uab.cat\/gicom\/#website"},"primaryImageOfPage":{"@id":"https:\/\/webs.uab.cat\/gicom\/equip-gicom\/laila-sabry\/#primaryimage"},"image":{"@id":"https:\/\/webs.uab.cat\/gicom\/equip-gicom\/laila-sabry\/#primaryimage"},"thumbnailUrl":"https:\/\/webs.uab.cat\/gicom\/wp-content\/uploads\/sites\/206\/2023\/10\/Laila-Sabry-150x150.jpg","datePublished":"2023-10-27T07:05:23+00:00","dateModified":"2023-10-27T07:11:44+00:00","breadcrumb":{"@id":"https:\/\/webs.uab.cat\/gicom\/equip-gicom\/laila-sabry\/#breadcrumb"},"inLanguage":"ca","potentialAction":[{"@type":"ReadAction","target":["https:\/\/webs.uab.cat\/gicom\/equip-gicom\/laila-sabry\/"]}]},{"@type":"ImageObject","inLanguage":"ca","@id":"https:\/\/webs.uab.cat\/gicom\/equip-gicom\/laila-sabry\/#primaryimage","url":"https:\/\/webs.uab.cat\/gicom\/wp-content\/uploads\/sites\/206\/2023\/10\/Laila-Sabry.jpg","contentUrl":"https:\/\/webs.uab.cat\/gicom\/wp-content\/uploads\/sites\/206\/2023\/10\/Laila-Sabry.jpg","width":1038,"height":1281},{"@type":"BreadcrumbList","@id":"https:\/\/webs.uab.cat\/gicom\/equip-gicom\/laila-sabry\/#breadcrumb","itemListElement":[{"@type":"ListItem","position":1,"name":"Inici","item":"https:\/\/webs.uab.cat\/gicom\/"},{"@type":"ListItem","position":2,"name":"Equip GICOM","item":"https:\/\/webs.uab.cat\/gicom\/equip-gicom\/"},{"@type":"ListItem","position":3,"name":"Laila Sabry"}]},{"@type":"WebSite","@id":"https:\/\/webs.uab.cat\/gicom\/#website","url":"https:\/\/webs.uab.cat\/gicom\/","name":"Grup de Recerca en Compostatge","description":"Compostatge, bioconversi\u00f3 de residus org\u00e0nics i remediaci\u00f3 ambiental","potentialAction":[{"@type":"SearchAction","target":{"@type":"EntryPoint","urlTemplate":"https:\/\/webs.uab.cat\/gicom\/?s={search_term_string}"},"query-input":{"@type":"PropertyValueSpecification","valueRequired":true,"valueName":"search_term_string"}}],"inLanguage":"ca"}]}},"_links":{"self":[{"href":"https:\/\/webs.uab.cat\/gicom\/wp-json\/wp\/v2\/pages\/5637","targetHints":{"allow":["GET"]}}],"collection":[{"href":"https:\/\/webs.uab.cat\/gicom\/wp-json\/wp\/v2\/pages"}],"about":[{"href":"https:\/\/webs.uab.cat\/gicom\/wp-json\/wp\/v2\/types\/page"}],"author":[{"embeddable":true,"href":"https:\/\/webs.uab.cat\/gicom\/wp-json\/wp\/v2\/users\/153"}],"replies":[{"embeddable":true,"href":"https:\/\/webs.uab.cat\/gicom\/wp-json\/wp\/v2\/comments?post=5637"}],"version-history":[{"count":1,"href":"https:\/\/webs.uab.cat\/gicom\/wp-json\/wp\/v2\/pages\/5637\/revisions"}],"predecessor-version":[{"id":5641,"href":"https:\/\/webs.uab.cat\/gicom\/wp-json\/wp\/v2\/pages\/5637\/revisions\/5641"}],"up":[{"embeddable":true,"href":"https:\/\/webs.uab.cat\/gicom\/wp-json\/wp\/v2\/pages\/4997"}],"wp:attachment":[{"href":"https:\/\/webs.uab.cat\/gicom\/wp-json\/wp\/v2\/media?parent=5637"}],"curies":[{"name":"wp","href":"https:\/\/api.w.org\/{rel}","templated":true}]}}