{"id":5649,"date":"2023-10-30T10:45:26","date_gmt":"2023-10-30T08:45:26","guid":{"rendered":"https:\/\/webs.uab.cat\/gicom\/?page_id=5649"},"modified":"2023-10-30T10:46:00","modified_gmt":"2023-10-30T08:46:00","slug":"michel-barba","status":"publish","type":"page","link":"https:\/\/webs.uab.cat\/gicom\/equip-gicom\/michel-barba\/","title":{"rendered":"Michel Barba"},"content":{"rendered":"<div class=\"wp-block-image is-style-rounded\">\n<figure class=\"aligncenter size-thumbnail\"><img loading=\"lazy\" decoding=\"async\" width=\"150\" height=\"150\" src=\"https:\/\/webs.uab.cat\/gicom\/wp-content\/uploads\/sites\/206\/2023\/10\/Michel-Barba-150x150.jpg\" alt=\"\" class=\"wp-image-5650\" \/><\/figure>\n<\/div>\n\n\n<hr class=\"wp-block-separator has-alpha-channel-opacity\" \/>\n\n\n\n<p>Jonathan Michel Barba God\u00ednez \u00e9s originari de M\u00e8xic, va estudiar una llicenciatura en Qu\u00edmic Farmac\u00e8utic Bi\u00f2leg per part de la Universitat de Guadalajara, especialitzant-se en alliberament controlat i intel\u00b7ligent de compostos bioactius i bacteris probi\u00f2tics. Despr\u00e9s va estudiar un m\u00e0ster en Productes Forestals amb menci\u00f3 en biomaterials sostenibles a la Universitat de Guadalajara en conjunt amb el Centre d&#8217;Investigaci\u00f3 en Assist\u00e8ncia en Tecnologia i Disseny de l&#8217;Estat de Jalisco (CIATEJ A.C), centre del CONAHCYT, per als seus estudis de m\u00e0ster va obtenir una beca per part del Consell Nacional de Humanitats, Ci\u00e8ncia i Tecnologia (CONAHCYT), el seu tema de tesi va ser el desenvolupament d&#8217;andanes basats en cel\u00b7lulosa bacteriana amb utilitat en la regeneraci\u00f3 de teixit \u00f2s. Durant els seus estudis de postgrau va realitzar una estada de recerca a l&#8217;Institut de Cardiologia de la Universitat d&#8217;Ottawa a Canad\u00e0 i va realitzar una altra estada de recerca a la Universitat d&#8217;Auburn a Alabama, EUA. Actualment, s&#8217;ha unit al grup GICOM, com a estudiant de doctorat en el programa de ci\u00e8ncia i tecnologia ambiental de la Universitat Aut\u00f2noma de Barcelona. La seva recerca est\u00e0 enfocada a l&#8217;an\u00e0lisi de fi de vida i degradaci\u00f3 de bateries electroqu\u00edmiques degradables. \u00c9s supervisat per la Dra. Raquel Barrena i la Dra. Teresa Gea.<\/p>\n","protected":false},"excerpt":{"rendered":"<p>Jonathan Michel Barba God\u00ednez \u00e9s originari de M\u00e8xic, va estudiar una llicenciatura en Qu\u00edmic Farmac\u00e8utic Bi\u00f2leg per part de la Universitat de Guadalajara, especialitzant-se en alliberament controlat i intel\u00b7ligent de compostos bioactius i bacteris probi\u00f2tics. Despr\u00e9s va estudiar un m\u00e0ster en Productes Forestals amb menci\u00f3 en biomaterials sostenibles a la Universitat de Guadalajara en conjunt [&hellip;]<\/p>\n","protected":false},"author":153,"featured_media":0,"parent":4997,"menu_order":0,"comment_status":"closed","ping_status":"closed","template":"","meta":{"footnotes":""},"class_list":["post-5649","page","type-page","status-publish","hentry"],"yoast_head":"<!-- This site is optimized with the Yoast SEO plugin v26.8 - https:\/\/yoast.com\/product\/yoast-seo-wordpress\/ -->\n<title>Michel Barba - Grup de Recerca en Compostatge<\/title>\n<meta name=\"robots\" content=\"index, follow, max-snippet:-1, max-image-preview:large, max-video-preview:-1\" \/>\n<link rel=\"canonical\" href=\"https:\/\/webs.uab.cat\/gicom\/equip-gicom\/michel-barba\/\" \/>\n<meta property=\"og:locale\" content=\"ca_ES\" \/>\n<meta property=\"og:type\" content=\"article\" \/>\n<meta property=\"og:title\" content=\"Michel Barba - Grup de Recerca en Compostatge\" \/>\n<meta property=\"og:description\" content=\"Jonathan Michel Barba God\u00ednez \u00e9s originari de M\u00e8xic, va estudiar una llicenciatura en Qu\u00edmic Farmac\u00e8utic Bi\u00f2leg per part de la Universitat de Guadalajara, especialitzant-se en alliberament controlat i intel\u00b7ligent de compostos bioactius i bacteris probi\u00f2tics. Despr\u00e9s va estudiar un m\u00e0ster en Productes Forestals amb menci\u00f3 en biomaterials sostenibles a la Universitat de Guadalajara en conjunt [&hellip;]\" \/>\n<meta property=\"og:url\" content=\"https:\/\/webs.uab.cat\/gicom\/equip-gicom\/michel-barba\/\" \/>\n<meta property=\"og:site_name\" content=\"Grup de Recerca en Compostatge\" \/>\n<meta property=\"article:modified_time\" content=\"2023-10-30T08:46:00+00:00\" \/>\n<meta property=\"og:image\" content=\"https:\/\/webs.uab.cat\/gicom\/wp-content\/uploads\/sites\/206\/2023\/10\/Michel-Barba-150x150.jpg\" \/>\n<meta name=\"twitter:card\" content=\"summary_large_image\" \/>\n<meta name=\"twitter:label1\" content=\"Temps estimat de lectura\" \/>\n\t<meta name=\"twitter:data1\" content=\"1 minut\" \/>\n<script type=\"application\/ld+json\" class=\"yoast-schema-graph\">{\"@context\":\"https:\/\/schema.org\",\"@graph\":[{\"@type\":\"WebPage\",\"@id\":\"https:\/\/webs.uab.cat\/gicom\/equip-gicom\/michel-barba\/\",\"url\":\"https:\/\/webs.uab.cat\/gicom\/equip-gicom\/michel-barba\/\",\"name\":\"Michel Barba - Grup de Recerca en Compostatge\",\"isPartOf\":{\"@id\":\"https:\/\/webs.uab.cat\/gicom\/#website\"},\"primaryImageOfPage\":{\"@id\":\"https:\/\/webs.uab.cat\/gicom\/equip-gicom\/michel-barba\/#primaryimage\"},\"image\":{\"@id\":\"https:\/\/webs.uab.cat\/gicom\/equip-gicom\/michel-barba\/#primaryimage\"},\"thumbnailUrl\":\"https:\/\/webs.uab.cat\/gicom\/wp-content\/uploads\/sites\/206\/2023\/10\/Michel-Barba-150x150.jpg\",\"datePublished\":\"2023-10-30T08:45:26+00:00\",\"dateModified\":\"2023-10-30T08:46:00+00:00\",\"breadcrumb\":{\"@id\":\"https:\/\/webs.uab.cat\/gicom\/equip-gicom\/michel-barba\/#breadcrumb\"},\"inLanguage\":\"ca\",\"potentialAction\":[{\"@type\":\"ReadAction\",\"target\":[\"https:\/\/webs.uab.cat\/gicom\/equip-gicom\/michel-barba\/\"]}]},{\"@type\":\"ImageObject\",\"inLanguage\":\"ca\",\"@id\":\"https:\/\/webs.uab.cat\/gicom\/equip-gicom\/michel-barba\/#primaryimage\",\"url\":\"https:\/\/webs.uab.cat\/gicom\/wp-content\/uploads\/sites\/206\/2023\/10\/Michel-Barba.jpg\",\"contentUrl\":\"https:\/\/webs.uab.cat\/gicom\/wp-content\/uploads\/sites\/206\/2023\/10\/Michel-Barba.jpg\",\"width\":596,\"height\":792},{\"@type\":\"BreadcrumbList\",\"@id\":\"https:\/\/webs.uab.cat\/gicom\/equip-gicom\/michel-barba\/#breadcrumb\",\"itemListElement\":[{\"@type\":\"ListItem\",\"position\":1,\"name\":\"Inici\",\"item\":\"https:\/\/webs.uab.cat\/gicom\/\"},{\"@type\":\"ListItem\",\"position\":2,\"name\":\"Equip GICOM\",\"item\":\"https:\/\/webs.uab.cat\/gicom\/equip-gicom\/\"},{\"@type\":\"ListItem\",\"position\":3,\"name\":\"Michel Barba\"}]},{\"@type\":\"WebSite\",\"@id\":\"https:\/\/webs.uab.cat\/gicom\/#website\",\"url\":\"https:\/\/webs.uab.cat\/gicom\/\",\"name\":\"Grup de Recerca en Compostatge\",\"description\":\"Compostatge, bioconversi\u00f3 de residus org\u00e0nics i remediaci\u00f3 ambiental\",\"potentialAction\":[{\"@type\":\"SearchAction\",\"target\":{\"@type\":\"EntryPoint\",\"urlTemplate\":\"https:\/\/webs.uab.cat\/gicom\/?s={search_term_string}\"},\"query-input\":{\"@type\":\"PropertyValueSpecification\",\"valueRequired\":true,\"valueName\":\"search_term_string\"}}],\"inLanguage\":\"ca\"}]}<\/script>\n<!-- \/ Yoast SEO plugin. -->","yoast_head_json":{"title":"Michel Barba - Grup de Recerca en Compostatge","robots":{"index":"index","follow":"follow","max-snippet":"max-snippet:-1","max-image-preview":"max-image-preview:large","max-video-preview":"max-video-preview:-1"},"canonical":"https:\/\/webs.uab.cat\/gicom\/equip-gicom\/michel-barba\/","og_locale":"ca_ES","og_type":"article","og_title":"Michel Barba - Grup de Recerca en Compostatge","og_description":"Jonathan Michel Barba God\u00ednez \u00e9s originari de M\u00e8xic, va estudiar una llicenciatura en Qu\u00edmic Farmac\u00e8utic Bi\u00f2leg per part de la Universitat de Guadalajara, especialitzant-se en alliberament controlat i intel\u00b7ligent de compostos bioactius i bacteris probi\u00f2tics. Despr\u00e9s va estudiar un m\u00e0ster en Productes Forestals amb menci\u00f3 en biomaterials sostenibles a la Universitat de Guadalajara en conjunt [&hellip;]","og_url":"https:\/\/webs.uab.cat\/gicom\/equip-gicom\/michel-barba\/","og_site_name":"Grup de Recerca en Compostatge","article_modified_time":"2023-10-30T08:46:00+00:00","og_image":[{"url":"https:\/\/webs.uab.cat\/gicom\/wp-content\/uploads\/sites\/206\/2023\/10\/Michel-Barba-150x150.jpg","type":"","width":"","height":""}],"twitter_card":"summary_large_image","twitter_misc":{"Temps estimat de lectura":"1 minut"},"schema":{"@context":"https:\/\/schema.org","@graph":[{"@type":"WebPage","@id":"https:\/\/webs.uab.cat\/gicom\/equip-gicom\/michel-barba\/","url":"https:\/\/webs.uab.cat\/gicom\/equip-gicom\/michel-barba\/","name":"Michel Barba - Grup de Recerca en Compostatge","isPartOf":{"@id":"https:\/\/webs.uab.cat\/gicom\/#website"},"primaryImageOfPage":{"@id":"https:\/\/webs.uab.cat\/gicom\/equip-gicom\/michel-barba\/#primaryimage"},"image":{"@id":"https:\/\/webs.uab.cat\/gicom\/equip-gicom\/michel-barba\/#primaryimage"},"thumbnailUrl":"https:\/\/webs.uab.cat\/gicom\/wp-content\/uploads\/sites\/206\/2023\/10\/Michel-Barba-150x150.jpg","datePublished":"2023-10-30T08:45:26+00:00","dateModified":"2023-10-30T08:46:00+00:00","breadcrumb":{"@id":"https:\/\/webs.uab.cat\/gicom\/equip-gicom\/michel-barba\/#breadcrumb"},"inLanguage":"ca","potentialAction":[{"@type":"ReadAction","target":["https:\/\/webs.uab.cat\/gicom\/equip-gicom\/michel-barba\/"]}]},{"@type":"ImageObject","inLanguage":"ca","@id":"https:\/\/webs.uab.cat\/gicom\/equip-gicom\/michel-barba\/#primaryimage","url":"https:\/\/webs.uab.cat\/gicom\/wp-content\/uploads\/sites\/206\/2023\/10\/Michel-Barba.jpg","contentUrl":"https:\/\/webs.uab.cat\/gicom\/wp-content\/uploads\/sites\/206\/2023\/10\/Michel-Barba.jpg","width":596,"height":792},{"@type":"BreadcrumbList","@id":"https:\/\/webs.uab.cat\/gicom\/equip-gicom\/michel-barba\/#breadcrumb","itemListElement":[{"@type":"ListItem","position":1,"name":"Inici","item":"https:\/\/webs.uab.cat\/gicom\/"},{"@type":"ListItem","position":2,"name":"Equip GICOM","item":"https:\/\/webs.uab.cat\/gicom\/equip-gicom\/"},{"@type":"ListItem","position":3,"name":"Michel Barba"}]},{"@type":"WebSite","@id":"https:\/\/webs.uab.cat\/gicom\/#website","url":"https:\/\/webs.uab.cat\/gicom\/","name":"Grup de Recerca en Compostatge","description":"Compostatge, bioconversi\u00f3 de residus org\u00e0nics i remediaci\u00f3 ambiental","potentialAction":[{"@type":"SearchAction","target":{"@type":"EntryPoint","urlTemplate":"https:\/\/webs.uab.cat\/gicom\/?s={search_term_string}"},"query-input":{"@type":"PropertyValueSpecification","valueRequired":true,"valueName":"search_term_string"}}],"inLanguage":"ca"}]}},"_links":{"self":[{"href":"https:\/\/webs.uab.cat\/gicom\/wp-json\/wp\/v2\/pages\/5649","targetHints":{"allow":["GET"]}}],"collection":[{"href":"https:\/\/webs.uab.cat\/gicom\/wp-json\/wp\/v2\/pages"}],"about":[{"href":"https:\/\/webs.uab.cat\/gicom\/wp-json\/wp\/v2\/types\/page"}],"author":[{"embeddable":true,"href":"https:\/\/webs.uab.cat\/gicom\/wp-json\/wp\/v2\/users\/153"}],"replies":[{"embeddable":true,"href":"https:\/\/webs.uab.cat\/gicom\/wp-json\/wp\/v2\/comments?post=5649"}],"version-history":[{"count":1,"href":"https:\/\/webs.uab.cat\/gicom\/wp-json\/wp\/v2\/pages\/5649\/revisions"}],"predecessor-version":[{"id":5653,"href":"https:\/\/webs.uab.cat\/gicom\/wp-json\/wp\/v2\/pages\/5649\/revisions\/5653"}],"up":[{"embeddable":true,"href":"https:\/\/webs.uab.cat\/gicom\/wp-json\/wp\/v2\/pages\/4997"}],"wp:attachment":[{"href":"https:\/\/webs.uab.cat\/gicom\/wp-json\/wp\/v2\/media?parent=5649"}],"curies":[{"name":"wp","href":"https:\/\/api.w.org\/{rel}","templated":true}]}}