{"id":5716,"date":"2025-02-19T11:09:24","date_gmt":"2025-02-19T09:09:24","guid":{"rendered":"https:\/\/webs.uab.cat\/gicom\/?page_id=5716"},"modified":"2025-02-19T12:34:02","modified_gmt":"2025-02-19T10:34:02","slug":"oscar-mauricio-martinez","status":"publish","type":"page","link":"https:\/\/webs.uab.cat\/gicom\/equip-gicom\/oscar-mauricio-martinez\/","title":{"rendered":"Oscar Mauricio Mart\u00ednez"},"content":{"rendered":"<div class=\"wp-block-image is-style-rounded\">\n<figure class=\"aligncenter size-thumbnail\"><img loading=\"lazy\" decoding=\"async\" width=\"150\" height=\"150\" src=\"https:\/\/webs.uab.cat\/gicom\/wp-content\/uploads\/sites\/206\/2025\/02\/Oscar-Martinez-150x150.jpg\" alt=\"\" class=\"wp-image-5702\" \/><\/figure>\n<\/div>\n\n\n<p>El Dr. Mart\u00ednez \u00e9s enginyer qu\u00edmic (2007), amb m\u00e0ster en enginyeria qu\u00edmica (2012) i m\u00e0ster en energies renovables (2014), i \u00e9s doctor en ci\u00e8ncia i tecnologies ambientals (2018). Actualment, \u00e9s professor lector del departament d&#8217;enginyeria qu\u00edmica, biol\u00f2gica i ambiental de la UAB. La seva activitat professional sempre s&#8217;ha enfocat a l&#8217;\u00e0rea mediambiental, i la seva investigaci\u00f3 se centra en la valoritzaci\u00f3 de residus s\u00f2lids org\u00e0nics emprant tecnologies consolidades com el compostatge i la digesti\u00f3 anaer\u00f2bia, o emergents com la fermentaci\u00f3 en estat s\u00f2lid (FES) per obtenir productes d&#8217;alt valor afegit d&#8217;inter\u00e8s industrial.<\/p>\n\n\n\n<p>La seva recerca busca contribuir amb solucions innovadores en l\u00ednia amb els principis de l&#8217;economia circular, alhora que generant impacte a la societat, per la qual cosa busquen la multidisciplinarietat i l&#8217;aplicabilitat com a eixos transversals als desenvolupaments t\u00e8cnics. El Dr. Mart\u00ednez compta amb \u00e0mplia experi\u00e8ncia en la preparaci\u00f3 i execuci\u00f3 de projectes R+D+I competitius i de transfer\u00e8ncia, liderant-ne diversos en els darrers anys. A m\u00e9s, ha supervisat equips de treball de diversa \u00edndole en rols de coordinaci\u00f3 d&#8217;un laboratori de recerca (personal t\u00e8cnic de suport), aix\u00ed com investigadors (pre i post doctorals) en el rol de coordinador de l\u00ednia de recerca.<\/p>\n\n\n\n<p><\/p>\n\n\n\n<div class=\"wp-block-buttons is-layout-flex wp-block-buttons-is-layout-flex\">\n<div class=\"wp-block-button\"><a class=\"wp-block-button__link wp-element-button\" href=\"https:\/\/portalrecerca.uab.cat\/ca\/persons\/oscar-mauricio-martinez-avila\" target=\"_blank\" rel=\"noreferrer noopener\">POrtal de recerca UAB<\/a><\/div>\n\n\n\n<div class=\"wp-block-button\"><a class=\"wp-block-button__link wp-element-button\" href=\"https:\/\/orcid.org\/0000-0001-7561-4013\" target=\"_blank\" rel=\"noreferrer noopener\">ORCID<\/a><\/div>\n<\/div>\n\n\n\n<hr class=\"wp-block-separator has-css-opacity is-style-default\" \/>\n","protected":false},"excerpt":{"rendered":"<p>El Dr. Mart\u00ednez \u00e9s enginyer qu\u00edmic (2007), amb m\u00e0ster en enginyeria qu\u00edmica (2012) i m\u00e0ster en energies renovables (2014), i \u00e9s doctor en ci\u00e8ncia i tecnologies ambientals (2018). Actualment, \u00e9s professor lector del departament d&#8217;enginyeria qu\u00edmica, biol\u00f2gica i ambiental de la UAB. La seva activitat professional sempre s&#8217;ha enfocat a l&#8217;\u00e0rea mediambiental, i la seva [&hellip;]<\/p>\n","protected":false},"author":153,"featured_media":0,"parent":4997,"menu_order":0,"comment_status":"closed","ping_status":"closed","template":"","meta":{"footnotes":""},"class_list":["post-5716","page","type-page","status-publish","hentry"],"yoast_head":"<!-- This site is optimized with the Yoast SEO plugin v26.8 - https:\/\/yoast.com\/product\/yoast-seo-wordpress\/ -->\n<title>Oscar Mauricio Mart\u00ednez - Grup de Recerca en Compostatge<\/title>\n<meta name=\"robots\" content=\"index, follow, max-snippet:-1, max-image-preview:large, max-video-preview:-1\" \/>\n<link rel=\"canonical\" href=\"https:\/\/webs.uab.cat\/gicom\/equip-gicom\/oscar-mauricio-martinez\/\" \/>\n<meta property=\"og:locale\" content=\"ca_ES\" \/>\n<meta property=\"og:type\" content=\"article\" \/>\n<meta property=\"og:title\" content=\"Oscar Mauricio Mart\u00ednez - Grup de Recerca en Compostatge\" \/>\n<meta property=\"og:description\" content=\"El Dr. Mart\u00ednez \u00e9s enginyer qu\u00edmic (2007), amb m\u00e0ster en enginyeria qu\u00edmica (2012) i m\u00e0ster en energies renovables (2014), i \u00e9s doctor en ci\u00e8ncia i tecnologies ambientals (2018). Actualment, \u00e9s professor lector del departament d&#8217;enginyeria qu\u00edmica, biol\u00f2gica i ambiental de la UAB. La seva activitat professional sempre s&#8217;ha enfocat a l&#8217;\u00e0rea mediambiental, i la seva [&hellip;]\" \/>\n<meta property=\"og:url\" content=\"https:\/\/webs.uab.cat\/gicom\/equip-gicom\/oscar-mauricio-martinez\/\" \/>\n<meta property=\"og:site_name\" content=\"Grup de Recerca en Compostatge\" \/>\n<meta property=\"article:modified_time\" content=\"2025-02-19T10:34:02+00:00\" \/>\n<meta property=\"og:image\" content=\"https:\/\/webs.uab.cat\/gicom\/wp-content\/uploads\/sites\/206\/2025\/02\/Oscar-Martinez.jpg\" \/>\n\t<meta property=\"og:image:width\" content=\"721\" \/>\n\t<meta property=\"og:image:height\" content=\"981\" \/>\n\t<meta property=\"og:image:type\" content=\"image\/jpeg\" \/>\n<meta name=\"twitter:card\" content=\"summary_large_image\" \/>\n<meta name=\"twitter:label1\" content=\"Temps estimat de lectura\" \/>\n\t<meta name=\"twitter:data1\" content=\"2 minuts\" \/>\n<script type=\"application\/ld+json\" class=\"yoast-schema-graph\">{\"@context\":\"https:\/\/schema.org\",\"@graph\":[{\"@type\":\"WebPage\",\"@id\":\"https:\/\/webs.uab.cat\/gicom\/equip-gicom\/oscar-mauricio-martinez\/\",\"url\":\"https:\/\/webs.uab.cat\/gicom\/equip-gicom\/oscar-mauricio-martinez\/\",\"name\":\"Oscar Mauricio Mart\u00ednez - Grup de Recerca en Compostatge\",\"isPartOf\":{\"@id\":\"https:\/\/webs.uab.cat\/gicom\/#website\"},\"primaryImageOfPage\":{\"@id\":\"https:\/\/webs.uab.cat\/gicom\/equip-gicom\/oscar-mauricio-martinez\/#primaryimage\"},\"image\":{\"@id\":\"https:\/\/webs.uab.cat\/gicom\/equip-gicom\/oscar-mauricio-martinez\/#primaryimage\"},\"thumbnailUrl\":\"https:\/\/webs.uab.cat\/gicom\/wp-content\/uploads\/sites\/206\/2025\/02\/Oscar-Martinez-150x150.jpg\",\"datePublished\":\"2025-02-19T09:09:24+00:00\",\"dateModified\":\"2025-02-19T10:34:02+00:00\",\"breadcrumb\":{\"@id\":\"https:\/\/webs.uab.cat\/gicom\/equip-gicom\/oscar-mauricio-martinez\/#breadcrumb\"},\"inLanguage\":\"ca\",\"potentialAction\":[{\"@type\":\"ReadAction\",\"target\":[\"https:\/\/webs.uab.cat\/gicom\/equip-gicom\/oscar-mauricio-martinez\/\"]}]},{\"@type\":\"ImageObject\",\"inLanguage\":\"ca\",\"@id\":\"https:\/\/webs.uab.cat\/gicom\/equip-gicom\/oscar-mauricio-martinez\/#primaryimage\",\"url\":\"https:\/\/webs.uab.cat\/gicom\/wp-content\/uploads\/sites\/206\/2025\/02\/Oscar-Martinez.jpg\",\"contentUrl\":\"https:\/\/webs.uab.cat\/gicom\/wp-content\/uploads\/sites\/206\/2025\/02\/Oscar-Martinez.jpg\",\"width\":721,\"height\":981},{\"@type\":\"BreadcrumbList\",\"@id\":\"https:\/\/webs.uab.cat\/gicom\/equip-gicom\/oscar-mauricio-martinez\/#breadcrumb\",\"itemListElement\":[{\"@type\":\"ListItem\",\"position\":1,\"name\":\"Inici\",\"item\":\"https:\/\/webs.uab.cat\/gicom\/\"},{\"@type\":\"ListItem\",\"position\":2,\"name\":\"Equip GICOM\",\"item\":\"https:\/\/webs.uab.cat\/gicom\/equip-gicom\/\"},{\"@type\":\"ListItem\",\"position\":3,\"name\":\"Oscar Mauricio Mart\u00ednez\"}]},{\"@type\":\"WebSite\",\"@id\":\"https:\/\/webs.uab.cat\/gicom\/#website\",\"url\":\"https:\/\/webs.uab.cat\/gicom\/\",\"name\":\"Grup de Recerca en Compostatge\",\"description\":\"Compostatge, bioconversi\u00f3 de residus org\u00e0nics i remediaci\u00f3 ambiental\",\"potentialAction\":[{\"@type\":\"SearchAction\",\"target\":{\"@type\":\"EntryPoint\",\"urlTemplate\":\"https:\/\/webs.uab.cat\/gicom\/?s={search_term_string}\"},\"query-input\":{\"@type\":\"PropertyValueSpecification\",\"valueRequired\":true,\"valueName\":\"search_term_string\"}}],\"inLanguage\":\"ca\"}]}<\/script>\n<!-- \/ Yoast SEO plugin. -->","yoast_head_json":{"title":"Oscar Mauricio Mart\u00ednez - Grup de Recerca en Compostatge","robots":{"index":"index","follow":"follow","max-snippet":"max-snippet:-1","max-image-preview":"max-image-preview:large","max-video-preview":"max-video-preview:-1"},"canonical":"https:\/\/webs.uab.cat\/gicom\/equip-gicom\/oscar-mauricio-martinez\/","og_locale":"ca_ES","og_type":"article","og_title":"Oscar Mauricio Mart\u00ednez - Grup de Recerca en Compostatge","og_description":"El Dr. Mart\u00ednez \u00e9s enginyer qu\u00edmic (2007), amb m\u00e0ster en enginyeria qu\u00edmica (2012) i m\u00e0ster en energies renovables (2014), i \u00e9s doctor en ci\u00e8ncia i tecnologies ambientals (2018). Actualment, \u00e9s professor lector del departament d&#8217;enginyeria qu\u00edmica, biol\u00f2gica i ambiental de la UAB. La seva activitat professional sempre s&#8217;ha enfocat a l&#8217;\u00e0rea mediambiental, i la seva [&hellip;]","og_url":"https:\/\/webs.uab.cat\/gicom\/equip-gicom\/oscar-mauricio-martinez\/","og_site_name":"Grup de Recerca en Compostatge","article_modified_time":"2025-02-19T10:34:02+00:00","og_image":[{"width":721,"height":981,"url":"https:\/\/webs.uab.cat\/gicom\/wp-content\/uploads\/sites\/206\/2025\/02\/Oscar-Martinez.jpg","type":"image\/jpeg"}],"twitter_card":"summary_large_image","twitter_misc":{"Temps estimat de lectura":"2 minuts"},"schema":{"@context":"https:\/\/schema.org","@graph":[{"@type":"WebPage","@id":"https:\/\/webs.uab.cat\/gicom\/equip-gicom\/oscar-mauricio-martinez\/","url":"https:\/\/webs.uab.cat\/gicom\/equip-gicom\/oscar-mauricio-martinez\/","name":"Oscar Mauricio Mart\u00ednez - Grup de Recerca en Compostatge","isPartOf":{"@id":"https:\/\/webs.uab.cat\/gicom\/#website"},"primaryImageOfPage":{"@id":"https:\/\/webs.uab.cat\/gicom\/equip-gicom\/oscar-mauricio-martinez\/#primaryimage"},"image":{"@id":"https:\/\/webs.uab.cat\/gicom\/equip-gicom\/oscar-mauricio-martinez\/#primaryimage"},"thumbnailUrl":"https:\/\/webs.uab.cat\/gicom\/wp-content\/uploads\/sites\/206\/2025\/02\/Oscar-Martinez-150x150.jpg","datePublished":"2025-02-19T09:09:24+00:00","dateModified":"2025-02-19T10:34:02+00:00","breadcrumb":{"@id":"https:\/\/webs.uab.cat\/gicom\/equip-gicom\/oscar-mauricio-martinez\/#breadcrumb"},"inLanguage":"ca","potentialAction":[{"@type":"ReadAction","target":["https:\/\/webs.uab.cat\/gicom\/equip-gicom\/oscar-mauricio-martinez\/"]}]},{"@type":"ImageObject","inLanguage":"ca","@id":"https:\/\/webs.uab.cat\/gicom\/equip-gicom\/oscar-mauricio-martinez\/#primaryimage","url":"https:\/\/webs.uab.cat\/gicom\/wp-content\/uploads\/sites\/206\/2025\/02\/Oscar-Martinez.jpg","contentUrl":"https:\/\/webs.uab.cat\/gicom\/wp-content\/uploads\/sites\/206\/2025\/02\/Oscar-Martinez.jpg","width":721,"height":981},{"@type":"BreadcrumbList","@id":"https:\/\/webs.uab.cat\/gicom\/equip-gicom\/oscar-mauricio-martinez\/#breadcrumb","itemListElement":[{"@type":"ListItem","position":1,"name":"Inici","item":"https:\/\/webs.uab.cat\/gicom\/"},{"@type":"ListItem","position":2,"name":"Equip GICOM","item":"https:\/\/webs.uab.cat\/gicom\/equip-gicom\/"},{"@type":"ListItem","position":3,"name":"Oscar Mauricio Mart\u00ednez"}]},{"@type":"WebSite","@id":"https:\/\/webs.uab.cat\/gicom\/#website","url":"https:\/\/webs.uab.cat\/gicom\/","name":"Grup de Recerca en Compostatge","description":"Compostatge, bioconversi\u00f3 de residus org\u00e0nics i remediaci\u00f3 ambiental","potentialAction":[{"@type":"SearchAction","target":{"@type":"EntryPoint","urlTemplate":"https:\/\/webs.uab.cat\/gicom\/?s={search_term_string}"},"query-input":{"@type":"PropertyValueSpecification","valueRequired":true,"valueName":"search_term_string"}}],"inLanguage":"ca"}]}},"_links":{"self":[{"href":"https:\/\/webs.uab.cat\/gicom\/wp-json\/wp\/v2\/pages\/5716","targetHints":{"allow":["GET"]}}],"collection":[{"href":"https:\/\/webs.uab.cat\/gicom\/wp-json\/wp\/v2\/pages"}],"about":[{"href":"https:\/\/webs.uab.cat\/gicom\/wp-json\/wp\/v2\/types\/page"}],"author":[{"embeddable":true,"href":"https:\/\/webs.uab.cat\/gicom\/wp-json\/wp\/v2\/users\/153"}],"replies":[{"embeddable":true,"href":"https:\/\/webs.uab.cat\/gicom\/wp-json\/wp\/v2\/comments?post=5716"}],"version-history":[{"count":2,"href":"https:\/\/webs.uab.cat\/gicom\/wp-json\/wp\/v2\/pages\/5716\/revisions"}],"predecessor-version":[{"id":5779,"href":"https:\/\/webs.uab.cat\/gicom\/wp-json\/wp\/v2\/pages\/5716\/revisions\/5779"}],"up":[{"embeddable":true,"href":"https:\/\/webs.uab.cat\/gicom\/wp-json\/wp\/v2\/pages\/4997"}],"wp:attachment":[{"href":"https:\/\/webs.uab.cat\/gicom\/wp-json\/wp\/v2\/media?parent=5716"}],"curies":[{"name":"wp","href":"https:\/\/api.w.org\/{rel}","templated":true}]}}