{"id":5825,"date":"2025-02-24T15:54:46","date_gmt":"2025-02-24T13:54:46","guid":{"rendered":"https:\/\/webs.uab.cat\/gicom\/?page_id=5825"},"modified":"2025-02-24T15:58:09","modified_gmt":"2025-02-24T13:58:09","slug":"hui-zhou","status":"publish","type":"page","link":"https:\/\/webs.uab.cat\/gicom\/equip-gicom\/hui-zhou\/","title":{"rendered":"Hui Zhou"},"content":{"rendered":"<div class=\"wp-block-image is-style-rounded\">\n<figure class=\"aligncenter size-thumbnail\"><img loading=\"lazy\" decoding=\"async\" width=\"150\" height=\"150\" src=\"https:\/\/webs.uab.cat\/gicom\/wp-content\/uploads\/sites\/206\/2025\/02\/Hui-Zhou-150x150.jpg\" alt=\"Image of Hui Zhou\" class=\"wp-image-5814\" \/><\/figure>\n<\/div>\n\n\n<p>Hui Zhou, origin\u00e0ria de la Xina, \u00e9s una investigadora dedicada que va obtenir el seu t\u00edtol de Grau en Enginyeria en Bioenginyeria a la Universitat de Huaqiao, especialitzant-se en el control biol\u00f2gic de fongs pat\u00f2gens d&#8217;insectes. Posteriorment, va cursar un M\u00e0ster en Enginyeria Ambiental a la Universitat Minzu de Guizhou, durant el qual va participar activament en diversos projectes de recerca, principalment relacionats amb el tractament descentralitzat d\u2019aig\u00fces residuals rurals, les caracter\u00edstiques dels llacs c\u00e0rstics de l\u2019altipl\u00e0, els subproductes de desinfecci\u00f3 i l\u2019eliminaci\u00f3 de nitrogen.<\/p>\n\n\n\n<p>Despr\u00e9s de completar el seu m\u00e0ster, Hui Zhou va treballar a Guizhou Bofan Environmental Technology Co., Ltd., adquirint una experi\u00e8ncia considerable en consultoria ambiental, especialment en avaluacions ambientals industrials i altres valoracions relacionades.<\/p>\n\n\n\n<p>Actualment, \u00e9s doctoranda en el programa de Ci\u00e8ncia i Tecnologia Ambiental al Departament d&#8217;Enginyeria Qu\u00edmica, Biol\u00f2gica i Ambiental de la Universitat Aut\u00f2noma de Barcelona, amb el suport de la beca CSC, i forma part del grup de recerca GICOM. La seva recerca actual se centra en la &#8220;Millora de la Producci\u00f3 de Biog\u00e0s en Digesti\u00f3 Anaer\u00f2bia Psicr\u00f2fila: El Paper dels Aditius&#8221;, sota la supervisi\u00f3 del Dr. Xavier Font Segura, la Dra. Raquel Barrena G\u00f3mez i el Dr. Zhongzhong Wang.<\/p>\n\n\n\n<p><\/p>\n\n\n\n<div class=\"wp-block-buttons is-layout-flex wp-block-buttons-is-layout-flex\">\n<div class=\"wp-block-button\"><a class=\"wp-block-button__link wp-element-button\" href=\"https:\/\/scholar.google.com\/citations?hl=zh-CN&amp;user=3dlkrJYAAAAJ\" target=\"_blank\" rel=\"noreferrer noopener\">Google scholar<\/a><\/div>\n\n\n\n<div class=\"wp-block-button\"><a class=\"wp-block-button__link wp-element-button\" href=\"https:\/\/orcid.org\/0009-0005-7936-2462\" target=\"_blank\" rel=\"noreferrer noopener\">ORCID<\/a><\/div>\n<\/div>\n\n\n\n<hr class=\"wp-block-separator has-css-opacity is-style-default\" \/>\n","protected":false},"excerpt":{"rendered":"<p>Hui Zhou, origin\u00e0ria de la Xina, \u00e9s una investigadora dedicada que va obtenir el seu t\u00edtol de Grau en Enginyeria en Bioenginyeria a la Universitat de Huaqiao, especialitzant-se en el control biol\u00f2gic de fongs pat\u00f2gens d&#8217;insectes. Posteriorment, va cursar un M\u00e0ster en Enginyeria Ambiental a la Universitat Minzu de Guizhou, durant el qual va participar [&hellip;]<\/p>\n","protected":false},"author":153,"featured_media":0,"parent":4997,"menu_order":0,"comment_status":"closed","ping_status":"closed","template":"","meta":{"footnotes":""},"class_list":["post-5825","page","type-page","status-publish","hentry"],"yoast_head":"<!-- This site is optimized with the Yoast SEO plugin v26.8 - https:\/\/yoast.com\/product\/yoast-seo-wordpress\/ -->\n<title>Hui Zhou - Grup de Recerca en Compostatge<\/title>\n<meta name=\"robots\" content=\"index, follow, max-snippet:-1, max-image-preview:large, max-video-preview:-1\" \/>\n<link rel=\"canonical\" href=\"https:\/\/webs.uab.cat\/gicom\/equip-gicom\/hui-zhou\/\" \/>\n<meta property=\"og:locale\" content=\"ca_ES\" \/>\n<meta property=\"og:type\" content=\"article\" \/>\n<meta property=\"og:title\" content=\"Hui Zhou - Grup de Recerca en Compostatge\" \/>\n<meta property=\"og:description\" content=\"Hui Zhou, origin\u00e0ria de la Xina, \u00e9s una investigadora dedicada que va obtenir el seu t\u00edtol de Grau en Enginyeria en Bioenginyeria a la Universitat de Huaqiao, especialitzant-se en el control biol\u00f2gic de fongs pat\u00f2gens d&#8217;insectes. Posteriorment, va cursar un M\u00e0ster en Enginyeria Ambiental a la Universitat Minzu de Guizhou, durant el qual va participar [&hellip;]\" \/>\n<meta property=\"og:url\" content=\"https:\/\/webs.uab.cat\/gicom\/equip-gicom\/hui-zhou\/\" \/>\n<meta property=\"og:site_name\" content=\"Grup de Recerca en Compostatge\" \/>\n<meta property=\"article:modified_time\" content=\"2025-02-24T13:58:09+00:00\" \/>\n<meta property=\"og:image\" content=\"https:\/\/webs.uab.cat\/gicom\/wp-content\/uploads\/sites\/206\/2025\/02\/Hui-Zhou.jpg\" \/>\n\t<meta property=\"og:image:width\" content=\"458\" \/>\n\t<meta property=\"og:image:height\" content=\"605\" \/>\n\t<meta property=\"og:image:type\" content=\"image\/jpeg\" \/>\n<meta name=\"twitter:card\" content=\"summary_large_image\" \/>\n<meta name=\"twitter:label1\" content=\"Temps estimat de lectura\" \/>\n\t<meta name=\"twitter:data1\" content=\"2 minuts\" \/>\n<script type=\"application\/ld+json\" class=\"yoast-schema-graph\">{\"@context\":\"https:\/\/schema.org\",\"@graph\":[{\"@type\":\"WebPage\",\"@id\":\"https:\/\/webs.uab.cat\/gicom\/equip-gicom\/hui-zhou\/\",\"url\":\"https:\/\/webs.uab.cat\/gicom\/equip-gicom\/hui-zhou\/\",\"name\":\"Hui Zhou - Grup de Recerca en Compostatge\",\"isPartOf\":{\"@id\":\"https:\/\/webs.uab.cat\/gicom\/#website\"},\"primaryImageOfPage\":{\"@id\":\"https:\/\/webs.uab.cat\/gicom\/equip-gicom\/hui-zhou\/#primaryimage\"},\"image\":{\"@id\":\"https:\/\/webs.uab.cat\/gicom\/equip-gicom\/hui-zhou\/#primaryimage\"},\"thumbnailUrl\":\"https:\/\/webs.uab.cat\/gicom\/wp-content\/uploads\/sites\/206\/2025\/02\/Hui-Zhou-150x150.jpg\",\"datePublished\":\"2025-02-24T13:54:46+00:00\",\"dateModified\":\"2025-02-24T13:58:09+00:00\",\"breadcrumb\":{\"@id\":\"https:\/\/webs.uab.cat\/gicom\/equip-gicom\/hui-zhou\/#breadcrumb\"},\"inLanguage\":\"ca\",\"potentialAction\":[{\"@type\":\"ReadAction\",\"target\":[\"https:\/\/webs.uab.cat\/gicom\/equip-gicom\/hui-zhou\/\"]}]},{\"@type\":\"ImageObject\",\"inLanguage\":\"ca\",\"@id\":\"https:\/\/webs.uab.cat\/gicom\/equip-gicom\/hui-zhou\/#primaryimage\",\"url\":\"https:\/\/webs.uab.cat\/gicom\/wp-content\/uploads\/sites\/206\/2025\/02\/Hui-Zhou-150x150.jpg\",\"contentUrl\":\"https:\/\/webs.uab.cat\/gicom\/wp-content\/uploads\/sites\/206\/2025\/02\/Hui-Zhou-150x150.jpg\"},{\"@type\":\"BreadcrumbList\",\"@id\":\"https:\/\/webs.uab.cat\/gicom\/equip-gicom\/hui-zhou\/#breadcrumb\",\"itemListElement\":[{\"@type\":\"ListItem\",\"position\":1,\"name\":\"Inici\",\"item\":\"https:\/\/webs.uab.cat\/gicom\/\"},{\"@type\":\"ListItem\",\"position\":2,\"name\":\"Equip GICOM\",\"item\":\"https:\/\/webs.uab.cat\/gicom\/equip-gicom\/\"},{\"@type\":\"ListItem\",\"position\":3,\"name\":\"Hui Zhou\"}]},{\"@type\":\"WebSite\",\"@id\":\"https:\/\/webs.uab.cat\/gicom\/#website\",\"url\":\"https:\/\/webs.uab.cat\/gicom\/\",\"name\":\"Grup de Recerca en Compostatge\",\"description\":\"Compostatge, bioconversi\u00f3 de residus org\u00e0nics i remediaci\u00f3 ambiental\",\"potentialAction\":[{\"@type\":\"SearchAction\",\"target\":{\"@type\":\"EntryPoint\",\"urlTemplate\":\"https:\/\/webs.uab.cat\/gicom\/?s={search_term_string}\"},\"query-input\":{\"@type\":\"PropertyValueSpecification\",\"valueRequired\":true,\"valueName\":\"search_term_string\"}}],\"inLanguage\":\"ca\"}]}<\/script>\n<!-- \/ Yoast SEO plugin. -->","yoast_head_json":{"title":"Hui Zhou - Grup de Recerca en Compostatge","robots":{"index":"index","follow":"follow","max-snippet":"max-snippet:-1","max-image-preview":"max-image-preview:large","max-video-preview":"max-video-preview:-1"},"canonical":"https:\/\/webs.uab.cat\/gicom\/equip-gicom\/hui-zhou\/","og_locale":"ca_ES","og_type":"article","og_title":"Hui Zhou - Grup de Recerca en Compostatge","og_description":"Hui Zhou, origin\u00e0ria de la Xina, \u00e9s una investigadora dedicada que va obtenir el seu t\u00edtol de Grau en Enginyeria en Bioenginyeria a la Universitat de Huaqiao, especialitzant-se en el control biol\u00f2gic de fongs pat\u00f2gens d&#8217;insectes. Posteriorment, va cursar un M\u00e0ster en Enginyeria Ambiental a la Universitat Minzu de Guizhou, durant el qual va participar [&hellip;]","og_url":"https:\/\/webs.uab.cat\/gicom\/equip-gicom\/hui-zhou\/","og_site_name":"Grup de Recerca en Compostatge","article_modified_time":"2025-02-24T13:58:09+00:00","og_image":[{"width":458,"height":605,"url":"https:\/\/webs.uab.cat\/gicom\/wp-content\/uploads\/sites\/206\/2025\/02\/Hui-Zhou.jpg","type":"image\/jpeg"}],"twitter_card":"summary_large_image","twitter_misc":{"Temps estimat de lectura":"2 minuts"},"schema":{"@context":"https:\/\/schema.org","@graph":[{"@type":"WebPage","@id":"https:\/\/webs.uab.cat\/gicom\/equip-gicom\/hui-zhou\/","url":"https:\/\/webs.uab.cat\/gicom\/equip-gicom\/hui-zhou\/","name":"Hui Zhou - Grup de Recerca en Compostatge","isPartOf":{"@id":"https:\/\/webs.uab.cat\/gicom\/#website"},"primaryImageOfPage":{"@id":"https:\/\/webs.uab.cat\/gicom\/equip-gicom\/hui-zhou\/#primaryimage"},"image":{"@id":"https:\/\/webs.uab.cat\/gicom\/equip-gicom\/hui-zhou\/#primaryimage"},"thumbnailUrl":"https:\/\/webs.uab.cat\/gicom\/wp-content\/uploads\/sites\/206\/2025\/02\/Hui-Zhou-150x150.jpg","datePublished":"2025-02-24T13:54:46+00:00","dateModified":"2025-02-24T13:58:09+00:00","breadcrumb":{"@id":"https:\/\/webs.uab.cat\/gicom\/equip-gicom\/hui-zhou\/#breadcrumb"},"inLanguage":"ca","potentialAction":[{"@type":"ReadAction","target":["https:\/\/webs.uab.cat\/gicom\/equip-gicom\/hui-zhou\/"]}]},{"@type":"ImageObject","inLanguage":"ca","@id":"https:\/\/webs.uab.cat\/gicom\/equip-gicom\/hui-zhou\/#primaryimage","url":"https:\/\/webs.uab.cat\/gicom\/wp-content\/uploads\/sites\/206\/2025\/02\/Hui-Zhou-150x150.jpg","contentUrl":"https:\/\/webs.uab.cat\/gicom\/wp-content\/uploads\/sites\/206\/2025\/02\/Hui-Zhou-150x150.jpg"},{"@type":"BreadcrumbList","@id":"https:\/\/webs.uab.cat\/gicom\/equip-gicom\/hui-zhou\/#breadcrumb","itemListElement":[{"@type":"ListItem","position":1,"name":"Inici","item":"https:\/\/webs.uab.cat\/gicom\/"},{"@type":"ListItem","position":2,"name":"Equip GICOM","item":"https:\/\/webs.uab.cat\/gicom\/equip-gicom\/"},{"@type":"ListItem","position":3,"name":"Hui Zhou"}]},{"@type":"WebSite","@id":"https:\/\/webs.uab.cat\/gicom\/#website","url":"https:\/\/webs.uab.cat\/gicom\/","name":"Grup de Recerca en Compostatge","description":"Compostatge, bioconversi\u00f3 de residus org\u00e0nics i remediaci\u00f3 ambiental","potentialAction":[{"@type":"SearchAction","target":{"@type":"EntryPoint","urlTemplate":"https:\/\/webs.uab.cat\/gicom\/?s={search_term_string}"},"query-input":{"@type":"PropertyValueSpecification","valueRequired":true,"valueName":"search_term_string"}}],"inLanguage":"ca"}]}},"_links":{"self":[{"href":"https:\/\/webs.uab.cat\/gicom\/wp-json\/wp\/v2\/pages\/5825","targetHints":{"allow":["GET"]}}],"collection":[{"href":"https:\/\/webs.uab.cat\/gicom\/wp-json\/wp\/v2\/pages"}],"about":[{"href":"https:\/\/webs.uab.cat\/gicom\/wp-json\/wp\/v2\/types\/page"}],"author":[{"embeddable":true,"href":"https:\/\/webs.uab.cat\/gicom\/wp-json\/wp\/v2\/users\/153"}],"replies":[{"embeddable":true,"href":"https:\/\/webs.uab.cat\/gicom\/wp-json\/wp\/v2\/comments?post=5825"}],"version-history":[{"count":2,"href":"https:\/\/webs.uab.cat\/gicom\/wp-json\/wp\/v2\/pages\/5825\/revisions"}],"predecessor-version":[{"id":5827,"href":"https:\/\/webs.uab.cat\/gicom\/wp-json\/wp\/v2\/pages\/5825\/revisions\/5827"}],"up":[{"embeddable":true,"href":"https:\/\/webs.uab.cat\/gicom\/wp-json\/wp\/v2\/pages\/4997"}],"wp:attachment":[{"href":"https:\/\/webs.uab.cat\/gicom\/wp-json\/wp\/v2\/media?parent=5825"}],"curies":[{"name":"wp","href":"https:\/\/api.w.org\/{rel}","templated":true}]}}