{"id":5832,"date":"2025-02-27T15:42:17","date_gmt":"2025-02-27T13:42:17","guid":{"rendered":"https:\/\/webs.uab.cat\/gicom\/?page_id=5832"},"modified":"2025-02-27T15:49:01","modified_gmt":"2025-02-27T13:49:01","slug":"jimei-lui","status":"publish","type":"page","link":"https:\/\/webs.uab.cat\/gicom\/equip-gicom\/jimei-lui\/","title":{"rendered":"Jimei Lui"},"content":{"rendered":"<div class=\"wp-block-image is-style-rounded\">\n<figure class=\"aligncenter size-thumbnail\"><img loading=\"lazy\" decoding=\"async\" width=\"150\" height=\"150\" src=\"https:\/\/webs.uab.cat\/gicom\/wp-content\/uploads\/sites\/206\/2025\/02\/Jimei-Liu-1-150x150.jpg\" alt=\"\" class=\"wp-image-5836\" \/><\/figure>\n<\/div>\n\n\n<p>Jimei Liu, origin\u00e0ria de la Xina, va obtenir la seva llicenciatura en Bioenginyeria a l&#8217;Institut de Tecnologia de Nanchang. Posteriorment, va cursar un m\u00e0ster en Biologia i Medicina a la Universitat de Mong\u00f2lia Interior, on la seva recerca es va centrar en els mecanismes moleculars mitjan\u00e7ant els quals la metilaci\u00f3 de l&#8217;ADN regula l&#8217;expressi\u00f3 g\u00e8nica, utilitzant Arabidopsis com a organisme model.<\/p>\n\n\n\n<p>M\u00e9s tard, va rebre una beca CSC per realitzar estudis de doctorat i actualment est\u00e0 cursant el seu doctorat a l&#8217;Escola de Qu\u00edmica, Biologia i Enginyeria Ambiental de la UAB. La seva recerca doctoral, desenvolupada dins del grup de recerca GICOM, se centra en la fermentaci\u00f3 en estat s\u00f2lid (SSF) sota la supervisi\u00f3 dels professors Antoni S\u00e1nchez Ferrer, Oscar Mauricio Mart\u00ednez \u00c1vila i Esther Molina Pe\u00f1ate.<\/p>\n\n\n\n<p><\/p>\n\n\n\n<div class=\"wp-block-buttons is-layout-flex wp-block-buttons-is-layout-flex\">\n<div class=\"wp-block-button\"><a class=\"wp-block-button__link wp-element-button\">POrtal de recerca UAB<\/a><\/div>\n\n\n\n<div class=\"wp-block-button\"><a class=\"wp-block-button__link wp-element-button\">ORCID<\/a><\/div>\n<\/div>\n\n\n\n<hr class=\"wp-block-separator has-css-opacity is-style-default\" \/>\n","protected":false},"excerpt":{"rendered":"<p>Jimei Liu, origin\u00e0ria de la Xina, va obtenir la seva llicenciatura en Bioenginyeria a l&#8217;Institut de Tecnologia de Nanchang. Posteriorment, va cursar un m\u00e0ster en Biologia i Medicina a la Universitat de Mong\u00f2lia Interior, on la seva recerca es va centrar en els mecanismes moleculars mitjan\u00e7ant els quals la metilaci\u00f3 de l&#8217;ADN regula l&#8217;expressi\u00f3 g\u00e8nica, [&hellip;]<\/p>\n","protected":false},"author":153,"featured_media":0,"parent":4997,"menu_order":0,"comment_status":"closed","ping_status":"closed","template":"","meta":{"footnotes":""},"class_list":["post-5832","page","type-page","status-publish","hentry"],"yoast_head":"<!-- This site is optimized with the Yoast SEO plugin v26.8 - https:\/\/yoast.com\/product\/yoast-seo-wordpress\/ -->\n<title>Jimei Lui - Grup de Recerca en Compostatge<\/title>\n<meta name=\"robots\" content=\"index, follow, max-snippet:-1, max-image-preview:large, max-video-preview:-1\" \/>\n<link rel=\"canonical\" href=\"https:\/\/webs.uab.cat\/gicom\/equip-gicom\/jimei-lui\/\" \/>\n<meta property=\"og:locale\" content=\"ca_ES\" \/>\n<meta property=\"og:type\" content=\"article\" \/>\n<meta property=\"og:title\" content=\"Jimei Lui - Grup de Recerca en Compostatge\" \/>\n<meta property=\"og:description\" content=\"Jimei Liu, origin\u00e0ria de la Xina, va obtenir la seva llicenciatura en Bioenginyeria a l&#8217;Institut de Tecnologia de Nanchang. Posteriorment, va cursar un m\u00e0ster en Biologia i Medicina a la Universitat de Mong\u00f2lia Interior, on la seva recerca es va centrar en els mecanismes moleculars mitjan\u00e7ant els quals la metilaci\u00f3 de l&#8217;ADN regula l&#8217;expressi\u00f3 g\u00e8nica, [&hellip;]\" \/>\n<meta property=\"og:url\" content=\"https:\/\/webs.uab.cat\/gicom\/equip-gicom\/jimei-lui\/\" \/>\n<meta property=\"og:site_name\" content=\"Grup de Recerca en Compostatge\" \/>\n<meta property=\"article:modified_time\" content=\"2025-02-27T13:49:01+00:00\" \/>\n<meta property=\"og:image\" content=\"https:\/\/webs.uab.cat\/gicom\/wp-content\/uploads\/sites\/206\/2025\/02\/Jimei-Liu-1.jpg\" \/>\n\t<meta property=\"og:image:width\" content=\"284\" \/>\n\t<meta property=\"og:image:height\" content=\"400\" \/>\n\t<meta property=\"og:image:type\" content=\"image\/jpeg\" \/>\n<meta name=\"twitter:card\" content=\"summary_large_image\" \/>\n<meta name=\"twitter:label1\" content=\"Temps estimat de lectura\" \/>\n\t<meta name=\"twitter:data1\" content=\"1 minut\" \/>\n<script type=\"application\/ld+json\" class=\"yoast-schema-graph\">{\"@context\":\"https:\/\/schema.org\",\"@graph\":[{\"@type\":\"WebPage\",\"@id\":\"https:\/\/webs.uab.cat\/gicom\/equip-gicom\/jimei-lui\/\",\"url\":\"https:\/\/webs.uab.cat\/gicom\/equip-gicom\/jimei-lui\/\",\"name\":\"Jimei Lui - Grup de Recerca en Compostatge\",\"isPartOf\":{\"@id\":\"https:\/\/webs.uab.cat\/gicom\/#website\"},\"primaryImageOfPage\":{\"@id\":\"https:\/\/webs.uab.cat\/gicom\/equip-gicom\/jimei-lui\/#primaryimage\"},\"image\":{\"@id\":\"https:\/\/webs.uab.cat\/gicom\/equip-gicom\/jimei-lui\/#primaryimage\"},\"thumbnailUrl\":\"https:\/\/webs.uab.cat\/gicom\/wp-content\/uploads\/sites\/206\/2025\/02\/Jimei-Liu-1-150x150.jpg\",\"datePublished\":\"2025-02-27T13:42:17+00:00\",\"dateModified\":\"2025-02-27T13:49:01+00:00\",\"breadcrumb\":{\"@id\":\"https:\/\/webs.uab.cat\/gicom\/equip-gicom\/jimei-lui\/#breadcrumb\"},\"inLanguage\":\"ca\",\"potentialAction\":[{\"@type\":\"ReadAction\",\"target\":[\"https:\/\/webs.uab.cat\/gicom\/equip-gicom\/jimei-lui\/\"]}]},{\"@type\":\"ImageObject\",\"inLanguage\":\"ca\",\"@id\":\"https:\/\/webs.uab.cat\/gicom\/equip-gicom\/jimei-lui\/#primaryimage\",\"url\":\"https:\/\/webs.uab.cat\/gicom\/wp-content\/uploads\/sites\/206\/2025\/02\/Jimei-Liu-1.jpg\",\"contentUrl\":\"https:\/\/webs.uab.cat\/gicom\/wp-content\/uploads\/sites\/206\/2025\/02\/Jimei-Liu-1.jpg\",\"width\":284,\"height\":400,\"caption\":\"Image of Jimei Liu\"},{\"@type\":\"BreadcrumbList\",\"@id\":\"https:\/\/webs.uab.cat\/gicom\/equip-gicom\/jimei-lui\/#breadcrumb\",\"itemListElement\":[{\"@type\":\"ListItem\",\"position\":1,\"name\":\"Inici\",\"item\":\"https:\/\/webs.uab.cat\/gicom\/\"},{\"@type\":\"ListItem\",\"position\":2,\"name\":\"Equip GICOM\",\"item\":\"https:\/\/webs.uab.cat\/gicom\/equip-gicom\/\"},{\"@type\":\"ListItem\",\"position\":3,\"name\":\"Jimei Lui\"}]},{\"@type\":\"WebSite\",\"@id\":\"https:\/\/webs.uab.cat\/gicom\/#website\",\"url\":\"https:\/\/webs.uab.cat\/gicom\/\",\"name\":\"Grup de Recerca en Compostatge\",\"description\":\"Compostatge, bioconversi\u00f3 de residus org\u00e0nics i remediaci\u00f3 ambiental\",\"potentialAction\":[{\"@type\":\"SearchAction\",\"target\":{\"@type\":\"EntryPoint\",\"urlTemplate\":\"https:\/\/webs.uab.cat\/gicom\/?s={search_term_string}\"},\"query-input\":{\"@type\":\"PropertyValueSpecification\",\"valueRequired\":true,\"valueName\":\"search_term_string\"}}],\"inLanguage\":\"ca\"}]}<\/script>\n<!-- \/ Yoast SEO plugin. -->","yoast_head_json":{"title":"Jimei Lui - Grup de Recerca en Compostatge","robots":{"index":"index","follow":"follow","max-snippet":"max-snippet:-1","max-image-preview":"max-image-preview:large","max-video-preview":"max-video-preview:-1"},"canonical":"https:\/\/webs.uab.cat\/gicom\/equip-gicom\/jimei-lui\/","og_locale":"ca_ES","og_type":"article","og_title":"Jimei Lui - Grup de Recerca en Compostatge","og_description":"Jimei Liu, origin\u00e0ria de la Xina, va obtenir la seva llicenciatura en Bioenginyeria a l&#8217;Institut de Tecnologia de Nanchang. Posteriorment, va cursar un m\u00e0ster en Biologia i Medicina a la Universitat de Mong\u00f2lia Interior, on la seva recerca es va centrar en els mecanismes moleculars mitjan\u00e7ant els quals la metilaci\u00f3 de l&#8217;ADN regula l&#8217;expressi\u00f3 g\u00e8nica, [&hellip;]","og_url":"https:\/\/webs.uab.cat\/gicom\/equip-gicom\/jimei-lui\/","og_site_name":"Grup de Recerca en Compostatge","article_modified_time":"2025-02-27T13:49:01+00:00","og_image":[{"width":284,"height":400,"url":"https:\/\/webs.uab.cat\/gicom\/wp-content\/uploads\/sites\/206\/2025\/02\/Jimei-Liu-1.jpg","type":"image\/jpeg"}],"twitter_card":"summary_large_image","twitter_misc":{"Temps estimat de lectura":"1 minut"},"schema":{"@context":"https:\/\/schema.org","@graph":[{"@type":"WebPage","@id":"https:\/\/webs.uab.cat\/gicom\/equip-gicom\/jimei-lui\/","url":"https:\/\/webs.uab.cat\/gicom\/equip-gicom\/jimei-lui\/","name":"Jimei Lui - Grup de Recerca en Compostatge","isPartOf":{"@id":"https:\/\/webs.uab.cat\/gicom\/#website"},"primaryImageOfPage":{"@id":"https:\/\/webs.uab.cat\/gicom\/equip-gicom\/jimei-lui\/#primaryimage"},"image":{"@id":"https:\/\/webs.uab.cat\/gicom\/equip-gicom\/jimei-lui\/#primaryimage"},"thumbnailUrl":"https:\/\/webs.uab.cat\/gicom\/wp-content\/uploads\/sites\/206\/2025\/02\/Jimei-Liu-1-150x150.jpg","datePublished":"2025-02-27T13:42:17+00:00","dateModified":"2025-02-27T13:49:01+00:00","breadcrumb":{"@id":"https:\/\/webs.uab.cat\/gicom\/equip-gicom\/jimei-lui\/#breadcrumb"},"inLanguage":"ca","potentialAction":[{"@type":"ReadAction","target":["https:\/\/webs.uab.cat\/gicom\/equip-gicom\/jimei-lui\/"]}]},{"@type":"ImageObject","inLanguage":"ca","@id":"https:\/\/webs.uab.cat\/gicom\/equip-gicom\/jimei-lui\/#primaryimage","url":"https:\/\/webs.uab.cat\/gicom\/wp-content\/uploads\/sites\/206\/2025\/02\/Jimei-Liu-1.jpg","contentUrl":"https:\/\/webs.uab.cat\/gicom\/wp-content\/uploads\/sites\/206\/2025\/02\/Jimei-Liu-1.jpg","width":284,"height":400,"caption":"Image of Jimei Liu"},{"@type":"BreadcrumbList","@id":"https:\/\/webs.uab.cat\/gicom\/equip-gicom\/jimei-lui\/#breadcrumb","itemListElement":[{"@type":"ListItem","position":1,"name":"Inici","item":"https:\/\/webs.uab.cat\/gicom\/"},{"@type":"ListItem","position":2,"name":"Equip GICOM","item":"https:\/\/webs.uab.cat\/gicom\/equip-gicom\/"},{"@type":"ListItem","position":3,"name":"Jimei Lui"}]},{"@type":"WebSite","@id":"https:\/\/webs.uab.cat\/gicom\/#website","url":"https:\/\/webs.uab.cat\/gicom\/","name":"Grup de Recerca en Compostatge","description":"Compostatge, bioconversi\u00f3 de residus org\u00e0nics i remediaci\u00f3 ambiental","potentialAction":[{"@type":"SearchAction","target":{"@type":"EntryPoint","urlTemplate":"https:\/\/webs.uab.cat\/gicom\/?s={search_term_string}"},"query-input":{"@type":"PropertyValueSpecification","valueRequired":true,"valueName":"search_term_string"}}],"inLanguage":"ca"}]}},"_links":{"self":[{"href":"https:\/\/webs.uab.cat\/gicom\/wp-json\/wp\/v2\/pages\/5832","targetHints":{"allow":["GET"]}}],"collection":[{"href":"https:\/\/webs.uab.cat\/gicom\/wp-json\/wp\/v2\/pages"}],"about":[{"href":"https:\/\/webs.uab.cat\/gicom\/wp-json\/wp\/v2\/types\/page"}],"author":[{"embeddable":true,"href":"https:\/\/webs.uab.cat\/gicom\/wp-json\/wp\/v2\/users\/153"}],"replies":[{"embeddable":true,"href":"https:\/\/webs.uab.cat\/gicom\/wp-json\/wp\/v2\/comments?post=5832"}],"version-history":[{"count":1,"href":"https:\/\/webs.uab.cat\/gicom\/wp-json\/wp\/v2\/pages\/5832\/revisions"}],"predecessor-version":[{"id":5839,"href":"https:\/\/webs.uab.cat\/gicom\/wp-json\/wp\/v2\/pages\/5832\/revisions\/5839"}],"up":[{"embeddable":true,"href":"https:\/\/webs.uab.cat\/gicom\/wp-json\/wp\/v2\/pages\/4997"}],"wp:attachment":[{"href":"https:\/\/webs.uab.cat\/gicom\/wp-json\/wp\/v2\/media?parent=5832"}],"curies":[{"name":"wp","href":"https:\/\/api.w.org\/{rel}","templated":true}]}}