{"id":5858,"date":"2025-02-27T15:58:34","date_gmt":"2025-02-27T13:58:34","guid":{"rendered":"https:\/\/webs.uab.cat\/gicom\/?page_id=5858"},"modified":"2025-02-27T15:59:20","modified_gmt":"2025-02-27T13:59:20","slug":"paula-sineriz","status":"publish","type":"page","link":"https:\/\/webs.uab.cat\/gicom\/equip-gicom\/paula-sineriz\/","title":{"rendered":"Paula Si\u00f1eriz"},"content":{"rendered":"<div class=\"wp-block-image is-style-rounded\">\n<figure class=\"aligncenter size-thumbnail\"><img loading=\"lazy\" decoding=\"async\" width=\"150\" height=\"150\" src=\"https:\/\/webs.uab.cat\/gicom\/wp-content\/uploads\/sites\/206\/2025\/02\/Paula-Sineriz-150x150.jpg\" alt=\"Imaige of Paula Si\u00f1eriz\" class=\"wp-image-5854\" \/><\/figure>\n<\/div>\n\n\n<p>Paula Si\u00f1eriz Casado \u00e9s una biotecn\u00f2loga (Grau, Universitat d&#8217;Oviedo) especialitzada en microbiologia ambiental (M\u00e0ster, Universitat Aut\u00f2noma de Madrid) asturiana.<\/p>\n\n\n\n<p>Despr\u00e9s de completar el seu m\u00e0ster, es va unir a la Unitat de Cultura Cient\u00edfica i de la Innovaci\u00f3 de la Universitat d&#8217;Oviedo (UCC+I, 2021-2022) com a gestora de la Nit Europea dels Investigadors i altres activitats de divulgaci\u00f3 cient\u00edfica. A la fi de 2022 va passar a formar part de la l\u00ednia de recerca \u201cBiodiversitat i Funcions de Sistemes Aqu\u00e0tics\u201d en l&#8217;Institut Catal\u00e0 de Recerca de l&#8217;Aigua (ICRA-CERCA), com a t\u00e8cnica de suport a la recerca associada al projecte RIVSTRESS (PID2020-115708RB-C22). Durant la seva estada en ICRA (2022-2024), el seu treball es va focalitzar a estudiar l&#8217;impacte que poden tenir diversos estressors (Ej: pres\u00e8ncia de pesticides, variacions per exc\u00e9s o per defecte de nutrients, temperatura, volum d&#8217;aigua, etc.) en l&#8217;estructura i funcions de les comunitats d&#8217;algues i bacteris que conformen els biofilms fluvials.<\/p>\n\n\n\n<p>El 2025 es va incorporar al grup de recerca GICOM en la Universitat Aut\u00f2noma de Barcelona, on actualment est\u00e0 realitzant la seva tesi doctoral com a part del programa de Doctorats Industrials de la Generalitat de Catalunya, en una col\u00b7laboraci\u00f3 entre aquesta universitat i l&#8217;empresa Aeris Tecnologies Ambientals. La recerca de la seva tesi doctoral est\u00e0 emmarcada dins del projecte europeu AquaLoops4Med (I3 Project Grants, GA 101161349), centrant-se en la fermentaci\u00f3 en estat s\u00f2lid de digestat de residus ramaders per a la producci\u00f3 de bioestimulants i biopesticides. Els seus supervisors s\u00f3n el Dr. Xavier Font i el Dr. Oscar Mauricio Mart\u00ednez.<\/p>\n\n\n\n<p><\/p>\n\n\n\n<div class=\"wp-block-buttons is-layout-flex wp-block-buttons-is-layout-flex\">\n<div class=\"wp-block-button\"><a class=\"wp-block-button__link wp-element-button\">POrtal de recerca UAB<\/a><\/div>\n\n\n\n<div class=\"wp-block-button\"><a class=\"wp-block-button__link wp-element-button\">ORCID<\/a><\/div>\n<\/div>\n\n\n\n<hr class=\"wp-block-separator has-css-opacity is-style-default\" \/>\n","protected":false},"excerpt":{"rendered":"<p>Paula Si\u00f1eriz Casado \u00e9s una biotecn\u00f2loga (Grau, Universitat d&#8217;Oviedo) especialitzada en microbiologia ambiental (M\u00e0ster, Universitat Aut\u00f2noma de Madrid) asturiana. Despr\u00e9s de completar el seu m\u00e0ster, es va unir a la Unitat de Cultura Cient\u00edfica i de la Innovaci\u00f3 de la Universitat d&#8217;Oviedo (UCC+I, 2021-2022) com a gestora de la Nit Europea dels Investigadors i altres [&hellip;]<\/p>\n","protected":false},"author":153,"featured_media":0,"parent":4997,"menu_order":0,"comment_status":"closed","ping_status":"closed","template":"","meta":{"footnotes":""},"class_list":["post-5858","page","type-page","status-publish","hentry"],"yoast_head":"<!-- This site is optimized with the Yoast SEO plugin v26.8 - https:\/\/yoast.com\/product\/yoast-seo-wordpress\/ -->\n<title>Paula Si\u00f1eriz - Grup de Recerca en Compostatge<\/title>\n<meta name=\"robots\" content=\"index, follow, max-snippet:-1, max-image-preview:large, max-video-preview:-1\" \/>\n<link rel=\"canonical\" href=\"https:\/\/webs.uab.cat\/gicom\/equip-gicom\/paula-sineriz\/\" \/>\n<meta property=\"og:locale\" content=\"ca_ES\" \/>\n<meta property=\"og:type\" content=\"article\" \/>\n<meta property=\"og:title\" content=\"Paula Si\u00f1eriz - Grup de Recerca en Compostatge\" \/>\n<meta property=\"og:description\" content=\"Paula Si\u00f1eriz Casado \u00e9s una biotecn\u00f2loga (Grau, Universitat d&#8217;Oviedo) especialitzada en microbiologia ambiental (M\u00e0ster, Universitat Aut\u00f2noma de Madrid) asturiana. Despr\u00e9s de completar el seu m\u00e0ster, es va unir a la Unitat de Cultura Cient\u00edfica i de la Innovaci\u00f3 de la Universitat d&#8217;Oviedo (UCC+I, 2021-2022) com a gestora de la Nit Europea dels Investigadors i altres [&hellip;]\" \/>\n<meta property=\"og:url\" content=\"https:\/\/webs.uab.cat\/gicom\/equip-gicom\/paula-sineriz\/\" \/>\n<meta property=\"og:site_name\" content=\"Grup de Recerca en Compostatge\" \/>\n<meta property=\"article:modified_time\" content=\"2025-02-27T13:59:20+00:00\" \/>\n<meta property=\"og:image\" content=\"https:\/\/webs.uab.cat\/gicom\/wp-content\/uploads\/sites\/206\/2025\/02\/Paula-Sineriz-scaled.jpg\" \/>\n\t<meta property=\"og:image:width\" content=\"2047\" \/>\n\t<meta property=\"og:image:height\" content=\"2560\" \/>\n\t<meta property=\"og:image:type\" content=\"image\/jpeg\" \/>\n<meta name=\"twitter:card\" content=\"summary_large_image\" \/>\n<meta name=\"twitter:label1\" content=\"Temps estimat de lectura\" \/>\n\t<meta name=\"twitter:data1\" content=\"2 minuts\" \/>\n<script type=\"application\/ld+json\" class=\"yoast-schema-graph\">{\"@context\":\"https:\/\/schema.org\",\"@graph\":[{\"@type\":\"WebPage\",\"@id\":\"https:\/\/webs.uab.cat\/gicom\/equip-gicom\/paula-sineriz\/\",\"url\":\"https:\/\/webs.uab.cat\/gicom\/equip-gicom\/paula-sineriz\/\",\"name\":\"Paula Si\u00f1eriz - Grup de Recerca en Compostatge\",\"isPartOf\":{\"@id\":\"https:\/\/webs.uab.cat\/gicom\/#website\"},\"primaryImageOfPage\":{\"@id\":\"https:\/\/webs.uab.cat\/gicom\/equip-gicom\/paula-sineriz\/#primaryimage\"},\"image\":{\"@id\":\"https:\/\/webs.uab.cat\/gicom\/equip-gicom\/paula-sineriz\/#primaryimage\"},\"thumbnailUrl\":\"https:\/\/webs.uab.cat\/gicom\/wp-content\/uploads\/sites\/206\/2025\/02\/Paula-Sineriz-150x150.jpg\",\"datePublished\":\"2025-02-27T13:58:34+00:00\",\"dateModified\":\"2025-02-27T13:59:20+00:00\",\"breadcrumb\":{\"@id\":\"https:\/\/webs.uab.cat\/gicom\/equip-gicom\/paula-sineriz\/#breadcrumb\"},\"inLanguage\":\"ca\",\"potentialAction\":[{\"@type\":\"ReadAction\",\"target\":[\"https:\/\/webs.uab.cat\/gicom\/equip-gicom\/paula-sineriz\/\"]}]},{\"@type\":\"ImageObject\",\"inLanguage\":\"ca\",\"@id\":\"https:\/\/webs.uab.cat\/gicom\/equip-gicom\/paula-sineriz\/#primaryimage\",\"url\":\"https:\/\/webs.uab.cat\/gicom\/wp-content\/uploads\/sites\/206\/2025\/02\/Paula-Sineriz-scaled.jpg\",\"contentUrl\":\"https:\/\/webs.uab.cat\/gicom\/wp-content\/uploads\/sites\/206\/2025\/02\/Paula-Sineriz-scaled.jpg\",\"width\":2047,\"height\":2560,\"caption\":\"Imaige of Paula Si\u00f1eriz\"},{\"@type\":\"BreadcrumbList\",\"@id\":\"https:\/\/webs.uab.cat\/gicom\/equip-gicom\/paula-sineriz\/#breadcrumb\",\"itemListElement\":[{\"@type\":\"ListItem\",\"position\":1,\"name\":\"Inici\",\"item\":\"https:\/\/webs.uab.cat\/gicom\/\"},{\"@type\":\"ListItem\",\"position\":2,\"name\":\"Equip GICOM\",\"item\":\"https:\/\/webs.uab.cat\/gicom\/equip-gicom\/\"},{\"@type\":\"ListItem\",\"position\":3,\"name\":\"Paula Si\u00f1eriz\"}]},{\"@type\":\"WebSite\",\"@id\":\"https:\/\/webs.uab.cat\/gicom\/#website\",\"url\":\"https:\/\/webs.uab.cat\/gicom\/\",\"name\":\"Grup de Recerca en Compostatge\",\"description\":\"Compostatge, bioconversi\u00f3 de residus org\u00e0nics i remediaci\u00f3 ambiental\",\"potentialAction\":[{\"@type\":\"SearchAction\",\"target\":{\"@type\":\"EntryPoint\",\"urlTemplate\":\"https:\/\/webs.uab.cat\/gicom\/?s={search_term_string}\"},\"query-input\":{\"@type\":\"PropertyValueSpecification\",\"valueRequired\":true,\"valueName\":\"search_term_string\"}}],\"inLanguage\":\"ca\"}]}<\/script>\n<!-- \/ Yoast SEO plugin. -->","yoast_head_json":{"title":"Paula Si\u00f1eriz - Grup de Recerca en Compostatge","robots":{"index":"index","follow":"follow","max-snippet":"max-snippet:-1","max-image-preview":"max-image-preview:large","max-video-preview":"max-video-preview:-1"},"canonical":"https:\/\/webs.uab.cat\/gicom\/equip-gicom\/paula-sineriz\/","og_locale":"ca_ES","og_type":"article","og_title":"Paula Si\u00f1eriz - Grup de Recerca en Compostatge","og_description":"Paula Si\u00f1eriz Casado \u00e9s una biotecn\u00f2loga (Grau, Universitat d&#8217;Oviedo) especialitzada en microbiologia ambiental (M\u00e0ster, Universitat Aut\u00f2noma de Madrid) asturiana. Despr\u00e9s de completar el seu m\u00e0ster, es va unir a la Unitat de Cultura Cient\u00edfica i de la Innovaci\u00f3 de la Universitat d&#8217;Oviedo (UCC+I, 2021-2022) com a gestora de la Nit Europea dels Investigadors i altres [&hellip;]","og_url":"https:\/\/webs.uab.cat\/gicom\/equip-gicom\/paula-sineriz\/","og_site_name":"Grup de Recerca en Compostatge","article_modified_time":"2025-02-27T13:59:20+00:00","og_image":[{"width":2047,"height":2560,"url":"https:\/\/webs.uab.cat\/gicom\/wp-content\/uploads\/sites\/206\/2025\/02\/Paula-Sineriz-scaled.jpg","type":"image\/jpeg"}],"twitter_card":"summary_large_image","twitter_misc":{"Temps estimat de lectura":"2 minuts"},"schema":{"@context":"https:\/\/schema.org","@graph":[{"@type":"WebPage","@id":"https:\/\/webs.uab.cat\/gicom\/equip-gicom\/paula-sineriz\/","url":"https:\/\/webs.uab.cat\/gicom\/equip-gicom\/paula-sineriz\/","name":"Paula Si\u00f1eriz - Grup de Recerca en Compostatge","isPartOf":{"@id":"https:\/\/webs.uab.cat\/gicom\/#website"},"primaryImageOfPage":{"@id":"https:\/\/webs.uab.cat\/gicom\/equip-gicom\/paula-sineriz\/#primaryimage"},"image":{"@id":"https:\/\/webs.uab.cat\/gicom\/equip-gicom\/paula-sineriz\/#primaryimage"},"thumbnailUrl":"https:\/\/webs.uab.cat\/gicom\/wp-content\/uploads\/sites\/206\/2025\/02\/Paula-Sineriz-150x150.jpg","datePublished":"2025-02-27T13:58:34+00:00","dateModified":"2025-02-27T13:59:20+00:00","breadcrumb":{"@id":"https:\/\/webs.uab.cat\/gicom\/equip-gicom\/paula-sineriz\/#breadcrumb"},"inLanguage":"ca","potentialAction":[{"@type":"ReadAction","target":["https:\/\/webs.uab.cat\/gicom\/equip-gicom\/paula-sineriz\/"]}]},{"@type":"ImageObject","inLanguage":"ca","@id":"https:\/\/webs.uab.cat\/gicom\/equip-gicom\/paula-sineriz\/#primaryimage","url":"https:\/\/webs.uab.cat\/gicom\/wp-content\/uploads\/sites\/206\/2025\/02\/Paula-Sineriz-scaled.jpg","contentUrl":"https:\/\/webs.uab.cat\/gicom\/wp-content\/uploads\/sites\/206\/2025\/02\/Paula-Sineriz-scaled.jpg","width":2047,"height":2560,"caption":"Imaige of Paula Si\u00f1eriz"},{"@type":"BreadcrumbList","@id":"https:\/\/webs.uab.cat\/gicom\/equip-gicom\/paula-sineriz\/#breadcrumb","itemListElement":[{"@type":"ListItem","position":1,"name":"Inici","item":"https:\/\/webs.uab.cat\/gicom\/"},{"@type":"ListItem","position":2,"name":"Equip GICOM","item":"https:\/\/webs.uab.cat\/gicom\/equip-gicom\/"},{"@type":"ListItem","position":3,"name":"Paula Si\u00f1eriz"}]},{"@type":"WebSite","@id":"https:\/\/webs.uab.cat\/gicom\/#website","url":"https:\/\/webs.uab.cat\/gicom\/","name":"Grup de Recerca en Compostatge","description":"Compostatge, bioconversi\u00f3 de residus org\u00e0nics i remediaci\u00f3 ambiental","potentialAction":[{"@type":"SearchAction","target":{"@type":"EntryPoint","urlTemplate":"https:\/\/webs.uab.cat\/gicom\/?s={search_term_string}"},"query-input":{"@type":"PropertyValueSpecification","valueRequired":true,"valueName":"search_term_string"}}],"inLanguage":"ca"}]}},"_links":{"self":[{"href":"https:\/\/webs.uab.cat\/gicom\/wp-json\/wp\/v2\/pages\/5858","targetHints":{"allow":["GET"]}}],"collection":[{"href":"https:\/\/webs.uab.cat\/gicom\/wp-json\/wp\/v2\/pages"}],"about":[{"href":"https:\/\/webs.uab.cat\/gicom\/wp-json\/wp\/v2\/types\/page"}],"author":[{"embeddable":true,"href":"https:\/\/webs.uab.cat\/gicom\/wp-json\/wp\/v2\/users\/153"}],"replies":[{"embeddable":true,"href":"https:\/\/webs.uab.cat\/gicom\/wp-json\/wp\/v2\/comments?post=5858"}],"version-history":[{"count":1,"href":"https:\/\/webs.uab.cat\/gicom\/wp-json\/wp\/v2\/pages\/5858\/revisions"}],"predecessor-version":[{"id":5859,"href":"https:\/\/webs.uab.cat\/gicom\/wp-json\/wp\/v2\/pages\/5858\/revisions\/5859"}],"up":[{"embeddable":true,"href":"https:\/\/webs.uab.cat\/gicom\/wp-json\/wp\/v2\/pages\/4997"}],"wp:attachment":[{"href":"https:\/\/webs.uab.cat\/gicom\/wp-json\/wp\/v2\/media?parent=5858"}],"curies":[{"name":"wp","href":"https:\/\/api.w.org\/{rel}","templated":true}]}}