{"id":5879,"date":"2025-02-27T16:45:13","date_gmt":"2025-02-27T14:45:13","guid":{"rendered":"https:\/\/webs.uab.cat\/gicom\/?page_id=5879"},"modified":"2025-03-02T18:48:33","modified_gmt":"2025-03-02T16:48:33","slug":"digestio-anaerobia","status":"publish","type":"page","link":"https:\/\/webs.uab.cat\/gicom\/digestio-anaerobia\/","title":{"rendered":"Digesti\u00f3 Anaer\u00f2bia"},"content":{"rendered":"\n<p>El nostre grup de recerca treballa en la <strong>millora de la digesti\u00f3 anaer\u00f2bia<\/strong> mitjan\u00e7ant l&#8217;\u00fas d\u2019<strong>additius<\/strong>, amb l\u2019objectiu d\u2019optimitzar el proc\u00e9s i fer-lo m\u00e9s eficient i estable.<\/p>\n\n\n\n<h3 class=\"wp-block-heading\"><strong>Optimitzaci\u00f3 del Proc\u00e9s amb Additius<\/strong><\/h3>\n\n\n\n<p>S\u2019ha demostrat que determinats materials poden:<br>\u2714 <strong>Incrementar la producci\u00f3 de biog\u00e0s.<\/strong><br>\u2714 <strong>Augmentar la concentraci\u00f3 de met\u00e0 en el biog\u00e0s.<\/strong><br>\u2714 <strong>Millorar l&#8217;estabilitat del proc\u00e9s, fent-lo m\u00e9s resistent als canvis operacionals.<\/strong><\/p>\n\n\n\n<h3 class=\"wp-block-heading\"><strong>\u00das de Nous Materials en Digesti\u00f3 Anaer\u00f2bia<\/strong><\/h3>\n\n\n\n<p>La investigaci\u00f3 del grup se centra en l\u2019addici\u00f3 de <strong>nous  materials<\/strong>, com ara:<br>\u2714 <strong>Nanopart\u00edcules de ferro <\/strong>i altres metalls.<br>\u2714 <strong>Biochar.<\/strong><br>\u2714 <strong>Nanopart\u00edcules immobilitzades sobre biochar o altres materials.<\/strong><\/p>\n\n\n\n<p>Aquestes estrat\u00e8gies s&#8217;estudien tant en <strong>digesti\u00f3 anaer\u00f2bia mesof\u00edlica<\/strong> com en el <strong>rang psicrof\u00edlic de temperatura<\/strong>, per entendre millor com afecten el rendiment del proc\u00e9s en diferents condicions.<\/p>\n\n\n\n<div class=\"wp-block-columns is-layout-flex wp-container-core-columns-is-layout-9d6595d7 wp-block-columns-is-layout-flex\">\n<div class=\"wp-block-column is-layout-flow wp-block-column-is-layout-flow\">\n<figure class=\"wp-block-image size-large is-style-rounded\"><img loading=\"lazy\" decoding=\"async\" width=\"1024\" height=\"766\" src=\"https:\/\/webs.uab.cat\/gicom\/wp-content\/uploads\/sites\/206\/2025\/02\/Digestor-1024x766.jpg\" alt=\"\" class=\"wp-image-5871\" srcset=\"https:\/\/webs.uab.cat\/gicom\/wp-content\/uploads\/sites\/206\/2025\/02\/Digestor-1024x766.jpg 1024w, https:\/\/webs.uab.cat\/gicom\/wp-content\/uploads\/sites\/206\/2025\/02\/Digestor-300x224.jpg 300w, https:\/\/webs.uab.cat\/gicom\/wp-content\/uploads\/sites\/206\/2025\/02\/Digestor-768x574.jpg 768w, https:\/\/webs.uab.cat\/gicom\/wp-content\/uploads\/sites\/206\/2025\/02\/Digestor-1200x898.jpg 1200w, https:\/\/webs.uab.cat\/gicom\/wp-content\/uploads\/sites\/206\/2025\/02\/Digestor.jpg 1448w\" sizes=\"auto, (max-width: 1024px) 100vw, 1024px\" \/><\/figure>\n<\/div>\n\n\n\n<div class=\"wp-block-column is-layout-flow wp-block-column-is-layout-flow\">\n<p><strong>Escala de Treball<\/strong><\/p>\n\n\n\n<p>Disposem d\u2019equipaments que permeten estudiar el proc\u00e9s a diferents escales:<br>\ud83e\uddea <strong>Petita escala:<\/strong> assaigs en discontinu (&lt;1 L) per analitzar m\u00faltiples variables.<br>\u2699\ufe0f <strong>Escala laboratori:<\/strong> digestors de <strong>2 L<\/strong> en proc\u00e9s continu.<br>\ud83c\udfed <strong>Escala pilot:<\/strong> digestor de <strong>fins a 100 L<\/strong> per validar resultats en condicions m\u00e9s properes a la realitat industrial.<\/p>\n<\/div>\n<\/div>\n\n\n\n<p>Aquesta investigaci\u00f3 permet avan\u00e7ar cap a sistemes de digesti\u00f3 anaer\u00f2bia <strong>m\u00e9s eficients, sostenibles i aplicables a escala real<\/strong>.<\/p>\n","protected":false},"excerpt":{"rendered":"<p>El nostre grup de recerca treballa en la millora de la digesti\u00f3 anaer\u00f2bia mitjan\u00e7ant l&#8217;\u00fas d\u2019additius, amb l\u2019objectiu d\u2019optimitzar el proc\u00e9s i fer-lo m\u00e9s eficient i estable. Optimitzaci\u00f3 del Proc\u00e9s amb Additius S\u2019ha demostrat que determinats materials poden:\u2714 Incrementar la producci\u00f3 de biog\u00e0s.\u2714 Augmentar la concentraci\u00f3 de met\u00e0 en el biog\u00e0s.\u2714 Millorar l&#8217;estabilitat del proc\u00e9s, [&hellip;]<\/p>\n","protected":false},"author":153,"featured_media":0,"parent":0,"menu_order":0,"comment_status":"closed","ping_status":"closed","template":"","meta":{"footnotes":""},"class_list":["post-5879","page","type-page","status-publish","hentry"],"yoast_head":"<!-- This site is optimized with the Yoast SEO plugin v26.8 - https:\/\/yoast.com\/product\/yoast-seo-wordpress\/ -->\n<title>Digesti\u00f3 Anaer\u00f2bia - Grup de Recerca en Compostatge<\/title>\n<meta name=\"robots\" content=\"index, follow, max-snippet:-1, max-image-preview:large, max-video-preview:-1\" \/>\n<link rel=\"canonical\" href=\"https:\/\/webs.uab.cat\/gicom\/digestio-anaerobia\/\" \/>\n<meta property=\"og:locale\" content=\"ca_ES\" \/>\n<meta property=\"og:type\" content=\"article\" \/>\n<meta property=\"og:title\" content=\"Digesti\u00f3 Anaer\u00f2bia - Grup de Recerca en Compostatge\" \/>\n<meta property=\"og:description\" content=\"El nostre grup de recerca treballa en la millora de la digesti\u00f3 anaer\u00f2bia mitjan\u00e7ant l&#8217;\u00fas d\u2019additius, amb l\u2019objectiu d\u2019optimitzar el proc\u00e9s i fer-lo m\u00e9s eficient i estable. Optimitzaci\u00f3 del Proc\u00e9s amb Additius S\u2019ha demostrat que determinats materials poden:\u2714 Incrementar la producci\u00f3 de biog\u00e0s.\u2714 Augmentar la concentraci\u00f3 de met\u00e0 en el biog\u00e0s.\u2714 Millorar l&#8217;estabilitat del proc\u00e9s, [&hellip;]\" \/>\n<meta property=\"og:url\" content=\"https:\/\/webs.uab.cat\/gicom\/digestio-anaerobia\/\" \/>\n<meta property=\"og:site_name\" content=\"Grup de Recerca en Compostatge\" \/>\n<meta property=\"article:modified_time\" content=\"2025-03-02T16:48:33+00:00\" \/>\n<meta property=\"og:image\" content=\"https:\/\/webs.uab.cat\/gicom\/wp-content\/uploads\/sites\/206\/2025\/02\/Digestor.jpg\" \/>\n\t<meta property=\"og:image:width\" content=\"1448\" \/>\n\t<meta property=\"og:image:height\" content=\"1083\" \/>\n\t<meta property=\"og:image:type\" content=\"image\/jpeg\" \/>\n<meta name=\"twitter:card\" content=\"summary_large_image\" \/>\n<meta name=\"twitter:label1\" content=\"Temps estimat de lectura\" \/>\n\t<meta name=\"twitter:data1\" content=\"2 minuts\" \/>\n<script type=\"application\/ld+json\" class=\"yoast-schema-graph\">{\"@context\":\"https:\/\/schema.org\",\"@graph\":[{\"@type\":\"WebPage\",\"@id\":\"https:\/\/webs.uab.cat\/gicom\/digestio-anaerobia\/\",\"url\":\"https:\/\/webs.uab.cat\/gicom\/digestio-anaerobia\/\",\"name\":\"Digesti\u00f3 Anaer\u00f2bia - Grup de Recerca en Compostatge\",\"isPartOf\":{\"@id\":\"https:\/\/webs.uab.cat\/gicom\/#website\"},\"primaryImageOfPage\":{\"@id\":\"https:\/\/webs.uab.cat\/gicom\/digestio-anaerobia\/#primaryimage\"},\"image\":{\"@id\":\"https:\/\/webs.uab.cat\/gicom\/digestio-anaerobia\/#primaryimage\"},\"thumbnailUrl\":\"https:\/\/webs.uab.cat\/gicom\/wp-content\/uploads\/sites\/206\/2025\/02\/Digestor-1024x766.jpg\",\"datePublished\":\"2025-02-27T14:45:13+00:00\",\"dateModified\":\"2025-03-02T16:48:33+00:00\",\"breadcrumb\":{\"@id\":\"https:\/\/webs.uab.cat\/gicom\/digestio-anaerobia\/#breadcrumb\"},\"inLanguage\":\"ca\",\"potentialAction\":[{\"@type\":\"ReadAction\",\"target\":[\"https:\/\/webs.uab.cat\/gicom\/digestio-anaerobia\/\"]}]},{\"@type\":\"ImageObject\",\"inLanguage\":\"ca\",\"@id\":\"https:\/\/webs.uab.cat\/gicom\/digestio-anaerobia\/#primaryimage\",\"url\":\"https:\/\/webs.uab.cat\/gicom\/wp-content\/uploads\/sites\/206\/2025\/02\/Digestor.jpg\",\"contentUrl\":\"https:\/\/webs.uab.cat\/gicom\/wp-content\/uploads\/sites\/206\/2025\/02\/Digestor.jpg\",\"width\":1448,\"height\":1083},{\"@type\":\"BreadcrumbList\",\"@id\":\"https:\/\/webs.uab.cat\/gicom\/digestio-anaerobia\/#breadcrumb\",\"itemListElement\":[{\"@type\":\"ListItem\",\"position\":1,\"name\":\"Inici\",\"item\":\"https:\/\/webs.uab.cat\/gicom\/\"},{\"@type\":\"ListItem\",\"position\":2,\"name\":\"Digesti\u00f3 Anaer\u00f2bia\"}]},{\"@type\":\"WebSite\",\"@id\":\"https:\/\/webs.uab.cat\/gicom\/#website\",\"url\":\"https:\/\/webs.uab.cat\/gicom\/\",\"name\":\"Grup de Recerca en Compostatge\",\"description\":\"Compostatge, bioconversi\u00f3 de residus org\u00e0nics i remediaci\u00f3 ambiental\",\"potentialAction\":[{\"@type\":\"SearchAction\",\"target\":{\"@type\":\"EntryPoint\",\"urlTemplate\":\"https:\/\/webs.uab.cat\/gicom\/?s={search_term_string}\"},\"query-input\":{\"@type\":\"PropertyValueSpecification\",\"valueRequired\":true,\"valueName\":\"search_term_string\"}}],\"inLanguage\":\"ca\"}]}<\/script>\n<!-- \/ Yoast SEO plugin. -->","yoast_head_json":{"title":"Digesti\u00f3 Anaer\u00f2bia - Grup de Recerca en Compostatge","robots":{"index":"index","follow":"follow","max-snippet":"max-snippet:-1","max-image-preview":"max-image-preview:large","max-video-preview":"max-video-preview:-1"},"canonical":"https:\/\/webs.uab.cat\/gicom\/digestio-anaerobia\/","og_locale":"ca_ES","og_type":"article","og_title":"Digesti\u00f3 Anaer\u00f2bia - Grup de Recerca en Compostatge","og_description":"El nostre grup de recerca treballa en la millora de la digesti\u00f3 anaer\u00f2bia mitjan\u00e7ant l&#8217;\u00fas d\u2019additius, amb l\u2019objectiu d\u2019optimitzar el proc\u00e9s i fer-lo m\u00e9s eficient i estable. Optimitzaci\u00f3 del Proc\u00e9s amb Additius S\u2019ha demostrat que determinats materials poden:\u2714 Incrementar la producci\u00f3 de biog\u00e0s.\u2714 Augmentar la concentraci\u00f3 de met\u00e0 en el biog\u00e0s.\u2714 Millorar l&#8217;estabilitat del proc\u00e9s, [&hellip;]","og_url":"https:\/\/webs.uab.cat\/gicom\/digestio-anaerobia\/","og_site_name":"Grup de Recerca en Compostatge","article_modified_time":"2025-03-02T16:48:33+00:00","og_image":[{"width":1448,"height":1083,"url":"https:\/\/webs.uab.cat\/gicom\/wp-content\/uploads\/sites\/206\/2025\/02\/Digestor.jpg","type":"image\/jpeg"}],"twitter_card":"summary_large_image","twitter_misc":{"Temps estimat de lectura":"2 minuts"},"schema":{"@context":"https:\/\/schema.org","@graph":[{"@type":"WebPage","@id":"https:\/\/webs.uab.cat\/gicom\/digestio-anaerobia\/","url":"https:\/\/webs.uab.cat\/gicom\/digestio-anaerobia\/","name":"Digesti\u00f3 Anaer\u00f2bia - Grup de Recerca en Compostatge","isPartOf":{"@id":"https:\/\/webs.uab.cat\/gicom\/#website"},"primaryImageOfPage":{"@id":"https:\/\/webs.uab.cat\/gicom\/digestio-anaerobia\/#primaryimage"},"image":{"@id":"https:\/\/webs.uab.cat\/gicom\/digestio-anaerobia\/#primaryimage"},"thumbnailUrl":"https:\/\/webs.uab.cat\/gicom\/wp-content\/uploads\/sites\/206\/2025\/02\/Digestor-1024x766.jpg","datePublished":"2025-02-27T14:45:13+00:00","dateModified":"2025-03-02T16:48:33+00:00","breadcrumb":{"@id":"https:\/\/webs.uab.cat\/gicom\/digestio-anaerobia\/#breadcrumb"},"inLanguage":"ca","potentialAction":[{"@type":"ReadAction","target":["https:\/\/webs.uab.cat\/gicom\/digestio-anaerobia\/"]}]},{"@type":"ImageObject","inLanguage":"ca","@id":"https:\/\/webs.uab.cat\/gicom\/digestio-anaerobia\/#primaryimage","url":"https:\/\/webs.uab.cat\/gicom\/wp-content\/uploads\/sites\/206\/2025\/02\/Digestor.jpg","contentUrl":"https:\/\/webs.uab.cat\/gicom\/wp-content\/uploads\/sites\/206\/2025\/02\/Digestor.jpg","width":1448,"height":1083},{"@type":"BreadcrumbList","@id":"https:\/\/webs.uab.cat\/gicom\/digestio-anaerobia\/#breadcrumb","itemListElement":[{"@type":"ListItem","position":1,"name":"Inici","item":"https:\/\/webs.uab.cat\/gicom\/"},{"@type":"ListItem","position":2,"name":"Digesti\u00f3 Anaer\u00f2bia"}]},{"@type":"WebSite","@id":"https:\/\/webs.uab.cat\/gicom\/#website","url":"https:\/\/webs.uab.cat\/gicom\/","name":"Grup de Recerca en Compostatge","description":"Compostatge, bioconversi\u00f3 de residus org\u00e0nics i remediaci\u00f3 ambiental","potentialAction":[{"@type":"SearchAction","target":{"@type":"EntryPoint","urlTemplate":"https:\/\/webs.uab.cat\/gicom\/?s={search_term_string}"},"query-input":{"@type":"PropertyValueSpecification","valueRequired":true,"valueName":"search_term_string"}}],"inLanguage":"ca"}]}},"_links":{"self":[{"href":"https:\/\/webs.uab.cat\/gicom\/wp-json\/wp\/v2\/pages\/5879","targetHints":{"allow":["GET"]}}],"collection":[{"href":"https:\/\/webs.uab.cat\/gicom\/wp-json\/wp\/v2\/pages"}],"about":[{"href":"https:\/\/webs.uab.cat\/gicom\/wp-json\/wp\/v2\/types\/page"}],"author":[{"embeddable":true,"href":"https:\/\/webs.uab.cat\/gicom\/wp-json\/wp\/v2\/users\/153"}],"replies":[{"embeddable":true,"href":"https:\/\/webs.uab.cat\/gicom\/wp-json\/wp\/v2\/comments?post=5879"}],"version-history":[{"count":6,"href":"https:\/\/webs.uab.cat\/gicom\/wp-json\/wp\/v2\/pages\/5879\/revisions"}],"predecessor-version":[{"id":5940,"href":"https:\/\/webs.uab.cat\/gicom\/wp-json\/wp\/v2\/pages\/5879\/revisions\/5940"}],"wp:attachment":[{"href":"https:\/\/webs.uab.cat\/gicom\/wp-json\/wp\/v2\/media?parent=5879"}],"curies":[{"name":"wp","href":"https:\/\/api.w.org\/{rel}","templated":true}]}}