{"id":5956,"date":"2025-03-03T15:43:29","date_gmt":"2025-03-03T13:43:29","guid":{"rendered":"https:\/\/webs.uab.cat\/gicom\/?page_id=5956"},"modified":"2025-03-03T15:48:14","modified_gmt":"2025-03-03T13:48:14","slug":"emissions-difuses","status":"publish","type":"page","link":"https:\/\/webs.uab.cat\/gicom\/emissions-difuses\/","title":{"rendered":"Emissions difuses"},"content":{"rendered":"\n<p>El <strong>Grup de Recerca GICOM<\/strong> compta amb una \u00e0mplia experi\u00e8ncia en la <strong>determinaci\u00f3 d\u2019emissions gasoses<\/strong> generades en processos de tractament de residus. Som capa\u00e7os de quantificar emissions de:<\/p>\n\n\n\n<ul class=\"wp-block-list\">\n<li><strong>Gasos d\u2019efecte hivernacle<\/strong> (com CO\u2082, CH\u2084 i N\u2082O),<\/li>\n\n\n\n<li><strong>Amon\u00edac (NH\u2083)<\/strong>,<\/li>\n\n\n\n<li><strong>Sulfur d\u2019hidrogen (H\u2082S)<\/strong>,<\/li>\n\n\n\n<li><strong>Compostos org\u00e0nics vol\u00e0tils (COVs)<\/strong> de diverses fam\u00edlies, i<\/li>\n\n\n\n<li><strong>Olors<\/strong>, mitjan\u00e7ant <strong>olfactometria din\u00e0mica de camp<\/strong>.<\/li>\n<\/ul>\n\n\n\n<p>Hem dut a terme aquests estudis en processos de <strong>compostatge<\/strong>, des d&#8217;escala de laboratori fins a <strong>escala industrial<\/strong>, <strong>instal\u00b7lacions de tractament i valoritzaci\u00f3 tant tancades com obertes<\/strong>, aportant coneixement aplicat a la millora de la gesti\u00f3 de residus.<\/p>\n\n\n<div class=\"wp-block-image\">\n<figure class=\"aligncenter size-large is-resized\"><img loading=\"lazy\" decoding=\"async\" width=\"1024\" height=\"671\" src=\"https:\/\/webs.uab.cat\/gicom\/wp-content\/uploads\/sites\/206\/2025\/03\/emissions-difuses-1024x671.jpg\" alt=\"\" class=\"wp-image-5962\" style=\"width:610px;height:auto\" srcset=\"https:\/\/webs.uab.cat\/gicom\/wp-content\/uploads\/sites\/206\/2025\/03\/emissions-difuses-1024x671.jpg 1024w, https:\/\/webs.uab.cat\/gicom\/wp-content\/uploads\/sites\/206\/2025\/03\/emissions-difuses-300x197.jpg 300w, https:\/\/webs.uab.cat\/gicom\/wp-content\/uploads\/sites\/206\/2025\/03\/emissions-difuses-768x503.jpg 768w, https:\/\/webs.uab.cat\/gicom\/wp-content\/uploads\/sites\/206\/2025\/03\/emissions-difuses-1536x1007.jpg 1536w, https:\/\/webs.uab.cat\/gicom\/wp-content\/uploads\/sites\/206\/2025\/03\/emissions-difuses-2048x1342.jpg 2048w, https:\/\/webs.uab.cat\/gicom\/wp-content\/uploads\/sites\/206\/2025\/03\/emissions-difuses-1200x786.jpg 1200w, https:\/\/webs.uab.cat\/gicom\/wp-content\/uploads\/sites\/206\/2025\/03\/emissions-difuses-1980x1298.jpg 1980w\" sizes=\"auto, (max-width: 1024px) 100vw, 1024px\" \/><\/figure>\n<\/div>\n\n\n<h3 class=\"wp-block-heading\"><strong>An\u00e0lisi d\u2019emissions difuses en abocadors<\/strong><\/h3>\n\n\n\n<p>Hem desenvolupat una <strong>metodologia espec\u00edfica<\/strong> per quantificar les <strong>emissions difuses, especialment de met\u00e0, en abocadors<\/strong>. Aquest protocol ja s\u2019ha aplicat en diversos <strong>abocadors de petita i mitjana escala a Catalunya<\/strong>, permetent determinar <strong>l\u2019efici\u00e8ncia de captaci\u00f3 del met\u00e0<\/strong> en aquests espais.<\/p>\n\n\n\n<p>En els pr\u00f2xims mesos, en col\u00b7laboraci\u00f3 amb l\u2019<strong>Ag\u00e8ncia de Residus de Catalunya<\/strong>, impulsarem un <strong>estudi a gran escala<\/strong> per quantificar les emissions de met\u00e0 en <strong>tots els abocadors de Catalunya<\/strong>. Aquest projecte contribuir\u00e0 a una millor gesti\u00f3 del biog\u00e0s generat i a la reducci\u00f3 de l\u2019impacte ambiental associat.<\/p>\n","protected":false},"excerpt":{"rendered":"<p>El Grup de Recerca GICOM compta amb una \u00e0mplia experi\u00e8ncia en la determinaci\u00f3 d\u2019emissions gasoses generades en processos de tractament de residus. Som capa\u00e7os de quantificar emissions de: Hem dut a terme aquests estudis en processos de compostatge, des d&#8217;escala de laboratori fins a escala industrial, instal\u00b7lacions de tractament i valoritzaci\u00f3 tant tancades com obertes, [&hellip;]<\/p>\n","protected":false},"author":153,"featured_media":0,"parent":0,"menu_order":0,"comment_status":"closed","ping_status":"closed","template":"","meta":{"footnotes":""},"class_list":["post-5956","page","type-page","status-publish","hentry"],"yoast_head":"<!-- This site is optimized with the Yoast SEO plugin v26.8 - https:\/\/yoast.com\/product\/yoast-seo-wordpress\/ -->\n<title>Emissions difuses - Grup de Recerca en Compostatge<\/title>\n<meta name=\"robots\" content=\"index, follow, max-snippet:-1, max-image-preview:large, max-video-preview:-1\" \/>\n<link rel=\"canonical\" href=\"https:\/\/webs.uab.cat\/gicom\/emissions-difuses\/\" \/>\n<meta property=\"og:locale\" content=\"ca_ES\" \/>\n<meta property=\"og:type\" content=\"article\" \/>\n<meta property=\"og:title\" content=\"Emissions difuses - Grup de Recerca en Compostatge\" \/>\n<meta property=\"og:description\" content=\"El Grup de Recerca GICOM compta amb una \u00e0mplia experi\u00e8ncia en la determinaci\u00f3 d\u2019emissions gasoses generades en processos de tractament de residus. Som capa\u00e7os de quantificar emissions de: Hem dut a terme aquests estudis en processos de compostatge, des d&#8217;escala de laboratori fins a escala industrial, instal\u00b7lacions de tractament i valoritzaci\u00f3 tant tancades com obertes, [&hellip;]\" \/>\n<meta property=\"og:url\" content=\"https:\/\/webs.uab.cat\/gicom\/emissions-difuses\/\" \/>\n<meta property=\"og:site_name\" content=\"Grup de Recerca en Compostatge\" \/>\n<meta property=\"article:modified_time\" content=\"2025-03-03T13:48:14+00:00\" \/>\n<meta property=\"og:image\" content=\"https:\/\/webs.uab.cat\/gicom\/wp-content\/uploads\/sites\/206\/2025\/03\/emissions-difuses.jpg\" \/>\n\t<meta property=\"og:image:width\" content=\"2379\" \/>\n\t<meta property=\"og:image:height\" content=\"1559\" \/>\n\t<meta property=\"og:image:type\" content=\"image\/jpeg\" \/>\n<meta name=\"twitter:card\" content=\"summary_large_image\" \/>\n<meta name=\"twitter:label1\" content=\"Temps estimat de lectura\" \/>\n\t<meta name=\"twitter:data1\" content=\"2 minuts\" \/>\n<script type=\"application\/ld+json\" class=\"yoast-schema-graph\">{\"@context\":\"https:\/\/schema.org\",\"@graph\":[{\"@type\":\"WebPage\",\"@id\":\"https:\/\/webs.uab.cat\/gicom\/emissions-difuses\/\",\"url\":\"https:\/\/webs.uab.cat\/gicom\/emissions-difuses\/\",\"name\":\"Emissions difuses - Grup de Recerca en Compostatge\",\"isPartOf\":{\"@id\":\"https:\/\/webs.uab.cat\/gicom\/#website\"},\"primaryImageOfPage\":{\"@id\":\"https:\/\/webs.uab.cat\/gicom\/emissions-difuses\/#primaryimage\"},\"image\":{\"@id\":\"https:\/\/webs.uab.cat\/gicom\/emissions-difuses\/#primaryimage\"},\"thumbnailUrl\":\"https:\/\/webs.uab.cat\/gicom\/wp-content\/uploads\/sites\/206\/2025\/03\/emissions-difuses-1024x671.jpg\",\"datePublished\":\"2025-03-03T13:43:29+00:00\",\"dateModified\":\"2025-03-03T13:48:14+00:00\",\"breadcrumb\":{\"@id\":\"https:\/\/webs.uab.cat\/gicom\/emissions-difuses\/#breadcrumb\"},\"inLanguage\":\"ca\",\"potentialAction\":[{\"@type\":\"ReadAction\",\"target\":[\"https:\/\/webs.uab.cat\/gicom\/emissions-difuses\/\"]}]},{\"@type\":\"ImageObject\",\"inLanguage\":\"ca\",\"@id\":\"https:\/\/webs.uab.cat\/gicom\/emissions-difuses\/#primaryimage\",\"url\":\"https:\/\/webs.uab.cat\/gicom\/wp-content\/uploads\/sites\/206\/2025\/03\/emissions-difuses.jpg\",\"contentUrl\":\"https:\/\/webs.uab.cat\/gicom\/wp-content\/uploads\/sites\/206\/2025\/03\/emissions-difuses.jpg\",\"width\":2379,\"height\":1559},{\"@type\":\"BreadcrumbList\",\"@id\":\"https:\/\/webs.uab.cat\/gicom\/emissions-difuses\/#breadcrumb\",\"itemListElement\":[{\"@type\":\"ListItem\",\"position\":1,\"name\":\"Inici\",\"item\":\"https:\/\/webs.uab.cat\/gicom\/\"},{\"@type\":\"ListItem\",\"position\":2,\"name\":\"Emissions difuses\"}]},{\"@type\":\"WebSite\",\"@id\":\"https:\/\/webs.uab.cat\/gicom\/#website\",\"url\":\"https:\/\/webs.uab.cat\/gicom\/\",\"name\":\"Grup de Recerca en Compostatge\",\"description\":\"Compostatge, bioconversi\u00f3 de residus org\u00e0nics i remediaci\u00f3 ambiental\",\"potentialAction\":[{\"@type\":\"SearchAction\",\"target\":{\"@type\":\"EntryPoint\",\"urlTemplate\":\"https:\/\/webs.uab.cat\/gicom\/?s={search_term_string}\"},\"query-input\":{\"@type\":\"PropertyValueSpecification\",\"valueRequired\":true,\"valueName\":\"search_term_string\"}}],\"inLanguage\":\"ca\"}]}<\/script>\n<!-- \/ Yoast SEO plugin. -->","yoast_head_json":{"title":"Emissions difuses - Grup de Recerca en Compostatge","robots":{"index":"index","follow":"follow","max-snippet":"max-snippet:-1","max-image-preview":"max-image-preview:large","max-video-preview":"max-video-preview:-1"},"canonical":"https:\/\/webs.uab.cat\/gicom\/emissions-difuses\/","og_locale":"ca_ES","og_type":"article","og_title":"Emissions difuses - Grup de Recerca en Compostatge","og_description":"El Grup de Recerca GICOM compta amb una \u00e0mplia experi\u00e8ncia en la determinaci\u00f3 d\u2019emissions gasoses generades en processos de tractament de residus. Som capa\u00e7os de quantificar emissions de: Hem dut a terme aquests estudis en processos de compostatge, des d&#8217;escala de laboratori fins a escala industrial, instal\u00b7lacions de tractament i valoritzaci\u00f3 tant tancades com obertes, [&hellip;]","og_url":"https:\/\/webs.uab.cat\/gicom\/emissions-difuses\/","og_site_name":"Grup de Recerca en Compostatge","article_modified_time":"2025-03-03T13:48:14+00:00","og_image":[{"width":2379,"height":1559,"url":"https:\/\/webs.uab.cat\/gicom\/wp-content\/uploads\/sites\/206\/2025\/03\/emissions-difuses.jpg","type":"image\/jpeg"}],"twitter_card":"summary_large_image","twitter_misc":{"Temps estimat de lectura":"2 minuts"},"schema":{"@context":"https:\/\/schema.org","@graph":[{"@type":"WebPage","@id":"https:\/\/webs.uab.cat\/gicom\/emissions-difuses\/","url":"https:\/\/webs.uab.cat\/gicom\/emissions-difuses\/","name":"Emissions difuses - Grup de Recerca en Compostatge","isPartOf":{"@id":"https:\/\/webs.uab.cat\/gicom\/#website"},"primaryImageOfPage":{"@id":"https:\/\/webs.uab.cat\/gicom\/emissions-difuses\/#primaryimage"},"image":{"@id":"https:\/\/webs.uab.cat\/gicom\/emissions-difuses\/#primaryimage"},"thumbnailUrl":"https:\/\/webs.uab.cat\/gicom\/wp-content\/uploads\/sites\/206\/2025\/03\/emissions-difuses-1024x671.jpg","datePublished":"2025-03-03T13:43:29+00:00","dateModified":"2025-03-03T13:48:14+00:00","breadcrumb":{"@id":"https:\/\/webs.uab.cat\/gicom\/emissions-difuses\/#breadcrumb"},"inLanguage":"ca","potentialAction":[{"@type":"ReadAction","target":["https:\/\/webs.uab.cat\/gicom\/emissions-difuses\/"]}]},{"@type":"ImageObject","inLanguage":"ca","@id":"https:\/\/webs.uab.cat\/gicom\/emissions-difuses\/#primaryimage","url":"https:\/\/webs.uab.cat\/gicom\/wp-content\/uploads\/sites\/206\/2025\/03\/emissions-difuses.jpg","contentUrl":"https:\/\/webs.uab.cat\/gicom\/wp-content\/uploads\/sites\/206\/2025\/03\/emissions-difuses.jpg","width":2379,"height":1559},{"@type":"BreadcrumbList","@id":"https:\/\/webs.uab.cat\/gicom\/emissions-difuses\/#breadcrumb","itemListElement":[{"@type":"ListItem","position":1,"name":"Inici","item":"https:\/\/webs.uab.cat\/gicom\/"},{"@type":"ListItem","position":2,"name":"Emissions difuses"}]},{"@type":"WebSite","@id":"https:\/\/webs.uab.cat\/gicom\/#website","url":"https:\/\/webs.uab.cat\/gicom\/","name":"Grup de Recerca en Compostatge","description":"Compostatge, bioconversi\u00f3 de residus org\u00e0nics i remediaci\u00f3 ambiental","potentialAction":[{"@type":"SearchAction","target":{"@type":"EntryPoint","urlTemplate":"https:\/\/webs.uab.cat\/gicom\/?s={search_term_string}"},"query-input":{"@type":"PropertyValueSpecification","valueRequired":true,"valueName":"search_term_string"}}],"inLanguage":"ca"}]}},"_links":{"self":[{"href":"https:\/\/webs.uab.cat\/gicom\/wp-json\/wp\/v2\/pages\/5956","targetHints":{"allow":["GET"]}}],"collection":[{"href":"https:\/\/webs.uab.cat\/gicom\/wp-json\/wp\/v2\/pages"}],"about":[{"href":"https:\/\/webs.uab.cat\/gicom\/wp-json\/wp\/v2\/types\/page"}],"author":[{"embeddable":true,"href":"https:\/\/webs.uab.cat\/gicom\/wp-json\/wp\/v2\/users\/153"}],"replies":[{"embeddable":true,"href":"https:\/\/webs.uab.cat\/gicom\/wp-json\/wp\/v2\/comments?post=5956"}],"version-history":[{"count":2,"href":"https:\/\/webs.uab.cat\/gicom\/wp-json\/wp\/v2\/pages\/5956\/revisions"}],"predecessor-version":[{"id":5966,"href":"https:\/\/webs.uab.cat\/gicom\/wp-json\/wp\/v2\/pages\/5956\/revisions\/5966"}],"wp:attachment":[{"href":"https:\/\/webs.uab.cat\/gicom\/wp-json\/wp\/v2\/media?parent=5956"}],"curies":[{"name":"wp","href":"https:\/\/api.w.org\/{rel}","templated":true}]}}