{"id":84,"date":"2016-01-19T13:43:45","date_gmt":"2016-01-19T13:43:45","guid":{"rendered":"https:\/\/webs.uab.cat\/gies\/inici\/"},"modified":"2020-01-26T23:58:10","modified_gmt":"2020-01-26T23:58:10","slug":"inici","status":"publish","type":"page","link":"https:\/\/webs.uab.cat\/gies\/ca\/","title":{"rendered":"Inici"},"content":{"rendered":"<p class=\"rtejustify\" data-placeholder=\"Traducci\u00f3n\" dir=\"ltr\">El Grup de Recerca en Estr\u00e8s i Salut (<strong>GIES<\/strong>) \u00e9s un grup de recerca consolidat reconegut per la Generalitat de Catalunya i la Universitat Aut\u00f2noma de Barcelona.<\/p>\n<p class=\"rtejustify\" data-placeholder=\"Traducci\u00f3n\" dir=\"ltr\">El GIES \u00e9s un grup dedicat a l&#8217;estudi dels factors psicol\u00f2gics implicats en el proc\u00e9s de salut i malaltia i el seu context psicosocial des de 1995. Els factors psicol\u00f2gics estudiats estan relacionats amb els processos d&#8217;emoci\u00f3 i motivaci\u00f3, com la percepci\u00f3 de control, l&#8217;optimisme, les estrat\u00e8gies d&#8217;afrontament, la intel\u00b7lig\u00e8ncia emocional, la passi\u00f3 i la resili\u00e8ncia. L&#8217;objectiu com\u00fa de tots els estudis de GIES \u00e9s descobrir com interactuen aquests factors psicol\u00f2gics amb factors biom\u00e8dics per predir el sofriment, el benestar, la qualitat de vida i la recuperaci\u00f3. La nostra poblaci\u00f3 objectiu \u00e9s principalment els pacients, juntament amb els seus familiars, els cuidadors informals i el personal d&#8217;atenci\u00f3 a la salut.<\/p>\n<p>&nbsp;<\/p>\n","protected":false},"excerpt":{"rendered":"<p>El Grup de Recerca en Estr\u00e8s i Salut (GIES) \u00e9s un grup de recerca consolidat reconegut per la Generalitat de Catalunya i la Universitat Aut\u00f2noma de Barcelona. El GIES \u00e9s un grup dedicat a l&#8217;estudi dels factors psicol\u00f2gics implicats en el proc\u00e9s de salut i malaltia i el seu context psicosocial des de 1995. Els [&hellip;]<\/p>\n","protected":false},"author":20,"featured_media":0,"parent":0,"menu_order":0,"comment_status":"closed","ping_status":"closed","template":"","meta":{"footnotes":""},"class_list":["post-84","page","type-page","status-publish","hentry"],"_links":{"self":[{"href":"https:\/\/webs.uab.cat\/gies\/ca\/wp-json\/wp\/v2\/pages\/84","targetHints":{"allow":["GET"]}}],"collection":[{"href":"https:\/\/webs.uab.cat\/gies\/ca\/wp-json\/wp\/v2\/pages"}],"about":[{"href":"https:\/\/webs.uab.cat\/gies\/ca\/wp-json\/wp\/v2\/types\/page"}],"author":[{"embeddable":true,"href":"https:\/\/webs.uab.cat\/gies\/ca\/wp-json\/wp\/v2\/users\/20"}],"replies":[{"embeddable":true,"href":"https:\/\/webs.uab.cat\/gies\/ca\/wp-json\/wp\/v2\/comments?post=84"}],"version-history":[{"count":0,"href":"https:\/\/webs.uab.cat\/gies\/ca\/wp-json\/wp\/v2\/pages\/84\/revisions"}],"wp:attachment":[{"href":"https:\/\/webs.uab.cat\/gies\/ca\/wp-json\/wp\/v2\/media?parent=84"}],"curies":[{"name":"wp","href":"https:\/\/api.w.org\/{rel}","templated":true}]}}