{"id":85,"date":"2016-05-02T10:11:34","date_gmt":"2016-05-02T10:11:34","guid":{"rendered":"https:\/\/webs.uab.cat\/gies\/linies-dinvestigacio\/"},"modified":"2020-01-26T23:59:20","modified_gmt":"2020-01-26T23:59:20","slug":"linies-dinvestigacio","status":"publish","type":"page","link":"https:\/\/webs.uab.cat\/gies\/ca\/linies-dinvestigacio\/","title":{"rendered":"L\u00ednies d&#8217;Investigaci\u00f3"},"content":{"rendered":"<p>&nbsp;<\/p>\n<ol dir=\"ltr\">\n<li data-placeholder=\"Traducci\u00f3n\"><strong>Adaptaci\u00f3 a la discapacitat<\/strong><\/li>\n<li data-placeholder=\"Traducci\u00f3n\"><strong>Atenci\u00f3 pal\u00b7liativa per a malalts terminals<\/strong><\/li>\n<li data-placeholder=\"Traducci\u00f3n\"><strong>Benestar i salut laboral<\/strong><\/li>\n<li data-placeholder=\"Traducci\u00f3n\"><strong>Qualitat de vida en malalts<\/strong><\/li>\n<li data-placeholder=\"Traducci\u00f3n\"><strong>Qualitat de vida i salut<\/strong><\/li>\n<li data-placeholder=\"Traducci\u00f3n\"><strong>Creences i il\u00b7lusions que afecten la salut<\/strong><\/li>\n<li data-placeholder=\"Traducci\u00f3n\"><strong>dolor cr\u00f2nic<\/strong><\/li>\n<li data-placeholder=\"Traducci\u00f3n\"><strong>estr\u00e8s<\/strong><\/li>\n<li data-placeholder=\"Traducci\u00f3n\"><strong>Preparaci\u00f3 psicol\u00f2gica per a procediments m\u00e8dics estressants<\/strong><\/li>\n<li data-placeholder=\"Traducci\u00f3n\"><strong>Programes de promoci\u00f3 de la salut<\/strong><\/li>\n<li data-placeholder=\"Traducci\u00f3n\"><strong>Psiconeuroimmunologia<\/strong><\/li>\n<li data-placeholder=\"Traducci\u00f3n\"><strong>Psicooftalmolog\u00eda<\/strong><\/li>\n<li data-placeholder=\"Traducci\u00f3n\"><strong>Psicooncologia<\/strong><\/li>\n<li data-placeholder=\"Traducci\u00f3n\"><strong>VIH \/ SIDA<\/strong><\/li>\n<\/ol>\n<p>&nbsp;<\/p>\n","protected":false},"excerpt":{"rendered":"<p>&nbsp; Adaptaci\u00f3 a la discapacitat Atenci\u00f3 pal\u00b7liativa per a malalts terminals Benestar i salut laboral Qualitat de vida en malalts Qualitat de vida i salut Creences i il\u00b7lusions que afecten la salut dolor cr\u00f2nic estr\u00e8s Preparaci\u00f3 psicol\u00f2gica per a procediments m\u00e8dics estressants Programes de promoci\u00f3 de la salut Psiconeuroimmunologia Psicooftalmolog\u00eda Psicooncologia VIH \/ SIDA &nbsp;<\/p>\n","protected":false},"author":20,"featured_media":0,"parent":0,"menu_order":0,"comment_status":"closed","ping_status":"closed","template":"","meta":{"footnotes":""},"class_list":["post-85","page","type-page","status-publish","hentry"],"_links":{"self":[{"href":"https:\/\/webs.uab.cat\/gies\/ca\/wp-json\/wp\/v2\/pages\/85","targetHints":{"allow":["GET"]}}],"collection":[{"href":"https:\/\/webs.uab.cat\/gies\/ca\/wp-json\/wp\/v2\/pages"}],"about":[{"href":"https:\/\/webs.uab.cat\/gies\/ca\/wp-json\/wp\/v2\/types\/page"}],"author":[{"embeddable":true,"href":"https:\/\/webs.uab.cat\/gies\/ca\/wp-json\/wp\/v2\/users\/20"}],"replies":[{"embeddable":true,"href":"https:\/\/webs.uab.cat\/gies\/ca\/wp-json\/wp\/v2\/comments?post=85"}],"version-history":[{"count":0,"href":"https:\/\/webs.uab.cat\/gies\/ca\/wp-json\/wp\/v2\/pages\/85\/revisions"}],"wp:attachment":[{"href":"https:\/\/webs.uab.cat\/gies\/ca\/wp-json\/wp\/v2\/media?parent=85"}],"curies":[{"name":"wp","href":"https:\/\/api.w.org\/{rel}","templated":true}]}}