{"id":38,"date":"2016-01-19T13:43:45","date_gmt":"2016-01-19T13:43:45","guid":{"rendered":"https:\/\/webs.uab.cat\/gies\/inicio\/"},"modified":"2016-01-19T13:43:45","modified_gmt":"2016-01-19T13:43:45","slug":"inicio","status":"publish","type":"page","link":"https:\/\/webs.uab.cat\/gies\/","title":{"rendered":"Inicio"},"content":{"rendered":"<p class=\"rtejustify\">El Grupo de Investigaci\u00f3n en Estr\u00e9s y Salud (<strong>GIES<\/strong>) es un grupo de investigaci\u00f3n consolidado reconocido por la Generalitat de Catalu\u00f1a y la Universidad Aut\u00f3noma de Barcelona.<\/p>\n<p class=\"rtejustify\">El GIES es un grupo dedicado al estudio de los factores psicol\u00f3gicos implicados en el proceso de salud y enfermedad y su contexto psicosocial desde 1995. Los factores psicol\u00f3gicos estudiados est\u00e1n relacionados con los procesos de emoci\u00f3n y motivaci\u00f3n, como la percepci\u00f3n de control, el optimismo, las estrategias de afrontamiento, la inteligencia emocional, la pasi\u00f3n y la resiliencia. El objetivo com\u00fan de todos los estudios de GIES es descubrir c\u00f3mo interact\u00faan estos factores psicol\u00f3gicos con factores biom\u00e9dicos para predecir el sufrimiento, el bienestar, la calidad de vida y la recuperaci\u00f3n. Nuestra poblaci\u00f3n objetivo es principalmente los pacientes, junto con sus familiares, los cuidadores informales y el personal de atenci\u00f3n a la salud.<\/p>\n<p>&nbsp;<\/p>\n","protected":false},"excerpt":{"rendered":"<p>El Grupo de Investigaci\u00f3n en Estr\u00e9s y Salud (GIES) es un grupo de investigaci\u00f3n consolidado reconocido por la Generalitat de Catalu\u00f1a y la Universidad Aut\u00f3noma de Barcelona. El GIES es un grupo dedicado al estudio de los factores psicol\u00f3gicos implicados en el proceso de salud y enfermedad y su contexto psicosocial desde 1995. Los factores [&hellip;]<\/p>\n","protected":false},"author":20,"featured_media":0,"parent":0,"menu_order":0,"comment_status":"closed","ping_status":"closed","template":"","meta":{"footnotes":""},"class_list":["post-38","page","type-page","status-publish","hentry"],"_links":{"self":[{"href":"https:\/\/webs.uab.cat\/gies\/wp-json\/wp\/v2\/pages\/38","targetHints":{"allow":["GET"]}}],"collection":[{"href":"https:\/\/webs.uab.cat\/gies\/wp-json\/wp\/v2\/pages"}],"about":[{"href":"https:\/\/webs.uab.cat\/gies\/wp-json\/wp\/v2\/types\/page"}],"author":[{"embeddable":true,"href":"https:\/\/webs.uab.cat\/gies\/wp-json\/wp\/v2\/users\/20"}],"replies":[{"embeddable":true,"href":"https:\/\/webs.uab.cat\/gies\/wp-json\/wp\/v2\/comments?post=38"}],"version-history":[{"count":0,"href":"https:\/\/webs.uab.cat\/gies\/wp-json\/wp\/v2\/pages\/38\/revisions"}],"wp:attachment":[{"href":"https:\/\/webs.uab.cat\/gies\/wp-json\/wp\/v2\/media?parent=38"}],"curies":[{"name":"wp","href":"https:\/\/api.w.org\/{rel}","templated":true}]}}