{"id":75,"date":"2016-04-26T14:09:26","date_gmt":"2016-04-26T14:09:26","guid":{"rendered":"https:\/\/webs.uab.cat\/gies\/coordinador\/"},"modified":"2022-07-26T17:50:52","modified_gmt":"2022-07-26T17:50:52","slug":"coordinador","status":"publish","type":"page","link":"https:\/\/webs.uab.cat\/gies\/coordinador\/","title":{"rendered":"Coordinador"},"content":{"rendered":"\n<h2 class=\"wp-block-heading\"><strong style=\"color: revert; font-size: 28px; letter-spacing: 0.05rem;\">Dr.\u00a0Joaquim T. Limonero<\/strong> <\/h2>\n\n\n\n<p><strong>Catedr\u00e1tico de Psicolog\u00eda.\u00a0Departamento de Psicolog\u00eda B\u00e1sica.\u00a0UAB<\/strong><img loading=\"lazy\" decoding=\"async\" width=\"196\" height=\"280\" class=\" size-full wp-image-54\" style=\"width: 196px; height: 280px; float: right;\" src=\"https:\/\/webs.uab.cat\/gies\/wp-content\/uploads\/sites\/70\/2016\/04\/joaquin_limonero.png\" alt=\"joaquin_limonero.png\"><\/p>\n\n\n\n<p>Presidente de la Sociedad Espa\u00f1ola para el Estudio de la Ansiedad y el Estr\u00e9s (SEAS).<\/p>\n\n\n\n<p>Miembro de la European Society fof Palliative Care.<\/p>\n\n\n\n<p>Miembro del EAPC Bereavement Taskforce.<\/p>\n\n\n\n<p>Miembro y ex vocal de la Sociedad Catalano Balear de Cuidados Paliativos.<\/p>\n\n\n\n<p>Miembro de la Sociedad Espa\u00f1ola de Cuidados Paliativos (SECPAL)<\/p>\n\n\n\n<p>Miembro de la Sociedad Internacional de Inteligencia Emocional.<\/p>\n\n\n\n<p><strong>@ <a href=\"mailto:Joaquin.Limonero@uab.cat\">Joaquin.Limonero@uab.cat<\/a><\/strong><\/p>\n\n\n\n<p><strong>ORCID:<\/strong> 0000-0003-0573-791X<\/p>\n\n\n\n<p><strong>ResearchGate: <\/strong><a href=\"https:\/\/www.researchgate.net\/profile\/Joaquin_Limonero2\">https:\/\/www.researchgate.net\/profile\/Joaquin_Limonero2<\/a><\/p>\n\n\n\n<p><a href=\"https:\/\/scholar.google.com\/citations?hl=en&amp;user=-MJKQsAAAAAJ\">https:\/\/scholar.google.com\/citations?hl=en&amp;user=-MJKQsAAAAAJ<\/a><\/p>\n\n\n\n<p><a href=\"http:\/\/portalrecerca.csuc.cat\/simple-search?query=Limonero&amp;filtername=itemtype&amp;filtertype=notequals&amp;sort_by=score&amp;order=DESC&amp;filter_field_1=resourcetype&amp;filter_type_1=equals&amp;filter_value_1=Items&amp;filterquery=Phd+Thesis\">http:\/\/portalrecerca.csuc.cat\/simple-search?query=Limonero&amp;filtername=itemtype&amp;filtertype=notequals&amp;sort_by=score&amp;order=DESC&amp;filter_field_1=resourcetype&amp;filter_type_1=equals&amp;filter_value_1=Items&amp;filterquery=Phd+Thesis<\/a><\/p>\n\n\n\n<p>&nbsp;<\/p>\n\n\n\n<p><strong>L\u00edneas de investigaci\u00f3n<\/strong><\/p>\n\n\n\n<ul class=\"wp-block-list\"><li class=\"rtejustify\">Inteligencia emocional, resiliencia y procesos de adaptaci\u00f3n<\/li><li class=\"rtejustify\">Sufrimiento y malestar emocional al final de la vida<\/li><li class=\"rtejustify\">Evaluaci\u00f3n e intervenci\u00f3n psicol\u00f3gica en cuidados paliativos<\/li><li class=\"rtejustify\">El proceso de duelo<\/li><li class=\"rtejustify\">Actitudes ante la muerte: Ansiedad, miedo, depresi\u00f3n, ideaci\u00f3n suicida<\/li><li class=\"rtejustify\">Tratamiento de des\u00f3rdenes emocionales<\/li><li class=\"rtejustify\">Creatividad en el contexto de la salud<\/li><li class=\"rtejustify\">Adicciones a sustancias y adicciones comportamentales<\/li><li class=\"rtejustify\">Suicidio<\/li><\/ul>\n","protected":false},"excerpt":{"rendered":"<p>Dr.\u00a0Joaquim T. Limonero Catedr\u00e1tico de Psicolog\u00eda.\u00a0Departamento de Psicolog\u00eda B\u00e1sica.\u00a0UAB Presidente de la Sociedad Espa\u00f1ola para el Estudio de la Ansiedad y el Estr\u00e9s (SEAS). Miembro de la European Society fof Palliative Care. Miembro del EAPC Bereavement Taskforce. Miembro y ex vocal de la Sociedad Catalano Balear de Cuidados Paliativos. Miembro de la Sociedad Espa\u00f1ola de [&hellip;]<\/p>\n","protected":false},"author":20,"featured_media":0,"parent":0,"menu_order":0,"comment_status":"closed","ping_status":"closed","template":"","meta":{"footnotes":""},"class_list":["post-75","page","type-page","status-publish","hentry"],"_links":{"self":[{"href":"https:\/\/webs.uab.cat\/gies\/wp-json\/wp\/v2\/pages\/75","targetHints":{"allow":["GET"]}}],"collection":[{"href":"https:\/\/webs.uab.cat\/gies\/wp-json\/wp\/v2\/pages"}],"about":[{"href":"https:\/\/webs.uab.cat\/gies\/wp-json\/wp\/v2\/types\/page"}],"author":[{"embeddable":true,"href":"https:\/\/webs.uab.cat\/gies\/wp-json\/wp\/v2\/users\/20"}],"replies":[{"embeddable":true,"href":"https:\/\/webs.uab.cat\/gies\/wp-json\/wp\/v2\/comments?post=75"}],"version-history":[{"count":1,"href":"https:\/\/webs.uab.cat\/gies\/wp-json\/wp\/v2\/pages\/75\/revisions"}],"predecessor-version":[{"id":140,"href":"https:\/\/webs.uab.cat\/gies\/wp-json\/wp\/v2\/pages\/75\/revisions\/140"}],"wp:attachment":[{"href":"https:\/\/webs.uab.cat\/gies\/wp-json\/wp\/v2\/media?parent=75"}],"curies":[{"name":"wp","href":"https:\/\/api.w.org\/{rel}","templated":true}]}}