{"id":10,"date":"2023-07-25T17:23:01","date_gmt":"2023-07-25T15:23:01","guid":{"rendered":"https:\/\/webs.uab.cat\/gipeam\/?page_id=10"},"modified":"2023-07-26T10:25:06","modified_gmt":"2023-07-26T08:25:06","slug":"presentacio","status":"publish","type":"page","link":"https:\/\/webs.uab.cat\/gipeam\/presentacio\/","title":{"rendered":"Presentaci\u00f3"},"content":{"rendered":"\n<p>GIPEAM (2021SGR-00159) \u00e9s un Grup\u00a0 de Recerca Consolidat (GRC) reconegut i finan\u00e7at per la Generalitat de Catalunya. Aqu\u00ed trobareu informaci\u00f3 sobre els seus components i la seva activitat de recerca. <\/p>\n\n\n\n<p>Aquesta p\u00e0gina est\u00e0 en construcci\u00f3.<\/p>\n","protected":false},"excerpt":{"rendered":"<p>GIPEAM (2021SGR-00159) \u00e9s un Grup\u00a0 de Recerca Consolidat (GRC) reconegut i finan\u00e7at per la Generalitat de Catalunya. Aqu\u00ed trobareu informaci\u00f3 sobre els seus components i la seva activitat de recerca. Aquesta p\u00e0gina est\u00e0 en construcci\u00f3.<\/p>\n","protected":false},"author":104,"featured_media":0,"parent":0,"menu_order":0,"comment_status":"closed","ping_status":"closed","template":"","meta":{"footnotes":""},"class_list":["post-10","page","type-page","status-publish","hentry"],"_links":{"self":[{"href":"https:\/\/webs.uab.cat\/gipeam\/wp-json\/wp\/v2\/pages\/10","targetHints":{"allow":["GET"]}}],"collection":[{"href":"https:\/\/webs.uab.cat\/gipeam\/wp-json\/wp\/v2\/pages"}],"about":[{"href":"https:\/\/webs.uab.cat\/gipeam\/wp-json\/wp\/v2\/types\/page"}],"author":[{"embeddable":true,"href":"https:\/\/webs.uab.cat\/gipeam\/wp-json\/wp\/v2\/users\/104"}],"replies":[{"embeddable":true,"href":"https:\/\/webs.uab.cat\/gipeam\/wp-json\/wp\/v2\/comments?post=10"}],"version-history":[{"count":5,"href":"https:\/\/webs.uab.cat\/gipeam\/wp-json\/wp\/v2\/pages\/10\/revisions"}],"predecessor-version":[{"id":23,"href":"https:\/\/webs.uab.cat\/gipeam\/wp-json\/wp\/v2\/pages\/10\/revisions\/23"}],"wp:attachment":[{"href":"https:\/\/webs.uab.cat\/gipeam\/wp-json\/wp\/v2\/media?parent=10"}],"curies":[{"name":"wp","href":"https:\/\/api.w.org\/{rel}","templated":true}]}}