{"id":12,"date":"2023-07-25T17:25:05","date_gmt":"2023-07-25T15:25:05","guid":{"rendered":"https:\/\/webs.uab.cat\/gipeam\/?page_id=12"},"modified":"2023-07-25T20:37:20","modified_gmt":"2023-07-25T18:37:20","slug":"membres","status":"publish","type":"page","link":"https:\/\/webs.uab.cat\/gipeam\/membres\/","title":{"rendered":"Membres"},"content":{"rendered":"\n<p>N\u00faria Planas (coordinadora)<\/p>\n\n\n\n<p>Llu\u00eds Albarrac\u00edn<\/p>\n\n\n\n<p>Edelmira Badillo<\/p>\n\n\n\n<p>Jordi Deulofeu<\/p>\n\n\n\n<p>Mequ\u00e8 Edo<\/p>\n\n\n\n<p>Josep Maria Fortuny<\/p>\n\n\n\n<p>Genaro de Gamboa<\/p>\n\n\n\n<p>N\u00faria Gorgori\u00f3<\/p>\n\n\n\n<p>Francisco Rojas<\/p>\n\n\n\n<p>Yuly Vanegas<\/p>\n","protected":false},"excerpt":{"rendered":"<p>N\u00faria Planas (coordinadora) Llu\u00eds Albarrac\u00edn Edelmira Badillo Jordi Deulofeu Mequ\u00e8 Edo Josep Maria Fortuny Genaro de Gamboa N\u00faria Gorgori\u00f3 Francisco Rojas Yuly Vanegas<\/p>\n","protected":false},"author":104,"featured_media":0,"parent":0,"menu_order":0,"comment_status":"closed","ping_status":"closed","template":"","meta":{"footnotes":""},"class_list":["post-12","page","type-page","status-publish","hentry"],"_links":{"self":[{"href":"https:\/\/webs.uab.cat\/gipeam\/wp-json\/wp\/v2\/pages\/12","targetHints":{"allow":["GET"]}}],"collection":[{"href":"https:\/\/webs.uab.cat\/gipeam\/wp-json\/wp\/v2\/pages"}],"about":[{"href":"https:\/\/webs.uab.cat\/gipeam\/wp-json\/wp\/v2\/types\/page"}],"author":[{"embeddable":true,"href":"https:\/\/webs.uab.cat\/gipeam\/wp-json\/wp\/v2\/users\/104"}],"replies":[{"embeddable":true,"href":"https:\/\/webs.uab.cat\/gipeam\/wp-json\/wp\/v2\/comments?post=12"}],"version-history":[{"count":6,"href":"https:\/\/webs.uab.cat\/gipeam\/wp-json\/wp\/v2\/pages\/12\/revisions"}],"predecessor-version":[{"id":22,"href":"https:\/\/webs.uab.cat\/gipeam\/wp-json\/wp\/v2\/pages\/12\/revisions\/22"}],"wp:attachment":[{"href":"https:\/\/webs.uab.cat\/gipeam\/wp-json\/wp\/v2\/media?parent=12"}],"curies":[{"name":"wp","href":"https:\/\/api.w.org\/{rel}","templated":true}]}}