{"id":185,"date":"2010-01-21T13:43:18","date_gmt":"2010-01-21T11:43:18","guid":{"rendered":"https:\/\/webs.uab.cat\/giq\/home\/"},"modified":"2024-04-30T11:49:27","modified_gmt":"2024-04-30T09:49:27","slug":"home","status":"publish","type":"page","link":"https:\/\/webs.uab.cat\/giq\/","title":{"rendered":"Home"},"content":{"rendered":"\n<div class=\"wp-block-columns alignwide is-layout-flex wp-container-core-columns-is-layout-9d6595d7 wp-block-columns-is-layout-flex\">\n<div class=\"wp-block-column is-layout-flow wp-block-column-is-layout-flow\" style=\"flex-basis:33.33%\">\n<h2 class=\"wp-block-heading\">News<\/h2>\n\n\n\r\n<ul class=\"news\">\r\n\r\n\t\r\n<li class=\"news-list\">\r\n\r\n\t<h3><a href=\"https:\/\/webs.uab.cat\/giq\/news\/two-phd-positions-in-quantum-information-and-thermodynamics-at-uab\/\">[closed] Two PhD Positions in Quantum Information and Thermodynamics\u00a0at UAB<\/a><\/h3>\r\n\t<span class=\"data\">2025-03-05 09:55<\/span>\r\n\t<p><\/p>\r\n<\/li>\r\n\t\r\n\t\r\n<li class=\"news-list\">\r\n\r\n\t<h3><a href=\"https:\/\/webs.uab.cat\/giq\/news\/urgent-ph-d-4-y-and-postdoc-positions-2-y-giq\/\">URGENT: Ph.D\u00a0(4 y) \u00a0and\u00a0Postdoc positions\u00a0(2 y) @ GIQ[Closed]<\/a><\/h3>\r\n\t<span class=\"data\"><\/span>\r\n\t<p><\/p>\r\n<\/li>\r\n\t\r\n\t\r\n<li class=\"news-list\">\r\n\r\n\t<h3><a href=\"https:\/\/webs.uab.cat\/giq\/news\/open-phd-or-postdoc-position-in-nonequilibrium-statistical-mechanics-and-open-quantum-systems-theory\/\">Open PhD or Postdoc Position in Nonequilibrium Statistical Mechanics and Open Quantum Systems Theory[Closed]<\/a><\/h3>\r\n\t<span class=\"data\">2021-04-27 07:33<\/span>\r\n\t<p><\/p>\r\n<\/li>\r\n\t\r\n\t\r\n<li class=\"news-list\">\r\n\r\n\t<h3><a href=\"https:\/\/webs.uab.cat\/giq\/news\/opening\/\">Postdoc on Real-Time Quantum Sensors (theory)<\/a><\/h3>\r\n\t<span class=\"data\">2019-11-26 09:17<\/span>\r\n\t<p><\/p>\r\n<\/li>\r\n\t\r\n<\/ul>\r\n<\/div>\n\n\n\n<div class=\"wp-block-column is-layout-flow wp-block-column-is-layout-flow\" style=\"flex-basis:66.66%\">\n<figure class=\"wp-block-image\"><img loading=\"lazy\" decoding=\"async\" width=\"800\" height=\"418\" src=\"https:\/\/webs.uab.cat\/giq\/wp-content\/uploads\/sites\/362\/2010\/01\/giquis2022v3.jpg\" alt=\"\" class=\"wp-image-184\" srcset=\"https:\/\/webs.uab.cat\/giq\/wp-content\/uploads\/sites\/362\/2010\/01\/giquis2022v3.jpg 800w, https:\/\/webs.uab.cat\/giq\/wp-content\/uploads\/sites\/362\/2010\/01\/giquis2022v3-300x157.jpg 300w, https:\/\/webs.uab.cat\/giq\/wp-content\/uploads\/sites\/362\/2010\/01\/giquis2022v3-768x401.jpg 768w\" sizes=\"auto, (max-width: 800px) 100vw, 800px\" \/><\/figure>\n\n\n\n<p><span style=\"font-size: 18px\">Welcome to the GIQ home page.<\/span><\/p>\n\n\n\n<p><span style=\"font-size: 18px\">The Quantum Information Group (GIQ) research interests range from theoretical aspects of <strong>quantum information<\/strong> (quantum Shannon theory, quantum statistical inference, quantum metrology,&nbsp; entanglement theory) over <strong>implementations of quantum information protocols<\/strong> (e.g., quantum optics and ultra-cold gases) to applications of <strong>quantum information theory in condensed matter systems<\/strong>, <strong>nonequilibrium statistical mechanics<\/strong> and <strong>dissipative quantum dynamics<\/strong>.<\/span><\/p>\n\n\n\n<p><span style=\"font-size: 18px\">GIQ members belong to the unit\u00a0<em>F\u00edsica Te\u00f2rica: Informaci\u00f3 i fen\u00f2mens qu\u00e0ntics<\/em>, which is part of the <a href=\"https:\/\/www.uab.cat\/departament\/fisica\/\">Physics Department<\/a> of the <a href=\"https:\/\/www.uab.cat\">Universitat Aut\u00f2noma de Barcelona<\/a>.<\/span><\/p>\n\n\n\n<p><\/p>\n\n\n\n<p><strong>\u00a0<\/strong><\/p>\n\n\n\n<p><\/p>\n\n\n\n<p><\/p>\n\n\n\n<p><strong>Financial support<\/strong><\/p>\n\n\n\n<p><br> Proyectos \u00a0PID2022-141283NB-I00 y PID2019-107609GB-I00 financiados por AEI MCIN\/ AEI\/10.13039\/501100011033<\/p>\n\n\n\n<p><img decoding=\"async\" class=\"wp-image-2249\" style=\"width: 240px\" src=\"https:\/\/webs.uab.cat\/giq\/wp-content\/uploads\/sites\/362\/2024\/04\/AEI-1.pdf\" alt=\"\"><\/p>\n\n\n\n<figure class=\"wp-block-image\"><img loading=\"lazy\" decoding=\"async\" width=\"2000\" height=\"500\" src=\"https:\/\/webs.uab.cat\/giq\/wp-content\/uploads\/sites\/362\/2023\/12\/Banners-logos-Quantum-Spain-1.png\" alt=\"\" class=\"wp-image-2185\" srcset=\"https:\/\/webs.uab.cat\/giq\/wp-content\/uploads\/sites\/362\/2023\/12\/Banners-logos-Quantum-Spain-1.png 2000w, https:\/\/webs.uab.cat\/giq\/wp-content\/uploads\/sites\/362\/2023\/12\/Banners-logos-Quantum-Spain-1-300x75.png 300w, https:\/\/webs.uab.cat\/giq\/wp-content\/uploads\/sites\/362\/2023\/12\/Banners-logos-Quantum-Spain-1-1024x256.png 1024w, https:\/\/webs.uab.cat\/giq\/wp-content\/uploads\/sites\/362\/2023\/12\/Banners-logos-Quantum-Spain-1-768x192.png 768w, https:\/\/webs.uab.cat\/giq\/wp-content\/uploads\/sites\/362\/2023\/12\/Banners-logos-Quantum-Spain-1-1536x384.png 1536w, https:\/\/webs.uab.cat\/giq\/wp-content\/uploads\/sites\/362\/2023\/12\/Banners-logos-Quantum-Spain-1-1200x300.png 1200w, https:\/\/webs.uab.cat\/giq\/wp-content\/uploads\/sites\/362\/2023\/12\/Banners-logos-Quantum-Spain-1-1980x495.png 1980w\" sizes=\"auto, (max-width: 2000px) 100vw, 2000px\" \/><\/figure>\n\n\n\n<figure class=\"wp-block-image\"><img loading=\"lazy\" decoding=\"async\" width=\"300\" height=\"74\" src=\"https:\/\/webs.uab.cat\/giq\/wp-content\/uploads\/sites\/362\/2023\/12\/GENCAT_DRU_color-300x74.jpeg\" alt=\"\" class=\"wp-image-2180\" srcset=\"https:\/\/webs.uab.cat\/giq\/wp-content\/uploads\/sites\/362\/2023\/12\/GENCAT_DRU_color-300x74.jpeg 300w, https:\/\/webs.uab.cat\/giq\/wp-content\/uploads\/sites\/362\/2023\/12\/GENCAT_DRU_color.jpeg 320w\" sizes=\"auto, (max-width: 300px) 100vw, 300px\" \/><\/figure>\n\n\n\n<figure class=\"wp-block-image\"><img loading=\"lazy\" decoding=\"async\" width=\"314\" height=\"130\" src=\"https:\/\/webs.uab.cat\/giq\/wp-content\/uploads\/sites\/362\/2023\/12\/logo_quantera.png\" alt=\"\" class=\"wp-image-2186\" srcset=\"https:\/\/webs.uab.cat\/giq\/wp-content\/uploads\/sites\/362\/2023\/12\/logo_quantera.png 314w, https:\/\/webs.uab.cat\/giq\/wp-content\/uploads\/sites\/362\/2023\/12\/logo_quantera-300x124.png 300w\" sizes=\"auto, (max-width: 314px) 100vw, 314px\" \/><\/figure>\n<\/div>\n<\/div>\n\n\n\n<div class=\"wp-block-buttons is-layout-flex wp-block-buttons-is-layout-flex\"><\/div>\n","protected":false},"excerpt":{"rendered":"<p>News Welcome to the GIQ home page. The Quantum Information Group (GIQ) research interests range from theoretical aspects of quantum information (quantum Shannon theory, quantum statistical inference, quantum metrology,&nbsp; entanglement theory) over implementations of quantum information protocols (e.g., quantum optics and ultra-cold gases) to applications of quantum information theory in condensed matter systems, nonequilibrium statistical [&hellip;]<\/p>\n","protected":false},"author":20,"featured_media":0,"parent":0,"menu_order":0,"comment_status":"closed","ping_status":"closed","template":"","meta":{"footnotes":""},"class_list":["post-185","page","type-page","status-publish","hentry"],"_links":{"self":[{"href":"https:\/\/webs.uab.cat\/giq\/wp-json\/wp\/v2\/pages\/185","targetHints":{"allow":["GET"]}}],"collection":[{"href":"https:\/\/webs.uab.cat\/giq\/wp-json\/wp\/v2\/pages"}],"about":[{"href":"https:\/\/webs.uab.cat\/giq\/wp-json\/wp\/v2\/types\/page"}],"author":[{"embeddable":true,"href":"https:\/\/webs.uab.cat\/giq\/wp-json\/wp\/v2\/users\/20"}],"replies":[{"embeddable":true,"href":"https:\/\/webs.uab.cat\/giq\/wp-json\/wp\/v2\/comments?post=185"}],"version-history":[{"count":21,"href":"https:\/\/webs.uab.cat\/giq\/wp-json\/wp\/v2\/pages\/185\/revisions"}],"predecessor-version":[{"id":2394,"href":"https:\/\/webs.uab.cat\/giq\/wp-json\/wp\/v2\/pages\/185\/revisions\/2394"}],"wp:attachment":[{"href":"https:\/\/webs.uab.cat\/giq\/wp-json\/wp\/v2\/media?parent=185"}],"curies":[{"name":"wp","href":"https:\/\/api.w.org\/{rel}","templated":true}]}}